{"id":2604,"date":"2025-03-26T20:09:21","date_gmt":"2025-03-26T19:09:21","guid":{"rendered":"https:\/\/agora.xtec.cat\/iticbcn\/?page_id=2604"},"modified":"2025-03-26T20:11:32","modified_gmt":"2025-03-26T19:11:32","slug":"serveis-i-recursos-digitals","status":"publish","type":"page","link":"https:\/\/agora.xtec.cat\/iticbcn\/serveis\/serveis-i-recursos-digitals\/","title":{"rendered":"Serveis i recursos digitals"},"content":{"rendered":"\n<h3 class=\"wp-block-heading\"><strong>Identificadors digitals corporatius<\/strong><\/h3>\n\n\n\n<p>Que per dur a terme la missi\u00f3 de l\u2019Institut (reflectida al PEC), en conson\u00e0ncia amb la l\u00ednia pedag\u00f2gica i la millora en l\u2019efic\u00e0cia dels processos de centre,<strong> el gruix de les persones<\/strong> de la comunitat educativa (<strong>sectors d\u2019alumnat, professorat i PAS<\/strong>) han de <strong>disposar de manera obligat\u00f2ria d\u2019un identificador digital corporatiu <\/strong>-a partir d\u2019ara anomenat <em>\u201d<\/em><strong><em>credencials digitals corporatives\u201d<\/em><\/strong>&#8211;<strong> <\/strong>lligat al <strong>domini ititbcn.cat<\/strong>, que es mantindr\u00e0 al llarg de la seva estada a l\u2019Institut<strong>.<\/strong>&nbsp;<\/p>\n\n\n\n<p>Entenem les <strong>credencials digitals corporatives<\/strong> com l\u2019eina b\u00e0sica, que ens permet la comunicaci\u00f3 i la interacci\u00f3 efectiva, per dur a terme la major part dels processos i procediments de l\u2019Institut: comunicaci\u00f3 alumnat-professorat, acc\u00e9s a serveis telem\u00e0tics associats a la formaci\u00f3 de l\u2019alumnat, gestions acad\u00e8miques i administratives, planificaci\u00f3 d\u2019activitats curriculars i complement\u00e0ries, interrelaci\u00f3 amb els responsables legals de l\u2019alumnat menor d\u2019edat\u2026&nbsp;&nbsp;<\/p>\n\n\n\n<p>Aquestes <strong>credencials digitals corporatives<\/strong> es determinen per l\u2019assignaci\u00f3 d\u2019un <strong>usuari \u00fanic<\/strong> (Ex: xxxxx@iticbcn.cat) <strong>i una paraula de validaci\u00f3 personal<\/strong> (<strong>contrasenya<\/strong>) associada a l\u2019usuari.&nbsp;<\/p>\n\n\n\n<p>Algunes <strong>caracter\u00edstiques b\u00e0siques<\/strong> de les <strong>credencials digitals corporatives<\/strong> s\u00f3n:<\/p>\n\n\n\n<ul class=\"wp-block-list\">\n<li><strong>S\u00f3n personals i intransferibles<\/strong> (no es poden compartir ni difondre).<\/li>\n\n\n\n<li><strong>S\u00f3n d\u2019\u00fas exclusiu<\/strong> per desenvolupar activitats de l\u2019Institut i no s&#8217;han de fer servir per a altres gestions personals com ara la identificaci\u00f3 davant de prove\u00efdors de serveis externs (assegurances, contractes personals, telefonia personal\u2026).<\/li>\n\n\n\n<li><strong>No substitueixen altres identificadors digitals <\/strong>exigibles per altres institucions; en el cas del professorat i del PAS no substitueixen les seves credencials lligades al domini xtec.cat ni en el cas dels alumnes el seu IDI.<\/li>\n\n\n\n<li>Excepte excepcions,<strong> \u00fanicament seran v\u00e0lids<\/strong> durant el temps de l\u2019estada de la persona a l\u2019Institut<\/li>\n<\/ul>\n\n\n\n<h3 class=\"wp-block-heading\"><strong>Serveis telem\u00e0tics i aplicacions\u00a0<\/strong><\/h3>\n\n\n\n<p><strong>Serveis i recursos gen\u00e8rics<\/strong> que es fan servir per tots els usuaris de l\u2019Institut<strong>:<\/strong><\/p>\n\n\n\n<ul class=\"wp-block-list\">\n<li><strong>Google Workspace for Education<\/strong> (correu-e, aplicacions ofim\u00e0tiques i identitat digital del centre \u2026)<\/li>\n\n\n\n<li><strong>Dinantia <\/strong>(plataforma de comunicaci\u00f3 de l\u2019Institut amb l\u2019alumnat i les fam\u00edlies)<\/li>\n\n\n\n<li><strong>Moodle <\/strong>(Entorn Virtual d\u2019Aprenentatge)<\/li>\n\n\n\n<li><strong>P\u00e0gina web<\/strong> del centre<\/li>\n\n\n\n<li><strong>Isard VDI <\/strong>(Escriptoris virtuals)<\/li>\n<\/ul>\n\n\n\n<p><strong>Serveis i recursos espec\u00edfics: <\/strong>Entren en aquesta categoritzaci\u00f3 altres aplicacions o serveis espec\u00edfiques dependents de les etapes, cicles i m\u00f2duls formatius:<\/p>\n\n\n\n<ul class=\"wp-block-list\">\n<li><strong>Amazon Web Service Academy<\/strong> (AWS Academy),\u00a0<\/li>\n\n\n\n<li><strong>ORACLE Academy<\/strong>\u00a0<\/li>\n\n\n\n<li><strong>RED HAT Academy<\/strong>\u00a0<\/li>\n\n\n\n<li><strong>GITHUB Corporatiu<\/strong><\/li>\n\n\n\n<li><strong>GITLAB Corporatiu<\/strong><\/li>\n\n\n\n<li><strong>Cisco Networking Academy<\/strong><\/li>\n\n\n\n<li><strong>\u2026<\/strong><\/li>\n<\/ul>\n\n\n\n<h3 class=\"wp-block-heading\"><strong>Responsabilitats<\/strong><\/h3>\n\n\n\n<p>L\u2019<strong>Institut TIC de Barcelona<\/strong>, com a organitzaci\u00f3, <strong>\u00e9s responsable de<\/strong>:<\/p>\n\n\n\n<ul class=\"wp-block-list\">\n<li><strong>Crear els acords o contractes<\/strong> amb els diferents prove\u00efdors de serveis digitals indicats a la secci\u00f3 anterior.<\/li>\n\n\n\n<li><strong>Enlla\u00e7ar l\u2019acc\u00e9s als serveis digitals<\/strong> amb els usuaris del servei, via credencials digitals corporatives, si el servei ho permet.<\/li>\n\n\n\n<li><strong>Vetllar<\/strong> pel bon funcionament dels serveis i dels recursos digitals.<\/li>\n\n\n\n<li><strong>Demanar <\/strong>als responsables, dels diferents serveis i recursos digitals, <strong>el bon funcionament i les actualitzacions necess\u00e0ries<\/strong>.<\/li>\n<\/ul>\n\n\n\n<p>Les <strong>persones de l\u2019Institut<\/strong> (alumnat, professorat i PAS)<strong> s\u00f3n responsables d<\/strong>e:<\/p>\n\n\n\n<ul class=\"wp-block-list\">\n<li><strong>Fer un \u00fas correcte i adient<\/strong> dels serveis i dels recursos digitals.<\/li>\n\n\n\n<li><strong>Complir<\/strong> les directrius i recomanacions de seguretat de credencials.<\/li>\n\n\n\n<li>Bones pr\u00e0ctiques en l\u2019\u00fas de la tecnologia.\u00a0<\/li>\n<\/ul>\n\n\n\n<p>L\u2019<strong>Institut TIC de Barcelona<\/strong> no es fa responsable de l\u2019\u00fas indegut, per part dels usuaris, dels serveis i recursos digitals. L\u2019<strong>usuari ser\u00e0 l\u2019\u00fanic responsable de les infraccions en qu\u00e8 pugui inc\u00f3rrer i dels perjudicis que pugui causar per un \u00fas inadequat<\/strong>.<\/p>\n\n\n\n<h3 class=\"wp-block-heading\"><strong>Consideracions addicionals<\/strong><\/h3>\n\n\n\n<p><strong>Certs recursos i serveis digitals<\/strong> necessaris per a la realitzaci\u00f3 d\u2019alguns m\u00f2duls formatius, tot i estar lligats i dependre dels acords que l\u2019Institut ha subscrit amb l\u2019organitzaci\u00f3 responsable, <strong>requereixen un registre individual<\/strong> de cada usuari (alumne\/a, professorat\u2026) on es demana l\u2019aportaci\u00f3 d\u2019una <strong>targeta banc\u00e0ria personal<\/strong> com a mecanisme de validaci\u00f3 (sense que impliqui cap c\u00e0rrec addicional); un exemple seria <em>Google Cloud Platform (GCP)<\/em>.<\/p>\n","protected":false},"excerpt":{"rendered":"<p>Identificadors digitals corporatius<\/p>\n<p>Que per dur a terme la missi\u00f3 de l\u2019Institut (reflectida al PEC), en conson\u00e0ncia amb la l\u00ednia pedag\u00f2gica i la millora en l\u2019efic\u00e0cia dels processos de centre, el gruix de les persones de la comunitat educativa (sectors d\u2019alumnat, professorat i PAS) han de&hellip;  <a href=\"https:\/\/agora.xtec.cat\/iticbcn\/serveis\/serveis-i-recursos-digitals\/\" title=\"Read Serveis i recursos digitals\">Llegeix m\u00e9s\u00bb<\/a><\/p>\n","protected":false},"author":1,"featured_media":0,"parent":63,"menu_order":30,"comment_status":"closed","ping_status":"closed","template":"page-templates\/side-menu.php","meta":{"_bbp_topic_count":0,"_bbp_reply_count":0,"_bbp_total_topic_count":0,"_bbp_total_reply_count":0,"_bbp_voice_count":0,"_bbp_anonymous_reply_count":0,"_bbp_topic_count_hidden":0,"_bbp_reply_count_hidden":0,"_bbp_forum_subforum_count":0,"footnotes":""},"class_list":["post-2604","page","type-page","status-publish","hentry"],"post_mailing_queue_ids":[],"_links":{"self":[{"href":"https:\/\/agora.xtec.cat\/iticbcn\/wp-json\/wp\/v2\/pages\/2604","targetHints":{"allow":["GET"]}}],"collection":[{"href":"https:\/\/agora.xtec.cat\/iticbcn\/wp-json\/wp\/v2\/pages"}],"about":[{"href":"https:\/\/agora.xtec.cat\/iticbcn\/wp-json\/wp\/v2\/types\/page"}],"author":[{"embeddable":true,"href":"https:\/\/agora.xtec.cat\/iticbcn\/wp-json\/wp\/v2\/users\/1"}],"replies":[{"embeddable":true,"href":"https:\/\/agora.xtec.cat\/iticbcn\/wp-json\/wp\/v2\/comments?post=2604"}],"version-history":[{"count":1,"href":"https:\/\/agora.xtec.cat\/iticbcn\/wp-json\/wp\/v2\/pages\/2604\/revisions"}],"predecessor-version":[{"id":2605,"href":"https:\/\/agora.xtec.cat\/iticbcn\/wp-json\/wp\/v2\/pages\/2604\/revisions\/2605"}],"up":[{"embeddable":true,"href":"https:\/\/agora.xtec.cat\/iticbcn\/wp-json\/wp\/v2\/pages\/63"}],"wp:attachment":[{"href":"https:\/\/agora.xtec.cat\/iticbcn\/wp-json\/wp\/v2\/media?parent=2604"}],"curies":[{"name":"wp","href":"https:\/\/api.w.org\/{rel}","templated":true}]}}