{"id":2325,"date":"2025-02-13T18:30:50","date_gmt":"2025-02-13T17:30:50","guid":{"rendered":"https:\/\/agora.xtec.cat\/iticbcn\/?page_id=2325"},"modified":"2025-02-13T18:32:33","modified_gmt":"2025-02-13T17:32:33","slug":"semipresencialitat","status":"publish","type":"page","link":"https:\/\/agora.xtec.cat\/iticbcn\/serveis\/semipresencialitat\/","title":{"rendered":"Semipresencialitat"},"content":{"rendered":"\n<p id=\"m_8856455991374176687m_3283980860337265770gmail-docs-internal-guid-b3520926-7fff-d3d0-c96f-b0e2b295e819\">Tot i que som un centre 100% presencial i que la doc\u00e8ncia en modalitat semipresencial \u00e9s potestativa dels centres educatius a l&#8217;Institut TIC de Barcelona creiem que hem d\u2019oferir aquesta possibilitat a l\u2019alumnat que pels motius establerts per la normativa ho sol\u00b7licita. No es tracta d\u2019oferir estudis online sin\u00f3 de facilitar la possibilitat d\u2019accedir a estudis presencials a persones que puguin tenir algun inconvenient per exemple motius laborals.<\/p>\n\n\n\n<p>En <strong>quins casos<\/strong> l\u2019alumnat est\u00e0 en disposici\u00f3 de demanar-ho? La normativa diu el seg\u00fcent:<\/p>\n\n\n\n<p><em>\u201c\u00c9s de car\u00e0cter individual i t\u00e9 com a finalitat facilitar l&#8217;acc\u00e9s als ensenyaments de formaci\u00f3 professional de les persones que acrediten documentalment la incompatibilitat de l&#8217;horari lectiu amb:<\/em><\/p>\n\n\n\n<ul class=\"wp-block-list\">\n<li><em>el treball,<\/em><\/li>\n\n\n\n<li><em>tenir cura d&#8217;altres persones, o<\/em><\/li>\n\n\n\n<li><em>qualsevol altra circumst\u00e0ncia excepcional que impedeixi o dificulti d&#8217;assistir a totes les hores lectives\u201d.<\/em><\/li>\n<\/ul>\n\n\n\n<p><strong>Terminis de sol\u00b7licitud i durada<\/strong><\/p>\n\n\n\n<ul class=\"wp-block-list\">\n<li>Quan? Un cop l&#8217;alumne\/a est\u00e0 matriculat al centre.<\/li>\n\n\n\n<li>Quin termini? La sol\u00b7licitud de doc\u00e8ncia en modalitat semipresencial s\u2019haur\u00e0 de realitzar a principi de curs a no ser que el fet causant sigui posterior al mateix.<\/li>\n\n\n\n<li>Quina durada? Curs academic o fins a la finalitzaci\u00f3 del fet causant.<\/li>\n<\/ul>\n\n\n\n<p>Quins <strong>requisits i documentaci\u00f3<\/strong> es requeriran?<\/p>\n\n\n\n<p>L\u2019alumnat ha d\u2019acreditar el 50% de presencialitat a la UF\/m\u00f2dul, realitzar totes les activitats programades per a la UF\/m\u00f2dul i aportar la documentaci\u00f3 acreditativa que justifica la matr\u00edcula semipresencial. Aquesta documentaci\u00f3 la custodiar\u00e0 el centre en cas de concessi\u00f3 de la mesura flexibilitzadora. La documentaci\u00f3 segons normativa \u00e9s la seg\u00fcent:<\/p>\n\n\n\n<ol class=\"wp-block-list\">\n<li><strong>Causa: treball com a assalariat o assalariada.<\/strong><\/li>\n<\/ol>\n\n\n\n<p>Documentaci\u00f3 acreditativa: informe de vida laboral em\u00e8s per la Tresoreria General de la Seguretat Social, i contracte de treball o b\u00e9 informe de l\u2019empresa, que indiqui l\u2019horari de treball.<\/p>\n\n\n\n<ol class=\"wp-block-list\" start=\"2\">\n<li><strong>Causa: treball aut\u00f2nom.<\/strong><\/li>\n<\/ol>\n\n\n\n<p>Documentaci\u00f3 acreditativa: c\u00f2pia de l\u2019alta de l\u2019impost d\u2019activitats econ\u00f2miques, i rebut de cotitzaci\u00f3 al r\u00e8gim especial de treballadors aut\u00f2noms o mutualitat laboral corresponent.<\/p>\n\n\n\n<ol class=\"wp-block-list\" start=\"3\">\n<li><strong>Causa: tenir cura d\u2019altres persones.<\/strong><\/li>\n<\/ol>\n\n\n\n<p>Documentaci\u00f3 acreditativa: del vincle, pot ser el llibre de fam\u00edlia o b\u00e9 una declaraci\u00f3 jurada de la persona interessada, i documentaci\u00f3 emesa per algun organisme oficial, entitat social, entitat sociosanit\u00e0ria o entitat sanit\u00e0ria, o similar a les anteriors, relativa a la cura, per part de la persona interessada, d\u2019altres persones.<\/p>\n\n\n\n<ol class=\"wp-block-list\" start=\"4\">\n<li><strong>Causa: qualsevol altra circumst\u00e0ncia excepcional.<\/strong><\/li>\n<\/ol>\n\n\n\n<p>Documentaci\u00f3 acreditativa: declaraci\u00f3 jurada de la persona interessada, i documentaci\u00f3 emesa per algun organisme oficial, entitat social, entitat sociosanit\u00e0ria o entitat sanit\u00e0ria, o similar a les anteriors, relativa a la circumst\u00e0ncia excepcional.<\/p>\n\n\n\n<p>En cas que l\u2019excepcionalitat estigui motivada per causes relatives a la salut mental de l\u2019alumne\/a es realitzar\u00e0 una valoraci\u00f3 conjunta amb coordinaci\u00f3 pedag\u00f2gica per valorar la seva idone\u00eftat i per oferir, si cal, alg\u00fan suport adicional. De igual manera, quan l\u2019excepcionalitat vingui motivada per alguna altra causa es podr\u00e0 realitzar una valoraci\u00f3 conjunta amb coordinaci\u00f3 pedag\u00f2gica i\/o amb qui l\u2019equip directiu consideri necessari consultar per atendre el cas concret.<\/p>\n\n\n\n<p><strong>Com<\/strong> cal demanar-ho?<\/p>\n\n\n\n<p>Tota la informaci\u00f3 es facilitar\u00e0 a l&#8217;alumnat a nivell de tutoria.<\/p>\n","protected":false},"excerpt":{"rendered":"<p>Tot i que som un centre 100% presencial i que la doc\u00e8ncia en modalitat semipresencial \u00e9s potestativa dels centres educatius a l&#8217;Institut TIC de Barcelona creiem que hem d\u2019oferir aquesta possibilitat a l\u2019alumnat que pels motius establerts per la normativa ho sol\u00b7licita. No es tracta&hellip;  <a href=\"https:\/\/agora.xtec.cat\/iticbcn\/serveis\/semipresencialitat\/\" title=\"Read Semipresencialitat\">Llegeix m\u00e9s\u00bb<\/a><\/p>\n","protected":false},"author":4,"featured_media":0,"parent":63,"menu_order":22,"comment_status":"closed","ping_status":"close","template":"page-templates\/side-menu.php","meta":{"_bbp_topic_count":0,"_bbp_reply_count":0,"_bbp_total_topic_count":0,"_bbp_total_reply_count":0,"_bbp_voice_count":0,"_bbp_anonymous_reply_count":0,"_bbp_topic_count_hidden":0,"_bbp_reply_count_hidden":0,"_bbp_forum_subforum_count":0,"footnotes":""},"class_list":["post-2325","page","type-page","status-publish","hentry"],"post_mailing_queue_ids":[],"_links":{"self":[{"href":"https:\/\/agora.xtec.cat\/iticbcn\/wp-json\/wp\/v2\/pages\/2325","targetHints":{"allow":["GET"]}}],"collection":[{"href":"https:\/\/agora.xtec.cat\/iticbcn\/wp-json\/wp\/v2\/pages"}],"about":[{"href":"https:\/\/agora.xtec.cat\/iticbcn\/wp-json\/wp\/v2\/types\/page"}],"author":[{"embeddable":true,"href":"https:\/\/agora.xtec.cat\/iticbcn\/wp-json\/wp\/v2\/users\/4"}],"replies":[{"embeddable":true,"href":"https:\/\/agora.xtec.cat\/iticbcn\/wp-json\/wp\/v2\/comments?post=2325"}],"version-history":[{"count":2,"href":"https:\/\/agora.xtec.cat\/iticbcn\/wp-json\/wp\/v2\/pages\/2325\/revisions"}],"predecessor-version":[{"id":2327,"href":"https:\/\/agora.xtec.cat\/iticbcn\/wp-json\/wp\/v2\/pages\/2325\/revisions\/2327"}],"up":[{"embeddable":true,"href":"https:\/\/agora.xtec.cat\/iticbcn\/wp-json\/wp\/v2\/pages\/63"}],"wp:attachment":[{"href":"https:\/\/agora.xtec.cat\/iticbcn\/wp-json\/wp\/v2\/media?parent=2325"}],"curies":[{"name":"wp","href":"https:\/\/api.w.org\/{rel}","templated":true}]}}