{"id":2299,"date":"2025-02-04T13:58:08","date_gmt":"2025-02-04T12:58:08","guid":{"rendered":"https:\/\/agora.xtec.cat\/iticbcn\/?page_id=2299"},"modified":"2025-11-21T12:51:16","modified_gmt":"2025-11-21T11:51:16","slug":"admisio-i-matricula","status":"publish","type":"page","link":"https:\/\/agora.xtec.cat\/iticbcn\/secretaria\/admisio-i-matricula\/","title":{"rendered":"Admissi\u00f3 i matr\u00edcula"},"content":{"rendered":"\n<h2 class=\"wp-block-heading\"><strong>Admissi\u00f3<\/strong><\/h2>\n\n\n\n<p>Com a institut de titularitat p\u00fablica, dependent del Departament d&#8217;Educaci\u00f3 i Formaci\u00f3 Professional, els processos d&#8217;admissi\u00f3 de l&#8217;alumnat ens venen marcats i seguim les seves directrius.<\/p>\n\n\n\n<p>Les persones responsables de l&#8217;institut no seleccionem quin alumnat ha de ser adm\u00e8s o no -a les diferents etapes educatives que tenim implantades-, ni els requisits d&#8217;acc\u00e9s, ni els terminis de les diferents actuacions a dur a terme. <strong>Per ser adm\u00e8s\/essa<\/strong> al nostre institut, <strong>el\/la candidat\/a ha de seguir el procediment de preinscripci\u00f3<\/strong> marcat pel DEiFP. \u00c9s <strong>molt important<\/strong> llegir i entendre el contingut de la <a href=\"https:\/\/dogc.gencat.cat\/ca\/document-del-dogc\/?documentId=1009132\" target=\"_blank\" rel=\"noreferrer noopener\">Resoluci\u00f3 EDF\/889\/2025<\/a>, de 12 de mar\u00e7, per la qual es determinen el <strong>calendari i les condicions de la preinscripci\u00f3 i matr\u00edcula, per al curs 2025-2026<\/strong>.<\/p>\n\n\n\n<p>Trobareu tota la informaci\u00f3 sobre la <strong>preinscripci\u00f3 <\/strong>al <a href=\"https:\/\/preinscripcio.gencat.cat\/ca\/inici\/\" target=\"_blank\" rel=\"noreferrer noopener\">Portal de Preinscripci\u00f3 del DEiFP<\/a><\/p>\n\n\n\n<p>En funci\u00f3 de les etapes educatives, que oferim en l&#8217;institut, podeu seguir els seg\u00fcents enlla\u00e7os:<\/p>\n\n\n\n<ul class=\"wp-block-list\">\n<li>Programes de formaci\u00f3 i inserci\u00f3: <a href=\"https:\/\/preinscripcio.gencat.cat\/ca\/estudis\/pfi\/inici\/\" target=\"_blank\" rel=\"noreferrer noopener\">PFI<\/a><\/li>\n\n\n\n<li><a href=\"https:\/\/preinscripcio.gencat.cat\/ca\/estudis\/fp-grau-mitja\/inici\/\" target=\"_blank\" rel=\"noreferrer noopener\">Formaci\u00f3 professional (grau mitj\u00e0)<\/a><\/li>\n\n\n\n<li><a href=\"https:\/\/preinscripcio.gencat.cat\/ca\/estudis\/fp-grau-superior\/inici\/\" target=\"_blank\" rel=\"noreferrer noopener\">Formaci\u00f3 professional (grau superior)<\/a><\/li>\n\n\n\n<li><a href=\"https:\/\/preinscripcio.gencat.cat\/ca\/estudis\/cursos-especialitzacio-fp\/inici\/\" target=\"_blank\" rel=\"noreferrer noopener\">Cursos d&#8217;especialitzaci\u00f3<\/a><\/li>\n<\/ul>\n\n\n\n<p>Aneu consultant aquestes p\u00e0gines perqu\u00e8 el contingut es va actualitzant i \u00e9s on trobareu la informaci\u00f3 oficial actualitzada i de primera m\u00e0.<\/p>\n\n\n\n<p>Per con\u00e8ixer les particularitats del nostre institut, us convidem a les jornades de <a href=\"https:\/\/agora.xtec.cat\/iticbcn\/general\/jornades-de-portes-obertes-planificacio-del-curs-2025-2026\/\">Portes Obertes<\/a> que desenvoluparem al llarg del mes d&#8217;abril.<\/p>\n\n\n\n<h2 class=\"wp-block-heading\"><strong>Matr\u00edcula<\/strong><\/h2>\n\n\n\n<p>Aquest procediment tamb\u00e9 ens ve marcat per les directrius del DEiFP. El procediment de matr\u00edcula s&#8217;inicia <strong>una vegada el\/la candidat\/a ha estat adm\u00e8s\/essa<\/strong> (se l&#8217;ha assignat una pla\u00e7a a l&#8217;institut) i es <strong>desenvolupa en els terminis i condicions marcats a la resoluci\u00f3 indicada<\/strong>.<\/p>\n\n\n\n<p>La matr\u00edcula es far\u00e0 efectiva en dos passos:<\/p>\n\n\n\n<ul class=\"wp-block-list\">\n<li><strong>Pas 1<\/strong>: confirmaci\u00f3 online<\/li>\n\n\n\n<li><strong>Pas 2<\/strong>: completar la matr\u00edcula presentant a l&#8217;institut la documentaci\u00f3 espec\u00edfica, requerida per l&#8217;Institut TIC de Barcelona, dins dels terminis establerts a tal efecte.<\/li>\n<\/ul>\n\n\n\n<p><strong>Si un\/a alumne\/a, assignat\/da<\/strong> a una pla\u00e7a e<strong>n el procediment de preinscripci\u00f3, no formalitza la matr\u00edcula<\/strong> en els terminis que corresponguin <strong>perdr\u00e0 el dret a la pla\u00e7a assignada<\/strong>.<\/p>\n\n\n\n<h2 class=\"wp-block-heading\"><strong>Preus<\/strong><\/h2>\n\n\n\n<p>Tots els imports s\u00f3n anuals<\/p>\n\n\n\n<p><strong>Programes de formaci\u00f3 i inserci\u00f3 (PFI)<\/strong>: No cal fer cap pagament<\/p>\n\n\n\n<p><strong>Formaci\u00f3 professional de Grau Mitj\u00e0<\/strong>: 90\u20ac (0\u20ac de Taxes de matr\u00edcula + 90\u20ac de Quota de centre)<\/p>\n\n\n\n<p><strong>Formaci\u00f3 professional de Grau Superior<\/strong>: 450\u20ac (360\u20ac de Taxes de matr\u00edcula + 90\u20ac de Quota de centre)<\/p>\n\n\n\n<p><strong>Cursos d&#8217;especialitzaci\u00f3<\/strong>: 250\u20ac de Quota de centre<\/p>\n\n\n\n<p><\/p>\n","protected":false},"excerpt":{"rendered":"<p>Admissi\u00f3<\/p>\n<p>Com a institut de titularitat p\u00fablica, dependent del Departament d&#8217;Educaci\u00f3 i Formaci\u00f3 Professional, els processos d&#8217;admissi\u00f3 de l&#8217;alumnat ens venen marcats i seguim les seves directrius.<\/p>\n<p>Les persones responsables de l&#8217;institut no seleccionem quin alumnat ha de ser adm\u00e8s o no -a les diferents etapes educatives&hellip;  <a href=\"https:\/\/agora.xtec.cat\/iticbcn\/secretaria\/admisio-i-matricula\/\" title=\"Read Admissi\u00f3 i matr\u00edcula\">Llegeix m\u00e9s\u00bb<\/a><\/p>\n","protected":false},"author":4,"featured_media":0,"parent":81,"menu_order":0,"comment_status":"closed","ping_status":"closed","template":"page-templates\/side-menu.php","meta":{"_bbp_topic_count":0,"_bbp_reply_count":0,"_bbp_total_topic_count":0,"_bbp_total_reply_count":0,"_bbp_voice_count":0,"_bbp_anonymous_reply_count":0,"_bbp_topic_count_hidden":0,"_bbp_reply_count_hidden":0,"_bbp_forum_subforum_count":0,"footnotes":""},"class_list":["post-2299","page","type-page","status-publish","hentry"],"post_mailing_queue_ids":[],"_links":{"self":[{"href":"https:\/\/agora.xtec.cat\/iticbcn\/wp-json\/wp\/v2\/pages\/2299","targetHints":{"allow":["GET"]}}],"collection":[{"href":"https:\/\/agora.xtec.cat\/iticbcn\/wp-json\/wp\/v2\/pages"}],"about":[{"href":"https:\/\/agora.xtec.cat\/iticbcn\/wp-json\/wp\/v2\/types\/page"}],"author":[{"embeddable":true,"href":"https:\/\/agora.xtec.cat\/iticbcn\/wp-json\/wp\/v2\/users\/4"}],"replies":[{"embeddable":true,"href":"https:\/\/agora.xtec.cat\/iticbcn\/wp-json\/wp\/v2\/comments?post=2299"}],"version-history":[{"count":6,"href":"https:\/\/agora.xtec.cat\/iticbcn\/wp-json\/wp\/v2\/pages\/2299\/revisions"}],"predecessor-version":[{"id":3277,"href":"https:\/\/agora.xtec.cat\/iticbcn\/wp-json\/wp\/v2\/pages\/2299\/revisions\/3277"}],"up":[{"embeddable":true,"href":"https:\/\/agora.xtec.cat\/iticbcn\/wp-json\/wp\/v2\/pages\/81"}],"wp:attachment":[{"href":"https:\/\/agora.xtec.cat\/iticbcn\/wp-json\/wp\/v2\/media?parent=2299"}],"curies":[{"name":"wp","href":"https:\/\/api.w.org\/{rel}","templated":true}]}}