{"id":1762,"date":"2024-07-01T10:35:21","date_gmt":"2024-07-01T08:35:21","guid":{"rendered":"https:\/\/agora.xtec.cat\/iticbcn\/?page_id=1762"},"modified":"2026-02-06T09:57:35","modified_gmt":"2026-02-06T08:57:35","slug":"tramits","status":"publish","type":"page","link":"https:\/\/agora.xtec.cat\/iticbcn\/secretaria\/tramits\/","title":{"rendered":"Tr\u00e0mits"},"content":{"rendered":"<p>Per entregar la documentaci\u00f3 <strong>via correu electr\u00f2nic<\/strong> (<a href=\"mailto:oficines@iticbcn.cat\">oficines@iticbcn.cat<\/a>) cal que estigui <strong>signada amb certificat digital v\u00e0lid<\/strong> (FNMT, DNIe, TCAT).<\/p>\n<p style=\"text-align: left;\"><em><strong>Quin tr\u00e0mit vols realitzar?<\/strong><\/em><\/p>\n<table class=\" alignleft\" style=\"width: 80%; border-collapse: collapse; height: 412px;\">\n<tbody>\n<tr style=\"height: 23px;\">\n<td style=\"width: 26.6644%; height: 23px;\"><strong>Tr\u00e0mit<\/strong><\/td>\n<td style=\"width: 33.8936%; height: 23px;\"><strong>Model a emplenar<\/strong><\/td>\n<\/tr>\n<tr style=\"height: 93px;\">\n<td style=\"width: 26.6644%; height: 93px;\">Vull fer una sol\u00b7licitud<br \/>\n(certificats, justificants, peticions, &#8230;)<\/td>\n<td style=\"width: 33.8936%; height: 93px;\"><a href=\"https:\/\/drive.google.com\/file\/d\/1nPxlJCq4sHBqkQzTRT-TVNPOcngzC5Hw\/\" target=\"_blank\" rel=\"noopener\">Petici\u00f3 gen\u00e8rica<\/a> Cal entregar-ho en paper a Oficines o enviar-ho per mail a oficines@iticbcn.cat (signat digitalment amb una signatura digital v\u00e0lida)<\/td>\n<\/tr>\n<tr style=\"height: 23px;\">\n<td style=\"width: 26.6644%; height: 23px;\">Vull demanar la 5a convocat\u00f2ria<\/td>\n<td style=\"width: 33.8936%; height: 23px;\"><a href=\"https:\/\/drive.google.com\/file\/d\/1nPxlJCq4sHBqkQzTRT-TVNPOcngzC5Hw\/\" target=\"_blank\" rel=\"noopener\">Petici\u00f3 gen\u00e8rica<\/a><\/td>\n<\/tr>\n<tr style=\"height: 23px;\">\n<td style=\"width: 26.6644%; height: 23px;\">Vull donar-me de baixa del centre<\/td>\n<td style=\"width: 33.8936%; height: 23px;\"><a href=\"https:\/\/agora.xtec.cat\/iticbcn\/wp-content\/uploads\/usu2389\/2023\/11\/sollicitud-baixa-centre.pdf\">Sol\u00b7licitud de baixa del centre<\/a><\/td>\n<\/tr>\n<tr style=\"height: 23px;\">\n<td style=\"width: 26.6644%; height: 23px;\">Vull sol\u00b7licitar el t\u00edtol<\/td>\n<td style=\"width: 33.8936%; height: 23px;\">\n<ul>\n<li><a href=\"https:\/\/tramits.gencat.cat\/ca\/tramits\/tramits-temes\/titols-academics-no-universitaris?category=742b7874-a82c-11e3-a972-000c29052e2c\">Sol\u00b7licitar la tramitaci\u00f3<\/a><\/li>\n<li><strong>Recorda<\/strong>: Has d&#8217;avisar el centre un cop envi\u00efs la sol\u00b7licitud del t\u00edtol.<\/li>\n<\/ul>\n<\/td>\n<\/tr>\n<tr style=\"height: 134px;\">\n<td style=\"width: 26.6644%; height: 134px;\">Vull presentar una queixa o suggeriment<\/td>\n<td style=\"width: 33.8936%; height: 134px;\">\n<ul>\n<li>A oficines mitjan\u00e7ant una <a href=\"https:\/\/drive.google.com\/file\/d\/1nPxlJCq4sHBqkQzTRT-TVNPOcngzC5Hw\/\" target=\"_blank\" rel=\"noopener\">petici\u00f3 gen\u00e8rica.<\/a><\/li>\n<li>Mitjan\u00e7ant <a href=\"mailto:qualitat@iticbcn.cat\">correu electr\u00f2nic<\/a>.<\/li>\n<\/ul>\n<\/td>\n<\/tr>\n<tr style=\"height: 23px;\">\n<td style=\"width: 26.6644%; height: 23px;\">Em vull apuntar a la llista d&#8217;espera<\/td>\n<td style=\"width: 33.8936%; height: 23px;\"><a href=\"https:\/\/forms.gle\/3D6H5k19JrF74nxv8\">Formulari de llista d&#8217;espera<\/a><\/td>\n<\/tr>\n<tr style=\"height: 70px;\">\n<td style=\"width: 26.6644%; height: 70px;\">S\u00f3c major d&#8217;edat i vull autoritzar que l&#8217;Institut TIC es comuniqui amb el meu pare\/mare\/tutor\/a legal<\/td>\n<td style=\"width: 33.8936%; height: 70px;\"><a href=\"https:\/\/drive.google.com\/file\/d\/1Zyy-knmgdyDDDJK5ITdLudXu7fFiFznW\/view?usp=drive_link\">Acceptaci\u00f3 comunicaci\u00f3 tercers<\/a><\/td>\n<\/tr>\n<\/tbody>\n<\/table>\n","protected":false},"excerpt":{"rendered":"<p>Per entregar la documentaci\u00f3 via correu electr\u00f2nic (<a href=\"mailto:oficines@iticbcn.cat\">oficines@iticbcn.cat<\/a>) cal que estigui signada amb certificat digital v\u00e0lid (FNMT, DNIe, TCAT).<br \/>\nQuin tr\u00e0mit vols realitzar?<\/p>\n<p>Tr\u00e0mit<br \/>\nModel a emplenar<\/p>\n<p>Vull fer una sol\u00b7licitud<br \/>\n(certificats, justificants, peticions, &#8230;)<br \/>\n<a href=\"https:\/\/drive.google.com\/file\/d\/1nPxlJCq4sHBqkQzTRT-TVNPOcngzC5Hw\/\" target=\"_blank\" rel=\"noopener\">Petici\u00f3 gen\u00e8rica<\/a> Cal entregar-ho en paper a Oficines o enviar-ho per mail&hellip;  <a href=\"https:\/\/agora.xtec.cat\/iticbcn\/secretaria\/tramits\/\" title=\"Read Tr\u00e0mits\">Llegeix m\u00e9s\u00bb<\/a><\/p>\n","protected":false},"author":4,"featured_media":0,"parent":81,"menu_order":2,"comment_status":"closed","ping_status":"closed","template":"page-templates\/side-menu.php","meta":{"_bbp_topic_count":0,"_bbp_reply_count":0,"_bbp_total_topic_count":0,"_bbp_total_reply_count":0,"_bbp_voice_count":0,"_bbp_anonymous_reply_count":0,"_bbp_topic_count_hidden":0,"_bbp_reply_count_hidden":0,"_bbp_forum_subforum_count":0,"footnotes":""},"class_list":["post-1762","page","type-page","status-publish","hentry"],"post_mailing_queue_ids":[],"_links":{"self":[{"href":"https:\/\/agora.xtec.cat\/iticbcn\/wp-json\/wp\/v2\/pages\/1762","targetHints":{"allow":["GET"]}}],"collection":[{"href":"https:\/\/agora.xtec.cat\/iticbcn\/wp-json\/wp\/v2\/pages"}],"about":[{"href":"https:\/\/agora.xtec.cat\/iticbcn\/wp-json\/wp\/v2\/types\/page"}],"author":[{"embeddable":true,"href":"https:\/\/agora.xtec.cat\/iticbcn\/wp-json\/wp\/v2\/users\/4"}],"replies":[{"embeddable":true,"href":"https:\/\/agora.xtec.cat\/iticbcn\/wp-json\/wp\/v2\/comments?post=1762"}],"version-history":[{"count":7,"href":"https:\/\/agora.xtec.cat\/iticbcn\/wp-json\/wp\/v2\/pages\/1762\/revisions"}],"predecessor-version":[{"id":3412,"href":"https:\/\/agora.xtec.cat\/iticbcn\/wp-json\/wp\/v2\/pages\/1762\/revisions\/3412"}],"up":[{"embeddable":true,"href":"https:\/\/agora.xtec.cat\/iticbcn\/wp-json\/wp\/v2\/pages\/81"}],"wp:attachment":[{"href":"https:\/\/agora.xtec.cat\/iticbcn\/wp-json\/wp\/v2\/media?parent=1762"}],"curies":[{"name":"wp","href":"https:\/\/api.w.org\/{rel}","templated":true}]}}