{"id":1217,"date":"2024-02-14T12:34:59","date_gmt":"2024-02-14T11:34:59","guid":{"rendered":"https:\/\/agora.xtec.cat\/iticbcn\/?page_id=1217"},"modified":"2025-09-16T12:15:49","modified_gmt":"2025-09-16T10:15:49","slug":"ce-en-intelligencia-artificial-i-big-data","status":"publish","type":"page","link":"https:\/\/agora.xtec.cat\/iticbcn\/projecte-educatiu\/ce-en-intelligencia-artificial-i-big-data\/","title":{"rendered":"CE en Intel\u00b7lig\u00e8ncia Artificial i Big Data"},"content":{"rendered":"<h3><span style=\"color: #00ccff;\">Introducci\u00f3<\/span><\/h3>\n<h4 class=\"mt-0\"><span style=\"color: #3366ff;\">Qu\u00e8 estudiar\u00e9?<\/span><\/h4>\n<p>La compet\u00e8ncia general d\u2019aquest curs d\u2019especialitzaci\u00f3 consisteix a programar i aplicar sistemes intel\u00b7ligents que optimitzen la gesti\u00f3 de la informaci\u00f3 i l\u2019explotaci\u00f3 de dades massives, garantint l\u2019acc\u00e9s a les dades de forma segura i complint els criteris d\u2019accessibilitat, usabilitat i qualitat exigides als est\u00e0ndards establerts, aix\u00ed com els principis \u00e8tics i legals.<\/p>\n<h4><span style=\"color: #3366ff;\">En quin horari?<\/span><\/h4>\n<p>L\u2019horari del curs d\u2019especialitzaci\u00f3 ser\u00e0 de tarda. De dilluns a dijous de 16:30h a 21:00h i dijous i divendres de 18:00h a 21:00h.<\/p>\n<h3 class=\"mt-0\"><span style=\"color: #00ccff;\">Objectius<\/span><\/h3>\n<p>Els objectius generals d\u2019aquest curs s\u00f3n els seg\u00fcents:<\/p>\n<ul>\n<li>Caracteritzar les interaccions en els negocis de les empreses i organitzacions per aplicar sistemes d\u2019Intel\u00b7lig\u00e8ncia Artificial que incrementin la productivitat.<\/li>\n<li>Seleccionar dades rellevants de l\u2019empresa o organitzaci\u00f3 per desenvolupar i implementar solucions que facilitin la presa de decisions.<\/li>\n<li>Aplicar t\u00e8cniques de tractament de dades per gestionar la transformaci\u00f3 digital a les organitzacions.<\/li>\n<li>Caracteritzar sistemes d\u2019Intel\u00b7lig\u00e8ncia Artificial per implantar funcionalitats, processos i sistemes de decisions.<\/li>\n<li>Interpretar plans de canvi i millora dels processos de les empreses i organitzacions per a la gesti\u00f3 amb Intel\u00b7lig\u00e8ncia Artificial.<\/li>\n<li>Caracteritzar processos de millora de la productivitat de les empreses per administrar el desenvolupament de processos automatitzats.<\/li>\n<li>Aplicar eines d\u2019intel\u00b7lig\u00e8ncia artificial per optimitzar el desenvolupament dels processos aut\u00f2noms.<\/li>\n<li>Utilitzar solucions de Big Data per integrar sistemes d\u2019explotaci\u00f3 de dades.<\/li>\n<li>Analitzar i avaluar solucions Big Data per a la seva implantaci\u00f3 a les funcionalitats, processos i sistemes de decisions.<\/li>\n<li>Determinar la documentaci\u00f3 t\u00e8cnica i normativa vigent dels procediments de protecci\u00f3 de dades per executar el sistema d\u2019explotaci\u00f3 de dades complint els principis legals i \u00e8tics.<\/li>\n<li>Determinar la soluci\u00f3 d\u2019Intel\u00b7lig\u00e8ncia Artificial i Big Data per configurar les eines i llenguatges espec\u00edfics.<\/li>\n<li>Aplicar t\u00e8cniques Big Data per gestionar les dades de l\u2019organitzaci\u00f3 i obtenir-ne coneixement a partir d\u2019elles.<\/li>\n<li>Analitzar i utilitzar els recursos i les oportunitats d\u2019aprenentatge relacionats amb l\u2019evoluci\u00f3 cient\u00edfica, tecnol\u00f2gica i organitzativa del sector i les tecnologies de la informaci\u00f3 i la comunicaci\u00f3, per mantenir l\u2019esperit d\u2019actualitzaci\u00f3 i adaptar-se a noves situacions laborals i personals.<\/li>\n<li>Desenvolupar la creativitat i l\u2019esperit d\u2019innovaci\u00f3 per respondre als reptes que es presenten en els processos i en l\u2019organitzaci\u00f3 del treball i de la vida personal.<\/li>\n<li>Avaluar situacions de prevenci\u00f3 de riscos laborals i de protecci\u00f3 ambiental, proposant i aplicant mesures de prevenci\u00f3 personal i col\u00b7lectiva, d\u2019acord amb la normativa aplicable als processos de treball, per garantir entorns segurs.<\/li>\n<li>Identificar i proposar les accions professionals necess\u00e0ries, per donar resposta a l\u2019accessibilitat universal, al \u00abdisseny per a totes les persones\u00bb, aix\u00ed com per evitar possibles biaixos de g\u00e8nere en el desenvolupament i aplicacions d\u2019Intel\u00b7lig\u00e8ncia Artificial i Big Data.<\/li>\n<li>Identificar i aplicar par\u00e0metres de qualitat en els treballs i les activitats realitzats en el proc\u00e9s d\u2019aprenentatge, per valorar la cultura de l\u2019avaluaci\u00f3 i de la qualitat i ser capa\u00e7os de supervisar i millorar procediments de gesti\u00f3 de qualitat.<\/li>\n<\/ul>\n<h3><span style=\"color: #00ccff;\">Estructura<\/span><\/h3>\n<h4 class=\"mt-0\"><span style=\"color: #3366ff;\">Pla d&#8217;estudis<\/span><\/h4>\n<ul>\n<li>MP1 Models d\u2019Intel\u00b7lig\u00e8ncia Artificial 66h (2 hores setmanals)<\/li>\n<li>MP2 Sistemes d\u2019aprenentatge autom\u00e0tic 66h (2 hores setmanals)<\/li>\n<li>MP3 Programaci\u00f3 d\u2019Intel\u00b7lig\u00e8ncia Artificial 165h (5 hores setmanals)<\/li>\n<li>MP4 Sistemes de Big Data 99h (3 hores setmanals)<\/li>\n<li>MP5 Big Data aplicat 99h (3 hores setmanals)<\/li>\n<li>MP6 Formaci\u00f3 en centres de treball 105h<\/li>\n<\/ul>\n<h3 class=\"mt-0\"><span style=\"color: #00ccff;\">Titulacions que donen acc\u00e9s<\/span><\/h3>\n<ul>\n<li>CFPS EEB0 Automatitzaci\u00f3 i rob\u00f2tica industrial<\/li>\n<li>CFPS EED0 Sistemes de telecomunicacions i inform\u00e0tics<\/li>\n<li>CFPS ICA0 Administraci\u00f3 de sistemes inform\u00e0tics en xarxa<\/li>\n<li>CFPS ICB0 Desenvolupament d\u2019aplicacions multiplataforma<\/li>\n<li>CFPS ICC0 Desenvolupament d\u2019aplicacions web<\/li>\n<li>CFPS IMC0 Mecatr\u00f2nica industrial<\/li>\n<\/ul>\n","protected":false},"excerpt":{"rendered":"<p>Introducci\u00f3<br \/>\nQu\u00e8 estudiar\u00e9?<br \/>\nLa compet\u00e8ncia general d\u2019aquest curs d\u2019especialitzaci\u00f3 consisteix a programar i aplicar sistemes intel\u00b7ligents que optimitzen la gesti\u00f3 de la informaci\u00f3 i l\u2019explotaci\u00f3 de dades massives, garantint l\u2019acc\u00e9s a les dades de forma segura i complint els criteris d\u2019accessibilitat, usabilitat i qualitat exigides als est\u00e0ndards&hellip;  <a href=\"https:\/\/agora.xtec.cat\/iticbcn\/projecte-educatiu\/ce-en-intelligencia-artificial-i-big-data\/\" title=\"Read CE en Intel\u00b7lig\u00e8ncia Artificial i Big Data\">Llegeix m\u00e9s\u00bb<\/a><\/p>\n","protected":false},"author":8,"featured_media":0,"parent":57,"menu_order":60,"comment_status":"closed","ping_status":"closed","template":"page-templates\/side-menu.php","meta":{"_bbp_topic_count":0,"_bbp_reply_count":0,"_bbp_total_topic_count":0,"_bbp_total_reply_count":0,"_bbp_voice_count":0,"_bbp_anonymous_reply_count":0,"_bbp_topic_count_hidden":0,"_bbp_reply_count_hidden":0,"_bbp_forum_subforum_count":0,"footnotes":""},"class_list":["post-1217","page","type-page","status-publish","hentry"],"post_mailing_queue_ids":[],"_links":{"self":[{"href":"https:\/\/agora.xtec.cat\/iticbcn\/wp-json\/wp\/v2\/pages\/1217","targetHints":{"allow":["GET"]}}],"collection":[{"href":"https:\/\/agora.xtec.cat\/iticbcn\/wp-json\/wp\/v2\/pages"}],"about":[{"href":"https:\/\/agora.xtec.cat\/iticbcn\/wp-json\/wp\/v2\/types\/page"}],"author":[{"embeddable":true,"href":"https:\/\/agora.xtec.cat\/iticbcn\/wp-json\/wp\/v2\/users\/8"}],"replies":[{"embeddable":true,"href":"https:\/\/agora.xtec.cat\/iticbcn\/wp-json\/wp\/v2\/comments?post=1217"}],"version-history":[{"count":5,"href":"https:\/\/agora.xtec.cat\/iticbcn\/wp-json\/wp\/v2\/pages\/1217\/revisions"}],"predecessor-version":[{"id":3160,"href":"https:\/\/agora.xtec.cat\/iticbcn\/wp-json\/wp\/v2\/pages\/1217\/revisions\/3160"}],"up":[{"embeddable":true,"href":"https:\/\/agora.xtec.cat\/iticbcn\/wp-json\/wp\/v2\/pages\/57"}],"wp:attachment":[{"href":"https:\/\/agora.xtec.cat\/iticbcn\/wp-json\/wp\/v2\/media?parent=1217"}],"curies":[{"name":"wp","href":"https:\/\/api.w.org\/{rel}","templated":true}]}}