{"id":1215,"date":"2024-02-14T12:34:33","date_gmt":"2024-02-14T11:34:33","guid":{"rendered":"https:\/\/agora.xtec.cat\/iticbcn\/?page_id=1215"},"modified":"2025-02-19T17:39:44","modified_gmt":"2025-02-19T16:39:44","slug":"pfi-auxiliar-de-muntatge-i-manteniment-dequips-informatics","status":"publish","type":"page","link":"https:\/\/agora.xtec.cat\/iticbcn\/projecte-educatiu\/pfi-auxiliar-de-muntatge-i-manteniment-dequips-informatics\/","title":{"rendered":"Auxiliar de muntatge i manteniment d&#8217;equips inform\u00e0tics (PFI) (IC01)"},"content":{"rendered":"<p>[toc]<\/p>\n<h3><span style=\"color: #00ccff;\">Introducci\u00f3<\/span><\/h3>\n<h4 class=\"mt-0\"><span style=\"color: #3366ff;\">Qu\u00e8 estudiar\u00e9?<\/span><\/h4>\n<p>La compet\u00e8ncia general d\u2019aquest perfil consisteix a realitzar operacions auxiliars de muntatge i manteniment de sistemes microinform\u00e0tics, perif\u00e8rics i xarxes de comunicaci\u00f3 de dades, operant amb la qualitat indicada i actuant en condicions de seguretat i de protecci\u00f3 ambiental amb responsabilitat i iniciativa personal.<\/p>\n<h3><span style=\"color: #3366ff;\">Per qu\u00e8 a l&#8217;ITICBCN?<\/span><\/h3>\n<p>Perqu\u00e8 oferim tota la formaci\u00f3 posterior a quan acabis el PFI. En aquest cas, la formaci\u00f3 en CFGM de Sistemes Microinform\u00e0tics i Xarxes (SMX) pot ser la teva decisi\u00f3 a estudiar i quan vagis a treballar podran tenir un punt de partida amb les capacitats t\u00e8cniques d&#8217;inform\u00e0tica que has apr\u00e8s durant el teu PFI.<\/p>\n<h4><span style=\"color: #3366ff;\">En quin horari?<\/span><\/h4>\n<p>Les classes a primer de mat\u00ed en horari de 8:00h a 14:30h.<\/p>\n<p>Durant el curs far\u00e0s la formaci\u00f3 en centres de treball (<strong>FCT<\/strong>) en horari de mat\u00ed.<\/p>\n<p>Les classes es porten a terme de setembre a juny incloent el per\u00edode de formaci\u00f3 en centres de treball (<strong>FCT<\/strong>).<\/p>\n<h4><span style=\"color: #3366ff;\">Requisits d&#8217;acc\u00e9s?<\/span><\/h4>\n<p>Es portar\u00e0 a terme una entrevista individual.<\/p>\n<h3 class=\"mt-0\"><span style=\"color: #00ccff;\">Objectius<\/span><\/h3>\n<p>Els objectius generals d\u2019aquest perfil s\u00f3n els seg\u00fcents:<\/p>\n<ul>\n<li>Identificar i organitzar els components f\u00edsics i l\u00f2gics que conformen un sistema microinform\u00e0tic i xarxa de transmissi\u00f3 de dades classificant-los d\u2019acord a la seva funci\u00f3 per<br \/>\nclassificar-los segons la seva finalitat.<\/li>\n<li>Acoblar i connectar components i perif\u00e8rics utilitzant les eines adequades, aplicant procediments i normes, per muntar sistemes microinform\u00e0tics i xarxes.<\/li>\n<li>Aplicar t\u00e8cniques de localitzaci\u00f3 d\u2019avaries senzilles en els sistemes i equips inform\u00e0tics seguint pautes establertes per mantenir sistemes microinform\u00e0tics i xarxes locals.<\/li>\n<li>Substituir i ajustar components f\u00edsics i l\u00f2gics per mantenir sistemes microinform\u00e0tics i xarxes locals.<\/li>\n<li>Interpretar i aplicar les instruccions de cat\u00e0legs de fabricants d\u2019equips i sistemes per transportar i emmagatzemar elements i equips dels sistemes inform\u00e0tics i xarxes.<\/li>\n<li>Identificar i aplicar t\u00e8cniques de verificaci\u00f3 en el muntatge i el manteniment seguint pautes establertes per realitzar comprovacions rutin\u00e0ries.<\/li>\n<li>Ubicar i fixar canalitzacions i altres elements d\u2019una xarxa local cablada, sense fil o mixta, aplicant procediments de muntatge i protocols de qualitat i seguretat, per instal\u00b7lar i<br \/>\nconfigurar xarxes locals.<\/li>\n<li>Aplicar t\u00e8cniques de preparaci\u00f3, conformat i guiat de cables, preparant els espais i emprant equips i eines per estendre el cablatge en xarxes de dades.<\/li>\n<li>Recon\u00e8ixer les eines del sistema operatiu i perif\u00e8rics i utilitzar-les per realitzar configuracions i resoldre problemes d\u2019acord a les instruccions del fabricant.<\/li>\n<li>Elaborar i modificar informes senzills i fitxes de treball per utilitzar aplicacions ofim\u00e0tiques de processadors de text.<\/li>\n<li>Desenvolupar la confian\u00e7a en si mateix, la participaci\u00f3 i l\u2019esperit cr\u00edtic per resoldre situacions i incid\u00e8ncies tant de l\u2019activitat professional com de la personal.<\/li>\n<li>Desenvolupar treballs en equip, assumint els seus deures, respectant els altres i cooperant amb ells, actuant amb toler\u00e0ncia i respecte als altres per a la realitzaci\u00f3 efica\u00e7 de les tasques i com a mitj\u00e0 de desenvolupament personal.<\/li>\n<li>Utilitzar les tecnologies de la informaci\u00f3 i de la comunicaci\u00f3 per informar-se, comunicar-se, aprendre i facilitar-se les tasques laborals.<\/li>\n<li>Relacionar els riscos laborals i ambientals amb l\u2019activitat laboral per tal d\u2019utilitzar les mesures preventives corresponents per a la protecci\u00f3 personal, evitant danys a les altres<br \/>\npersones i en el medi ambient.<\/li>\n<li>Desenvolupar les t\u00e8cniques de la seva activitat professional assegurant l\u2019efic\u00e0cia i la qualitat en el seu treball.<\/li>\n<\/ul>\n<h3><span style=\"color: #00ccff;\">Estructura<\/span><\/h3>\n<h3 class=\"mt-0\"><span style=\"color: #3366ff;\">Duraci\u00f3<\/span><\/h3>\n<p class=\"mt-0\"><span style=\"color: #3366ff;\"><span style=\"color: #000000;\">Un \u00fanic curs de 1000 hores.<\/span><\/span><\/p>\n<h3 class=\"mt-0\"><span style=\"color: #3366ff;\">Titulaci\u00f3<\/span><\/h3>\n<p>Professional b\u00e0sic en inform\u00e0tica i comunicacions.<\/p>\n<div class=\"col-md-6 col-12\">\n<h4 class=\"mt-0\"><span style=\"color: #3366ff;\">M\u00f2duls<\/span><\/h4>\n<ul>\n<li>M1. Estrat\u00e8gies i eines de comunicaci\u00f3<\/li>\n<li>M2. Entorn social i territorial<\/li>\n<li>M3. Estrat\u00e8gies i eines matem\u00e0tiques<\/li>\n<li>M4. Incorporaci\u00f3 al m\u00f3n professional<\/li>\n<li>MPF3029. Muntatge i manteniment de sistemes i components inform\u00e0tics.<\/li>\n<li>MPF3030. Operacions auxiliars per a la configuraci\u00f3 i l\u2019explotaci\u00f3.<\/li>\n<li>MPF3016. Instal\u00b7laci\u00f3 i manteniment de xarxes per a transmissi\u00f3 de dades.<\/li>\n<li>MFCT. Formaci\u00f3 en centres de treball.<\/li>\n<li>MPI. Projecte integrat.<\/li>\n<li>MPRL. Formaci\u00f3 b\u00e0sica en prevenci\u00f3 de riscos.<\/li>\n<\/ul>\n<\/div>\n<div class=\"col-md-6 col-12\">\n<h3 class=\"mt-0\"><span style=\"color: #00ccff;\">Sortides acad\u00e8miques<\/span><\/h3>\n<p>Amb aquests estudis s\u2019obt\u00e9 el t\u00edtol de professional b\u00e0sic en inform\u00e0tica i comunicacions que permet accedir a qualsevol CFGM.<\/p>\n<p>En el nostre centre podr\u00e0s cursar els estudis de la fam\u00edlia d&#8217;inform\u00e0tica i comunicacions fent un el cicle formatiu de grau mitj\u00e0 (CFGM) en sistemes microinform\u00e0tics i xarxes (SMX).<\/p>\n<h3 class=\"mt-0\"><span style=\"color: #00ccff;\">Sortides professionals<\/span><\/h3>\n<p>Tindr\u00e0s diferents sortides professionals com auxiliar de muntatge i manteniment de sistemes microinform\u00e0tics, perif\u00e8rics i xarxes de comunicaci\u00f3 de dades.<\/p>\n<\/div>\n","protected":false},"excerpt":{"rendered":"<p>[toc]<br \/>\nIntroducci\u00f3<br \/>\nQu\u00e8 estudiar\u00e9?<br \/>\nLa compet\u00e8ncia general d\u2019aquest perfil consisteix a realitzar operacions auxiliars de muntatge i manteniment de sistemes microinform\u00e0tics, perif\u00e8rics i xarxes de comunicaci\u00f3 de dades, operant amb la qualitat indicada i actuant en condicions de seguretat i de protecci\u00f3 ambiental amb responsabilitat i iniciativa personal.<br \/>\nPer&hellip;  <a href=\"https:\/\/agora.xtec.cat\/iticbcn\/projecte-educatiu\/pfi-auxiliar-de-muntatge-i-manteniment-dequips-informatics\/\" title=\"Read Auxiliar de muntatge i manteniment d&#8217;equips inform\u00e0tics (PFI) (IC01)\">Llegeix m\u00e9s\u00bb<\/a><\/p>\n","protected":false},"author":8,"featured_media":0,"parent":57,"menu_order":10,"comment_status":"closed","ping_status":"closed","template":"page-templates\/side-menu.php","meta":{"_bbp_topic_count":0,"_bbp_reply_count":0,"_bbp_total_topic_count":0,"_bbp_total_reply_count":0,"_bbp_voice_count":0,"_bbp_anonymous_reply_count":0,"_bbp_topic_count_hidden":0,"_bbp_reply_count_hidden":0,"_bbp_forum_subforum_count":0,"footnotes":""},"class_list":["post-1215","page","type-page","status-publish","hentry"],"post_mailing_queue_ids":[],"_links":{"self":[{"href":"https:\/\/agora.xtec.cat\/iticbcn\/wp-json\/wp\/v2\/pages\/1215","targetHints":{"allow":["GET"]}}],"collection":[{"href":"https:\/\/agora.xtec.cat\/iticbcn\/wp-json\/wp\/v2\/pages"}],"about":[{"href":"https:\/\/agora.xtec.cat\/iticbcn\/wp-json\/wp\/v2\/types\/page"}],"author":[{"embeddable":true,"href":"https:\/\/agora.xtec.cat\/iticbcn\/wp-json\/wp\/v2\/users\/8"}],"replies":[{"embeddable":true,"href":"https:\/\/agora.xtec.cat\/iticbcn\/wp-json\/wp\/v2\/comments?post=1215"}],"version-history":[{"count":6,"href":"https:\/\/agora.xtec.cat\/iticbcn\/wp-json\/wp\/v2\/pages\/1215\/revisions"}],"predecessor-version":[{"id":2374,"href":"https:\/\/agora.xtec.cat\/iticbcn\/wp-json\/wp\/v2\/pages\/1215\/revisions\/2374"}],"up":[{"embeddable":true,"href":"https:\/\/agora.xtec.cat\/iticbcn\/wp-json\/wp\/v2\/pages\/57"}],"wp:attachment":[{"href":"https:\/\/agora.xtec.cat\/iticbcn\/wp-json\/wp\/v2\/media?parent=1215"}],"curies":[{"name":"wp","href":"https:\/\/api.w.org\/{rel}","templated":true}]}}