{"id":1213,"date":"2024-02-14T12:34:16","date_gmt":"2024-02-14T11:34:16","guid":{"rendered":"https:\/\/agora.xtec.cat\/iticbcn\/?page_id=1213"},"modified":"2025-02-19T17:44:24","modified_gmt":"2025-02-19T16:44:24","slug":"cfgs-desenvolupament-daplicacions-web-daw-icc0","status":"publish","type":"page","link":"https:\/\/agora.xtec.cat\/iticbcn\/projecte-educatiu\/cfgs-desenvolupament-daplicacions-web-daw-icc0\/","title":{"rendered":"CFGS Desenvolupament d&#8217;Aplicacions Web (DAW) (ICC0)"},"content":{"rendered":"<p>[toc]<\/p>\n<h3><span style=\"color: #00ccff;\">Introducci\u00f3<\/span><\/h3>\n<h4 class=\"mt-0\"><span style=\"color: #3366ff;\">Qu\u00e8 estudiar\u00e9?<\/span><\/h4>\n<p>Aquests s\u00f3n els estudis ideals si et vols dedicar a desenvolupar, implantar i mantenir\u00a0<strong>aplicacions web i aplicacions h\u00edbrides<\/strong>. Les aplicacions h\u00edbrides s\u00f3n aplicacions m\u00f2bils que estan dissenyades i programades amb llenguatges de programaci\u00f3 web com CSS, HTML o JavaScript.<\/p>\n<h4><span style=\"color: #3366ff;\">Per qu\u00e8 a l&#8217;ITICBCN?<\/span><\/h4>\n<p>Perqu\u00e8 pots venir a estudiar\u00a0<strong>DAM<\/strong>\u00a0amb nosaltres en modalitat\u00a0<strong>DUAL<\/strong>. aix\u00ed que el\u00a0<strong>80% de les hores<\/strong>\u00a0de segon curs et podr\u00e0s formar\u00a0<strong>treballant a\u00a0<\/strong>les empreses amb les que tenim conveni de col\u00b7laboraci\u00f3, cobrant un sou i creixent professionalment.<\/p>\n<p>Perqu\u00e8 gr\u00e0cies a\u00a0<a href=\"http:\/\/agora.xtec.cat\/insjoandaustria\/portada\/signat-conveni-de-col%c2%b7laboracio-amb-oracle\/\">l\u2019acord que tenim amb Oracle<\/a>,\u00a0pots obtenir les certificacions en\u00a0<a href=\"https:\/\/academy.oracle.com\/es\/solutions-curriculum-full.html\"><strong>Disseny de bases de dades i programaci\u00f3 amb SQL<\/strong>,\u00a0<strong>Programaci\u00f3 de bases de dades amb PL\/SQL<\/strong>,\u00a0<strong>Fonaments de Java<\/strong>\u00a0i\u00a0<strong>Programaci\u00f3 amb Java<\/strong><\/a>.<\/p>\n<p>Perqu\u00e8 treballar\u00e0s amb tecnologia Cloud puntera, com\u00a0<a href=\"https:\/\/aws.amazon.com\/es\/\">AWS<\/a>. i podr\u00e0s fer pr\u00e0ctiques a importants empreses del sector.<\/p>\n<p>Perqu\u00e8 el nostre professorat \u00e9s expert en les mat\u00e8ries que imparteix.<\/p>\n<h4><span style=\"color: #3366ff;\">En quin horari?<\/span><\/h4>\n<p>Les classes a primer de mat\u00ed en horari de 8:00h a 13:30h i segon curs s\u00f3n a la tarda, de 14:30h a 21:00h.<\/p>\n<p>Durant el segon curs far\u00e0s la formaci\u00f3 en centres de treball (<strong>FCT<\/strong>) o formaci\u00f3 DUAL en horari de mat\u00ed.<\/p>\n<p>En el cas de <strong>FCT,<\/strong> far\u00e0s pr\u00e0ctiques al mat\u00ed i classes de tarda de 14:30h a 21:00h.<\/p>\n<p>En cas de formaci\u00f3 <strong>DUAL,<\/strong> far\u00e0s al mat\u00ed (5 hores) a l&#8217;empresa i estar\u00e0s 3 hores al centre, de 18:00h a 21:00h.<\/p>\n<h4 class=\"mt-0\"><span style=\"color: #00ccff;\">Objectius<\/span><\/h4>\n<p>L\u2019objectiu dels estudis \u00e9s formar professionals amb la capacitat de desenvolupar, implantar i mantenir aplicacions web, amb independ\u00e8ncia del model emprat i utilitzant tecnologies espec\u00edfiques, garantint l\u2019acc\u00e9s a les dades de forma segura, pel que cal aprendre a:<\/p>\n<ul>\n<li>Configurar i explotar sistemes inform\u00e0tics.<\/li>\n<li>Aplicar t\u00e8cniques i procediments relacionats amb la seguretat en sistemes, serveis i aplicacions.<\/li>\n<li>Gestionar servidors d\u2019aplicacions i configurar-los per permetre el desplegament d\u2019aplicacions web.<\/li>\n<li>Gestionar bases de dades.<\/li>\n<li>Desenvolupar aplicacions web amb acc\u00e9s a bases de dades.<\/li>\n<li>Desenvolupar interf\u00edcies en aplicacions web d\u2019acord amb un manual d\u2019estil.<\/li>\n<li>Desenvolupar components multim\u00e8dia i integrar-los en la interf\u00edcie d\u2019una aplicaci\u00f3 web.<\/li>\n<li>Desenvolupar i integrar components programari en l\u2019entorn del servidor web.<\/li>\n<li>Desenvolupar serveis per integrar les seves funcions en altres aplicacions web.<\/li>\n<li>Integrar serveis i continguts distribu\u00efts en aplicacions web.<\/li>\n<li>Completar plans de proves verificant el funcionament dels components programari desenvolupats segons les especificacions.<\/li>\n<li>Elaborar i mantenir la documentaci\u00f3 dels processos de desenvolupament utilitzant eines de generaci\u00f3 de documentaci\u00f3 i control de versions.<\/li>\n<li>Desplegar i distribuir aplicacions web.<\/li>\n<\/ul>\n<div class=\"col-md-6 col-12\">\n<h3><span style=\"color: #00ccff;\">Estructura<\/span><\/h3>\n<h3 class=\"mt-0\"><span style=\"color: #3366ff;\">Duraci\u00f3<\/span><\/h3>\n<p class=\"mt-0\"><span style=\"color: #3366ff;\"><span style=\"color: #000000;\">2000 hores<\/span><\/span><\/p>\n<h3 class=\"mt-0\"><span style=\"color: #3366ff;\">Titulaci\u00f3<\/span><\/h3>\n<p>T\u00e8cnic Superior en Desenvolupament d&#8217;Aplicacions Web<\/p>\n<\/div>\n<div class=\"col-md-6 col-12\">\n<table dir=\"ltr\" style=\"width: 100%; height: 759px;\" border=\"1\" cellspacing=\"0\" cellpadding=\"0\" data-sheets-root=\"1\" data-sheets-baot=\"1\">\n<colgroup>\n<col width=\"56\" \/>\n<col width=\"463\" \/>\n<col width=\"63\" \/>\n<col width=\"47\" \/>\n<col width=\"62\" \/>\n<col width=\"38\" \/><\/colgroup>\n<tbody>\n<tr style=\"height: 23px;\">\n<td style=\"background-color: #bbbbbb; height: 23px; width: 99.7613%;\" colspan=\"6\" rowspan=\"1\">1r DAW<\/td>\n<\/tr>\n<tr style=\"height: 46px;\">\n<td style=\"height: 46px; width: 7.39857%;\"><strong>Codi BOE<\/strong><\/td>\n<td style=\"height: 46px; width: 61.5752%;\"><strong>M\u00f2duls professionals<\/strong><\/td>\n<td style=\"height: 46px; width: 9.42721%;\"><strong>Hores<\/strong><br \/>\n<strong>setmana<\/strong><\/td>\n<td style=\"height: 46px; width: 6.80191%;\"><strong>Hores<\/strong><br \/>\n<strong>centre<\/strong><\/td>\n<td style=\"height: 46px; width: 9.18854%;\"><strong>Hores empresa<\/strong><\/td>\n<td style=\"height: 46px; width: 5.36993%;\"><strong>Total<\/strong><\/td>\n<\/tr>\n<tr style=\"height: 23px;\">\n<td style=\"height: 23px; width: 7.39857%;\">0373<\/td>\n<td style=\"height: 23px; width: 61.5752%;\">Llenguatges de marques i sistemes de gesti\u00f3 d\u2019informaci\u00f3<\/td>\n<td style=\"height: 23px; width: 9.42721%;\">2<\/td>\n<td style=\"height: 23px; width: 6.80191%;\">66<\/td>\n<td style=\"height: 23px; width: 9.18854%;\">33<\/td>\n<td style=\"height: 23px; width: 5.36993%;\">99<\/td>\n<\/tr>\n<tr style=\"height: 23px;\">\n<td style=\"height: 23px; width: 7.39857%;\">0483<\/td>\n<td style=\"height: 23px; width: 61.5752%;\">Sistemes inform\u00e0tics<\/td>\n<td style=\"height: 23px; width: 9.42721%;\">3<\/td>\n<td style=\"height: 23px; width: 6.80191%;\">99<\/td>\n<td style=\"height: 23px; width: 9.18854%;\">66<\/td>\n<td style=\"height: 23px; width: 5.36993%;\">165<\/td>\n<\/tr>\n<tr style=\"height: 23px;\">\n<td style=\"height: 23px; width: 7.39857%;\">0484<\/td>\n<td style=\"height: 23px; width: 61.5752%;\">Bases de dades<\/td>\n<td style=\"height: 23px; width: 9.42721%;\">4<\/td>\n<td style=\"height: 23px; width: 6.80191%;\">132<\/td>\n<td style=\"height: 23px; width: 9.18854%;\">66<\/td>\n<td style=\"height: 23px; width: 5.36993%;\">198<\/td>\n<\/tr>\n<tr style=\"height: 23px;\">\n<td style=\"height: 23px; width: 7.39857%;\"><\/td>\n<td style=\"height: 23px; width: 61.5752%;\"><strong>M\u00f2dul conjunt: Programaci\u00f3 i entorns de desenvolupament<\/strong><\/td>\n<td style=\"height: 23px; width: 9.42721%;\"><\/td>\n<td style=\"height: 23px; width: 6.80191%;\"><\/td>\n<td style=\"height: 23px; width: 9.18854%;\"><\/td>\n<td style=\"height: 23px; width: 5.36993%;\"><\/td>\n<\/tr>\n<tr style=\"height: 23px;\">\n<td style=\"height: 23px; width: 7.39857%;\">0485<\/td>\n<td style=\"height: 23px; width: 61.5752%;\">Programaci\u00f3<\/td>\n<td style=\"height: 23px; width: 9.42721%;\">6<\/td>\n<td style=\"height: 23px; width: 6.80191%;\">198<\/td>\n<td style=\"height: 23px; width: 9.18854%;\">66<\/td>\n<td style=\"height: 23px; width: 5.36993%;\">264<\/td>\n<\/tr>\n<tr style=\"height: 23px;\">\n<td style=\"height: 23px; width: 7.39857%;\">0487<\/td>\n<td style=\"height: 23px; width: 61.5752%;\">Entorns de desenvolupament<\/td>\n<td style=\"height: 23px; width: 9.42721%;\">2<\/td>\n<td style=\"height: 23px; width: 6.80191%;\">66<\/td>\n<td style=\"height: 23px; width: 9.18854%;\">33<\/td>\n<td style=\"height: 23px; width: 5.36993%;\">99<\/td>\n<\/tr>\n<tr style=\"height: 23px;\">\n<td style=\"height: 23px; width: 7.39857%;\"><\/td>\n<td style=\"height: 23px; width: 61.5752%;\"><strong>TOTAL:<\/strong><\/td>\n<td style=\"height: 23px; width: 9.42721%;\"><strong>8<\/strong><\/td>\n<td style=\"height: 23px; width: 6.80191%;\"><strong>264<\/strong><\/td>\n<td style=\"height: 23px; width: 9.18854%;\"><strong>99<\/strong><\/td>\n<td style=\"height: 23px; width: 5.36993%;\"><strong>363<\/strong><\/td>\n<\/tr>\n<tr style=\"height: 23px;\">\n<td style=\"height: 23px; width: 7.39857%;\">0179<\/td>\n<td style=\"height: 23px; width: 61.5752%;\">Angl\u00e8s professional<\/td>\n<td style=\"height: 23px; width: 9.42721%;\">2<\/td>\n<td style=\"height: 23px; width: 6.80191%;\">66<\/td>\n<td style=\"height: 23px; width: 9.18854%;\"><\/td>\n<td style=\"height: 23px; width: 5.36993%;\">66<\/td>\n<\/tr>\n<tr style=\"height: 23px;\">\n<td style=\"height: 23px; width: 7.39857%;\">0615<\/td>\n<td style=\"height: 23px; width: 61.5752%;\">Disseny d\u2019interf\u00edcies web<\/td>\n<td style=\"height: 23px; width: 9.42721%;\">2<\/td>\n<td style=\"height: 23px; width: 6.80191%;\">66<\/td>\n<td style=\"height: 23px; width: 9.18854%;\">66<\/td>\n<td style=\"height: 23px; width: 5.36993%;\">132<\/td>\n<\/tr>\n<tr style=\"height: 23px;\">\n<td style=\"height: 23px; width: 7.39857%;\">1709<\/td>\n<td style=\"height: 23px; width: 61.5752%;\">Itinerari Personal per a l&#8217;Ocupabilitat I<\/td>\n<td style=\"height: 23px; width: 9.42721%;\">3<\/td>\n<td style=\"height: 23px; width: 6.80191%;\">99<\/td>\n<td style=\"height: 23px; width: 9.18854%;\"><\/td>\n<td style=\"height: 23px; width: 5.36993%;\">99<\/td>\n<\/tr>\n<tr style=\"height: 23px;\">\n<td style=\"height: 23px; width: 7.39857%;\"><\/td>\n<td style=\"height: 23px; width: 61.5752%;\">Total primer curs<\/td>\n<td style=\"height: 23px; width: 9.42721%;\">24<\/td>\n<td style=\"height: 23px; width: 6.80191%;\">792<\/td>\n<td style=\"height: 23px; width: 9.18854%;\">429<\/td>\n<td style=\"height: 23px; width: 5.36993%;\">1122<\/td>\n<\/tr>\n<tr style=\"height: 23px;\">\n<td style=\"background-color: #bbbbbb; height: 23px; width: 99.7613%;\" colspan=\"6\" rowspan=\"1\"><strong>2n DAW<\/strong><\/td>\n<\/tr>\n<tr style=\"height: 46px;\">\n<td style=\"height: 46px; width: 7.39857%;\">Codi BOE<\/td>\n<td style=\"height: 46px; width: 61.5752%;\">M\u00f2duls professionals<\/td>\n<td style=\"height: 46px; width: 9.42721%;\">Hores<br \/>\nSetmana<\/td>\n<td style=\"height: 46px; width: 6.80191%;\">Hores<br \/>\ncentre<\/td>\n<td style=\"height: 46px; width: 9.18854%;\">Hores empresa<\/td>\n<td style=\"height: 46px; width: 5.36993%;\">Total<\/td>\n<\/tr>\n<tr style=\"height: 23px;\">\n<td style=\"height: 23px; width: 7.39857%;\"><\/td>\n<td style=\"height: 23px; width: 61.5752%;\"><strong>M\u00f2dul conjunt: Desenvolupament sostenible d&#8217;aplicacions web<\/strong><\/td>\n<td style=\"height: 23px; width: 9.42721%;\"><\/td>\n<td style=\"height: 23px; width: 6.80191%;\"><\/td>\n<td style=\"height: 23px; width: 9.18854%;\"><\/td>\n<td style=\"height: 23px; width: 5.36993%;\"><\/td>\n<\/tr>\n<tr style=\"height: 23px;\">\n<td style=\"height: 23px; width: 7.39857%;\">0612<\/td>\n<td style=\"height: 23px; width: 61.5752%;\">Desenvolupament web en entorn client<\/td>\n<td style=\"height: 23px; width: 9.42721%;\">3<\/td>\n<td style=\"height: 23px; width: 6.80191%;\">99<\/td>\n<td style=\"height: 23px; width: 9.18854%;\">66<\/td>\n<td style=\"height: 23px; width: 5.36993%;\">165<\/td>\n<\/tr>\n<tr style=\"height: 23px;\">\n<td style=\"height: 23px; width: 7.39857%;\">0613<\/td>\n<td style=\"height: 23px; width: 61.5752%;\">Desenvolupament web en entorn servidor<\/td>\n<td style=\"height: 23px; width: 9.42721%;\">3<\/td>\n<td style=\"height: 23px; width: 6.80191%;\">99<\/td>\n<td style=\"height: 23px; width: 9.18854%;\">66<\/td>\n<td style=\"height: 23px; width: 5.36993%;\">165<\/td>\n<\/tr>\n<tr style=\"height: 23px;\">\n<td style=\"height: 23px; width: 7.39857%;\">1708<\/td>\n<td style=\"height: 23px; width: 61.5752%;\">Sostenibilitat aplicada al sistema productiu<\/td>\n<td style=\"height: 23px; width: 9.42721%;\">1<\/td>\n<td style=\"height: 23px; width: 6.80191%;\">33<\/td>\n<td style=\"height: 23px; width: 9.18854%;\"><\/td>\n<td style=\"height: 23px; width: 5.36993%;\">33<\/td>\n<\/tr>\n<tr style=\"height: 23px;\">\n<td style=\"height: 23px; width: 7.39857%;\"><\/td>\n<td style=\"height: 23px; width: 61.5752%;\"><strong>TOTAL:<\/strong><\/td>\n<td style=\"height: 23px; width: 9.42721%;\"><strong>7<\/strong><\/td>\n<td style=\"height: 23px; width: 6.80191%;\"><strong>231<\/strong><\/td>\n<td style=\"height: 23px; width: 9.18854%;\"><strong>132<\/strong><\/td>\n<td style=\"height: 23px; width: 5.36993%;\"><strong>363<\/strong><\/td>\n<\/tr>\n<tr style=\"height: 23px;\">\n<td style=\"height: 23px; width: 7.39857%;\">0614<\/td>\n<td style=\"height: 23px; width: 61.5752%;\">Desplegament d\u2019aplicacions web<\/td>\n<td style=\"height: 23px; width: 9.42721%;\">2<\/td>\n<td style=\"height: 23px; width: 6.80191%;\">66<\/td>\n<td style=\"height: 23px; width: 9.18854%;\">53<\/td>\n<td style=\"height: 23px; width: 5.36993%;\">119<\/td>\n<\/tr>\n<tr style=\"height: 23px;\">\n<td style=\"height: 23px; width: 7.39857%;\">1710<\/td>\n<td style=\"height: 23px; width: 61.5752%;\">Itinerari personal per a l&#8217;ocupabilitat II<\/td>\n<td style=\"height: 23px; width: 9.42721%;\">2<\/td>\n<td style=\"height: 23px; width: 6.80191%;\">66<\/td>\n<td style=\"height: 23px; width: 9.18854%;\"><\/td>\n<td style=\"height: 23px; width: 5.36993%;\">66<\/td>\n<\/tr>\n<tr style=\"height: 23px;\">\n<td style=\"height: 23px; width: 7.39857%;\"><\/td>\n<td style=\"height: 23px; width: 61.5752%;\">M\u00f2dul professional optatiu +<\/td>\n<td style=\"height: 23px; width: 9.42721%;\">3<\/td>\n<td style=\"height: 23px; width: 6.80191%;\">99<\/td>\n<td style=\"height: 23px; width: 9.18854%;\"><\/td>\n<td style=\"height: 23px; width: 5.36993%;\">99<\/td>\n<\/tr>\n<tr style=\"height: 23px;\">\n<td style=\"height: 23px; width: 7.39857%;\">1665<\/td>\n<td style=\"height: 23px; width: 61.5752%;\">Digitalitzaci\u00f3 aplicada als sectors productius<\/td>\n<td style=\"height: 23px; width: 9.42721%;\">1<\/td>\n<td style=\"height: 23px; width: 6.80191%;\">33<\/td>\n<td style=\"height: 23px; width: 9.18854%;\"><\/td>\n<td style=\"height: 23px; width: 5.36993%;\">33<\/td>\n<\/tr>\n<tr style=\"height: 46px;\">\n<td style=\"height: 46px; width: 7.39857%;\">0616<\/td>\n<td style=\"height: 46px; width: 61.5752%;\">0616. Projecte intermodular de desenvolupament d\u2019aplicacions web<\/td>\n<td style=\"height: 46px; width: 9.42721%;\">6<\/td>\n<td style=\"height: 46px; width: 6.80191%;\">198<\/td>\n<td style=\"height: 46px; width: 9.18854%;\"><\/td>\n<td style=\"height: 46px; width: 5.36993%;\">198<\/td>\n<\/tr>\n<tr style=\"height: 23px;\">\n<td style=\"height: 23px; width: 7.39857%;\"><\/td>\n<td style=\"height: 23px; width: 61.5752%;\"><strong>Total segon curs al centre<\/strong><\/td>\n<td style=\"height: 23px; width: 9.42721%;\"><strong>21<\/strong><\/td>\n<td style=\"height: 23px; width: 6.80191%;\"><strong>693<\/strong><\/td>\n<td style=\"height: 23px; width: 9.18854%;\"><strong>185<\/strong><\/td>\n<td style=\"height: 23px; width: 5.36993%;\"><strong>878<\/strong><\/td>\n<\/tr>\n<tr style=\"height: 23px;\">\n<td style=\"height: 23px; width: 7.39857%;\"><\/td>\n<td style=\"height: 23px; width: 61.5752%;\">Estada a l&#8217;empresa<\/td>\n<td style=\"height: 23px; width: 9.42721%;\"><\/td>\n<td style=\"height: 23px; width: 6.80191%;\">0<\/td>\n<td style=\"height: 23px; width: 9.18854%;\">515<\/td>\n<td style=\"height: 23px; width: 5.36993%;\">515<\/td>\n<\/tr>\n<tr style=\"height: 23px;\">\n<td style=\"height: 23px; width: 7.39857%;\"><\/td>\n<td style=\"height: 23px; width: 61.5752%;\"><strong>TOTAL CICLE<\/strong><\/td>\n<td style=\"height: 23px; width: 9.42721%;\"><\/td>\n<td style=\"height: 23px; width: 6.80191%;\"><strong>1485<\/strong><\/td>\n<td style=\"height: 23px; width: 9.18854%;\"><strong>614<\/strong><\/td>\n<td style=\"height: 23px; width: 5.36993%;\"><strong>2000<\/strong><\/td>\n<\/tr>\n<tr style=\"height: 23px;\">\n<td style=\"height: 23px; width: 7.39857%;\"><\/td>\n<td style=\"height: 23px; width: 61.5752%;\"><\/td>\n<td style=\"height: 23px; width: 9.42721%;\"><\/td>\n<td style=\"height: 23px; width: 6.80191%;\"><\/td>\n<td style=\"height: 23px; width: 9.18854%;\"><\/td>\n<td style=\"height: 23px; width: 5.36993%;\"><\/td>\n<\/tr>\n<tr style=\"height: 23px;\">\n<td style=\"height: 23px; width: 7.39857%;\"><\/td>\n<td style=\"height: 23px; width: 61.5752%;\">Hores al centre en DUAL intensiva<\/td>\n<td style=\"height: 23px; width: 9.42721%;\"><\/td>\n<td style=\"height: 23px; width: 6.80191%;\">495<\/td>\n<td style=\"height: 23px; width: 9.18854%;\"><\/td>\n<td style=\"height: 23px; width: 5.36993%;\"><\/td>\n<\/tr>\n<\/tbody>\n<\/table>\n<h3><\/h3>\n<h3 class=\"mt-0\"><span style=\"color: #00ccff;\">Sortides acad\u00e8miques<\/span><\/h3>\n<p>Amb aquests estudis s\u2019obt\u00e9 el t\u00edtol de t\u00e8cnic o t\u00e8cnica superior, que permet accedir:<\/p>\n<ul>\n<li>A un grau universitari, amb reconeixement de part dels estudis cursats.<\/li>\n<li>A altres cicles formatius per complementar la formaci\u00f3, per exemple\u00a0<strong>administraci\u00f3 de sistemes inform\u00e0tics en xarxes<\/strong>\u00a0o\u00a0<strong>desenvolupament d\u2019aplicacions web<\/strong>.<\/li>\n<\/ul>\n<h4 class=\"mt-0\"><span style=\"color: #00ccff;\">Sortides professionals<\/span><\/h4>\n<p>Aquests estudis et permetran treballar de programador, desenvolupant aplicacions web.<\/p>\n<h3 class=\"mt-0\"><span style=\"color: #00ccff;\">Suplement europeu al t\u00edtol<\/span><\/h3>\n<ul>\n<li><a href=\"https:\/\/agora.xtec.cat\/iticbcn\/wp-content\/uploads\/usu2389\/2024\/02\/n-tsdesarrolloaplicacioneswebes-pdf.pdf\" target=\"_blank\" rel=\"noopener\" data-saferedirecturl=\"https:\/\/www.google.com\/url?q=https:\/\/agora.xtec.cat\/iticbcn\/wp-content\/uploads\/usu2389\/2024\/02\/n-tsdesarrolloaplicacioneswebes-pdf.pdf&amp;source=gmail&amp;ust=1708427098766000&amp;usg=AOvVaw3ONOVScfJtXFSHgdxRb99R\">DAW: Europass Diploma Supplement:<\/a>\u00a0120 cr\u00e8dits ECTS distribu\u00efts entre els m\u00f2duls<\/li>\n<\/ul>\n<\/div>\n","protected":false},"excerpt":{"rendered":"<p>[toc]<br \/>\nIntroducci\u00f3<br \/>\nQu\u00e8 estudiar\u00e9?<br \/>\nAquests s\u00f3n els estudis ideals si et vols dedicar a desenvolupar, implantar i mantenir\u00a0aplicacions web i aplicacions h\u00edbrides. Les aplicacions h\u00edbrides s\u00f3n aplicacions m\u00f2bils que estan dissenyades i programades amb llenguatges de programaci\u00f3 web com CSS, HTML o JavaScript.<br \/>\nPer qu\u00e8 a l&#8217;ITICBCN?<br \/>\nPerqu\u00e8 pots venir&hellip;  <a href=\"https:\/\/agora.xtec.cat\/iticbcn\/projecte-educatiu\/cfgs-desenvolupament-daplicacions-web-daw-icc0\/\" title=\"Read CFGS Desenvolupament d&#8217;Aplicacions Web (DAW) (ICC0)\">Llegeix m\u00e9s\u00bb<\/a><\/p>\n","protected":false},"author":8,"featured_media":0,"parent":57,"menu_order":50,"comment_status":"closed","ping_status":"closed","template":"page-templates\/side-menu.php","meta":{"_bbp_topic_count":0,"_bbp_reply_count":0,"_bbp_total_topic_count":0,"_bbp_total_reply_count":0,"_bbp_voice_count":0,"_bbp_anonymous_reply_count":0,"_bbp_topic_count_hidden":0,"_bbp_reply_count_hidden":0,"_bbp_forum_subforum_count":0,"footnotes":""},"class_list":["post-1213","page","type-page","status-publish","hentry"],"post_mailing_queue_ids":[],"_links":{"self":[{"href":"https:\/\/agora.xtec.cat\/iticbcn\/wp-json\/wp\/v2\/pages\/1213","targetHints":{"allow":["GET"]}}],"collection":[{"href":"https:\/\/agora.xtec.cat\/iticbcn\/wp-json\/wp\/v2\/pages"}],"about":[{"href":"https:\/\/agora.xtec.cat\/iticbcn\/wp-json\/wp\/v2\/types\/page"}],"author":[{"embeddable":true,"href":"https:\/\/agora.xtec.cat\/iticbcn\/wp-json\/wp\/v2\/users\/8"}],"replies":[{"embeddable":true,"href":"https:\/\/agora.xtec.cat\/iticbcn\/wp-json\/wp\/v2\/comments?post=1213"}],"version-history":[{"count":6,"href":"https:\/\/agora.xtec.cat\/iticbcn\/wp-json\/wp\/v2\/pages\/1213\/revisions"}],"predecessor-version":[{"id":2378,"href":"https:\/\/agora.xtec.cat\/iticbcn\/wp-json\/wp\/v2\/pages\/1213\/revisions\/2378"}],"up":[{"embeddable":true,"href":"https:\/\/agora.xtec.cat\/iticbcn\/wp-json\/wp\/v2\/pages\/57"}],"wp:attachment":[{"href":"https:\/\/agora.xtec.cat\/iticbcn\/wp-json\/wp\/v2\/media?parent=1213"}],"curies":[{"name":"wp","href":"https:\/\/api.w.org\/{rel}","templated":true}]}}