{"id":1211,"date":"2024-02-14T12:33:53","date_gmt":"2024-02-14T11:33:53","guid":{"rendered":"https:\/\/agora.xtec.cat\/iticbcn\/?page_id=1211"},"modified":"2025-02-19T17:43:36","modified_gmt":"2025-02-19T16:43:36","slug":"cfgs-desenvolupament-daplicacions-multiplataforma-dam-icb0","status":"publish","type":"page","link":"https:\/\/agora.xtec.cat\/iticbcn\/projecte-educatiu\/cfgs-desenvolupament-daplicacions-multiplataforma-dam-icb0\/","title":{"rendered":"CFGS Desenvolupament d&#8217;Aplicacions Multiplataforma (DAM) (ICB0)"},"content":{"rendered":"<p>[toc]<\/p>\n<h3><span style=\"color: #00ccff;\">Introducci\u00f3<\/span><\/h3>\n<h4 class=\"mt-0\"><span style=\"color: #3366ff;\">Qu\u00e8 estudiar\u00e9?<\/span><\/h4>\n<p>Pots estudiar\u00a0<strong>DAM<\/strong>\u00a0si vols\u00a0<strong>desenvolupar aplicacions inform\u00e0tiques<\/strong>\u00a0per la gesti\u00f3 empresarial i de negoci, de prop\u00f2sit general i en l\u2019\u00e0mbit de l\u2019entreteniment (<strong>videojocs<\/strong>) i la inform\u00e0tica m\u00f2bil (<strong>Apps<\/strong>).<\/p>\n<h4><span style=\"color: #3366ff;\">Per qu\u00e8 a l&#8217;ITICBCN?<\/span><\/h4>\n<p>Perqu\u00e8 pots venir a estudiar\u00a0<strong>DAM<\/strong>\u00a0amb nosaltres en modalitat\u00a0<strong>DUAL<\/strong>. Aix\u00ed que el <strong>80% de les hores<\/strong>\u00a0de segon curs et podr\u00e0s formar\u00a0<strong>treballant a\u00a0<\/strong>les empreses amb les quals tenim conveni de col\u00b7laboraci\u00f3, cobrant un sou i creixent professionalment.<\/p>\n<p>Perqu\u00e8 gr\u00e0cies a\u00a0<a href=\"http:\/\/agora.xtec.cat\/insjoandaustria\/portada\/signat-conveni-de-col%c2%b7laboracio-amb-oracle\/\">l\u2019acord que tenim amb Oracle<\/a>,\u00a0pots obtenir les certificacions en\u00a0<a href=\"https:\/\/academy.oracle.com\/es\/solutions-curriculum-full.html\"><strong>Disseny de bases de dades i programaci\u00f3 amb SQL<\/strong>,\u00a0<strong>Programaci\u00f3 de bases de dades amb PL\/SQL<\/strong>,\u00a0<strong>Fonaments de Java<\/strong>\u00a0i\u00a0<strong>Programaci\u00f3 amb Java<\/strong><\/a>.<\/p>\n<p>Perqu\u00e8 treballar\u00e0s amb tecnologia Cloud puntera, com\u00a0<a href=\"https:\/\/aws.amazon.com\/es\/\">AWS<\/a>. i podr\u00e0s fer pr\u00e0ctiques a importants empreses del sector.<\/p>\n<p>Perqu\u00e8 el nostre professorat \u00e9s expert en les mat\u00e8ries que imparteix.<\/p>\n<h4><span style=\"color: #3366ff;\">En quin horari?<\/span><\/h4>\n<p>Les classes a primer de mat\u00ed en horari de 8:00h a 13:30h i segon curs s\u00f3n a la tarda, de 14:30h a 21:00h.<\/p>\n<p>Durant el segon curs far\u00e0s la formaci\u00f3 en centres de treball (<strong>FCT<\/strong>) o formaci\u00f3 DUAL en horari de mat\u00ed.<\/p>\n<p>En el cas de <strong>FCT,<\/strong> far\u00e0s pr\u00e0ctiques al mat\u00ed i classes de tarda de 14:30h a 21:00h.<\/p>\n<p>En cas de formaci\u00f3 <strong>DUAL,<\/strong> far\u00e0s al mat\u00ed (5 hores) a l&#8217;empresa i estar\u00e0s 3 hores al centre, de 18:00h a 21:00h.<\/p>\n<h3 class=\"mt-0\"><span style=\"color: #00ccff;\">Objectius<\/span><\/h3>\n<p>L\u2019objectiu dels estudis \u00e9s formar professionals amb la capacitat de desenvolupar, implantar, documentar i mantenir aplicacions inform\u00e0tiques multiplataforma, utilitzant tecnologies i entorns de desenvolupament espec\u00edfics i garantint l\u2019acc\u00e9s a les dades de forma segura, pel que cal aprendre a:<\/p>\n<ul>\n<li>Configurar i explotar sistemes inform\u00e0tics.<\/li>\n<li>Aplicar t\u00e8cniques i procediments relacionats amb la seguretat en sistemes, serveis i aplicacions<\/li>\n<li>Gestionar bases de dades, interpretant-ne el disseny l\u00f2gic i verificant la integritat, la consist\u00e8ncia, la<br \/>\nseguretat i l\u2019accessibilitat de les dades.<\/li>\n<li>Gestionar entorns de desenvolupament adaptant-ne la configuraci\u00f3 en cada cas per permetre el<br \/>\ndesenvolupament i el desplegament d\u2019aplicacions.<\/li>\n<li>Desenvolupar aplicacions multiplataforma amb acc\u00e9s a bases de dades utilitzant llenguatges, llibreries i eines adequats.<\/li>\n<li>Desenvolupar aplicacions implementant un sistema complet de formularis i informes que permetin gestionar de forma integral la informaci\u00f3 emmagatzemada.<\/li>\n<li>Integrar continguts gr\u00e0fics i components multim\u00e8dia en aplicacions multiplataforma.<\/li>\n<li>Desenvolupar interf\u00edcies gr\u00e0fiques d\u2019usuari interactives i amb la usabilitat adequada, utilitzant components visuals est\u00e0ndard o implementant components visuals espec\u00edfics.<\/li>\n<li><strong>Participar en el desenvolupament de jocs<\/strong>\u00a0i aplicacions en l\u2019\u00e0mbit de l\u2019entreteniment i l\u2019educaci\u00f3 emprant t\u00e8cniques, motors i entorns de desenvolupament espec\u00edfics.<\/li>\n<li><strong>Desenvolupar aplicacions per a tel\u00e8fons,<\/strong>\u00a0PDA i altres dispositius m\u00f2bils emprant t\u00e8cniques i entorns de desenvolupament espec\u00edfics.<\/li>\n<li>Crear ajudes generals i sensibles al context, utilitzant eines espec\u00edfiques i integrant-les en les seves<br \/>\ncorresponents aplicacions.<\/li>\n<li>Crear tutorials, manuals d\u2019usuari, d\u2019instal\u00b7laci\u00f3, de configuraci\u00f3 i d\u2019administraci\u00f3, emprant eines espec\u00edfiques.<\/li>\n<li>Empaquetar aplicacions per distribuir preparant paquets autoinstal\u00b7lables amb assistents incorporats.<\/li>\n<li>Desenvolupar aplicacions multiproc\u00e9s i multifil utilitzant llibreries i t\u00e8cniques de programaci\u00f3 espec\u00edfiques.<\/li>\n<li>Desenvolupar aplicacions capaces d\u2019oferir serveis en xarxa emprant mecanismes de comunicaci\u00f3.<\/li>\n<li>Participar en la implantaci\u00f3 de sistemes ERP-CRM, gestionar-los i garantir la integritat.<\/li>\n<li>Desenvolupar components personalitzats per a un sistema ERP-CRM<\/li>\n<li>Realitzar plans de proves verificant el funcionament dels components programari desenvolupats, segons les especificacions.<\/li>\n<li>Desplegar i distribuir aplicacions en diferents \u00e0mbits d\u2019implantaci\u00f3 verificant-ne el comportament i realitzant les modificacions necess\u00e0ries.<\/li>\n<\/ul>\n<div class=\"col-md-6 col-12\">\n<h3><span style=\"color: #00ccff;\">Estructura<\/span><\/h3>\n<h3 class=\"mt-0\"><span style=\"color: #3366ff;\">Duraci\u00f3<\/span><\/h3>\n<p class=\"mt-0\"><span style=\"color: #3366ff;\"><span style=\"color: #000000;\">2000 hores<\/span><\/span><\/p>\n<h3 class=\"mt-0\"><span style=\"color: #3366ff;\">Titulaci\u00f3<\/span><\/h3>\n<p>T\u00e8cnic Superior en Desenvolupament d&#8217;Aplicacions Multiplataforma<\/p>\n<\/div>\n<table dir=\"ltr\" style=\"width: 100%; height: 782px;\" border=\"1\" cellspacing=\"0\" cellpadding=\"0\" data-sheets-root=\"1\" data-sheets-baot=\"1\">\n<colgroup>\n<col width=\"43\" \/>\n<col width=\"463\" \/>\n<col width=\"63\" \/>\n<col width=\"47\" \/>\n<col width=\"62\" \/>\n<col width=\"38\" \/><\/colgroup>\n<tbody>\n<tr style=\"height: 23px;\">\n<td style=\"background-color: #bbbbbb; width: 99.7613%; height: 23px;\" colspan=\"6\" rowspan=\"1\"><strong>1r DAM<\/strong><\/td>\n<\/tr>\n<tr style=\"height: 46px;\">\n<td style=\"width: 5.96659%; height: 46px;\"><strong>Codi BOE<\/strong><\/td>\n<td style=\"width: 62.1718%; height: 46px;\"><strong>M\u00f2duls professionals<\/strong><\/td>\n<td style=\"width: 9.54654%; height: 46px;\"><strong>Hores<\/strong><br \/>\n<strong>setmana<\/strong><\/td>\n<td style=\"width: 7.04057%; height: 46px;\"><strong>Hores<\/strong><br \/>\n<strong>centre<\/strong><\/td>\n<td style=\"width: 9.54654%; height: 46px;\"><strong>Hores empresa<\/strong><\/td>\n<td style=\"width: 5.48926%; height: 46px;\"><strong>Total<\/strong><\/td>\n<\/tr>\n<tr style=\"height: 23px;\">\n<td style=\"width: 5.96659%; height: 23px;\">0373<\/td>\n<td style=\"width: 62.1718%; height: 23px;\">Llenguatges de marques i sistemes de gesti\u00f3 d\u2019informaci\u00f3<\/td>\n<td style=\"width: 9.54654%; height: 23px;\">2<\/td>\n<td style=\"width: 7.04057%; height: 23px;\">66<\/td>\n<td style=\"width: 9.54654%; height: 23px;\">33<\/td>\n<td style=\"width: 5.48926%; height: 23px;\">99<\/td>\n<\/tr>\n<tr style=\"height: 23px;\">\n<td style=\"width: 5.96659%; height: 23px;\">0483<\/td>\n<td style=\"width: 62.1718%; height: 23px;\">Sistemes inform\u00e0tics<\/td>\n<td style=\"width: 9.54654%; height: 23px;\">3<\/td>\n<td style=\"width: 7.04057%; height: 23px;\">99<\/td>\n<td style=\"width: 9.54654%; height: 23px;\">66<\/td>\n<td style=\"width: 5.48926%; height: 23px;\">165<\/td>\n<\/tr>\n<tr style=\"height: 23px;\">\n<td style=\"width: 5.96659%; height: 23px;\">0484<\/td>\n<td style=\"width: 62.1718%; height: 23px;\">Bases de dades<\/td>\n<td style=\"width: 9.54654%; height: 23px;\">4<\/td>\n<td style=\"width: 7.04057%; height: 23px;\">132<\/td>\n<td style=\"width: 9.54654%; height: 23px;\">66<\/td>\n<td style=\"width: 5.48926%; height: 23px;\">198<\/td>\n<\/tr>\n<tr style=\"height: 23px;\">\n<td style=\"width: 5.96659%; height: 23px;\"><\/td>\n<td style=\"width: 62.1718%; height: 23px;\"><strong>M\u00f2dul conjunt: Programaci\u00f3 i entorns de desenvolupament<\/strong><\/td>\n<td style=\"width: 9.54654%; height: 23px;\"><\/td>\n<td style=\"width: 7.04057%; height: 23px;\"><\/td>\n<td style=\"width: 9.54654%; height: 23px;\"><\/td>\n<td style=\"width: 5.48926%; height: 23px;\"><\/td>\n<\/tr>\n<tr style=\"height: 23px;\">\n<td style=\"width: 5.96659%; height: 23px;\">0485<\/td>\n<td style=\"width: 62.1718%; height: 23px;\">Programaci\u00f3<\/td>\n<td style=\"width: 9.54654%; height: 23px;\">6<\/td>\n<td style=\"width: 7.04057%; height: 23px;\">198<\/td>\n<td style=\"width: 9.54654%; height: 23px;\">66<\/td>\n<td style=\"width: 5.48926%; height: 23px;\">264<\/td>\n<\/tr>\n<tr style=\"height: 23px;\">\n<td style=\"width: 5.96659%; height: 23px;\">0487<\/td>\n<td style=\"width: 62.1718%; height: 23px;\">Entorns de desenvolupament<\/td>\n<td style=\"width: 9.54654%; height: 23px;\">2<\/td>\n<td style=\"width: 7.04057%; height: 23px;\">66<\/td>\n<td style=\"width: 9.54654%; height: 23px;\">33<\/td>\n<td style=\"width: 5.48926%; height: 23px;\">99<\/td>\n<\/tr>\n<tr style=\"height: 23px;\">\n<td style=\"width: 5.96659%; height: 23px;\"><\/td>\n<td style=\"width: 62.1718%; height: 23px;\"><strong>TOTAL:<\/strong><\/td>\n<td style=\"width: 9.54654%; height: 23px;\"><strong>8<\/strong><\/td>\n<td style=\"width: 7.04057%; height: 23px;\"><strong>264<\/strong><\/td>\n<td style=\"width: 9.54654%; height: 23px;\"><strong>99<\/strong><\/td>\n<td style=\"width: 5.48926%; height: 23px;\"><strong>363<\/strong><\/td>\n<\/tr>\n<tr style=\"height: 23px;\">\n<td style=\"width: 5.96659%; height: 23px;\">0179<\/td>\n<td style=\"width: 62.1718%; height: 23px;\">Angl\u00e8s professional<\/td>\n<td style=\"width: 9.54654%; height: 23px;\">2<\/td>\n<td style=\"width: 7.04057%; height: 23px;\">66<\/td>\n<td style=\"width: 9.54654%; height: 23px;\">0<\/td>\n<td style=\"width: 5.48926%; height: 23px;\">66<\/td>\n<\/tr>\n<tr style=\"height: 23px;\">\n<td style=\"width: 5.96659%; height: 23px;\">0491<\/td>\n<td style=\"width: 62.1718%; height: 23px;\">Sistemes de gesti\u00f3 empresarial<\/td>\n<td style=\"width: 9.54654%; height: 23px;\">2<\/td>\n<td style=\"width: 7.04057%; height: 23px;\">66<\/td>\n<td style=\"width: 9.54654%; height: 23px;\">33<\/td>\n<td style=\"width: 5.48926%; height: 23px;\">99<\/td>\n<\/tr>\n<tr style=\"height: 23px;\">\n<td style=\"width: 5.96659%; height: 23px;\">1709<\/td>\n<td style=\"width: 62.1718%; height: 23px;\">Itinerari Personal per a l&#8217;Ocupabilitat I<\/td>\n<td style=\"width: 9.54654%; height: 23px;\">3<\/td>\n<td style=\"width: 7.04057%; height: 23px;\">99<\/td>\n<td style=\"width: 9.54654%; height: 23px;\">0<\/td>\n<td style=\"width: 5.48926%; height: 23px;\">99<\/td>\n<\/tr>\n<tr style=\"height: 23px;\">\n<td style=\"width: 5.96659%; height: 23px;\"><\/td>\n<td style=\"width: 62.1718%; height: 23px;\"><strong>Total primer curs<\/strong><\/td>\n<td style=\"width: 9.54654%; height: 23px;\"><strong>24<\/strong><\/td>\n<td style=\"width: 7.04057%; height: 23px;\"><strong>792<\/strong><\/td>\n<td style=\"width: 9.54654%; height: 23px;\"><strong>297<\/strong><\/td>\n<td style=\"width: 5.48926%; height: 23px;\"><strong>1089<\/strong><\/td>\n<\/tr>\n<tr style=\"height: 23px;\">\n<td style=\"background-color: #bbbbbb; width: 99.7613%; height: 23px;\" colspan=\"6\" rowspan=\"1\"><strong>2n DAM<\/strong><\/td>\n<\/tr>\n<tr style=\"height: 46px;\">\n<td style=\"width: 5.96659%; height: 46px;\"><strong>Codi BOE<\/strong><\/td>\n<td style=\"width: 62.1718%; height: 46px;\"><strong>M\u00f2duls professionals<\/strong><\/td>\n<td style=\"width: 9.54654%; height: 46px;\"><strong>Hores<\/strong><br \/>\n<strong>Setmana<\/strong><\/td>\n<td style=\"width: 7.04057%; height: 46px;\"><strong>Hores<\/strong><br \/>\n<strong>centre<\/strong><\/td>\n<td style=\"width: 9.54654%; height: 46px;\"><strong>Hores empresa<\/strong><\/td>\n<td style=\"width: 5.48926%; height: 46px;\"><strong>Total<\/strong><\/td>\n<\/tr>\n<tr style=\"height: 23px;\">\n<td style=\"width: 5.96659%; height: 23px;\">0486<\/td>\n<td style=\"width: 62.1718%; height: 23px;\">Acc\u00e9s a dades<\/td>\n<td style=\"width: 9.54654%; height: 23px;\">2<\/td>\n<td style=\"width: 7.04057%; height: 23px;\">66<\/td>\n<td style=\"width: 9.54654%; height: 23px;\">66<\/td>\n<td style=\"width: 5.48926%; height: 23px;\">132<\/td>\n<\/tr>\n<tr style=\"height: 23px;\">\n<td style=\"width: 5.96659%; height: 23px;\"><\/td>\n<td style=\"width: 62.1718%; height: 23px;\"><strong>M\u00f2dul conjunt: Desenvolupament sostenible d&#8217;aplicacions m\u00f2bils<\/strong><\/td>\n<td style=\"width: 9.54654%; height: 23px;\"><\/td>\n<td style=\"width: 7.04057%; height: 23px;\"><\/td>\n<td style=\"width: 9.54654%; height: 23px;\"><\/td>\n<td style=\"width: 5.48926%; height: 23px;\"><\/td>\n<\/tr>\n<tr style=\"height: 23px;\">\n<td style=\"width: 5.96659%; height: 23px;\">0488<\/td>\n<td style=\"width: 62.1718%; height: 23px;\">Desenvolupament d\u2019interf\u00edcies<\/td>\n<td style=\"width: 9.54654%; height: 23px;\">2<\/td>\n<td style=\"width: 7.04057%; height: 23px;\">66<\/td>\n<td style=\"width: 9.54654%; height: 23px;\">53<\/td>\n<td style=\"width: 5.48926%; height: 23px;\">119<\/td>\n<\/tr>\n<tr style=\"height: 23px;\">\n<td style=\"width: 5.96659%; height: 23px;\">0489<\/td>\n<td style=\"width: 62.1718%; height: 23px;\">Programaci\u00f3 multim\u00e8dia i dispositius m\u00f2bils<\/td>\n<td style=\"width: 9.54654%; height: 23px;\">2<\/td>\n<td style=\"width: 7.04057%; height: 23px;\">66<\/td>\n<td style=\"width: 9.54654%; height: 23px;\">66<\/td>\n<td style=\"width: 5.48926%; height: 23px;\">132<\/td>\n<\/tr>\n<tr style=\"height: 23px;\">\n<td style=\"width: 5.96659%; height: 23px;\">1708<\/td>\n<td style=\"width: 62.1718%; height: 23px;\">Sostenibilitat aplicada al sistema productiu<\/td>\n<td style=\"width: 9.54654%; height: 23px;\">1<\/td>\n<td style=\"width: 7.04057%; height: 23px;\">33<\/td>\n<td style=\"width: 9.54654%; height: 23px;\">0<\/td>\n<td style=\"width: 5.48926%; height: 23px;\">33<\/td>\n<\/tr>\n<tr style=\"height: 23px;\">\n<td style=\"width: 5.96659%; height: 23px;\"><\/td>\n<td style=\"width: 62.1718%; height: 23px;\"><strong>TOTAL:<\/strong><\/td>\n<td style=\"width: 9.54654%; height: 23px;\"><strong>5<\/strong><\/td>\n<td style=\"width: 7.04057%; height: 23px;\"><strong>165<\/strong><\/td>\n<td style=\"width: 9.54654%; height: 23px;\"><strong>119<\/strong><\/td>\n<td style=\"width: 5.48926%; height: 23px;\"><strong>284<\/strong><\/td>\n<\/tr>\n<tr style=\"height: 23px;\">\n<td style=\"width: 5.96659%; height: 23px;\">0490<\/td>\n<td style=\"width: 62.1718%; height: 23px;\">Programaci\u00f3 de serveis i processos<\/td>\n<td style=\"width: 9.54654%; height: 23px;\">2<\/td>\n<td style=\"width: 7.04057%; height: 23px;\">66<\/td>\n<td style=\"width: 9.54654%; height: 23px;\">33<\/td>\n<td style=\"width: 5.48926%; height: 23px;\">99<\/td>\n<\/tr>\n<tr style=\"height: 23px;\">\n<td style=\"width: 5.96659%; height: 23px;\">1710<\/td>\n<td style=\"width: 62.1718%; height: 23px;\">Itinerari personal per a l&#8217;ocupabilitat II<\/td>\n<td style=\"width: 9.54654%; height: 23px;\">2<\/td>\n<td style=\"width: 7.04057%; height: 23px;\">66<\/td>\n<td style=\"width: 9.54654%; height: 23px;\">0<\/td>\n<td style=\"width: 5.48926%; height: 23px;\">66<\/td>\n<\/tr>\n<tr style=\"height: 23px;\">\n<td style=\"width: 5.96659%; height: 23px;\"><\/td>\n<td style=\"width: 62.1718%; height: 23px;\">MPO. M\u00f2dul professional optatiu +<\/td>\n<td style=\"width: 9.54654%; height: 23px;\">3<\/td>\n<td style=\"width: 7.04057%; height: 23px;\">99<\/td>\n<td style=\"width: 9.54654%; height: 23px;\">0<\/td>\n<td style=\"width: 5.48926%; height: 23px;\">99<\/td>\n<\/tr>\n<tr style=\"height: 23px;\">\n<td style=\"width: 5.96659%; height: 23px;\">1665<\/td>\n<td style=\"width: 62.1718%; height: 23px;\">Digitalitzaci\u00f3 aplicada als sectors productius<\/td>\n<td style=\"width: 9.54654%; height: 23px;\">1<\/td>\n<td style=\"width: 7.04057%; height: 23px;\">33<\/td>\n<td style=\"width: 9.54654%; height: 23px;\">0<\/td>\n<td style=\"width: 5.48926%; height: 23px;\">33<\/td>\n<\/tr>\n<tr style=\"height: 46px;\">\n<td style=\"width: 5.96659%; height: 46px;\">0492<\/td>\n<td style=\"width: 62.1718%; height: 46px;\">Projecte intermodular de desenvolupament d&#8217;aplicacions multiplataforma<\/td>\n<td style=\"width: 9.54654%; height: 46px;\">6<\/td>\n<td style=\"width: 7.04057%; height: 46px;\">198<\/td>\n<td style=\"width: 9.54654%; height: 46px;\"><\/td>\n<td style=\"width: 5.48926%; height: 46px;\">198<\/td>\n<\/tr>\n<tr style=\"height: 23px;\">\n<td style=\"width: 5.96659%; height: 23px;\"><\/td>\n<td style=\"width: 62.1718%; height: 23px;\"><strong>Total segon curs al centre<\/strong><\/td>\n<td style=\"width: 9.54654%; height: 23px;\"><strong>21<\/strong><\/td>\n<td style=\"width: 7.04057%; height: 23px;\"><strong>693<\/strong><\/td>\n<td style=\"width: 9.54654%; height: 23px;\"><strong>218<\/strong><\/td>\n<td style=\"width: 5.48926%; height: 23px;\"><strong>911<\/strong><\/td>\n<\/tr>\n<tr style=\"height: 23px;\">\n<td style=\"width: 5.96659%; height: 23px;\"><\/td>\n<td style=\"width: 62.1718%; height: 23px;\">Estada a l&#8217;empresa<\/td>\n<td style=\"width: 9.54654%; height: 23px;\"><\/td>\n<td style=\"width: 7.04057%; height: 23px;\">0<\/td>\n<td style=\"width: 9.54654%; height: 23px;\">515<\/td>\n<td style=\"width: 5.48926%; height: 23px;\">515<\/td>\n<\/tr>\n<tr style=\"height: 23px;\">\n<td style=\"width: 5.96659%; height: 23px;\"><\/td>\n<td style=\"width: 62.1718%; height: 23px;\"><strong>TOTAL CICLE<\/strong><\/td>\n<td style=\"width: 9.54654%; height: 23px;\"><\/td>\n<td style=\"width: 7.04057%; height: 23px;\"><strong>1485<\/strong><\/td>\n<td style=\"width: 9.54654%; height: 23px;\"><strong>515<\/strong><\/td>\n<td style=\"width: 5.48926%; height: 23px;\"><strong>2000<\/strong><\/td>\n<\/tr>\n<tr style=\"height: 23px;\">\n<td style=\"width: 5.96659%; height: 23px;\"><\/td>\n<td style=\"width: 62.1718%; height: 23px;\"><\/td>\n<td style=\"width: 9.54654%; height: 23px;\"><\/td>\n<td style=\"width: 7.04057%; height: 23px;\"><\/td>\n<td style=\"width: 9.54654%; height: 23px;\"><\/td>\n<td style=\"width: 5.48926%; height: 23px;\"><\/td>\n<\/tr>\n<tr style=\"height: 23px;\">\n<td style=\"width: 5.96659%; height: 23px;\"><\/td>\n<td style=\"width: 62.1718%; height: 23px;\">Hores al centre en DUAL intensiva<\/td>\n<td style=\"width: 9.54654%; height: 23px;\"><\/td>\n<td style=\"width: 7.04057%; height: 23px;\">495<\/td>\n<td style=\"width: 9.54654%; height: 23px;\"><\/td>\n<td style=\"width: 5.48926%; height: 23px;\"><\/td>\n<\/tr>\n<\/tbody>\n<\/table>\n<div class=\"col-md-6 col-12\">\n<h3 class=\"mt-0\"><span style=\"color: #00ccff;\">Sortides acad\u00e8miques<\/span><\/h3>\n<p>Amb aquests estudis s\u2019obt\u00e9 el t\u00edtol de t\u00e8cnic o t\u00e8cnica superior, que permet accedir:<\/p>\n<ul>\n<li>A un grau universitari, amb reconeixement de part dels estudis cursats.<\/li>\n<li>A altres cicles formatius per complementar la formaci\u00f3, per exemple\u00a0<strong>administraci\u00f3 de sistemes inform\u00e0tics en xarxes<\/strong>\u00a0o\u00a0<strong>desenvolupament d\u2019aplicacions web<\/strong>.<\/li>\n<\/ul>\n<h3 class=\"mt-0\"><span style=\"color: #00ccff;\">Sortides professionals<\/span><\/h3>\n<p>Aquests estudis et permetran treballar de programador, desenvolupant aplicacions inform\u00e0tiques per a la gesti\u00f3 empresarial i de negoci, de prop\u00f2sit general i en l\u2019\u00e0mbit de l\u2019entreteniment i la inform\u00e0tica m\u00f2bil.<\/p>\n<h3 class=\"mt-0\"><span style=\"color: #00ccff;\">Suplement europeu al t\u00edtol<\/span><\/h3>\n<ul>\n<li><a href=\"https:\/\/agora.xtec.cat\/iticbcn\/wp-content\/uploads\/usu2389\/2024\/02\/n-tsdesarrolloaplicacionesmultiplataformaes-pdf.pdf\" target=\"_blank\" rel=\"noopener\" data-saferedirecturl=\"https:\/\/www.google.com\/url?q=https:\/\/agora.xtec.cat\/iticbcn\/wp-content\/uploads\/usu2389\/2024\/02\/n-tsdesarrolloaplicacionesmultiplataformaes-pdf.pdf&amp;source=gmail&amp;ust=1708427098766000&amp;usg=AOvVaw2wOLj5RGFoC385noT9w8q7\">DAM: Europass Diploma Supplement:<\/a>\u00a0120 cr\u00e8dits ECTS distribu\u00efts entre els m\u00f2duls<\/li>\n<\/ul>\n<\/div>\n","protected":false},"excerpt":{"rendered":"<p>[toc]<br \/>\nIntroducci\u00f3<br \/>\nQu\u00e8 estudiar\u00e9?<br \/>\nPots estudiar\u00a0DAM\u00a0si vols\u00a0desenvolupar aplicacions inform\u00e0tiques\u00a0per la gesti\u00f3 empresarial i de negoci, de prop\u00f2sit general i en l\u2019\u00e0mbit de l\u2019entreteniment (videojocs) i la inform\u00e0tica m\u00f2bil (Apps).<br \/>\nPer qu\u00e8 a l&#8217;ITICBCN?<br \/>\nPerqu\u00e8 pots venir a estudiar\u00a0DAM\u00a0amb nosaltres en modalitat\u00a0DUAL. Aix\u00ed que el 80% de les hores\u00a0de segon curs&hellip;  <a href=\"https:\/\/agora.xtec.cat\/iticbcn\/projecte-educatiu\/cfgs-desenvolupament-daplicacions-multiplataforma-dam-icb0\/\" title=\"Read CFGS Desenvolupament d&#8217;Aplicacions Multiplataforma (DAM) (ICB0)\">Llegeix m\u00e9s\u00bb<\/a><\/p>\n","protected":false},"author":8,"featured_media":0,"parent":57,"menu_order":40,"comment_status":"closed","ping_status":"closed","template":"page-templates\/side-menu.php","meta":{"_bbp_topic_count":0,"_bbp_reply_count":0,"_bbp_total_topic_count":0,"_bbp_total_reply_count":0,"_bbp_voice_count":0,"_bbp_anonymous_reply_count":0,"_bbp_topic_count_hidden":0,"_bbp_reply_count_hidden":0,"_bbp_forum_subforum_count":0,"footnotes":""},"class_list":["post-1211","page","type-page","status-publish","hentry"],"post_mailing_queue_ids":[],"_links":{"self":[{"href":"https:\/\/agora.xtec.cat\/iticbcn\/wp-json\/wp\/v2\/pages\/1211","targetHints":{"allow":["GET"]}}],"collection":[{"href":"https:\/\/agora.xtec.cat\/iticbcn\/wp-json\/wp\/v2\/pages"}],"about":[{"href":"https:\/\/agora.xtec.cat\/iticbcn\/wp-json\/wp\/v2\/types\/page"}],"author":[{"embeddable":true,"href":"https:\/\/agora.xtec.cat\/iticbcn\/wp-json\/wp\/v2\/users\/8"}],"replies":[{"embeddable":true,"href":"https:\/\/agora.xtec.cat\/iticbcn\/wp-json\/wp\/v2\/comments?post=1211"}],"version-history":[{"count":6,"href":"https:\/\/agora.xtec.cat\/iticbcn\/wp-json\/wp\/v2\/pages\/1211\/revisions"}],"predecessor-version":[{"id":2377,"href":"https:\/\/agora.xtec.cat\/iticbcn\/wp-json\/wp\/v2\/pages\/1211\/revisions\/2377"}],"up":[{"embeddable":true,"href":"https:\/\/agora.xtec.cat\/iticbcn\/wp-json\/wp\/v2\/pages\/57"}],"wp:attachment":[{"href":"https:\/\/agora.xtec.cat\/iticbcn\/wp-json\/wp\/v2\/media?parent=1211"}],"curies":[{"name":"wp","href":"https:\/\/api.w.org\/{rel}","templated":true}]}}