{"id":1019,"date":"2024-02-14T11:06:37","date_gmt":"2024-02-14T10:06:37","guid":{"rendered":"https:\/\/agora.xtec.cat\/iticbcn\/?page_id=1019"},"modified":"2025-02-19T17:42:38","modified_gmt":"2025-02-19T16:42:38","slug":"cfgm-sistemes-microinformatics-i-xarxes","status":"publish","type":"page","link":"https:\/\/agora.xtec.cat\/iticbcn\/projecte-educatiu\/cfgm-sistemes-microinformatics-i-xarxes\/","title":{"rendered":"CFGM Sistemes Microinform\u00e0tics i Xarxes (SMX) (IC10)"},"content":{"rendered":"<p>[toc]<\/p>\n<h3 class=\"mt-0\"><span style=\"color: #00ccff;\">Introducci\u00f3<\/span><\/h3>\n<h3 class=\"mt-0\"><span style=\"color: #3366ff;\">Qu\u00e8 estudiar\u00e0s?<\/span><\/h3>\n<p>Estudiar\u00e0s\u00a0<strong>SMX amb orientaci\u00f3 a la programaci\u00f3.<\/strong>\u00a0Si t\u2019agrada la\u00a0<strong>inform\u00e0tica<\/strong>\u00a0i vols aprendre sobre\u00a0<strong>sistemes operatius, xarxes, seguretat inform\u00e0tica, maquinari i programaci\u00f3<\/strong> aquest \u00e9s el teu cicle. I despr\u00e9s podr\u00e0s estudiar tamb\u00e9 els cicles superiors amb nosaltres convalidant FOL i EIE (Empresa).<\/p>\n<h3><span style=\"color: #3366ff;\">De qu\u00e8 podr\u00e9 treballar?<\/span><\/h3>\n<p>Tindr\u00e0s diferents sortides professionals com s\u00f3n instal\u00b7lador-reparador d\u2019equips inform\u00e0tics, t\u00e8cnic de suport inform\u00e0tic, t\u00e8cnic de xarxes, reparador de perif\u00e8rics inform\u00e0tics, comercial de microinform\u00e0tica, operador de sistemes o operador de tele-assist\u00e8ncia.<\/p>\n<h3><span style=\"color: #3366ff;\">Per qu\u00e8 a l&#8217;ITICBCN?<\/span><\/h3>\n<p>Perqu\u00e8 far\u00e0s SMX, per\u00f2 estudiar\u00e0s tamb\u00e9 programaci\u00f3 i desenvolupament d\u2019aplicacions web, d\u2019aquesta forma et ser\u00e0 molt m\u00e9s f\u00e0cil decidir-te per quin cicle superior vols fer (si DAM, DAW o ASIX) i quan vagis a treballar podran valorar aquestes capacitats que altres companys no tindran.<\/p>\n<p>I perqu\u00e8 treballar\u00e0s amb Kubernetes, amb AWS i altres tecnologies punteres en la ind\u00fastria 4.0.<\/p>\n<h3><span style=\"color: #3366ff;\">En quin horari?<\/span><\/h3>\n<p>Les classes a primer de mat\u00ed en horari de 8:00h a 13:30h i segon curs s\u00f3n a la tarda, de 14:30h a 21:00h.<\/p>\n<p>Durant el segon curs far\u00e0s la formaci\u00f3 en centres de treball (<strong>FCT<\/strong>) o formaci\u00f3 DUAL en horari de mat\u00ed.<\/p>\n<p>En el cas de <strong>FCT,<\/strong> far\u00e0s pr\u00e0ctiques al mat\u00ed i classes de tarda de 14:30h a 21:00h.<\/p>\n<p>En cas de formaci\u00f3 <strong>DUAL,<\/strong> far\u00e0s al mat\u00ed (5 hores) a l&#8217;empresa i estar\u00e0s 3 hores al centre, de 18:00h a 21:00h.<\/p>\n<h3 class=\"mt-0\"><span style=\"color: #00ccff;\">Objectius<\/span><\/h3>\n<p>L\u2019objectiu d\u2019aquests estudis \u00e9s formar professionals amb la capacitat d\u2019instal\u00b7lar, configurar i mantenir sistemes microinform\u00e0tics, a\u00efllats o en xarxa, aix\u00ed com xarxes locals en petits entorns, i per aix\u00f2 cal aprendre a:<\/p>\n<ul>\n<li>Instal\u00b7lar, configurar i mantenir sistemes microinform\u00e0tics.<\/li>\n<li>Muntar i configurar ordinadors i perif\u00e8rics.<\/li>\n<li>Instal\u00b7lar i configurar programari b\u00e0sic i d\u2019aplicaci\u00f3.<\/li>\n<li>Replantejar el cablejat i l\u2019electr\u00f2nica de xarxes locals en petits entorns i la seva connexi\u00f3 a WAN.<\/li>\n<li>Instal\u00b7lar i configurar xarxes locals cablejades i sense fils o mixtes aix\u00ed com la seva connexi\u00f3 a xarxes p\u00fabliques.<\/li>\n<li>Instal\u00b7lar, configurar i mantenir serveis multiusuari, aplicacions i dispositius compartits en un entorn de xarxa local.<\/li>\n<li>Realitzar les proves funcionals en sistemes microinform\u00e0tics i xarxes locals, localitzant i diagnosticant disfuncions per comprovar i ajustar el funcionament.<\/li>\n<li>Mantenir sistemes microinform\u00e0tics i xarxes locals, substituint-ne, actualitzant-ne i ajustant-ne els components per assegurar el rendiment del sistema.<\/li>\n<li>Executar procediments establerts de recuperaci\u00f3 de dades i aplicacions davant fallades i p\u00e8rdues de dades en el sistema per garantir la integritat i disponibilitat de la informaci\u00f3.<\/li>\n<li>Elaborar documentaci\u00f3 t\u00e8cnica i administrativa del sistema, per al seu manteniment i l\u2019assist\u00e8ncia al client.<\/li>\n<li>Elaborar pressupostos de sistemes a mida complint els requeriments del client.<\/li>\n<li>Assessorar i assistir el client, canalitzant a un nivell superior els sup\u00f2sits que ho requereixin per trobar solucions adequades a les necessitats d\u2019aquest.<\/li>\n<\/ul>\n<div class=\"col-md-6 col-12\">\n<h3><span style=\"color: #00ccff;\">Estructura<\/span><\/h3>\n<h3 class=\"mt-0\"><span style=\"color: #3366ff;\">Duraci\u00f3<\/span><\/h3>\n<p class=\"mt-0\"><span style=\"color: #3366ff;\"><span style=\"color: #000000;\">2000 hores<\/span><\/span><\/p>\n<h3 class=\"mt-0\"><span style=\"color: #3366ff;\">Titulaci\u00f3<\/span><\/h3>\n<p>T\u00e8cnic en Sistemes Microinform\u00e0tics i Xarxes<\/p>\n<table dir=\"ltr\" style=\"width: 100%; height: 621px;\" border=\"1\" cellspacing=\"0\" cellpadding=\"0\" data-sheets-root=\"1\" data-sheets-baot=\"1\">\n<colgroup>\n<col width=\"53\" \/>\n<col width=\"319\" \/>\n<col width=\"63\" \/>\n<col width=\"47\" \/>\n<col width=\"62\" \/>\n<col width=\"38\" \/><\/colgroup>\n<tbody>\n<tr style=\"height: 23px;\">\n<td style=\"background-color: #bbbbbb; height: 23px;\" colspan=\"6\" rowspan=\"1\"><strong>1r SMX<\/strong><\/td>\n<\/tr>\n<tr style=\"height: 46px;\">\n<td style=\"height: 46px;\"><strong>Codi BOE<\/strong><\/td>\n<td style=\"height: 46px;\"><strong>M\u00f2duls professionals<\/strong><\/td>\n<td style=\"height: 46px;\"><strong>Hores<\/strong><br \/>\n<strong>setmana<\/strong><\/td>\n<td style=\"height: 46px;\"><strong>Hores<\/strong><br \/>\n<strong>centre<\/strong><\/td>\n<td style=\"height: 46px;\"><strong>Hores empresa<\/strong><\/td>\n<td style=\"height: 46px;\"><strong>Total<\/strong><\/td>\n<\/tr>\n<tr style=\"height: 23px;\">\n<td style=\"height: 23px;\">0221<\/td>\n<td style=\"height: 23px;\">Muntatge i manteniment d\u2019equips +<\/td>\n<td style=\"height: 23px;\">4<\/td>\n<td style=\"height: 23px;\">132<\/td>\n<td style=\"height: 23px;\">99<\/td>\n<td style=\"height: 23px;\">231<\/td>\n<\/tr>\n<tr style=\"height: 23px;\">\n<td style=\"height: 23px;\">1708<\/td>\n<td style=\"height: 23px;\">Sostenibilitat aplicada al sistema productiu<\/td>\n<td style=\"height: 23px;\">1<\/td>\n<td style=\"height: 23px;\">33<\/td>\n<td style=\"height: 23px;\">0<\/td>\n<td style=\"height: 23px;\">33<\/td>\n<\/tr>\n<tr style=\"height: 23px;\">\n<td style=\"height: 23px;\">0222<\/td>\n<td style=\"height: 23px;\">Sistemes operatius monolloc<\/td>\n<td style=\"height: 23px;\">3<\/td>\n<td style=\"height: 23px;\">99<\/td>\n<td style=\"height: 23px;\">33<\/td>\n<td style=\"height: 23px;\">132<\/td>\n<\/tr>\n<tr style=\"height: 23px;\">\n<td style=\"height: 23px;\">0223<\/td>\n<td style=\"height: 23px;\">Aplicacions ofim\u00e0tiques +<\/td>\n<td style=\"height: 23px;\">3<\/td>\n<td style=\"height: 23px;\">99<\/td>\n<td style=\"height: 23px;\">99<\/td>\n<td style=\"height: 23px;\">198<\/td>\n<\/tr>\n<tr style=\"height: 23px;\">\n<td style=\"height: 23px;\">1664<\/td>\n<td style=\"height: 23px;\">Digitalitzaci\u00f3 aplicada als sectors productius<\/td>\n<td style=\"height: 23px;\">1<\/td>\n<td style=\"height: 23px;\">33<\/td>\n<td style=\"height: 23px;\">0<\/td>\n<td style=\"height: 23px;\">33<\/td>\n<\/tr>\n<tr style=\"height: 23px;\">\n<td style=\"height: 23px;\">0225<\/td>\n<td style=\"height: 23px;\">Xarxes locals<\/td>\n<td style=\"height: 23px;\">4<\/td>\n<td style=\"height: 23px;\">132<\/td>\n<td style=\"height: 23px;\">66<\/td>\n<td style=\"height: 23px;\">198<\/td>\n<\/tr>\n<tr style=\"height: 23px;\">\n<td style=\"height: 23px;\">0156<\/td>\n<td style=\"height: 23px;\">Angl\u00e8s professional<\/td>\n<td style=\"height: 23px;\">2<\/td>\n<td style=\"height: 23px;\">66<\/td>\n<td style=\"height: 23px;\">0<\/td>\n<td style=\"height: 23px;\">66<\/td>\n<\/tr>\n<tr style=\"height: 23px;\">\n<td style=\"height: 23px;\">1709<\/td>\n<td style=\"height: 23px;\">Itinerari Personal per a l&#8217;Ocupabilitat I<\/td>\n<td style=\"height: 23px;\">3<\/td>\n<td style=\"height: 23px;\">99<\/td>\n<td style=\"height: 23px;\">0<\/td>\n<td style=\"height: 23px;\">99<\/td>\n<\/tr>\n<tr style=\"height: 23px;\">\n<td style=\"height: 23px;\"><\/td>\n<td style=\"height: 23px;\">Optativa: Introducci\u00f3 a la programaci\u00f3<\/td>\n<td style=\"height: 23px;\">3<\/td>\n<td style=\"height: 23px;\">99<\/td>\n<td style=\"height: 23px;\">0<\/td>\n<td style=\"height: 23px;\">99<\/td>\n<\/tr>\n<tr style=\"height: 23px;\">\n<td style=\"height: 23px;\"><\/td>\n<td style=\"height: 23px;\"><strong>Total primer curs<\/strong><\/td>\n<td style=\"height: 23px;\"><strong>24<\/strong><\/td>\n<td style=\"height: 23px;\"><strong>792<\/strong><\/td>\n<td style=\"height: 23px;\"><strong>297<\/strong><\/td>\n<td style=\"height: 23px;\"><strong>1089<\/strong><\/td>\n<\/tr>\n<tr style=\"height: 23px;\">\n<td style=\"background-color: #bbbbbb; height: 23px;\" colspan=\"6\" rowspan=\"1\"><strong>2n SMX<\/strong><\/td>\n<\/tr>\n<tr style=\"height: 46px;\">\n<td style=\"height: 46px;\"><strong>Codi BOE<\/strong><\/td>\n<td style=\"height: 46px;\"><strong>M\u00f2duls professionals<\/strong><\/td>\n<td style=\"height: 46px;\"><strong>Hores<\/strong><br \/>\n<strong>Setmana<\/strong><\/td>\n<td style=\"height: 46px;\"><strong>Hores<\/strong><br \/>\n<strong>centre<\/strong><\/td>\n<td style=\"height: 46px;\"><strong>Hores empresa<\/strong><\/td>\n<td style=\"height: 46px;\"><strong>Total<\/strong><\/td>\n<\/tr>\n<tr style=\"height: 23px;\">\n<td style=\"height: 23px;\">0224<\/td>\n<td style=\"height: 23px;\">Sistemes operatius en xarxa<\/td>\n<td style=\"height: 23px;\">4<\/td>\n<td style=\"height: 23px;\">132<\/td>\n<td style=\"height: 23px;\">66<\/td>\n<td style=\"height: 23px;\">198<\/td>\n<\/tr>\n<tr style=\"height: 23px;\">\n<td style=\"height: 23px;\">0226<\/td>\n<td style=\"height: 23px;\">Seguretat inform\u00e0tica<\/td>\n<td style=\"height: 23px;\">3<\/td>\n<td style=\"height: 23px;\">99<\/td>\n<td style=\"height: 23px;\">33<\/td>\n<td style=\"height: 23px;\">132<\/td>\n<\/tr>\n<tr style=\"height: 23px;\">\n<td style=\"height: 23px;\">0227<\/td>\n<td style=\"height: 23px;\">Serveis de xarxa<\/td>\n<td style=\"height: 23px;\">4<\/td>\n<td style=\"height: 23px;\">132<\/td>\n<td style=\"height: 23px;\">66<\/td>\n<td style=\"height: 23px;\">198<\/td>\n<\/tr>\n<tr style=\"height: 23px;\">\n<td style=\"height: 23px;\">0228<\/td>\n<td style=\"height: 23px;\">Aplicacions Web<\/td>\n<td style=\"height: 23px;\">2<\/td>\n<td style=\"height: 23px;\">66<\/td>\n<td style=\"height: 23px;\">53<\/td>\n<td style=\"height: 23px;\">119<\/td>\n<\/tr>\n<tr style=\"height: 23px;\">\n<td style=\"height: 23px;\">1710<\/td>\n<td style=\"height: 23px;\">Itinerari Personal per a l&#8217;Ocupabilitat II<\/td>\n<td style=\"height: 23px;\">2<\/td>\n<td style=\"height: 23px;\">66<\/td>\n<td style=\"height: 23px;\">0<\/td>\n<td style=\"height: 23px;\">66<\/td>\n<\/tr>\n<tr style=\"height: 23px;\">\n<td style=\"height: 23px;\">1713<\/td>\n<td style=\"height: 23px;\">Projecte Intermodular<\/td>\n<td style=\"height: 23px;\">6<\/td>\n<td style=\"height: 23px;\">198<\/td>\n<td style=\"height: 23px;\">0<\/td>\n<td style=\"height: 23px;\">198<\/td>\n<\/tr>\n<tr style=\"height: 23px;\">\n<td style=\"height: 23px;\"><\/td>\n<td style=\"height: 23px;\"><strong>Total segon curs al centre<\/strong><\/td>\n<td style=\"height: 23px;\"><strong>21<\/strong><\/td>\n<td style=\"height: 23px;\"><strong>693<\/strong><\/td>\n<td style=\"height: 23px;\"><strong>218<\/strong><\/td>\n<td style=\"height: 23px;\"><strong>911<\/strong><\/td>\n<\/tr>\n<tr style=\"height: 23px;\">\n<td style=\"height: 23px;\"><\/td>\n<td style=\"height: 23px;\">Estada a l&#8217;empresa<\/td>\n<td style=\"height: 23px;\"><\/td>\n<td style=\"height: 23px;\">0<\/td>\n<td style=\"height: 23px;\">515<\/td>\n<td style=\"height: 23px;\">515<\/td>\n<\/tr>\n<tr style=\"height: 23px;\">\n<td style=\"height: 23px;\"><\/td>\n<td style=\"height: 23px;\"><strong>TOTAL CICLE<\/strong><\/td>\n<td style=\"height: 23px;\"><\/td>\n<td style=\"height: 23px;\"><strong>1485<\/strong><\/td>\n<td style=\"height: 23px;\"><strong>515<\/strong><\/td>\n<td style=\"height: 23px;\"><strong>2000<\/strong><\/td>\n<\/tr>\n<tr style=\"height: 23px;\">\n<td style=\"height: 23px;\"><\/td>\n<td style=\"height: 23px;\"><\/td>\n<td style=\"height: 23px;\"><\/td>\n<td style=\"height: 23px;\"><\/td>\n<td style=\"height: 23px;\"><\/td>\n<td style=\"height: 23px;\"><\/td>\n<\/tr>\n<tr style=\"height: 23px;\">\n<td style=\"height: 23px;\"><\/td>\n<td style=\"height: 23px;\">Hores al centre en DUAL intensiva<\/td>\n<td style=\"height: 23px;\"><\/td>\n<td style=\"height: 23px;\">495<\/td>\n<td style=\"height: 23px;\"><\/td>\n<td style=\"height: 23px;\"><\/td>\n<\/tr>\n<\/tbody>\n<\/table>\n<\/div>\n<h3><\/h3>\n<h3 class=\"mt-0\"><span style=\"color: #00ccff;\">Sortides acad\u00e8miques<\/span><\/h3>\n<ul>\n<li>A Batxillerat.<\/li>\n<li>A altres cicles formatius de grau mitj\u00e0 per complementar la formaci\u00f3.<\/li>\n<li>A cicles formatius de grau superior, per exemple administraci\u00f3 de sistemes en xarxa ASIX (ICA0) desenvolupament d\u2019aplicacions multiplataforma DAM (ICB0) o desenvolupament d\u2019aplicacions web DAW (ICC0).<\/li>\n<\/ul>\n<h3 class=\"mt-0\"><span style=\"color: #00ccff;\">Sortides professionals<\/span><\/h3>\n<p>Tindr\u00e0s diferents sortides professionals com s\u00f3n instal\u00b7lador-reparador d\u2019equips inform\u00e0tics, t\u00e8cnic de suport inform\u00e0tic, t\u00e8cnic de xarxes, reparador de perif\u00e8rics inform\u00e0tics, comercial de microinform\u00e0tica, operador de sistemes o operador de tele-assist\u00e8ncia.<\/p>\n","protected":false},"excerpt":{"rendered":"<p>[toc]<br \/>\nIntroducci\u00f3<br \/>\nQu\u00e8 estudiar\u00e0s?<br \/>\nEstudiar\u00e0s\u00a0SMX amb orientaci\u00f3 a la programaci\u00f3.\u00a0Si t\u2019agrada la\u00a0inform\u00e0tica\u00a0i vols aprendre sobre\u00a0sistemes operatius, xarxes, seguretat inform\u00e0tica, maquinari i programaci\u00f3 aquest \u00e9s el teu cicle. I despr\u00e9s podr\u00e0s estudiar tamb\u00e9 els cicles superiors amb nosaltres convalidant FOL i EIE (Empresa).<br \/>\nDe qu\u00e8 podr\u00e9 treballar?<br \/>\nTindr\u00e0s diferents sortides professionals&hellip;  <a href=\"https:\/\/agora.xtec.cat\/iticbcn\/projecte-educatiu\/cfgm-sistemes-microinformatics-i-xarxes\/\" title=\"Read CFGM Sistemes Microinform\u00e0tics i Xarxes (SMX) (IC10)\">Llegeix m\u00e9s\u00bb<\/a><\/p>\n","protected":false},"author":116,"featured_media":0,"parent":57,"menu_order":20,"comment_status":"closed","ping_status":"closed","template":"page-templates\/side-menu.php","meta":{"_bbp_topic_count":0,"_bbp_reply_count":0,"_bbp_total_topic_count":0,"_bbp_total_reply_count":0,"_bbp_voice_count":0,"_bbp_anonymous_reply_count":0,"_bbp_topic_count_hidden":0,"_bbp_reply_count_hidden":0,"_bbp_forum_subforum_count":0,"footnotes":""},"class_list":["post-1019","page","type-page","status-publish","hentry"],"post_mailing_queue_ids":[],"_links":{"self":[{"href":"https:\/\/agora.xtec.cat\/iticbcn\/wp-json\/wp\/v2\/pages\/1019","targetHints":{"allow":["GET"]}}],"collection":[{"href":"https:\/\/agora.xtec.cat\/iticbcn\/wp-json\/wp\/v2\/pages"}],"about":[{"href":"https:\/\/agora.xtec.cat\/iticbcn\/wp-json\/wp\/v2\/types\/page"}],"author":[{"embeddable":true,"href":"https:\/\/agora.xtec.cat\/iticbcn\/wp-json\/wp\/v2\/users\/116"}],"replies":[{"embeddable":true,"href":"https:\/\/agora.xtec.cat\/iticbcn\/wp-json\/wp\/v2\/comments?post=1019"}],"version-history":[{"count":6,"href":"https:\/\/agora.xtec.cat\/iticbcn\/wp-json\/wp\/v2\/pages\/1019\/revisions"}],"predecessor-version":[{"id":2375,"href":"https:\/\/agora.xtec.cat\/iticbcn\/wp-json\/wp\/v2\/pages\/1019\/revisions\/2375"}],"up":[{"embeddable":true,"href":"https:\/\/agora.xtec.cat\/iticbcn\/wp-json\/wp\/v2\/pages\/57"}],"wp:attachment":[{"href":"https:\/\/agora.xtec.cat\/iticbcn\/wp-json\/wp\/v2\/media?parent=1019"}],"curies":[{"name":"wp","href":"https:\/\/api.w.org\/{rel}","templated":true}]}}