{"id":994,"date":"2024-08-24T10:54:45","date_gmt":"2024-08-24T08:54:45","guid":{"rendered":"https:\/\/agora.xtec.cat\/isvh\/?page_id=994"},"modified":"2026-04-05T10:33:55","modified_gmt":"2026-04-05T08:33:55","slug":"preus-preinscripcio-i-matricula","status":"publish","type":"page","link":"https:\/\/agora.xtec.cat\/isvh\/secretaria\/preinscripcio-i-matricula\/preus-preinscripcio-i-matricula\/","title":{"rendered":"PREUS &#8211; Preinscripci\u00f3 i Matr\u00edcula"},"content":{"rendered":"\n<p><\/p>\n\n\n\n<p class=\"has-text-color has-link-color wp-elements-2a54fa438f7ca9b6f916d24999c40b28\" style=\"color:#233a80\"><\/p>\n\n\n\n<p>Consulteu el preu de matr\u00edcula de cada cicle formatiu a la p\u00e0gina de l&#8217;<a href=\"https:\/\/agora.xtec.cat\/isvh\/estudis\/\">estudi<\/a> corresponent.<\/p>\n\n\n\n<p>Pel preu p\u00fablic de grau superior, corresponent a la taxa per al Departament d&#8217;Educaci\u00f3 i Formaci\u00f3 Professional, existeixen bonificacions del 50% i exempcions en determinades condicions (consulteu&nbsp;<a href=\"https:\/\/educacio.gencat.cat\/ca\/departament\/normativa\/taxes-preus-publics\/exempcions-bonificacions\/index.html\" target=\"_blank\" rel=\"noreferrer noopener\">aqu\u00ed<\/a>), i la possibilitat de fraccionar-lo en dos pagaments si s&#8217;ha d&#8217;abonar l&#8217;import complet (es fa un pagament de 180\u20ac al juliol i, els altres 180\u20ac al setembre, abans de l&#8217;inici de les classes). No es pot fraccionar si es gaudeix d&#8217;una bonificaci\u00f3 o si es fa el pagament al setembre (assignaci\u00f3 de llista d&#8217;espera) perqu\u00e8 ha d&#8217;estar pagat completament abans d&#8217;iniciar les classes.<\/p>\n\n\n\n<p>No hi ha bonificacions ni exempcions, ni opci\u00f3 de fraccionar el pagament per la <strong>quota de serveis<\/strong>, ni a grau mitj\u00e0 ni a grau superior.<\/p>\n\n\n\n<p><\/p>\n\n\n\n<p><\/p>\n\n\n\n<p><\/p>\n\n\n\n<hr class=\"wp-block-separator has-alpha-channel-opacity\"\/>\n\n\n\n<p><\/p>\n","protected":false},"excerpt":{"rendered":"<p>Consulteu el preu de matr\u00edcula de cada cicle formatiu a la p\u00e0gina de l&#8217;estudi corresponent. Pel preu p\u00fablic de grau superior, corresponent a la taxa per al Departament d&#8217;Educaci\u00f3 i Formaci\u00f3 Professional, existeixen bonificacions del 50% i exempcions en determinades condicions (consulteu&nbsp;aqu\u00ed), i la possibilitat de fraccionar-lo en dos pagaments si s&#8217;ha d&#8217;abonar l&#8217;import complet [&hellip;]<\/p>\n","protected":false},"author":1,"featured_media":0,"parent":667,"menu_order":0,"comment_status":"closed","ping_status":"close","template":"","meta":{"site-sidebar-layout":"default","site-content-layout":"","ast-site-content-layout":"default","site-content-style":"default","site-sidebar-style":"default","ast-global-header-display":"","ast-banner-title-visibility":"","ast-main-header-display":"","ast-hfb-above-header-display":"","ast-hfb-below-header-display":"","ast-hfb-mobile-header-display":"","site-post-title":"","ast-breadcrumbs-content":"","ast-featured-img":"","footer-sml-layout":"","theme-transparent-header-meta":"","adv-header-id-meta":"","stick-header-meta":"","header-above-stick-meta":"","header-main-stick-meta":"","header-below-stick-meta":"","astra-migrate-meta-layouts":"set","ast-page-background-enabled":"default","ast-page-background-meta":{"desktop":{"background-color":"var(--ast-global-color-4)","background-image":"","background-repeat":"repeat","background-position":"center center","background-size":"auto","background-attachment":"scroll","background-type":"","background-media":"","overlay-type":"","overlay-color":"","overlay-opacity":"","overlay-gradient":""},"tablet":{"background-color":"","background-image":"","background-repeat":"repeat","background-position":"center center","background-size":"auto","background-attachment":"scroll","background-type":"","background-media":"","overlay-type":"","overlay-color":"","overlay-opacity":"","overlay-gradient":""},"mobile":{"background-color":"","background-image":"","background-repeat":"repeat","background-position":"center center","background-size":"auto","background-attachment":"scroll","background-type":"","background-media":"","overlay-type":"","overlay-color":"","overlay-opacity":"","overlay-gradient":""}},"ast-content-background-meta":{"desktop":{"background-color":"var(--ast-global-color-5)","background-image":"","background-repeat":"repeat","background-position":"center center","background-size":"auto","background-attachment":"scroll","background-type":"","background-media":"","overlay-type":"","overlay-color":"","overlay-opacity":"","overlay-gradient":""},"tablet":{"background-color":"var(--ast-global-color-5)","background-image":"","background-repeat":"repeat","background-position":"center center","background-size":"auto","background-attachment":"scroll","background-type":"","background-media":"","overlay-type":"","overlay-color":"","overlay-opacity":"","overlay-gradient":""},"mobile":{"background-color":"var(--ast-global-color-5)","background-image":"","background-repeat":"repeat","background-position":"center center","background-size":"auto","background-attachment":"scroll","background-type":"","background-media":"","overlay-type":"","overlay-color":"","overlay-opacity":"","overlay-gradient":""}},"footnotes":""},"class_list":["post-994","page","type-page","status-publish","hentry"],"post_mailing_queue_ids":[],"_links":{"self":[{"href":"https:\/\/agora.xtec.cat\/isvh\/wp-json\/wp\/v2\/pages\/994","targetHints":{"allow":["GET"]}}],"collection":[{"href":"https:\/\/agora.xtec.cat\/isvh\/wp-json\/wp\/v2\/pages"}],"about":[{"href":"https:\/\/agora.xtec.cat\/isvh\/wp-json\/wp\/v2\/types\/page"}],"author":[{"embeddable":true,"href":"https:\/\/agora.xtec.cat\/isvh\/wp-json\/wp\/v2\/users\/1"}],"replies":[{"embeddable":true,"href":"https:\/\/agora.xtec.cat\/isvh\/wp-json\/wp\/v2\/comments?post=994"}],"version-history":[{"count":6,"href":"https:\/\/agora.xtec.cat\/isvh\/wp-json\/wp\/v2\/pages\/994\/revisions"}],"predecessor-version":[{"id":4090,"href":"https:\/\/agora.xtec.cat\/isvh\/wp-json\/wp\/v2\/pages\/994\/revisions\/4090"}],"up":[{"embeddable":true,"href":"https:\/\/agora.xtec.cat\/isvh\/wp-json\/wp\/v2\/pages\/667"}],"wp:attachment":[{"href":"https:\/\/agora.xtec.cat\/isvh\/wp-json\/wp\/v2\/media?parent=994"}],"curies":[{"name":"wp","href":"https:\/\/api.w.org\/{rel}","templated":true}]}}