{"id":705,"date":"2024-06-03T09:53:55","date_gmt":"2024-06-03T07:53:55","guid":{"rendered":"https:\/\/agora.xtec.cat\/isvh\/?page_id=705"},"modified":"2026-04-14T11:10:36","modified_gmt":"2026-04-14T09:10:36","slug":"cfgm-gestio-administrativa-en-lambit-sanitari","status":"publish","type":"page","link":"https:\/\/agora.xtec.cat\/isvh\/estudis\/cfgm-grau-mitja\/cfgm-gestio-administrativa-en-lambit-sanitari\/","title":{"rendered":"Gesti\u00f3 Administrativa (\u00e0mbit sanitari)"},"content":{"rendered":"\n<p><\/p>\n\n\n\n<p><\/p>\n\n\n\n<p><\/p>\n\n\n\n<div class=\"wp-block-columns is-layout-flex wp-container-core-columns-is-layout-1 wp-block-columns-is-layout-flex\">\n<div class=\"wp-block-column is-vertically-aligned-center is-layout-flow wp-block-column-is-layout-flow\" style=\"flex-basis:50%\">\n<figure class=\"wp-block-image size-full is-resized\"><img loading=\"lazy\" decoding=\"async\" width=\"960\" height=\"540\" src=\"https:\/\/agora.xtec.cat\/isvh\/wp-content\/uploads\/usu3043\/2025\/04\/BOTO-GA2.png\" alt=\"\" class=\"wp-image-1985\" style=\"width:auto;height:300px\" srcset=\"https:\/\/agora.xtec.cat\/isvh\/wp-content\/uploads\/usu3043\/2025\/04\/BOTO-GA2.png 960w, https:\/\/agora.xtec.cat\/isvh\/wp-content\/uploads\/usu3043\/2025\/04\/BOTO-GA2-300x169.png 300w, https:\/\/agora.xtec.cat\/isvh\/wp-content\/uploads\/usu3043\/2025\/04\/BOTO-GA2-768x432.png 768w\" sizes=\"auto, (max-width: 960px) 100vw, 960px\" \/><\/figure>\n<\/div>\n\n\n\n<div class=\"wp-block-column is-content-justification-left is-layout-constrained wp-container-core-column-is-layout-2 wp-block-column-is-layout-constrained\" style=\"flex-basis:30%\">\n<p class=\"has-text-color has-link-color has-large-font-size wp-elements-75f1ba033bdb91cc71e4c6cd6db7bba7\" style=\"color:#233a80\"><strong>GFGM<\/strong><\/p>\n\n\n\n<p class=\"has-text-color has-link-color has-large-font-size wp-elements-519cf5d8b7ebc7adb71eb14f4f531b46\" style=\"color:#00b4ce\"><strong>Gesti\u00f3<br>Administrativa<\/strong><br><strong>\u00c0mbit Sanitari<\/strong><\/p>\n<\/div>\n\n\n\n<div class=\"wp-block-column is-layout-flow wp-block-column-is-layout-flow\" style=\"flex-basis:10%\"><\/div>\n<\/div>\n\n\n\n<h2 class=\"wp-block-heading has-text-color has-link-color has-large-font-size wp-elements-27c10f70a350263b47b214b2b7e41698\" style=\"color:#233a80\"><strong>En qu\u00e8 consisteix el cicle?<\/strong><\/h2>\n\n\n\n<p><\/p>\n\n\n\n<p>La compet\u00e8ncia general del cicle de gesti\u00f3 administrativa consisteix en activitats de suport administratiu en l&#8217;\u00e0mbit laboral, comptable, comercial, financer i fiscal, aix\u00ed com d&#8217;atenci\u00f3 al client\/usuari, tant en empreses p\u00fabliques com en empreses privades, aplicant la normativa vigent i protocols de qualitat, assegurant la satisfacci\u00f3 del client i actuant segons les normes de prevenci\u00f3 de riscos laborals i de protecci\u00f3 ambiental.<\/p>\n\n\n\n<p><\/p>\n\n\n\n<h2 class=\"wp-block-heading has-text-color has-link-color has-large-font-size wp-elements-a390f40df6cdc999690db7a05bb197d9\" style=\"color:#233a80\"><strong><strong>Quina durada i horari t\u00e9 el cicle formatiu<\/strong>?<\/strong><\/h2>\n\n\n\n<p><strong>2.000 hores<\/strong> distribu\u00efdes en 2 cursos acad\u00e8mics, de les quals, <strong>515 hores<\/strong> d\u2019estada a l\u2019empresa.<br>L&#8217;horari marc \u00e9s de 8h a 15h en torn de mat\u00ed. Tant els grups de primer com els de segon s\u00f3n en horari de mat\u00ed.<\/p>\n\n\n\n<h2 class=\"wp-block-heading has-text-color has-link-color has-large-font-size wp-elements-310d9b047d3db25b2e59600f0b284509\" style=\"color:#233a80\"><strong><strong>Quantes places hi ha?<\/strong><\/strong><\/h2>\n\n\n\n<p>Actualment disposem de dos grups de primer en torn de mat\u00ed i dos grups de segon en torn de tarda, de 30 alumnes cada grup.<\/p>\n\n\n\n<p><\/p>\n\n\n\n<h2 class=\"wp-block-heading has-text-color has-link-color has-large-font-size wp-elements-ee13e7a76406add3133896c71d534929\" style=\"color:#233a80\"><strong>Quin preu de matr\u00edcula t\u00e9 el cicle?<\/strong><\/h2>\n\n\n\n<p><\/p>\n\n\n\n<p>El cicle t\u00e9 un preu de matr\u00edcula (quota de serveis) de <strong>123 \u20ac per tot el curs<\/strong>, que s&#8217;ha d&#8217;abonar en un pagament \u00fanic en el moment de la matr\u00edcula (no es paga mensualment).<\/p>\n\n\n\n<p><\/p>\n\n\n\n<h2 class=\"wp-block-heading has-text-color has-link-color has-large-font-size wp-elements-72bc22cee578eb660242e04252bf5498\" style=\"color:#233a80\"><strong>Mat\u00e8ries del cicle: cr\u00e8dits i hores<\/strong><\/h2>\n\n\n\n<p><\/p>\n\n\n\n<p>Relaci\u00f3 de cr\u00e8dits que s&#8217;imparteixen al cicle amb el total d&#8217;hores per cr\u00e8dit<\/p>\n\n\n\n<p><\/p>\n\n\n\n<figure class=\"wp-block-table is-style-stripes\"><table class=\"has-fixed-layout\"><thead><tr><th class=\"has-text-align-left\" data-align=\"left\">M\u00f2duls del cicle formatiu 1r Curs<\/th><th class=\"has-text-align-center\" data-align=\"center\">Hores<\/th><\/tr><\/thead><tbody><tr><td class=\"has-text-align-left\" data-align=\"left\">Comunicaci\u00f3 empresarial i atenci\u00f3 al client<\/td><td class=\"has-text-align-center\" data-align=\"center\">99<\/td><\/tr><tr><td class=\"has-text-align-left\" data-align=\"left\">Operacions administratives de compravenda<\/td><td class=\"has-text-align-center\" data-align=\"center\">99<\/td><\/tr><tr><td class=\"has-text-align-left\" data-align=\"left\">Empresa i administraci\u00f3<\/td><td class=\"has-text-align-center\" data-align=\"center\">66<\/td><\/tr><tr><td class=\"has-text-align-left\" data-align=\"left\">Tractament inform\u00e0tic de la informaci\u00f3<\/td><td class=\"has-text-align-center\" data-align=\"center\">165<\/td><\/tr><tr><td class=\"has-text-align-left\" data-align=\"left\">T\u00e8cnica comptable<\/td><td class=\"has-text-align-center\" data-align=\"center\">66<\/td><\/tr><tr><td class=\"has-text-align-left\" data-align=\"left\">Operacions administratives de recursos<br>humans<\/td><td class=\"has-text-align-center\" data-align=\"center\">66<\/td><\/tr><tr><td class=\"has-text-align-left\" data-align=\"left\">Informaci\u00f3 de suport per a la realitzaci\u00f3 de<br>proves i serveis complementaris<\/td><td class=\"has-text-align-center\" data-align=\"center\">66<\/td><\/tr><tr><td class=\"has-text-align-left\" data-align=\"left\">Itinerari personal per a l\u2019ocupabilitat I<\/td><td class=\"has-text-align-center\" data-align=\"center\">99<\/td><\/tr><tr><td class=\"has-text-align-left\" data-align=\"left\">Angl\u00e8s professional<\/td><td class=\"has-text-align-center\" data-align=\"center\">66<\/td><\/tr><\/tbody><\/table><\/figure>\n\n\n\n<p><\/p>\n\n\n\n<figure class=\"wp-block-table is-style-stripes\"><table class=\"has-fixed-layout\"><thead><tr><th class=\"has-text-align-left\" data-align=\"left\">M\u00f2duls del cicle formatiu 2n Curs<\/th><th class=\"has-text-align-center\" data-align=\"center\">Hores<\/th><\/tr><\/thead><tbody><tr><td class=\"has-text-align-left\" data-align=\"left\">Tractament de la documentaci\u00f3 comptable<\/td><td class=\"has-text-align-center\" data-align=\"center\">66<\/td><\/tr><tr><td class=\"has-text-align-left\" data-align=\"left\">Empresa a l\u2019aula<\/td><td class=\"has-text-align-center\" data-align=\"center\">99<\/td><\/tr><tr><td class=\"has-text-align-left\" data-align=\"left\">Operacions auxiliars de gesti\u00f3 de tresoreria<\/td><td class=\"has-text-align-center\" data-align=\"center\">99<\/td><\/tr><tr><td class=\"has-text-align-left\" data-align=\"left\">Operacions administratives de gesti\u00f3 sanit\u00e0ria<\/td><td class=\"has-text-align-center\" data-align=\"center\">132<\/td><\/tr><tr><td class=\"has-text-align-left\" data-align=\"left\">Itinerari personal per a l\u2019ocupabilitat II<\/td><td class=\"has-text-align-center\" data-align=\"center\">66<\/td><\/tr><tr><td class=\"has-text-align-left\" data-align=\"left\">Sostenibilitat aplicada al sistema productiu<\/td><td class=\"has-text-align-center\" data-align=\"center\">33<\/td><\/tr><tr><td class=\"has-text-align-left\" data-align=\"left\">Digitalitzaci\u00f3 aplicada al sistema productiu<\/td><td class=\"has-text-align-center\" data-align=\"center\">33<\/td><\/tr><tr><td class=\"has-text-align-left\" data-align=\"left\">Projecte intermodular<\/td><td class=\"has-text-align-center\" data-align=\"center\">198<\/td><\/tr><\/tbody><\/table><\/figure>\n\n\n\n<p><\/p>\n\n\n\n<figure class=\"wp-block-table is-style-stripes\"><table class=\"has-fixed-layout\"><thead><tr><th class=\"has-text-align-left\" data-align=\"left\">Distribuci\u00f3 de les hores destinades a l&#8217;empresa<\/th><th class=\"has-text-align-center\" data-align=\"center\">Hores<\/th><\/tr><\/thead><tbody><tr><td class=\"has-text-align-left\" data-align=\"left\">Estada a l&#8217;empresa<\/td><td class=\"has-text-align-center\" data-align=\"center\">515<\/td><\/tr><\/tbody><\/table><\/figure>\n\n\n\n<p>Les hores d&#8217;estada a l&#8217;empresa es distribuiran, previsiblement, entre el primer i el segon curs, segons la disponibilitat dels llocs de pr\u00e0ctiques.<\/p>\n\n\n\n<h2 class=\"wp-block-heading has-text-color has-link-color has-large-font-size wp-elements-1354962722c4d2bf35b93a62572ca6d6\" style=\"color:#233a80\"><strong>Quines sortides professionals tens amb el t\u00edtol?<\/strong><\/h2>\n\n\n\n<p><\/p>\n\n\n\n<p>Personal auxiliar administratiu.<br>Personal ajudant d\u2019oficina.<br>Personal auxiliar administratiu de cobraments i pagaments.<br>Personal administratiu comercial.<br>Personal auxiliar administratiu de gesti\u00f3 de personal i administracions p\u00fabliques.<br>Recepcionista.<br>Personal empleat d\u2019atenci\u00f3 al client, tresoreria i de mitjans de pagament.<\/p>\n\n\n\n<p><\/p>\n\n\n\n<h2 class=\"wp-block-heading has-text-color has-link-color has-large-font-size wp-elements-233e7eed029cd52da1652ac910f00378\" style=\"color:#233a80\"><strong>On pots treballar?<\/strong><\/h2>\n\n\n\n<p><\/p>\n\n\n\n<p>Sector empresarial p\u00fablic i privat.<br>Sector sanitari p\u00fablic i privat.<\/p>\n\n\n\n<h2 class=\"wp-block-heading has-text-color has-link-color wp-elements-4d48280f7e8fc24eabf1ac5acc8e86f8\" style=\"color:#233a80\">Com treballem?<\/h2>\n\n\n\n<p>Es combinen diferents metodologies i activitats a l&#8217;aula per tal que l&#8217;alumnat assoleixi els continguts i les compet\u00e8ncies professionals del cicle. S&#8217;expliquen continguts te\u00f2rics i es realitzen exercicis pr\u00e0ctics, es planteja la ressoluci\u00f3 de reptes i situacions problemes, es proposen exposicions de temes d&#8217;actualitat a classe, etc\u2026 En alguns m\u00f2duls es potencia el treball col.laboratiu ,treballant per projectes en equip , ressoluci\u00f3 de casos i reptes,etc\u2026<\/p>\n\n\n\n<p><\/p>\n\n\n\n<h2 class=\"wp-block-heading has-text-color has-link-color wp-elements-e3b2c8d8a1f37698c45d504ffcf0d471\" style=\"color:#233a80\">Quines sortides laborals t\u00e9?<\/h2>\n\n\n\n<p>Els estudis capacitencom a auxiliar de gesti\u00f3 administrativa per desenvolupar activitats de suport administratiu en l&#8217;\u00e0mbit laboral, comptable, comercial, financer i fiscal, aix\u00ed com d&#8217;atenci\u00f3 al client\/usuari, tant en empreses p\u00fabliques com en empreses privades, aix\u00ed com exercir l&#8217;activitat en el sector sanitari, en organismes i institucions de l&#8217;a\u0300mbit pu\u0301blic i en empreses privades, tant en atencio\u0301 prima\u0300ria com especialitzada, aixi\u0301 com en centres hospitalaris i de recerca. En aquest cas, duen a terme el seu treball sota la supervisio\u0301 del facultatiu corresponent o del gerent administratiu si escau.<\/p>\n\n\n\n<p><\/p>\n\n\n\n<h2 class=\"wp-block-heading has-text-color has-link-color wp-elements-67ebd09e3f8d3cdbeab638be5c9acb5a\" style=\"color:#233a80\">On pots fer pr\u00e0ctiques?<\/h2>\n\n\n\n<p>Aquest professional podr\u00e1 exercir l&#8217;activitat en el sector sanitari, en organismes i institucions de l&#8217;a\u0300mbit pu\u0301blic i en empreses privades, tant en atencio\u0301 prima\u0300ria com especialitzada, aixi\u0301 com en centres hospitalaris i de recerca. En aquest cas, duen a terme el seu treball sota la supervisio\u0301 del facultatiu corresponent o del gerent administratiu si escau.<\/p>\n\n\n\n<p><\/p>\n\n\n\n<div class=\"wp-block-buttons is-content-justification-center is-layout-flex wp-container-core-buttons-is-layout-1 wp-block-buttons-is-layout-flex\">\n<div class=\"wp-block-button is-style-outline is-style-outline--1\"><a class=\"wp-block-button__link has-text-align-center wp-element-button\" href=\"https:\/\/agora.xtec.cat\/isvh\/wp-content\/uploads\/usu3043\/2025\/04\/Fulleto-GA.pdf\" target=\"_blank\" rel=\"noreferrer noopener\"><strong>Descarrega la fitxa<\/strong><\/a><\/div>\n<\/div>\n\n\n\n<p><\/p>\n","protected":false},"excerpt":{"rendered":"<p>GFGM Gesti\u00f3Administrativa\u00c0mbit Sanitari En qu\u00e8 consisteix el cicle? La compet\u00e8ncia general del cicle de gesti\u00f3 administrativa consisteix en activitats de suport administratiu en l&#8217;\u00e0mbit laboral, comptable, comercial, financer i fiscal, aix\u00ed com d&#8217;atenci\u00f3 al client\/usuari, tant en empreses p\u00fabliques com en empreses privades, aplicant la normativa vigent i protocols de qualitat, assegurant la satisfacci\u00f3 del [&hellip;]<\/p>\n","protected":false},"author":1,"featured_media":0,"parent":637,"menu_order":0,"comment_status":"closed","ping_status":"closed","template":"","meta":{"site-sidebar-layout":"default","site-content-layout":"","ast-site-content-layout":"default","site-content-style":"default","site-sidebar-style":"default","ast-global-header-display":"","ast-banner-title-visibility":"","ast-main-header-display":"","ast-hfb-above-header-display":"","ast-hfb-below-header-display":"","ast-hfb-mobile-header-display":"","site-post-title":"","ast-breadcrumbs-content":"","ast-featured-img":"","footer-sml-layout":"","theme-transparent-header-meta":"","adv-header-id-meta":"","stick-header-meta":"","header-above-stick-meta":"","header-main-stick-meta":"","header-below-stick-meta":"","astra-migrate-meta-layouts":"set","ast-page-background-enabled":"default","ast-page-background-meta":{"desktop":{"background-color":"var(--ast-global-color-4)","background-image":"","background-repeat":"repeat","background-position":"center center","background-size":"auto","background-attachment":"scroll","background-type":"","background-media":"","overlay-type":"","overlay-color":"","overlay-opacity":"","overlay-gradient":""},"tablet":{"background-color":"","background-image":"","background-repeat":"repeat","background-position":"center center","background-size":"auto","background-attachment":"scroll","background-type":"","background-media":"","overlay-type":"","overlay-color":"","overlay-opacity":"","overlay-gradient":""},"mobile":{"background-color":"","background-image":"","background-repeat":"repeat","background-position":"center center","background-size":"auto","background-attachment":"scroll","background-type":"","background-media":"","overlay-type":"","overlay-color":"","overlay-opacity":"","overlay-gradient":""}},"ast-content-background-meta":{"desktop":{"background-color":"var(--ast-global-color-5)","background-image":"","background-repeat":"repeat","background-position":"center center","background-size":"auto","background-attachment":"scroll","background-type":"","background-media":"","overlay-type":"","overlay-color":"","overlay-opacity":"","overlay-gradient":""},"tablet":{"background-color":"var(--ast-global-color-5)","background-image":"","background-repeat":"repeat","background-position":"center center","background-size":"auto","background-attachment":"scroll","background-type":"","background-media":"","overlay-type":"","overlay-color":"","overlay-opacity":"","overlay-gradient":""},"mobile":{"background-color":"var(--ast-global-color-5)","background-image":"","background-repeat":"repeat","background-position":"center center","background-size":"auto","background-attachment":"scroll","background-type":"","background-media":"","overlay-type":"","overlay-color":"","overlay-opacity":"","overlay-gradient":""}},"footnotes":""},"class_list":["post-705","page","type-page","status-publish","hentry"],"post_mailing_queue_ids":[],"_links":{"self":[{"href":"https:\/\/agora.xtec.cat\/isvh\/wp-json\/wp\/v2\/pages\/705","targetHints":{"allow":["GET"]}}],"collection":[{"href":"https:\/\/agora.xtec.cat\/isvh\/wp-json\/wp\/v2\/pages"}],"about":[{"href":"https:\/\/agora.xtec.cat\/isvh\/wp-json\/wp\/v2\/types\/page"}],"author":[{"embeddable":true,"href":"https:\/\/agora.xtec.cat\/isvh\/wp-json\/wp\/v2\/users\/1"}],"replies":[{"embeddable":true,"href":"https:\/\/agora.xtec.cat\/isvh\/wp-json\/wp\/v2\/comments?post=705"}],"version-history":[{"count":6,"href":"https:\/\/agora.xtec.cat\/isvh\/wp-json\/wp\/v2\/pages\/705\/revisions"}],"predecessor-version":[{"id":4167,"href":"https:\/\/agora.xtec.cat\/isvh\/wp-json\/wp\/v2\/pages\/705\/revisions\/4167"}],"up":[{"embeddable":true,"href":"https:\/\/agora.xtec.cat\/isvh\/wp-json\/wp\/v2\/pages\/637"}],"wp:attachment":[{"href":"https:\/\/agora.xtec.cat\/isvh\/wp-json\/wp\/v2\/media?parent=705"}],"curies":[{"name":"wp","href":"https:\/\/api.w.org\/{rel}","templated":true}]}}