{"id":701,"date":"2024-06-03T09:52:35","date_gmt":"2024-06-03T07:52:35","guid":{"rendered":"https:\/\/agora.xtec.cat\/isvh\/?page_id=701"},"modified":"2026-04-13T13:24:43","modified_gmt":"2026-04-13T11:24:43","slug":"cfgm-emergencies-sanitaries","status":"publish","type":"page","link":"https:\/\/agora.xtec.cat\/isvh\/estudis\/cfgm-grau-mitja\/cfgm-emergencies-sanitaries\/","title":{"rendered":"Emerg\u00e8ncies Sanit\u00e0ries"},"content":{"rendered":"\n<p><\/p>\n\n\n\n<div class=\"wp-block-columns is-layout-flex wp-container-core-columns-is-layout-1 wp-block-columns-is-layout-flex\">\n<div class=\"wp-block-column is-layout-flow wp-block-column-is-layout-flow\" style=\"flex-basis:60%\">\n<figure class=\"wp-block-image size-full is-resized\"><img loading=\"lazy\" decoding=\"async\" width=\"960\" height=\"540\" src=\"https:\/\/agora.xtec.cat\/isvh\/wp-content\/uploads\/usu3043\/2025\/04\/BOTO-TES-2.jpg\" alt=\"\" class=\"wp-image-1973\" style=\"width:554px;height:auto\" srcset=\"https:\/\/agora.xtec.cat\/isvh\/wp-content\/uploads\/usu3043\/2025\/04\/BOTO-TES-2.jpg 960w, https:\/\/agora.xtec.cat\/isvh\/wp-content\/uploads\/usu3043\/2025\/04\/BOTO-TES-2-300x169.jpg 300w, https:\/\/agora.xtec.cat\/isvh\/wp-content\/uploads\/usu3043\/2025\/04\/BOTO-TES-2-768x432.jpg 768w\" sizes=\"auto, (max-width: 960px) 100vw, 960px\" \/><\/figure>\n<\/div>\n\n\n\n<div class=\"wp-block-column is-layout-flow wp-block-column-is-layout-flow\" style=\"flex-basis:30%\">\n<p class=\"has-text-color has-link-color has-large-font-size wp-elements-75f1ba033bdb91cc71e4c6cd6db7bba7\" style=\"color:#233a80\"><strong>GFGM<\/strong><\/p>\n\n\n\n<p class=\"has-text-color has-link-color has-large-font-size wp-elements-497947424a9efc6a35e789716d1d03bc\" style=\"color:#00b4ce\"><strong>Emerg\u00e8ncies<br>Sanit\u00e0ries<\/strong><\/p>\n<\/div>\n\n\n\n<div class=\"wp-block-column is-layout-flow wp-block-column-is-layout-flow\" style=\"flex-basis:10%\"><\/div>\n<\/div>\n\n\n\n<h2 class=\"wp-block-heading has-text-color has-link-color has-large-font-size wp-elements-27c10f70a350263b47b214b2b7e41698\" style=\"color:#233a80\"><strong>En qu\u00e8 consisteix el cicle?<\/strong><\/h2>\n\n\n\n<p>La compet\u00e8ncia general del cicle d\u2019emerg\u00e8ncies sanit\u00e0ries consisteix a traslladar el pacient al centre sanitari, prestar atenci\u00f3 b\u00e0sica sanit\u00e0ria i psicol\u00f2gica en l\u2019entorn prehospitalari, dur a terme activitats de teleoperaci\u00f3 o teleassist\u00e8ncia sanit\u00e0ria i col\u00b7laborar en l\u2019organitzaci\u00f3 i desenvolupament dels plans d\u2019emerg\u00e8ncia, dels dispositius de risc previsibles i de la log\u00edstica sanit\u00e0ria davant una emerg\u00e8ncia individual, col\u00b7lectiva o cat\u00e0strofe.<\/p>\n\n\n\n<h2 class=\"wp-block-heading has-text-color has-link-color has-large-font-size wp-elements-3d767e7dcca3fe8a0c47246ff4f487f0\" style=\"color:#233a80\"><strong>Quina durada i horari t\u00e9 el cicle formatiu?<\/strong><\/h2>\n\n\n\n<p><strong>2.000 hores<\/strong> distribu\u00efdes en 2 cursos acad\u00e8mics. De les quals, <strong>515 hores<\/strong> d\u2019estada a l\u2019empresa.<br>L&#8217;horari marc \u00e9s de 8h a 14.30h en torn de mat\u00ed i de 15h a 21.30h en torn de tarda.<\/p>\n\n\n\n<h2 class=\"wp-block-heading has-text-color has-link-color has-large-font-size wp-elements-b66c63e05abe7179df6dcc98d5f259c2\" style=\"color:#233a80\"><strong>Quantes places hi ha?<\/strong><\/h2>\n\n\n\n<p>Actualment disposem de dos grups en torn de mat\u00ed i dos grups en torn de tarda de 30 alumnes cada grup.<\/p>\n\n\n\n<p><\/p>\n\n\n\n<h2 class=\"wp-block-heading has-text-color has-link-color has-large-font-size wp-elements-ee13e7a76406add3133896c71d534929\" style=\"color:#233a80\"><strong>Quin preu de matr\u00edcula t\u00e9 el cicle?<\/strong><\/h2>\n\n\n\n<p><\/p>\n\n\n\n<p>El cicle t\u00e9 un preu de matr\u00edcula (quota de serveis) de <strong>358 \u20ac per tot el curs<\/strong>, que s&#8217;ha d&#8217;abonar en un pagament \u00fanic en el moment de la matr\u00edcula (no es paga mensualment).<\/p>\n\n\n\n<p><\/p>\n\n\n\n<p><\/p>\n\n\n\n<h2 class=\"wp-block-heading has-text-color has-link-color has-large-font-size wp-elements-7812bf8247a0f0bcfae3aee751587690\" style=\"color:#233a80\"><strong>Com treballem?<\/strong><\/h2>\n\n\n\n<p>El cicle d\u2019Emerg\u00e8ncies Sanit\u00e0ries es desenvolupa mitjan\u00e7ant una metodologia que engloba una metodologia te\u00f2rico-pr\u00e0ctica.<br>L\u2019alumnat treballa en equip, realitza pr\u00e0ctiques i participa en tallers, simulacres i activitats amb professionals externs. Aquesta manera de treballar permet adquirir compet\u00e8ncies t\u00e8cniques, comunicatives i de presa de decisions en entorns reals o simulats, preparant l\u2019alumnat per afrontar situacions d\u2019emerg\u00e8ncia de manera eficient i segura.<\/p>\n\n\n\n<h2 class=\"wp-block-heading has-text-color has-link-color has-large-font-size wp-elements-72bc22cee578eb660242e04252bf5498\" style=\"color:#233a80\"><strong>Mat\u00e8ries del cicle: cr\u00e8dits i hores<\/strong><\/h2>\n\n\n\n<p>Relaci\u00f3 de m\u00f2duls que s&#8217;imparteixen al cicle amb el total d&#8217;hores per m\u00f2dul<\/p>\n\n\n\n<figure class=\"wp-block-table is-style-stripes\"><table class=\"has-fixed-layout\"><thead><tr><th class=\"has-text-align-left\" data-align=\"left\">M\u00f2duls del cicle formatiu 1r Curs<\/th><th class=\"has-text-align-center\" data-align=\"center\">Hores<\/th><\/tr><\/thead><tbody><tr><td class=\"has-text-align-left\" data-align=\"left\">Log\u00edstica sanit\u00e0ria en emerg\u00e8ncies<\/td><td class=\"has-text-align-center\" data-align=\"center\">99<\/td><\/tr><tr><td class=\"has-text-align-left\" data-align=\"left\">Dotaci\u00f3 sanit\u00e0ria en emerg\u00e8ncies<\/td><td class=\"has-text-align-center\" data-align=\"center\">165<\/td><\/tr><tr><td class=\"has-text-align-left\" data-align=\"left\">Atenci\u00f3 sanit\u00e0ria inicial en situacions d&#8217;emerg\u00e8ncia<\/td><td class=\"has-text-align-center\" data-align=\"center\">198<\/td><\/tr><tr><td class=\"has-text-align-left\" data-align=\"left\">Evacuaci\u00f3 i trasllat de pacients<\/td><td class=\"has-text-align-center\" data-align=\"center\">284<\/td><\/tr><tr><td class=\"has-text-align-left\" data-align=\"left\">Suport psicol\u00f2gic en situacions d\u2019emerg\u00e8ncia<\/td><td class=\"has-text-align-center\" data-align=\"center\">66<\/td><\/tr><tr><td class=\"has-text-align-left\" data-align=\"left\">Plans d\u2019emerg\u00e8ncia i dispositius de riscos previsibles<\/td><td class=\"has-text-align-center\" data-align=\"center\">66<\/td><\/tr><tr><td class=\"has-text-align-left\" data-align=\"left\">Teleemerg\u00e8ncies<\/td><td class=\"has-text-align-center\" data-align=\"center\">66<\/td><\/tr><tr><td class=\"has-text-align-left\" data-align=\"left\">Anatomofisiologia i patologia b\u00e0siques<\/td><td class=\"has-text-align-center\" data-align=\"center\">99<\/td><\/tr><tr><td class=\"has-text-align-left\" data-align=\"left\">Itinerari personal per a l\u2019ocupabilitat I<\/td><td class=\"has-text-align-center\" data-align=\"center\">99<\/td><\/tr><tr><td class=\"has-text-align-left\" data-align=\"left\">Catal\u00e0 professional<\/td><td class=\"has-text-align-center\" data-align=\"center\">66<\/td><\/tr><tr><td class=\"has-text-align-left\" data-align=\"left\">Sostenibilitat aplicada al sistema productiu<\/td><td class=\"has-text-align-center\" data-align=\"center\">33<\/td><\/tr><tr><td class=\"has-text-align-left\" data-align=\"left\">Digitalitzaci\u00f3 aplicada al sistema productiu<\/td><td class=\"has-text-align-center\" data-align=\"center\">33<\/td><\/tr><\/tbody><\/table><\/figure>\n\n\n\n<figure class=\"wp-block-table is-style-stripes\"><table class=\"has-fixed-layout\"><thead><tr><th class=\"has-text-align-left\" data-align=\"left\">M\u00f2duls del cicle formatiu 2n Curs<\/th><th class=\"has-text-align-center\" data-align=\"center\">Hores<\/th><\/tr><\/thead><tbody><tr><td class=\"has-text-align-left\" data-align=\"left\">Atenci\u00f3 sanit\u00e0ria especial en situacions d&#8217;emerg\u00e8ncia<\/td><td class=\"has-text-align-center\" data-align=\"center\">264<\/td><\/tr><tr><td class=\"has-text-align-left\" data-align=\"left\">Itinerari personal per a l\u2019ocupabilitat II<\/td><td class=\"has-text-align-center\" data-align=\"center\">66<\/td><\/tr><tr><td class=\"has-text-align-left\" data-align=\"left\">Angl\u00e8s professional<\/td><td class=\"has-text-align-center\" data-align=\"center\">66<\/td><\/tr><tr><td class=\"has-text-align-left\" data-align=\"left\">Manteniment mec\u00e0nic preventiu del vehicle<\/td><td class=\"has-text-align-center\" data-align=\"center\">66<\/td><\/tr><tr><td class=\"has-text-align-left\" data-align=\"left\">Plans d\u2019emerg\u00e8ncia i dispositius de riscos previsibles<\/td><td class=\"has-text-align-center\" data-align=\"center\">66<\/td><\/tr><tr><td class=\"has-text-align-left\" data-align=\"left\">M\u00f2dul Optatiu: Pr\u00e0ctica cl\u00ednica extrahospital\u00e0ria<\/td><td class=\"has-text-align-center\" data-align=\"center\">66<\/td><\/tr><tr><td class=\"has-text-align-left\" data-align=\"left\">Projecte intermodular<\/td><td class=\"has-text-align-center\" data-align=\"center\">198<\/td><\/tr><\/tbody><\/table><\/figure>\n\n\n\n<figure class=\"wp-block-table is-style-stripes\"><table class=\"has-fixed-layout\"><thead><tr><th class=\"has-text-align-left\" data-align=\"left\">Distribuci\u00f3 de les hores destinades a l&#8217;empresa<\/th><th class=\"has-text-align-center\" data-align=\"center\">Hores<\/th><\/tr><\/thead><tbody><tr><td class=\"has-text-align-left\" data-align=\"left\">Estada a l&#8217;empresa<\/td><td class=\"has-text-align-center\" data-align=\"center\">515<\/td><\/tr><\/tbody><\/table><\/figure>\n\n\n\n<p>Les hores d&#8217;estada a l&#8217;empresa es distribuiran, previsiblement, entre el primer i el segon curs, segons la disponibilitat dels llocs de pr\u00e0ctiques.<\/p>\n\n\n\n<h2 class=\"wp-block-heading has-text-color has-link-color has-large-font-size wp-elements-0bdb0a0cfa48dc3cb64e9c33a136b56e\" style=\"color:#233a80\"><strong>Activitats destacades del cicle<\/strong><\/h2>\n\n\n\n<ul class=\"wp-block-list\">\n<li>Visita a empreses d&#8217;ambul\u00e0ncies, el SEM (Servei d&#8217;emerg\u00e8ncies m\u00e8diques) i el CECAT (Centre de coordinaci\u00f3 operativa de Catalunya).<\/li>\n\n\n\n<li>Tallers de mobilitzaci\u00f3 i immobilitzaci\u00f3, contenci\u00f3 mec\u00e0nica en el pacient agitat, monitoritzaci\u00f3 amb CORPULS.<\/li>\n\n\n\n<li>Participaci\u00f3 de l&#8217;alumnat de 2n curs en tallers de primers auxilis a diferents centres educatius.<\/li>\n\n\n\n<li>Participaci\u00f3 en simulacres i atenci\u00f3 a m\u00faltiples v\u00edctimes.<\/li>\n\n\n\n<li>Xerrada-Taller del programa 112 per preparar l&#8217;estada d&#8217;emerg\u00e8ncies ambientals a Montesquiu.<\/li>\n\n\n\n<li>Estada formativa en entorn rural a Montesquiu.<\/li>\n<\/ul>\n\n\n\n<h2 class=\"wp-block-heading has-text-color has-link-color has-large-font-size wp-elements-c7d95cf1b32134cd5865cf0fd0c8d149\" style=\"color:#233a80\"><strong>Projectes singulars<\/strong><\/h2>\n\n\n\n<p><mark style=\"background-color:rgba(0, 0, 0, 0)\" class=\"has-inline-color has-ast-global-color-1-color\"><strong>Estada formativa en entorn rural a Montesquiu.<\/strong><\/mark><br>Es tracta d\u2019una estada formativa a l\u2019entorn rural de Montesquiu en la qual l\u2019alumnat de segon curs del cicle de TES, juntament amb l\u2019equip docent i professionals externs, participa durant quatre dies en una s\u00e8rie de simulacions pr\u00e0ctiques amb v\u00edctimes reals. Durant l\u2019estada es recrea una central de coordinaci\u00f3 d\u2019emerg\u00e8ncies i l\u2019alumnat realitza simulacions pr\u00e0ctiques assumint gu\u00e0rdies, amb l\u2019objectiu de treballar situacions d\u2019emerg\u00e8ncia en un entorn el m\u00e9s realista possible.<\/p>\n\n\n\n<div class=\"wp-block-getwid-images-slider has-arrows-inside has-dots-inside has-images-center has-cropped-images has-fixed-height\"><div class=\"wp-block-getwid-images-slider__wrapper\" data-effect=\"slide\" data-slides-show=\"1\" data-slides-show-laptop=\"1\" data-slides-show-tablet=\"1\" data-slides-show-mobile=\"1\" data-slides-scroll=\"1\" data-autoplay=\"false\" data-pause-hover=\"false\" data-autoplay-speed=\"6000\" data-infinite=\"true\" data-animation-speed=\"800\" data-center-mode=\"false\" data-variable-width=\"false\" data-arrows=\"inside\" data-dots=\"inside\" data-spacing=\"none\"><div class=\"wp-block-getwid-images-slider__item\" style=\"height:450px\"><figure><img loading=\"lazy\" decoding=\"async\" width=\"2560\" height=\"1440\" src=\"https:\/\/agora.xtec.cat\/isvh\/wp-content\/uploads\/usu3043\/2026\/02\/13F84D44-CBA1-48F0-B72A-B8DD2F45066D-1-scaled.jpg\" data-id=\"3636\" data-link=\"https:\/\/agora.xtec.cat\/isvh\/estudis\/cfgm-grau-mitja\/cfgm-emergencies-sanitaries\/attachment\/13f84d44-cba1-48f0-b72a-b8dd2f45066d-2\/\" data-original-link=\"https:\/\/agora.xtec.cat\/isvh\/wp-content\/uploads\/usu3043\/2026\/02\/13F84D44-CBA1-48F0-B72A-B8DD2F45066D-1-scaled.jpg\" class=\"wp-block-getwid-images-slider__image wp-image-3636\" srcset=\"https:\/\/agora.xtec.cat\/isvh\/wp-content\/uploads\/usu3043\/2026\/02\/13F84D44-CBA1-48F0-B72A-B8DD2F45066D-1-scaled.jpg 2560w, https:\/\/agora.xtec.cat\/isvh\/wp-content\/uploads\/usu3043\/2026\/02\/13F84D44-CBA1-48F0-B72A-B8DD2F45066D-1-300x169.jpg 300w, https:\/\/agora.xtec.cat\/isvh\/wp-content\/uploads\/usu3043\/2026\/02\/13F84D44-CBA1-48F0-B72A-B8DD2F45066D-1-1024x576.jpg 1024w, https:\/\/agora.xtec.cat\/isvh\/wp-content\/uploads\/usu3043\/2026\/02\/13F84D44-CBA1-48F0-B72A-B8DD2F45066D-1-768x432.jpg 768w, https:\/\/agora.xtec.cat\/isvh\/wp-content\/uploads\/usu3043\/2026\/02\/13F84D44-CBA1-48F0-B72A-B8DD2F45066D-1-1536x864.jpg 1536w, https:\/\/agora.xtec.cat\/isvh\/wp-content\/uploads\/usu3043\/2026\/02\/13F84D44-CBA1-48F0-B72A-B8DD2F45066D-1-2048x1152.jpg 2048w\" sizes=\"auto, (max-width: 2560px) 100vw, 2560px\" \/><figcaption class=\"wp-block-getwid-images-slider__caption\">TES<\/figcaption><\/figure><\/div><div class=\"wp-block-getwid-images-slider__item\" style=\"height:450px\"><figure><img loading=\"lazy\" decoding=\"async\" width=\"2560\" height=\"1441\" src=\"https:\/\/agora.xtec.cat\/isvh\/wp-content\/uploads\/usu3043\/2026\/02\/20250228_121326-min-scaled.jpg\" data-id=\"3662\" data-link=\"https:\/\/agora.xtec.cat\/isvh\/20250228_121326-min\/\" data-original-link=\"https:\/\/agora.xtec.cat\/isvh\/wp-content\/uploads\/usu3043\/2026\/02\/20250228_121326-min-scaled.jpg\" class=\"wp-block-getwid-images-slider__image wp-image-3662\" srcset=\"https:\/\/agora.xtec.cat\/isvh\/wp-content\/uploads\/usu3043\/2026\/02\/20250228_121326-min-scaled.jpg 2560w, https:\/\/agora.xtec.cat\/isvh\/wp-content\/uploads\/usu3043\/2026\/02\/20250228_121326-min-300x169.jpg 300w, https:\/\/agora.xtec.cat\/isvh\/wp-content\/uploads\/usu3043\/2026\/02\/20250228_121326-min-1024x576.jpg 1024w, https:\/\/agora.xtec.cat\/isvh\/wp-content\/uploads\/usu3043\/2026\/02\/20250228_121326-min-768x432.jpg 768w, https:\/\/agora.xtec.cat\/isvh\/wp-content\/uploads\/usu3043\/2026\/02\/20250228_121326-min-1536x864.jpg 1536w, https:\/\/agora.xtec.cat\/isvh\/wp-content\/uploads\/usu3043\/2026\/02\/20250228_121326-min-2048x1153.jpg 2048w\" sizes=\"auto, (max-width: 2560px) 100vw, 2560px\" \/><\/figure><\/div><div class=\"wp-block-getwid-images-slider__item\" style=\"height:450px\"><figure><img loading=\"lazy\" decoding=\"async\" width=\"2560\" height=\"1441\" src=\"https:\/\/agora.xtec.cat\/isvh\/wp-content\/uploads\/usu3043\/2026\/02\/20250302_005334-min-scaled.jpg\" data-id=\"3663\" data-link=\"https:\/\/agora.xtec.cat\/isvh\/20250302_005334-min\/\" data-original-link=\"https:\/\/agora.xtec.cat\/isvh\/wp-content\/uploads\/usu3043\/2026\/02\/20250302_005334-min-scaled.jpg\" class=\"wp-block-getwid-images-slider__image wp-image-3663\" srcset=\"https:\/\/agora.xtec.cat\/isvh\/wp-content\/uploads\/usu3043\/2026\/02\/20250302_005334-min-scaled.jpg 2560w, https:\/\/agora.xtec.cat\/isvh\/wp-content\/uploads\/usu3043\/2026\/02\/20250302_005334-min-300x169.jpg 300w, https:\/\/agora.xtec.cat\/isvh\/wp-content\/uploads\/usu3043\/2026\/02\/20250302_005334-min-1024x576.jpg 1024w, https:\/\/agora.xtec.cat\/isvh\/wp-content\/uploads\/usu3043\/2026\/02\/20250302_005334-min-768x432.jpg 768w, https:\/\/agora.xtec.cat\/isvh\/wp-content\/uploads\/usu3043\/2026\/02\/20250302_005334-min-1536x864.jpg 1536w, https:\/\/agora.xtec.cat\/isvh\/wp-content\/uploads\/usu3043\/2026\/02\/20250302_005334-min-2048x1153.jpg 2048w\" sizes=\"auto, (max-width: 2560px) 100vw, 2560px\" \/><\/figure><\/div><div class=\"wp-block-getwid-images-slider__item\" style=\"height:450px\"><figure><img loading=\"lazy\" decoding=\"async\" width=\"2560\" height=\"1441\" src=\"https:\/\/agora.xtec.cat\/isvh\/wp-content\/uploads\/usu3043\/2026\/02\/20250228_120444-min-1-scaled.jpg\" data-id=\"3665\" data-link=\"https:\/\/agora.xtec.cat\/isvh\/20250228_120444-min-2\/\" data-original-link=\"https:\/\/agora.xtec.cat\/isvh\/wp-content\/uploads\/usu3043\/2026\/02\/20250228_120444-min-1-scaled.jpg\" class=\"wp-block-getwid-images-slider__image wp-image-3665\" srcset=\"https:\/\/agora.xtec.cat\/isvh\/wp-content\/uploads\/usu3043\/2026\/02\/20250228_120444-min-1-scaled.jpg 2560w, https:\/\/agora.xtec.cat\/isvh\/wp-content\/uploads\/usu3043\/2026\/02\/20250228_120444-min-1-300x169.jpg 300w, https:\/\/agora.xtec.cat\/isvh\/wp-content\/uploads\/usu3043\/2026\/02\/20250228_120444-min-1-1024x576.jpg 1024w, https:\/\/agora.xtec.cat\/isvh\/wp-content\/uploads\/usu3043\/2026\/02\/20250228_120444-min-1-768x432.jpg 768w, https:\/\/agora.xtec.cat\/isvh\/wp-content\/uploads\/usu3043\/2026\/02\/20250228_120444-min-1-1536x864.jpg 1536w, https:\/\/agora.xtec.cat\/isvh\/wp-content\/uploads\/usu3043\/2026\/02\/20250228_120444-min-1-2048x1153.jpg 2048w\" sizes=\"auto, (max-width: 2560px) 100vw, 2560px\" \/><\/figure><\/div><\/div><\/div>\n\n\n\n<p><mark style=\"background-color:rgba(0, 0, 0, 0)\" class=\"has-inline-color has-ast-global-color-1-color\">Simulacre de m\u00faltiples v\u00edctimes a l&#8217;institut<\/mark>. <br>Participaci\u00f3 de professionals externs que treballen al sector.<\/p>\n\n\n\n<p><\/p>\n\n\n\n<h2 class=\"wp-block-heading has-text-color has-link-color has-large-font-size wp-elements-5fc83cae68a5625f7db9e9ba89e9fa28\" style=\"color:#233a80\"><strong>On pots fer pr\u00e0ctiques?<\/strong><\/h2>\n\n\n\n<p>Diferents empreses d&#8217;ambul\u00e0ncies de l&#8217;\u00e0rea metropolitana de Barcelona. (Ambul\u00e0ncies Domingo, Falck, TSC (Transport Sanitari de Catalunya), Ambulancias L\u00e1zaro, Ambul\u00e0ncies Tom\u00e0s) i al  SEM (Servei emerg\u00e8ncies m\u00e8diques).<\/p>\n\n\n\n<p><\/p>\n\n\n\n<p class=\"has-text-align-center has-white-color has-text-color has-background has-link-color has-medium-font-size wp-elements-6a72b5e5b27ef0182db963dfd9b46afc\" style=\"background-color:#00b4ce\"><strong>AV\u00cdS IMPORTANT: CFGM Emerg\u00e8ncies Sanit\u00e0ries (TES) &#8211; Menors d&#8217;edat<\/strong><br>Informem que les empreses on es realitzen les\u00a0<strong>pr\u00e0ctiques del cicle d&#8217;Emerg\u00e8ncies Sanit\u00e0ries<\/strong>\u00a0no accepten alumnat menor d&#8217;edat. Per aquest motiu, el centre\u00a0<strong>no pot garantir<\/strong>\u00a0que l&#8217;alumnat menor d&#8217;edat pugui finalitzar el cicle formatiu en els dos anys previstos.<\/p>\n\n\n\n<p><\/p>\n\n\n\n<h2 class=\"wp-block-heading has-text-color has-link-color has-large-font-size wp-elements-1354962722c4d2bf35b93a62572ca6d6\" style=\"color:#233a80\"><strong>Quines sortides professionals tens amb el t\u00edtol?<\/strong><\/h2>\n\n\n\n<p>Personal t\u00e8cnic en transport sanitari.<br>Personal t\u00e8cnic en emerg\u00e8ncies sanit\u00e0ries.<br>Personal operador en teleassist\u00e8ncia.<br>Personal operador de centres de coordinaci\u00f3 d\u2019urg\u00e8ncies i emerg\u00e8ncies.<\/p>\n\n\n\n<h2 class=\"wp-block-heading has-text-color has-link-color has-large-font-size wp-elements-233e7eed029cd52da1652ac910f00378\" style=\"color:#233a80\"><strong>On pots treballar?<\/strong><\/h2>\n\n\n\n<p>Sector sanitari p\u00fablic i privat, relacionat amb el trasllat de pacients o v\u00edctimes.<br>Prestaci\u00f3 d\u2019atenci\u00f3 sanit\u00e0ria i psicol\u00f2gica inicial.<br>Col\u00b7laboraci\u00f3 en la preparaci\u00f3 i desenvolupament de la log\u00edstica sanit\u00e0ria davant cat\u00e0strofes o emerg\u00e8ncies col\u00b7lectives.<br>Preparaci\u00f3 de plans d\u2019emerg\u00e8ncia i dispositius de risc previsible de l\u2019\u00e0mbit de protecci\u00f3 civil.<\/p>\n\n\n\n<div class=\"wp-block-buttons is-content-justification-center is-layout-flex wp-container-core-buttons-is-layout-1 wp-block-buttons-is-layout-flex\">\n<div class=\"wp-block-button is-style-outline is-style-outline--1\"><a class=\"wp-block-button__link has-text-align-center wp-element-button\" href=\"https:\/\/agora.xtec.cat\/isvh\/wp-content\/uploads\/usu3043\/2025\/04\/Fulleto-TES.pdf\" target=\"_blank\" rel=\"noreferrer noopener\"><strong>Descarrega la fitxa<\/strong><\/a><\/div>\n<\/div>\n\n\n\n<p><\/p>\n","protected":false},"excerpt":{"rendered":"<p>GFGM Emerg\u00e8nciesSanit\u00e0ries En qu\u00e8 consisteix el cicle? La compet\u00e8ncia general del cicle d\u2019emerg\u00e8ncies sanit\u00e0ries consisteix a traslladar el pacient al centre sanitari, prestar atenci\u00f3 b\u00e0sica sanit\u00e0ria i psicol\u00f2gica en l\u2019entorn prehospitalari, dur a terme activitats de teleoperaci\u00f3 o teleassist\u00e8ncia sanit\u00e0ria i col\u00b7laborar en l\u2019organitzaci\u00f3 i desenvolupament dels plans d\u2019emerg\u00e8ncia, dels dispositius de risc previsibles i [&hellip;]<\/p>\n","protected":false},"author":1,"featured_media":0,"parent":637,"menu_order":0,"comment_status":"closed","ping_status":"closed","template":"","meta":{"site-sidebar-layout":"default","site-content-layout":"","ast-site-content-layout":"default","site-content-style":"default","site-sidebar-style":"default","ast-global-header-display":"","ast-banner-title-visibility":"","ast-main-header-display":"","ast-hfb-above-header-display":"","ast-hfb-below-header-display":"","ast-hfb-mobile-header-display":"","site-post-title":"","ast-breadcrumbs-content":"","ast-featured-img":"","footer-sml-layout":"","theme-transparent-header-meta":"","adv-header-id-meta":"","stick-header-meta":"","header-above-stick-meta":"","header-main-stick-meta":"","header-below-stick-meta":"","astra-migrate-meta-layouts":"set","ast-page-background-enabled":"default","ast-page-background-meta":{"desktop":{"background-color":"var(--ast-global-color-4)","background-image":"","background-repeat":"repeat","background-position":"center center","background-size":"auto","background-attachment":"scroll","background-type":"","background-media":"","overlay-type":"","overlay-color":"","overlay-opacity":"","overlay-gradient":""},"tablet":{"background-color":"","background-image":"","background-repeat":"repeat","background-position":"center center","background-size":"auto","background-attachment":"scroll","background-type":"","background-media":"","overlay-type":"","overlay-color":"","overlay-opacity":"","overlay-gradient":""},"mobile":{"background-color":"","background-image":"","background-repeat":"repeat","background-position":"center center","background-size":"auto","background-attachment":"scroll","background-type":"","background-media":"","overlay-type":"","overlay-color":"","overlay-opacity":"","overlay-gradient":""}},"ast-content-background-meta":{"desktop":{"background-color":"var(--ast-global-color-5)","background-image":"","background-repeat":"repeat","background-position":"center center","background-size":"auto","background-attachment":"scroll","background-type":"","background-media":"","overlay-type":"","overlay-color":"","overlay-opacity":"","overlay-gradient":""},"tablet":{"background-color":"var(--ast-global-color-5)","background-image":"","background-repeat":"repeat","background-position":"center center","background-size":"auto","background-attachment":"scroll","background-type":"","background-media":"","overlay-type":"","overlay-color":"","overlay-opacity":"","overlay-gradient":""},"mobile":{"background-color":"var(--ast-global-color-5)","background-image":"","background-repeat":"repeat","background-position":"center center","background-size":"auto","background-attachment":"scroll","background-type":"","background-media":"","overlay-type":"","overlay-color":"","overlay-opacity":"","overlay-gradient":""}},"footnotes":""},"class_list":["post-701","page","type-page","status-publish","hentry"],"post_mailing_queue_ids":[],"_links":{"self":[{"href":"https:\/\/agora.xtec.cat\/isvh\/wp-json\/wp\/v2\/pages\/701","targetHints":{"allow":["GET"]}}],"collection":[{"href":"https:\/\/agora.xtec.cat\/isvh\/wp-json\/wp\/v2\/pages"}],"about":[{"href":"https:\/\/agora.xtec.cat\/isvh\/wp-json\/wp\/v2\/types\/page"}],"author":[{"embeddable":true,"href":"https:\/\/agora.xtec.cat\/isvh\/wp-json\/wp\/v2\/users\/1"}],"replies":[{"embeddable":true,"href":"https:\/\/agora.xtec.cat\/isvh\/wp-json\/wp\/v2\/comments?post=701"}],"version-history":[{"count":6,"href":"https:\/\/agora.xtec.cat\/isvh\/wp-json\/wp\/v2\/pages\/701\/revisions"}],"predecessor-version":[{"id":4162,"href":"https:\/\/agora.xtec.cat\/isvh\/wp-json\/wp\/v2\/pages\/701\/revisions\/4162"}],"up":[{"embeddable":true,"href":"https:\/\/agora.xtec.cat\/isvh\/wp-json\/wp\/v2\/pages\/637"}],"wp:attachment":[{"href":"https:\/\/agora.xtec.cat\/isvh\/wp-json\/wp\/v2\/media?parent=701"}],"curies":[{"name":"wp","href":"https:\/\/api.w.org\/{rel}","templated":true}]}}