{"id":699,"date":"2024-05-31T13:43:20","date_gmt":"2024-05-31T11:43:20","guid":{"rendered":"https:\/\/agora.xtec.cat\/isvh\/?page_id=699"},"modified":"2026-03-24T11:50:05","modified_gmt":"2026-03-24T10:50:05","slug":"cfgm-cures-auxiliars-dinfermeria","status":"publish","type":"page","link":"https:\/\/agora.xtec.cat\/isvh\/estudis\/cfgm-grau-mitja\/cfgm-cures-auxiliars-dinfermeria\/","title":{"rendered":"Cures Auxiliars d&#8217;Infermeria"},"content":{"rendered":"\n<p><\/p>\n\n\n\n<div class=\"wp-block-columns is-layout-flex wp-container-core-columns-is-layout-1 wp-block-columns-is-layout-flex\">\n<div class=\"wp-block-column is-layout-flow wp-block-column-is-layout-flow\" style=\"flex-basis:60%\">\n<figure class=\"wp-block-image size-full is-resized\"><img loading=\"lazy\" decoding=\"async\" width=\"960\" height=\"540\" src=\"https:\/\/agora.xtec.cat\/isvh\/wp-content\/uploads\/usu3043\/2025\/04\/BOTO-CAI-3.jpg\" alt=\"\" class=\"wp-image-1956\" style=\"width:554px;height:auto\" srcset=\"https:\/\/agora.xtec.cat\/isvh\/wp-content\/uploads\/usu3043\/2025\/04\/BOTO-CAI-3.jpg 960w, https:\/\/agora.xtec.cat\/isvh\/wp-content\/uploads\/usu3043\/2025\/04\/BOTO-CAI-3-300x169.jpg 300w, https:\/\/agora.xtec.cat\/isvh\/wp-content\/uploads\/usu3043\/2025\/04\/BOTO-CAI-3-768x432.jpg 768w\" sizes=\"auto, (max-width: 960px) 100vw, 960px\" \/><\/figure>\n<\/div>\n\n\n\n<div class=\"wp-block-column is-layout-flow wp-block-column-is-layout-flow\" style=\"flex-basis:30%\">\n<p class=\"has-text-color has-link-color has-large-font-size wp-elements-75f1ba033bdb91cc71e4c6cd6db7bba7\" style=\"color:#233a80\"><strong>GFGM<\/strong><\/p>\n\n\n\n<p class=\"has-text-color has-link-color has-large-font-size wp-elements-457cd4cb8c88238b8535e1b07126283e\" style=\"color:#00b4ce\"><strong>Cures<br>Auxiliars<br>d&#8217;Infermeria<\/strong><\/p>\n<\/div>\n\n\n\n<div class=\"wp-block-column is-layout-flow wp-block-column-is-layout-flow\" style=\"flex-basis:10%\"><\/div>\n<\/div>\n\n\n\n<h2 class=\"wp-block-heading has-text-color has-link-color has-large-font-size wp-elements-27c10f70a350263b47b214b2b7e41698\" style=\"color:#233a80\"><strong>En qu\u00e8 consisteix el cicle?<\/strong><\/h2>\n\n\n\n<p><\/p>\n\n\n\n<p>La compet\u00e8ncia general del cicle de cures d\u2019auxiliars d\u2019infermeria consisteix a proporcionar cures auxiliars al pacient\/client i actuar sobre les condicions sanit\u00e0ries del seu entorn: com a membre d\u2019un equip d\u2019infermeria en els centres sanitaris d\u2019atenci\u00f3-especialitzada i d\u2019atenci\u00f3 prim\u00e0ria, sota la depend\u00e8ncia del diplomat d\u2019infermeria o si escau, i tamb\u00e9, com a membre d\u2019un equip de salut en l\u2019assist\u00e8ncia derivada de la pr\u00e0ctica de l\u2019exercici liberal, sota la supervisi\u00f3 corresponent.<\/p>\n\n\n\n<p><\/p>\n\n\n\n<h2 class=\"wp-block-heading has-text-color has-link-color has-large-font-size wp-elements-3d767e7dcca3fe8a0c47246ff4f487f0\" style=\"color:#233a80\"><strong>Quina durada i horari t\u00e9 el cicle formatiu?<\/strong><\/h2>\n\n\n\n<p><\/p>\n\n\n\n<p><strong>1.400 hores<\/strong>&nbsp;distribu\u00efdes, o b\u00e9 en un curs, o b\u00e9 en un curs te\u00f2ric i pr\u00e0ctiques al setembre seg\u00fcent (410h), segons criteri docent.<br>L\u2019horari marc \u00e9s de 8h a 14.30h en torn de mat\u00ed i de 15h a 21.30h en torn de tarda.<\/p>\n\n\n\n<p><\/p>\n\n\n\n<h2 class=\"wp-block-heading has-text-color has-link-color has-large-font-size wp-elements-b66c63e05abe7179df6dcc98d5f259c2\" style=\"color:#233a80\"><strong>Quantes places hi ha?<\/strong><\/h2>\n\n\n\n<p>Actualment disposem de 3 grups de mat\u00ed i 3 grups de tarda de 30 alumnes cada grup.<\/p>\n\n\n\n<p><\/p>\n\n\n\n<p><\/p>\n\n\n\n<h2 class=\"wp-block-heading has-text-color has-link-color has-large-font-size wp-elements-ee13e7a76406add3133896c71d534929\" style=\"color:#233a80\"><strong>Quin preu de matr\u00edcula t\u00e9 el cicle?<\/strong><\/h2>\n\n\n\n<p><\/p>\n\n\n\n<p>El cicle t\u00e9 un preu de matr\u00edcula (quota de serveis) de <strong>205 \u20ac per tot el curs<\/strong>, que s&#8217;ha d&#8217;abonar en un pagament \u00fanic en el moment de la matr\u00edcula (no es paga mensualment).<\/p>\n\n\n\n<p><\/p>\n\n\n\n<h2 class=\"wp-block-heading has-text-color has-link-color has-large-font-size wp-elements-72bc22cee578eb660242e04252bf5498\" style=\"color:#233a80\"><strong>Mat\u00e8ries del cicle: cr\u00e8dits i hores<\/strong><\/h2>\n\n\n\n<p><\/p>\n\n\n\n<p>Relaci\u00f3 de cr\u00e8dits que s&#8217;imparteixen al cicle amb el total d&#8217;hores per cr\u00e8dit<\/p>\n\n\n\n<p><\/p>\n\n\n\n<p><\/p>\n\n\n\n<figure class=\"wp-block-table is-style-stripes\"><table class=\"has-fixed-layout\"><thead><tr><th class=\"has-text-align-left\" data-align=\"left\">Cr\u00e8dits del cicle<\/th><th class=\"has-text-align-center\" data-align=\"center\">HORES<\/th><\/tr><\/thead><tbody><tr><td class=\"has-text-align-left\" data-align=\"left\">Operacions administratives i documentaci\u00f3 sanit\u00e0ria<\/td><td class=\"has-text-align-center\" data-align=\"center\">66<\/td><\/tr><tr><td class=\"has-text-align-left\" data-align=\"left\">L\u2019\u00e9sser hum\u00e0 davant la malaltia<\/td><td class=\"has-text-align-center\" data-align=\"center\">66<\/td><\/tr><tr><td class=\"has-text-align-left\" data-align=\"left\">Benestar del pacient: necessitats d\u2019higiene, rep\u00f2s i moviments<\/td><td class=\"has-text-align-center\" data-align=\"center\">66<\/td><\/tr><tr><td class=\"has-text-align-left\" data-align=\"left\">Cures auxiliars d\u2019infermeria aplicades a l\u2019\u00e9sser hum\u00e0<\/td><td class=\"has-text-align-center\" data-align=\"center\">264<\/td><\/tr><tr><td class=\"has-text-align-left\" data-align=\"left\">Primers auxilis<\/td><td class=\"has-text-align-center\" data-align=\"center\">33<\/td><\/tr><tr><td class=\"has-text-align-left\" data-align=\"left\">Higiene del medi hospitalari i neteja del material<\/td><td class=\"has-text-align-center\" data-align=\"center\">99<\/td><\/tr><tr><td class=\"has-text-align-left\" data-align=\"left\">Recolzament psicol\u00f2gic al pacient<\/td><td class=\"has-text-align-center\" data-align=\"center\">33<\/td><\/tr><tr><td class=\"has-text-align-left\" data-align=\"left\">Educaci\u00f3 per a la salut<\/td><td class=\"has-text-align-center\" data-align=\"center\">33<\/td><\/tr><tr><td class=\"has-text-align-left\" data-align=\"left\">T\u00e8cniques d\u2019ajuda odontol\u00f2gica\/estomatol\u00f2gica<\/td><td class=\"has-text-align-center\" data-align=\"center\">99<\/td><\/tr><tr><td class=\"has-text-align-left\" data-align=\"left\">Relaci\u00f3 en l&#8217;equip de Treball (RET)<\/td><td class=\"has-text-align-center\" data-align=\"center\">66<\/td><\/tr><tr><td class=\"has-text-align-left\" data-align=\"left\">Formaci\u00f3 i orientaci\u00f3 laboral (FOL)<\/td><td class=\"has-text-align-center\" data-align=\"center\">66<\/td><\/tr><tr><td class=\"has-text-align-left\" data-align=\"left\">Formaci\u00f3 a centres de treball (FCT)<\/td><td class=\"has-text-align-center\" data-align=\"center\">410<\/td><\/tr><tr><td class=\"has-text-align-left\" data-align=\"left\">S\u00edntesi<\/td><td class=\"has-text-align-center\" data-align=\"center\">60<\/td><\/tr><\/tbody><\/table><\/figure>\n\n\n\n<p><\/p>\n\n\n\n<h2 class=\"wp-block-heading has-text-color has-link-color has-large-font-size wp-elements-1354962722c4d2bf35b93a62572ca6d6\" style=\"color:#233a80\"><strong>Quines sortides professionals tens amb el t\u00edtol?<\/strong><\/h2>\n\n\n\n<p><\/p>\n\n\n\n<p>Auxiliar d\u2019infermeria cl\u00ednica.<br>Auxiliar d\u2019atenci\u00f3 prim\u00e0ria.<br>Auxiliar bucodental.<br>Auxiliar geri\u00e0trica.<br>Auxiliar d\u2019infermeria a domicili.<br>Auxiliar d\u2019esterilitzaci\u00f3.<br>Auxiliar d\u2019unitats especials.<br>Auxiliar de salut mental.<\/p>\n\n\n\n<p><\/p>\n\n\n\n<h2 class=\"wp-block-heading has-text-color has-link-color has-large-font-size wp-elements-233e7eed029cd52da1652ac910f00378\" style=\"color:#233a80\"><strong>On pots treballar?<\/strong><\/h2>\n\n\n\n<p><\/p>\n\n\n\n<p>Sector sanitari hospitalari (p\u00fablic i privat).<br>Sociosanitaris.<br>Cl\u00edniques Odontol\u00f2giques.<br>Centres d\u2019Atenci\u00f3 Prim\u00e0ria.<\/p>\n\n\n\n<h2 class=\"wp-block-heading has-text-color has-link-color wp-elements-86ada598c14142d492c7f9df74884e1a\" style=\"color:#233a80\"><strong>Com treballem?<\/strong><\/h2>\n\n\n\n<p>Al cicle de T\u00e8cnic\/a en Cures Auxiliars d&#8217;infermeria treballem amb una metodologia pr\u00e0ctica i participativa que combina els continguts te\u00f2rics amb l\u2019aplicaci\u00f3 directa a l\u2019aula taller. Integren els conceptes amb la pr\u00e0ctica mitjan\u00e7ant simulacions, resoluci\u00f3 de casos i entrenament de procediments reals, perqu\u00e8 l\u2019alumnat aprengui fent i desenvolupi les compet\u00e8ncies professionals, la seguretat i el treball en equip necessaris per al m\u00f3n sanitari.<\/p>\n\n\n\n<h2 class=\"wp-block-heading has-text-color has-link-color wp-elements-e3b2c8d8a1f37698c45d504ffcf0d471\" style=\"color:#233a80\">Quines sortides laborals t\u00e9?<\/h2>\n\n\n\n<p>El Cicle Formatiu de T\u00e8cnic en Cures Auxiliars d\u2019Infermeria ofereix \u00e0mplies sortides laborals en el sector sanitari, un dels \u00e0mbits amb m\u00e9s estabilitat i demanda de professionals. En finalitzar els estudis podr\u00e0s treballar en hospitals, cl\u00edniques, centres d\u2019atenci\u00f3 prim\u00e0ria, resid\u00e8ncies de gent gran, centres de dia, cl\u00edniques dentals, balnearis, centres de rehabilitaci\u00f3 i serveis d\u2019atenci\u00f3 domicili\u00e0ria, tant en el sector p\u00fablic com en el privat.<\/p>\n\n\n\n<h2 class=\"wp-block-heading has-text-color has-link-color wp-elements-da8cafdfc0b89a3d5473aba7da00745c\" style=\"color:#233a80\">Activitats destacades del cicle<\/h2>\n\n\n\n<p>Simulaci\u00f3 cl\u00ednica<br>Tallers trimestrals on s&#8217;integren conceptes treballats en els diferents cr\u00e8dits.<br>Xerrada cremats<br>Xerrada neonats<br>Jornades t\u00e8cniques TCAI Hospital Sant Rafael: pacient quir\u00fargic, pacient psiqui\u00e0tric i pacient DM<br>Taller teoric\/pr\u00e0ctic Risc Suicidi<br>Visita al Servei d&#8217;Esterilitzaci\u00f3 Hospital Vall d&#8217;Hebron<br>Taller pr\u00e0ctic d&#8217;esterilitzaci\u00f3 Matachana<\/p>\n\n\n\n<h2 class=\"wp-block-heading has-text-color has-link-color wp-elements-9b5219fe3d73ff792d80d7807224d2e8\" style=\"color:#233a80\">Projectes singulars<\/h2>\n\n\n\n<p>Projecte disf\u00e0gia amb l&#8217;institut dels aliments.<br>Projecte de salut bucodental amb les escoles del barri.<\/p>\n\n\n\n<div class=\"wp-block-buttons is-content-justification-center is-layout-flex wp-container-core-buttons-is-layout-1 wp-block-buttons-is-layout-flex\">\n<div class=\"wp-block-button is-style-outline is-style-outline--1\"><a class=\"wp-block-button__link has-text-align-center wp-element-button\" href=\"https:\/\/agora.xtec.cat\/isvh\/wp-content\/uploads\/usu3043\/2025\/04\/Fulleto-CAI.pdf\" target=\"_blank\" rel=\"noreferrer noopener\"><strong>Descarrega la fitxa<\/strong><\/a><\/div>\n<\/div>\n\n\n\n<p><\/p>\n","protected":false},"excerpt":{"rendered":"<p>GFGM CuresAuxiliarsd&#8217;Infermeria En qu\u00e8 consisteix el cicle? La compet\u00e8ncia general del cicle de cures d\u2019auxiliars d\u2019infermeria consisteix a proporcionar cures auxiliars al pacient\/client i actuar sobre les condicions sanit\u00e0ries del seu entorn: com a membre d\u2019un equip d\u2019infermeria en els centres sanitaris d\u2019atenci\u00f3-especialitzada i d\u2019atenci\u00f3 prim\u00e0ria, sota la depend\u00e8ncia del diplomat d\u2019infermeria o si escau, [&hellip;]<\/p>\n","protected":false},"author":1,"featured_media":0,"parent":637,"menu_order":0,"comment_status":"closed","ping_status":"closed","template":"","meta":{"site-sidebar-layout":"default","site-content-layout":"","ast-site-content-layout":"default","site-content-style":"default","site-sidebar-style":"default","ast-global-header-display":"","ast-banner-title-visibility":"","ast-main-header-display":"","ast-hfb-above-header-display":"","ast-hfb-below-header-display":"","ast-hfb-mobile-header-display":"","site-post-title":"","ast-breadcrumbs-content":"","ast-featured-img":"","footer-sml-layout":"","theme-transparent-header-meta":"","adv-header-id-meta":"","stick-header-meta":"","header-above-stick-meta":"","header-main-stick-meta":"","header-below-stick-meta":"","astra-migrate-meta-layouts":"set","ast-page-background-enabled":"default","ast-page-background-meta":{"desktop":{"background-color":"var(--ast-global-color-4)","background-image":"","background-repeat":"repeat","background-position":"center center","background-size":"auto","background-attachment":"scroll","background-type":"","background-media":"","overlay-type":"","overlay-color":"","overlay-opacity":"","overlay-gradient":""},"tablet":{"background-color":"","background-image":"","background-repeat":"repeat","background-position":"center center","background-size":"auto","background-attachment":"scroll","background-type":"","background-media":"","overlay-type":"","overlay-color":"","overlay-opacity":"","overlay-gradient":""},"mobile":{"background-color":"","background-image":"","background-repeat":"repeat","background-position":"center center","background-size":"auto","background-attachment":"scroll","background-type":"","background-media":"","overlay-type":"","overlay-color":"","overlay-opacity":"","overlay-gradient":""}},"ast-content-background-meta":{"desktop":{"background-color":"var(--ast-global-color-5)","background-image":"","background-repeat":"repeat","background-position":"center center","background-size":"auto","background-attachment":"scroll","background-type":"","background-media":"","overlay-type":"","overlay-color":"","overlay-opacity":"","overlay-gradient":""},"tablet":{"background-color":"var(--ast-global-color-5)","background-image":"","background-repeat":"repeat","background-position":"center center","background-size":"auto","background-attachment":"scroll","background-type":"","background-media":"","overlay-type":"","overlay-color":"","overlay-opacity":"","overlay-gradient":""},"mobile":{"background-color":"var(--ast-global-color-5)","background-image":"","background-repeat":"repeat","background-position":"center center","background-size":"auto","background-attachment":"scroll","background-type":"","background-media":"","overlay-type":"","overlay-color":"","overlay-opacity":"","overlay-gradient":""}},"footnotes":""},"class_list":["post-699","page","type-page","status-publish","hentry"],"post_mailing_queue_ids":[],"_links":{"self":[{"href":"https:\/\/agora.xtec.cat\/isvh\/wp-json\/wp\/v2\/pages\/699","targetHints":{"allow":["GET"]}}],"collection":[{"href":"https:\/\/agora.xtec.cat\/isvh\/wp-json\/wp\/v2\/pages"}],"about":[{"href":"https:\/\/agora.xtec.cat\/isvh\/wp-json\/wp\/v2\/types\/page"}],"author":[{"embeddable":true,"href":"https:\/\/agora.xtec.cat\/isvh\/wp-json\/wp\/v2\/users\/1"}],"replies":[{"embeddable":true,"href":"https:\/\/agora.xtec.cat\/isvh\/wp-json\/wp\/v2\/comments?post=699"}],"version-history":[{"count":6,"href":"https:\/\/agora.xtec.cat\/isvh\/wp-json\/wp\/v2\/pages\/699\/revisions"}],"predecessor-version":[{"id":3998,"href":"https:\/\/agora.xtec.cat\/isvh\/wp-json\/wp\/v2\/pages\/699\/revisions\/3998"}],"up":[{"embeddable":true,"href":"https:\/\/agora.xtec.cat\/isvh\/wp-json\/wp\/v2\/pages\/637"}],"wp:attachment":[{"href":"https:\/\/agora.xtec.cat\/isvh\/wp-json\/wp\/v2\/media?parent=699"}],"curies":[{"name":"wp","href":"https:\/\/api.w.org\/{rel}","templated":true}]}}