{"id":67,"date":"2014-09-18T10:14:18","date_gmt":"2014-09-18T09:14:18","guid":{"rendered":"http:\/\/agora.xtec.cat\/isvh\/?page_id=67"},"modified":"2026-01-14T16:39:17","modified_gmt":"2026-01-14T15:39:17","slug":"borsatreball","status":"publish","type":"page","link":"https:\/\/agora.xtec.cat\/isvh\/serveis\/borsatreball\/","title":{"rendered":"Borsa de treball"},"content":{"rendered":"\n<p><\/p>\n\n\n\n<p>La Borsa de Treball de l&#8217;\u00a0<strong>Institut d&#8217;FP Sanit\u00e0ria Vall d&#8217;Hebron<\/strong>\u00a0\u00e9s un servei que t\u00e9 per objectiu facilitar la inserci\u00f3 laboral dels alumnes i ex alumnes de l&#8217;institut i ajudar-los a trobar una feina relacionada amb les compet\u00e8ncies professionals que han adquirit i inserir-se al m\u00f3n laboral<\/p>\n\n\n\n<p>Si ets una empresa el servei de la Borsa de Treball et permet registrar-te de manera f\u00e0cil i penjar les diferents ofertes que tinguis vigents.<\/p>\n\n\n\n<p><\/p>\n\n\n\n<div class=\"wp-block-columns is-layout-flex wp-container-core-columns-is-layout-1 wp-block-columns-is-layout-flex\">\n<div class=\"wp-block-column is-layout-flow wp-block-column-is-layout-flow\">\n<figure class=\"wp-block-image size-full\"><a href=\"https:\/\/isvh.ieduca.com\/borsa\" target=\"_blank\" rel=\"noreferrer noopener\"><img loading=\"lazy\" decoding=\"async\" width=\"960\" height=\"540\" src=\"https:\/\/agora.xtec.cat\/isvh\/wp-content\/uploads\/usu3043\/2025\/04\/borsa.png\" alt=\"\" class=\"wp-image-2080\" srcset=\"https:\/\/agora.xtec.cat\/isvh\/wp-content\/uploads\/usu3043\/2025\/04\/borsa.png 960w, https:\/\/agora.xtec.cat\/isvh\/wp-content\/uploads\/usu3043\/2025\/04\/borsa-300x169.png 300w, https:\/\/agora.xtec.cat\/isvh\/wp-content\/uploads\/usu3043\/2025\/04\/borsa-768x432.png 768w\" sizes=\"auto, (max-width: 960px) 100vw, 960px\" \/><\/a><\/figure>\n<\/div>\n\n\n\n<div class=\"wp-block-column is-vertically-aligned-center has-medium-font-size is-layout-flow wp-block-column-is-layout-flow\">\n<p>Accedeix des d&#8217;aqu\u00ed si ja tens usuari registrat, tant d&#8217;empresa com d&#8217;alumnes. Podr\u00e0s consultar les ofertes de treball i\/o actualitzar el teu curr\u00edculum o publicar noves ofertes de treball.<\/p>\n<\/div>\n<\/div>\n\n\n\n<h2 class=\"wp-block-heading\">Encara no est\u00e0s registrat\/da?<\/h2>\n\n\n\n<p><\/p>\n\n\n\n<p>Si vols poder tenir acc\u00e9s a les ofertes de treball i penjar el teu curr\u00edculum, crea el teu perfil accedeint al bot\u00f3 <strong>Alumnat<\/strong>. Si ets una empresa i vols registrar-la per publicar les teves ofertes, accedeix al bot\u00f3 <strong>Empresa<\/strong>.<\/p>\n\n\n\n<div class=\"wp-block-columns is-layout-flex wp-container-core-columns-is-layout-2 wp-block-columns-is-layout-flex\">\n<div class=\"wp-block-column is-layout-flow wp-block-column-is-layout-flow\">\n<figure class=\"wp-block-image size-full\"><a href=\"https:\/\/isvh.ieduca.com\/borsa\/register?tipo=ALUMNE\" target=\"_blank\" rel=\"noreferrer noopener\"><img loading=\"lazy\" decoding=\"async\" width=\"960\" height=\"540\" src=\"https:\/\/agora.xtec.cat\/isvh\/wp-content\/uploads\/usu3043\/2025\/04\/boto-borsa-alumnat.png\" alt=\"\" class=\"wp-image-2069\" srcset=\"https:\/\/agora.xtec.cat\/isvh\/wp-content\/uploads\/usu3043\/2025\/04\/boto-borsa-alumnat.png 960w, https:\/\/agora.xtec.cat\/isvh\/wp-content\/uploads\/usu3043\/2025\/04\/boto-borsa-alumnat-300x169.png 300w, https:\/\/agora.xtec.cat\/isvh\/wp-content\/uploads\/usu3043\/2025\/04\/boto-borsa-alumnat-768x432.png 768w\" sizes=\"auto, (max-width: 960px) 100vw, 960px\" \/><\/a><\/figure>\n<\/div>\n\n\n\n<div class=\"wp-block-column is-layout-flow wp-block-column-is-layout-flow\">\n<figure class=\"wp-block-image size-full\"><a href=\"https:\/\/isvh.ieduca.com\/borsa\/register?tipo=EMPRESA\" target=\"_blank\" rel=\"noreferrer noopener\"><img loading=\"lazy\" decoding=\"async\" width=\"960\" height=\"540\" src=\"https:\/\/agora.xtec.cat\/isvh\/wp-content\/uploads\/usu3043\/2025\/04\/boto-borsa-empresa.png\" alt=\"\" class=\"wp-image-2070\" srcset=\"https:\/\/agora.xtec.cat\/isvh\/wp-content\/uploads\/usu3043\/2025\/04\/boto-borsa-empresa.png 960w, https:\/\/agora.xtec.cat\/isvh\/wp-content\/uploads\/usu3043\/2025\/04\/boto-borsa-empresa-300x169.png 300w, https:\/\/agora.xtec.cat\/isvh\/wp-content\/uploads\/usu3043\/2025\/04\/boto-borsa-empresa-768x432.png 768w\" sizes=\"auto, (max-width: 960px) 100vw, 960px\" \/><\/a><\/figure>\n<\/div>\n<\/div>\n\n\n\n<p><\/p>\n","protected":false},"excerpt":{"rendered":"<p>La Borsa de Treball de l&#8217;\u00a0Institut d&#8217;FP Sanit\u00e0ria Vall d&#8217;Hebron\u00a0\u00e9s un servei que t\u00e9 per objectiu facilitar la inserci\u00f3 laboral dels alumnes i ex alumnes de l&#8217;institut i ajudar-los a trobar una feina relacionada amb les compet\u00e8ncies professionals que han adquirit i inserir-se al m\u00f3n laboral Si ets una empresa el servei de la Borsa [&hellip;]<\/p>\n","protected":false},"author":1,"featured_media":0,"parent":63,"menu_order":1,"comment_status":"closed","ping_status":"closed","template":"","meta":{"site-sidebar-layout":"default","site-content-layout":"","ast-site-content-layout":"default","site-content-style":"default","site-sidebar-style":"default","ast-global-header-display":"","ast-banner-title-visibility":"","ast-main-header-display":"","ast-hfb-above-header-display":"","ast-hfb-below-header-display":"","ast-hfb-mobile-header-display":"","site-post-title":"","ast-breadcrumbs-content":"","ast-featured-img":"","footer-sml-layout":"","theme-transparent-header-meta":"","adv-header-id-meta":"","stick-header-meta":"","header-above-stick-meta":"","header-main-stick-meta":"","header-below-stick-meta":"","astra-migrate-meta-layouts":"set","ast-page-background-enabled":"default","ast-page-background-meta":{"desktop":{"background-color":"var(--ast-global-color-4)","background-image":"","background-repeat":"repeat","background-position":"center center","background-size":"auto","background-attachment":"scroll","background-type":"","background-media":"","overlay-type":"","overlay-color":"","overlay-opacity":"","overlay-gradient":""},"tablet":{"background-color":"","background-image":"","background-repeat":"repeat","background-position":"center center","background-size":"auto","background-attachment":"scroll","background-type":"","background-media":"","overlay-type":"","overlay-color":"","overlay-opacity":"","overlay-gradient":""},"mobile":{"background-color":"","background-image":"","background-repeat":"repeat","background-position":"center center","background-size":"auto","background-attachment":"scroll","background-type":"","background-media":"","overlay-type":"","overlay-color":"","overlay-opacity":"","overlay-gradient":""}},"ast-content-background-meta":{"desktop":{"background-color":"var(--ast-global-color-5)","background-image":"","background-repeat":"repeat","background-position":"center center","background-size":"auto","background-attachment":"scroll","background-type":"","background-media":"","overlay-type":"","overlay-color":"","overlay-opacity":"","overlay-gradient":""},"tablet":{"background-color":"var(--ast-global-color-5)","background-image":"","background-repeat":"repeat","background-position":"center center","background-size":"auto","background-attachment":"scroll","background-type":"","background-media":"","overlay-type":"","overlay-color":"","overlay-opacity":"","overlay-gradient":""},"mobile":{"background-color":"var(--ast-global-color-5)","background-image":"","background-repeat":"repeat","background-position":"center center","background-size":"auto","background-attachment":"scroll","background-type":"","background-media":"","overlay-type":"","overlay-color":"","overlay-opacity":"","overlay-gradient":""}},"footnotes":""},"class_list":["post-67","page","type-page","status-publish","hentry"],"post_mailing_queue_ids":[],"_links":{"self":[{"href":"https:\/\/agora.xtec.cat\/isvh\/wp-json\/wp\/v2\/pages\/67","targetHints":{"allow":["GET"]}}],"collection":[{"href":"https:\/\/agora.xtec.cat\/isvh\/wp-json\/wp\/v2\/pages"}],"about":[{"href":"https:\/\/agora.xtec.cat\/isvh\/wp-json\/wp\/v2\/types\/page"}],"author":[{"embeddable":true,"href":"https:\/\/agora.xtec.cat\/isvh\/wp-json\/wp\/v2\/users\/1"}],"replies":[{"embeddable":true,"href":"https:\/\/agora.xtec.cat\/isvh\/wp-json\/wp\/v2\/comments?post=67"}],"version-history":[{"count":6,"href":"https:\/\/agora.xtec.cat\/isvh\/wp-json\/wp\/v2\/pages\/67\/revisions"}],"predecessor-version":[{"id":3401,"href":"https:\/\/agora.xtec.cat\/isvh\/wp-json\/wp\/v2\/pages\/67\/revisions\/3401"}],"up":[{"embeddable":true,"href":"https:\/\/agora.xtec.cat\/isvh\/wp-json\/wp\/v2\/pages\/63"}],"wp:attachment":[{"href":"https:\/\/agora.xtec.cat\/isvh\/wp-json\/wp\/v2\/media?parent=67"}],"curies":[{"name":"wp","href":"https:\/\/api.w.org\/{rel}","templated":true}]}}