{"id":667,"date":"2024-05-28T19:42:37","date_gmt":"2024-05-28T17:42:37","guid":{"rendered":"https:\/\/agora.xtec.cat\/isvh\/?page_id=667"},"modified":"2026-04-20T08:27:42","modified_gmt":"2026-04-20T06:27:42","slug":"preinscripcio-i-matricula","status":"publish","type":"page","link":"https:\/\/agora.xtec.cat\/isvh\/secretaria\/preinscripcio-i-matricula\/","title":{"rendered":"Preinscripci\u00f3 i matr\u00edcula"},"content":{"rendered":"\n<p><\/p>\n\n\n\n<p class=\"has-text-align-center has-white-color has-text-color has-background has-link-color has-medium-font-size wp-elements-5a601752160a5003ce265930cdff8d62\" style=\"background-color:#00b4ce\"><strong>EN AQUEST ESPAI TROBAREU INFORMACI\u00d3 SOBRE LA PREINSCRIPCI\u00d3 PER\u00d2 EL PROC\u00c9S ES REALITZA ONLINE AMB EL DEPARTAMENT D&#8217;EDUCACI\u00d3 I FP, QUE \u00c9S QUI PUBLICA TOTA LA INFORMACI\u00d3 OFICIAL.  A LA NOSTRA WEB ES PENGEN  LES LLISTES PRESCRIPTIVES I HI TROBAR\u00c0S LA INFORMACI\u00d3 SOBRE COM REALITZAR LA MATR\u00cdCULA TELEM\u00c0TICA SI OBTENS UNA PLA\u00c7A AL NOSTRE CENTRE.<\/strong><\/p>\n\n\n\n<p class=\"has-text-align-center has-medium-font-size\"><strong>IMPORTANT! Per manca de personal, a secretaria no hi ha atenci\u00f3 presencial ni telef\u00f2nica. Llegeix atentament les indicacions a la web del Departament per a la preinscripci\u00f3 i a la nostra web per la matr\u00edcula. Si et cal contactar amb nosaltres pots escriure a secretaria@isvh.cat (a l&#8217;assumpte cal indicar PREINSCRIPCI\u00d3 o MATR\u00cdCULA).<\/strong><\/p>\n\n\n\n<p><\/p>\n\n\n\n<p class=\"has-text-align-center\">No hi ha <strong>LLISTA D&#8217;ESPERA<\/strong> fins que el <strong>dia 7 de setembre<\/strong> el <strong>Departament <\/strong>publiqui les vacants i habiliti l&#8217;espai <strong>online <\/strong>per realitzar la sol\u00b7licitud (gestor de cues virtual). Quan arribi el moment, penjarem l&#8217;enlla\u00e7 en aquesta web.<\/p>\n\n\n\n<p><\/p>\n\n\n\n<p class=\"has-text-align-center has-text-color has-link-color has-medium-font-size wp-elements-b3e13e7534f169e404e7fce219afc1a6\" style=\"color:#233a80\"><strong>ACTUALITZACIONS SOBRE PREINSCRIPCI\u00d3 I MATR\u00cdCULA PER A ALUMNAT NOU!<\/strong><br>\ud83d\udc47\ud83c\udffc<strong>Fes clic a un nivell educatiu per veure tot el calendari i enlla\u00e7os!<\/strong>\ud83d\udc47\ud83c\udffc<\/p>\n\n\n\n<div class=\"wp-block-columns is-layout-flex wp-container-core-columns-is-layout-1 wp-block-columns-is-layout-flex\">\n<div class=\"wp-block-column is-layout-flow wp-block-column-is-layout-flow\">\n<figure class=\"wp-block-image size-full\"><a href=\"https:\/\/agora.xtec.cat\/isvh\/secretaria\/preinscripcio-i-matricula\/pfi-preinscripcio-i-matricula\/\" target=\"_blank\" rel=\"noreferrer noopener\"><img loading=\"lazy\" decoding=\"async\" width=\"960\" height=\"540\" src=\"https:\/\/agora.xtec.cat\/isvh\/wp-content\/uploads\/usu3043\/2025\/03\/PFI.png\" alt=\"\" class=\"wp-image-1801\" style=\"object-fit:cover\" srcset=\"https:\/\/agora.xtec.cat\/isvh\/wp-content\/uploads\/usu3043\/2025\/03\/PFI.png 960w, https:\/\/agora.xtec.cat\/isvh\/wp-content\/uploads\/usu3043\/2025\/03\/PFI-300x169.png 300w, https:\/\/agora.xtec.cat\/isvh\/wp-content\/uploads\/usu3043\/2025\/03\/PFI-768x432.png 768w\" sizes=\"auto, (max-width: 960px) 100vw, 960px\" \/><\/a><\/figure>\n\n\n\n<p class=\"has-text-align-center has-text-color has-link-color wp-elements-4d0378785c51038bc872fd31744df890\" style=\"color:#00b4ce\"><\/p>\n\n\n\n<p class=\"has-text-align-center has-text-color has-link-color wp-elements-28ad4593abb5c7a80e36c8db4475fb1e\" style=\"color:#00b4ce\"><br><\/p>\n<\/div>\n\n\n\n<div class=\"wp-block-column is-layout-flow wp-block-column-is-layout-flow\">\n<figure class=\"wp-block-image size-full\"><a href=\"https:\/\/agora.xtec.cat\/isvh\/secretaria\/preinscripcio-i-matricula\/cfgm-preinscripcio-i-matricula\/\" target=\"_blank\" rel=\"noreferrer noopener\"><img loading=\"lazy\" decoding=\"async\" width=\"960\" height=\"540\" src=\"https:\/\/agora.xtec.cat\/isvh\/wp-content\/uploads\/usu3043\/2025\/03\/CFGM.png\" alt=\"\" class=\"wp-image-1802\" srcset=\"https:\/\/agora.xtec.cat\/isvh\/wp-content\/uploads\/usu3043\/2025\/03\/CFGM.png 960w, https:\/\/agora.xtec.cat\/isvh\/wp-content\/uploads\/usu3043\/2025\/03\/CFGM-300x169.png 300w, https:\/\/agora.xtec.cat\/isvh\/wp-content\/uploads\/usu3043\/2025\/03\/CFGM-768x432.png 768w\" sizes=\"auto, (max-width: 960px) 100vw, 960px\" \/><\/a><\/figure>\n\n\n\n<p class=\"has-text-align-center has-text-color has-link-color wp-elements-28ad4593abb5c7a80e36c8db4475fb1e\" style=\"color:#00b4ce\"><br><\/p>\n<\/div>\n\n\n\n<div class=\"wp-block-column is-layout-flow wp-block-column-is-layout-flow\">\n<figure class=\"wp-block-image size-full\"><a href=\"https:\/\/agora.xtec.cat\/isvh\/secretaria\/preinscripcio-i-matricula\/cfgs-preinscripcio-i-matricula\/\" target=\"_blank\" rel=\"noreferrer noopener\"><img loading=\"lazy\" decoding=\"async\" width=\"960\" height=\"540\" src=\"https:\/\/agora.xtec.cat\/isvh\/wp-content\/uploads\/usu3043\/2025\/03\/CFGS.png\" alt=\"\" class=\"wp-image-1803\" style=\"object-fit:cover\" srcset=\"https:\/\/agora.xtec.cat\/isvh\/wp-content\/uploads\/usu3043\/2025\/03\/CFGS.png 960w, https:\/\/agora.xtec.cat\/isvh\/wp-content\/uploads\/usu3043\/2025\/03\/CFGS-300x169.png 300w, https:\/\/agora.xtec.cat\/isvh\/wp-content\/uploads\/usu3043\/2025\/03\/CFGS-768x432.png 768w\" sizes=\"auto, (max-width: 960px) 100vw, 960px\" \/><\/a><\/figure>\n\n\n\n<p class=\"has-text-align-center has-text-color has-link-color wp-elements-6ea2e8253243d7fe421f8e589afaadb4\" style=\"color:#00b4ce\"><br><strong> <\/strong><\/p>\n<\/div>\n<\/div>\n\n\n\n<p class=\"has-text-align-center has-text-color has-link-color has-medium-font-size wp-elements-e8711145086441cea461c3aa8a2243d1\" style=\"color:#233a80\"><strong>ACTUALITZACIONS SOBRE MATR\u00cdCULA PER A ALUMNAT ACTUAL I ANTIC!<\/strong><br>\ud83d\udc47\ud83c\udffc<strong>Fes clic a la teva opci\u00f3 per veure tota la informaci\u00f3!<\/strong>\ud83d\udc47\ud83c\udffc<\/p>\n\n\n\n<p class=\"has-black-color has-text-color has-link-color wp-elements-89fc4ff83558e7d52ccc5b442d371a78\"><strong>Si ets alumne\/a del centre, NO has de fer preinscripci\u00f3 per\u00f2 S\u00cd matr\u00edcula de continu\u00eftat<\/strong> <strong><a href=\"https:\/\/agora.xtec.cat\/isvh\/secretaria\/preinscripcio-i-matricula\/matricula-de-continuitat-alumnat-isvh\/\">AQU\u00cd<\/a><\/strong> <strong>trobar\u00e0s la informaci\u00f3.<\/strong><\/p>\n\n\n\n<p><\/p>\n\n\n\n<figure class=\"wp-block-image size-full\"><a href=\"https:\/\/agora.xtec.cat\/isvh\/secretaria\/preinscripcio-i-matricula\/matricula-de-complecio-alumnat-isvh\/\"><img loading=\"lazy\" decoding=\"async\" width=\"913\" height=\"128\" src=\"https:\/\/agora.xtec.cat\/isvh\/wp-content\/uploads\/usu3043\/2026\/04\/COMPLECIO.jpg\" alt=\"\" class=\"wp-image-4178\" srcset=\"https:\/\/agora.xtec.cat\/isvh\/wp-content\/uploads\/usu3043\/2026\/04\/COMPLECIO.jpg 913w, https:\/\/agora.xtec.cat\/isvh\/wp-content\/uploads\/usu3043\/2026\/04\/COMPLECIO-300x42.jpg 300w, https:\/\/agora.xtec.cat\/isvh\/wp-content\/uploads\/usu3043\/2026\/04\/COMPLECIO-768x108.jpg 768w\" sizes=\"auto, (max-width: 913px) 100vw, 913px\" \/><\/a><\/figure>\n\n\n\n<p><\/p>\n\n\n\n<p>Si ets exalumne\/a i est\u00e0s pendent d&#8217;acabar el cicle amb <strong>curr\u00edculum antic<\/strong>, has de fer matr\u00edcula de <strong>compleci\u00f3<\/strong>.<\/p>\n\n\n\n<p><\/p>\n\n\n\n<figure class=\"wp-block-image size-full\"><a href=\"https:\/\/agora.xtec.cat\/isvh\/secretaria\/preinscripcio-i-matricula\/matricula-de-continuitat-alumnat-isvh\/\"><img loading=\"lazy\" decoding=\"async\" width=\"850\" height=\"118\" src=\"https:\/\/agora.xtec.cat\/isvh\/wp-content\/uploads\/usu3043\/2026\/04\/continuitat-1.jpg\" alt=\"\" class=\"wp-image-4176\" srcset=\"https:\/\/agora.xtec.cat\/isvh\/wp-content\/uploads\/usu3043\/2026\/04\/continuitat-1.jpg 850w, https:\/\/agora.xtec.cat\/isvh\/wp-content\/uploads\/usu3043\/2026\/04\/continuitat-1-300x42.jpg 300w, https:\/\/agora.xtec.cat\/isvh\/wp-content\/uploads\/usu3043\/2026\/04\/continuitat-1-768x107.jpg 768w\" sizes=\"auto, (max-width: 850px) 100vw, 850px\" \/><\/a><\/figure>\n","protected":false},"excerpt":{"rendered":"<p>EN AQUEST ESPAI TROBAREU INFORMACI\u00d3 SOBRE LA PREINSCRIPCI\u00d3 PER\u00d2 EL PROC\u00c9S ES REALITZA ONLINE AMB EL DEPARTAMENT D&#8217;EDUCACI\u00d3 I FP, QUE \u00c9S QUI PUBLICA TOTA LA INFORMACI\u00d3 OFICIAL. A LA NOSTRA WEB ES PENGEN LES LLISTES PRESCRIPTIVES I HI TROBAR\u00c0S LA INFORMACI\u00d3 SOBRE COM REALITZAR LA MATR\u00cdCULA TELEM\u00c0TICA SI OBTENS UNA PLA\u00c7A AL NOSTRE CENTRE. [&hellip;]<\/p>\n","protected":false},"author":1,"featured_media":0,"parent":81,"menu_order":0,"comment_status":"closed","ping_status":"closed","template":"","meta":{"site-sidebar-layout":"default","site-content-layout":"","ast-site-content-layout":"default","site-content-style":"default","site-sidebar-style":"default","ast-global-header-display":"","ast-banner-title-visibility":"","ast-main-header-display":"","ast-hfb-above-header-display":"","ast-hfb-below-header-display":"","ast-hfb-mobile-header-display":"","site-post-title":"","ast-breadcrumbs-content":"","ast-featured-img":"","footer-sml-layout":"","theme-transparent-header-meta":"","adv-header-id-meta":"","stick-header-meta":"","header-above-stick-meta":"","header-main-stick-meta":"","header-below-stick-meta":"","astra-migrate-meta-layouts":"set","ast-page-background-enabled":"default","ast-page-background-meta":{"desktop":{"background-color":"var(--ast-global-color-4)","background-image":"","background-repeat":"repeat","background-position":"center center","background-size":"auto","background-attachment":"scroll","background-type":"","background-media":"","overlay-type":"","overlay-color":"","overlay-opacity":"","overlay-gradient":""},"tablet":{"background-color":"","background-image":"","background-repeat":"repeat","background-position":"center center","background-size":"auto","background-attachment":"scroll","background-type":"","background-media":"","overlay-type":"","overlay-color":"","overlay-opacity":"","overlay-gradient":""},"mobile":{"background-color":"","background-image":"","background-repeat":"repeat","background-position":"center center","background-size":"auto","background-attachment":"scroll","background-type":"","background-media":"","overlay-type":"","overlay-color":"","overlay-opacity":"","overlay-gradient":""}},"ast-content-background-meta":{"desktop":{"background-color":"var(--ast-global-color-5)","background-image":"","background-repeat":"repeat","background-position":"center center","background-size":"auto","background-attachment":"scroll","background-type":"","background-media":"","overlay-type":"","overlay-color":"","overlay-opacity":"","overlay-gradient":""},"tablet":{"background-color":"var(--ast-global-color-5)","background-image":"","background-repeat":"repeat","background-position":"center center","background-size":"auto","background-attachment":"scroll","background-type":"","background-media":"","overlay-type":"","overlay-color":"","overlay-opacity":"","overlay-gradient":""},"mobile":{"background-color":"var(--ast-global-color-5)","background-image":"","background-repeat":"repeat","background-position":"center center","background-size":"auto","background-attachment":"scroll","background-type":"","background-media":"","overlay-type":"","overlay-color":"","overlay-opacity":"","overlay-gradient":""}},"footnotes":""},"class_list":["post-667","page","type-page","status-publish","hentry"],"post_mailing_queue_ids":[],"_links":{"self":[{"href":"https:\/\/agora.xtec.cat\/isvh\/wp-json\/wp\/v2\/pages\/667","targetHints":{"allow":["GET"]}}],"collection":[{"href":"https:\/\/agora.xtec.cat\/isvh\/wp-json\/wp\/v2\/pages"}],"about":[{"href":"https:\/\/agora.xtec.cat\/isvh\/wp-json\/wp\/v2\/types\/page"}],"author":[{"embeddable":true,"href":"https:\/\/agora.xtec.cat\/isvh\/wp-json\/wp\/v2\/users\/1"}],"replies":[{"embeddable":true,"href":"https:\/\/agora.xtec.cat\/isvh\/wp-json\/wp\/v2\/comments?post=667"}],"version-history":[{"count":6,"href":"https:\/\/agora.xtec.cat\/isvh\/wp-json\/wp\/v2\/pages\/667\/revisions"}],"predecessor-version":[{"id":4179,"href":"https:\/\/agora.xtec.cat\/isvh\/wp-json\/wp\/v2\/pages\/667\/revisions\/4179"}],"up":[{"embeddable":true,"href":"https:\/\/agora.xtec.cat\/isvh\/wp-json\/wp\/v2\/pages\/81"}],"wp:attachment":[{"href":"https:\/\/agora.xtec.cat\/isvh\/wp-json\/wp\/v2\/media?parent=667"}],"curies":[{"name":"wp","href":"https:\/\/api.w.org\/{rel}","templated":true}]}}