{"id":637,"date":"2024-05-28T19:24:11","date_gmt":"2024-05-28T17:24:11","guid":{"rendered":"https:\/\/agora.xtec.cat\/isvh\/?page_id=637"},"modified":"2025-10-09T11:49:23","modified_gmt":"2025-10-09T09:49:23","slug":"cfgm-grau-mitja","status":"publish","type":"page","link":"https:\/\/agora.xtec.cat\/isvh\/estudis\/cfgm-grau-mitja\/","title":{"rendered":"Cicles Formatius de Grau Mitj\u00e0 (CFGM)"},"content":{"rendered":"\n<p><\/p>\n\n\n\n<p>Els Cicles Formatius de Grau Mitj\u00e0 s\u00f3n ensenyaments que capaciten per a l&#8217;obtenci\u00f3 d&#8217;un t\u00edtol de T\u00e8cnic o T\u00e8cnica en l&#8217;ensenyament corresponent. Com a norma, tenen una durada de 2000 hores, a excepci\u00f3 de Cures Auxiliars d&#8217;Infermeria (1450 hores).<\/p>\n\n\n\n<p>Actualment, es pot accedir accedir amb el graduat en ESO o qualsevol altre estudi equivalent o superior (T\u00e8cnic\/a b\u00e0sic\/a, T\u00e8cnic\/a, T\u00e8cnic\/a Superior, T\u00e8cnic\/a Auxiliar, Batxillerat&#8230;), o amb certificat de professionalitat incl\u00f2s en cicle, curs de formaci\u00f3 per a l&#8217;acc\u00e9s a grau mitj\u00e0 o prova d&#8217;acc\u00e9s, com a vies principals d&#8217;acc\u00e9s.<\/p>\n\n\n\n<p><\/p>\n\n\n\n<p>Si vols informaci\u00f3 sobre les vies d&#8217;acc\u00e9s o com es calcula la nota de l&#8217;ESO, pots consultar-la al web del Departament d&#8217;Educaci\u00f3 i Formaci\u00f3 Professional.<\/p>\n\n\n\n<p><\/p>\n\n\n\n<div class=\"wp-block-buttons is-content-justification-left is-layout-flex wp-container-core-buttons-is-layout-1 wp-block-buttons-is-layout-flex\">\n<div class=\"wp-block-button is-style-outline is-style-outline--1\"><a class=\"wp-block-button__link has-white-color has-text-color has-link-color wp-element-button\" href=\"https:\/\/preinscripcio.gencat.cat\/ca\/estudis\/fp-grau-mitja\/informat\/criteris-assignacio\/\" target=\"_blank\" rel=\"noreferrer noopener\">Vies d&#8217;acc\u00e9s<\/a><\/div>\n\n\n\n<div class=\"wp-block-button is-style-outline is-style-outline--2\"><a class=\"wp-block-button__link has-white-color has-text-color has-link-color wp-element-button\" href=\"https:\/\/preinscripcio.gencat.cat\/ca\/estudis\/calculs-preinscripcio\/mitjana-eso-preinscripcio-fpgm-batxillerat\/qualificacio-mitjana-eso-preinscricio-fpgm\/\" target=\"_blank\" rel=\"noreferrer noopener\">C\u00e0lcul nota ESO<\/a><\/div>\n<\/div>\n\n\n\n<p><\/p>\n\n\n\n<p>L&#8217;Institut FP Sanit\u00e0ria Vall d&#8217;Hebron ofereix possibilitat de formar-se en els seg\u00fcents cicles formatius d&#8217;aquesta etapa educativa:<\/p>\n\n\n\n<p><\/p>\n\n\n\n<div class=\"wp-block-columns is-layout-flex wp-container-core-columns-is-layout-1 wp-block-columns-is-layout-flex\">\n<div class=\"wp-block-column is-layout-flow wp-block-column-is-layout-flow\">\n<figure class=\"wp-block-image size-full\"><a href=\"https:\/\/agora.xtec.cat\/isvh\/estudis\/cfgm-grau-mitja\/cfgm-cures-auxiliars-dinfermeria\/\" target=\"_blank\" rel=\"noreferrer noopener\"><img loading=\"lazy\" decoding=\"async\" width=\"960\" height=\"540\" src=\"https:\/\/agora.xtec.cat\/isvh\/wp-content\/uploads\/usu3043\/2025\/04\/BOTO-CAI.jpg\" alt=\"\" class=\"wp-image-1949\" style=\"object-fit:cover\" srcset=\"https:\/\/agora.xtec.cat\/isvh\/wp-content\/uploads\/usu3043\/2025\/04\/BOTO-CAI.jpg 960w, https:\/\/agora.xtec.cat\/isvh\/wp-content\/uploads\/usu3043\/2025\/04\/BOTO-CAI-300x169.jpg 300w, https:\/\/agora.xtec.cat\/isvh\/wp-content\/uploads\/usu3043\/2025\/04\/BOTO-CAI-768x432.jpg 768w\" sizes=\"auto, (max-width: 960px) 100vw, 960px\" \/><\/a><\/figure>\n\n\n\n<figure class=\"wp-block-image size-full\"><a href=\"https:\/\/agora.xtec.cat\/isvh\/estudis\/cfgm-grau-mitja\/cfgm-farmacia-i-parafarmacia\/\" target=\"_blank\" rel=\"noreferrer noopener\"><img loading=\"lazy\" decoding=\"async\" width=\"960\" height=\"540\" src=\"https:\/\/agora.xtec.cat\/isvh\/wp-content\/uploads\/usu3043\/2025\/04\/BOTO-FAR.jpg\" alt=\"\" class=\"wp-image-1927\" srcset=\"https:\/\/agora.xtec.cat\/isvh\/wp-content\/uploads\/usu3043\/2025\/04\/BOTO-FAR.jpg 960w, https:\/\/agora.xtec.cat\/isvh\/wp-content\/uploads\/usu3043\/2025\/04\/BOTO-FAR-300x169.jpg 300w, https:\/\/agora.xtec.cat\/isvh\/wp-content\/uploads\/usu3043\/2025\/04\/BOTO-FAR-768x432.jpg 768w\" sizes=\"auto, (max-width: 960px) 100vw, 960px\" \/><\/a><\/figure>\n<\/div>\n\n\n\n<div class=\"wp-block-column is-layout-flow wp-block-column-is-layout-flow\">\n<figure class=\"wp-block-image size-full\"><a href=\"https:\/\/agora.xtec.cat\/isvh\/estudis\/cfgm-grau-mitja\/cfgm-emergencies-sanitaries\/\" target=\"_blank\" rel=\"noreferrer noopener\"><img loading=\"lazy\" decoding=\"async\" width=\"960\" height=\"540\" src=\"https:\/\/agora.xtec.cat\/isvh\/wp-content\/uploads\/usu3043\/2025\/04\/BOTO-TES-1.jpg\" alt=\"\" class=\"wp-image-1941\" srcset=\"https:\/\/agora.xtec.cat\/isvh\/wp-content\/uploads\/usu3043\/2025\/04\/BOTO-TES-1.jpg 960w, https:\/\/agora.xtec.cat\/isvh\/wp-content\/uploads\/usu3043\/2025\/04\/BOTO-TES-1-300x169.jpg 300w, https:\/\/agora.xtec.cat\/isvh\/wp-content\/uploads\/usu3043\/2025\/04\/BOTO-TES-1-768x432.jpg 768w\" sizes=\"auto, (max-width: 960px) 100vw, 960px\" \/><\/a><\/figure>\n\n\n\n<figure class=\"wp-block-image size-full\"><a href=\"https:\/\/agora.xtec.cat\/isvh\/estudis\/cfgm-grau-mitja\/cfgm-gestio-administrativa-en-lambit-sanitari\/\" target=\"_blank\" rel=\"noreferrer noopener\"><img loading=\"lazy\" decoding=\"async\" width=\"960\" height=\"540\" src=\"https:\/\/agora.xtec.cat\/isvh\/wp-content\/uploads\/usu3043\/2025\/04\/BOTO-GA.jpg\" alt=\"\" class=\"wp-image-1929\" srcset=\"https:\/\/agora.xtec.cat\/isvh\/wp-content\/uploads\/usu3043\/2025\/04\/BOTO-GA.jpg 960w, https:\/\/agora.xtec.cat\/isvh\/wp-content\/uploads\/usu3043\/2025\/04\/BOTO-GA-300x169.jpg 300w, https:\/\/agora.xtec.cat\/isvh\/wp-content\/uploads\/usu3043\/2025\/04\/BOTO-GA-768x432.jpg 768w\" sizes=\"auto, (max-width: 960px) 100vw, 960px\" \/><\/a><\/figure>\n<\/div>\n<\/div>\n","protected":false},"excerpt":{"rendered":"<p>Els Cicles Formatius de Grau Mitj\u00e0 s\u00f3n ensenyaments que capaciten per a l&#8217;obtenci\u00f3 d&#8217;un t\u00edtol de T\u00e8cnic o T\u00e8cnica en l&#8217;ensenyament corresponent. Com a norma, tenen una durada de 2000 hores, a excepci\u00f3 de Cures Auxiliars d&#8217;Infermeria (1450 hores). Actualment, es pot accedir accedir amb el graduat en ESO o qualsevol altre estudi equivalent o [&hellip;]<\/p>\n","protected":false},"author":1,"featured_media":0,"parent":195,"menu_order":0,"comment_status":"closed","ping_status":"closed","template":"","meta":{"site-sidebar-layout":"default","site-content-layout":"","ast-site-content-layout":"default","site-content-style":"default","site-sidebar-style":"default","ast-global-header-display":"","ast-banner-title-visibility":"","ast-main-header-display":"","ast-hfb-above-header-display":"","ast-hfb-below-header-display":"","ast-hfb-mobile-header-display":"","site-post-title":"","ast-breadcrumbs-content":"","ast-featured-img":"","footer-sml-layout":"","theme-transparent-header-meta":"","adv-header-id-meta":"","stick-header-meta":"","header-above-stick-meta":"","header-main-stick-meta":"","header-below-stick-meta":"","astra-migrate-meta-layouts":"set","ast-page-background-enabled":"default","ast-page-background-meta":{"desktop":{"background-color":"var(--ast-global-color-4)","background-image":"","background-repeat":"repeat","background-position":"center center","background-size":"auto","background-attachment":"scroll","background-type":"","background-media":"","overlay-type":"","overlay-color":"","overlay-opacity":"","overlay-gradient":""},"tablet":{"background-color":"","background-image":"","background-repeat":"repeat","background-position":"center center","background-size":"auto","background-attachment":"scroll","background-type":"","background-media":"","overlay-type":"","overlay-color":"","overlay-opacity":"","overlay-gradient":""},"mobile":{"background-color":"","background-image":"","background-repeat":"repeat","background-position":"center center","background-size":"auto","background-attachment":"scroll","background-type":"","background-media":"","overlay-type":"","overlay-color":"","overlay-opacity":"","overlay-gradient":""}},"ast-content-background-meta":{"desktop":{"background-color":"var(--ast-global-color-5)","background-image":"","background-repeat":"repeat","background-position":"center center","background-size":"auto","background-attachment":"scroll","background-type":"","background-media":"","overlay-type":"","overlay-color":"","overlay-opacity":"","overlay-gradient":""},"tablet":{"background-color":"var(--ast-global-color-5)","background-image":"","background-repeat":"repeat","background-position":"center center","background-size":"auto","background-attachment":"scroll","background-type":"","background-media":"","overlay-type":"","overlay-color":"","overlay-opacity":"","overlay-gradient":""},"mobile":{"background-color":"var(--ast-global-color-5)","background-image":"","background-repeat":"repeat","background-position":"center center","background-size":"auto","background-attachment":"scroll","background-type":"","background-media":"","overlay-type":"","overlay-color":"","overlay-opacity":"","overlay-gradient":""}},"footnotes":""},"class_list":["post-637","page","type-page","status-publish","hentry"],"post_mailing_queue_ids":[],"_links":{"self":[{"href":"https:\/\/agora.xtec.cat\/isvh\/wp-json\/wp\/v2\/pages\/637","targetHints":{"allow":["GET"]}}],"collection":[{"href":"https:\/\/agora.xtec.cat\/isvh\/wp-json\/wp\/v2\/pages"}],"about":[{"href":"https:\/\/agora.xtec.cat\/isvh\/wp-json\/wp\/v2\/types\/page"}],"author":[{"embeddable":true,"href":"https:\/\/agora.xtec.cat\/isvh\/wp-json\/wp\/v2\/users\/1"}],"replies":[{"embeddable":true,"href":"https:\/\/agora.xtec.cat\/isvh\/wp-json\/wp\/v2\/comments?post=637"}],"version-history":[{"count":7,"href":"https:\/\/agora.xtec.cat\/isvh\/wp-json\/wp\/v2\/pages\/637\/revisions"}],"predecessor-version":[{"id":2883,"href":"https:\/\/agora.xtec.cat\/isvh\/wp-json\/wp\/v2\/pages\/637\/revisions\/2883"}],"up":[{"embeddable":true,"href":"https:\/\/agora.xtec.cat\/isvh\/wp-json\/wp\/v2\/pages\/195"}],"wp:attachment":[{"href":"https:\/\/agora.xtec.cat\/isvh\/wp-json\/wp\/v2\/media?parent=637"}],"curies":[{"name":"wp","href":"https:\/\/api.w.org\/{rel}","templated":true}]}}