{"id":39,"date":"2014-09-17T16:36:44","date_gmt":"2014-09-17T16:36:44","guid":{"rendered":"http:\/\/agora.xtec.cat\/isvh\/?page_id=39"},"modified":"2026-01-20T13:18:27","modified_gmt":"2026-01-20T12:18:27","slug":"instal%c2%b7lacions","status":"publish","type":"page","link":"https:\/\/agora.xtec.cat\/isvh\/linstitut\/instal%c2%b7lacions\/","title":{"rendered":"Instal\u00b7lacions"},"content":{"rendered":"\n<p style=\"padding-top:0;padding-bottom:0\">El centre disposa d\u2019unes instal\u00b7lacions modernes i especialitzades, dissenyades per oferir una formaci\u00f3 pr\u00e0ctica i de qualitat, adaptada a les necessitats reals de l\u2019\u00e0mbit sanitari.<\/p>\n\n\n\n<p class=\"has-ast-global-color-1-color has-text-color has-link-color has-medium-font-size wp-elements-cd54e3b1305084e5aa367658a2ca4b88\" style=\"padding-top:0;padding-bottom:0\"><strong>Comptem amb:<\/strong><\/p>\n\n\n\n<div class=\"wp-block-columns are-vertically-aligned-center is-layout-flex wp-container-core-columns-is-layout-1 wp-block-columns-is-layout-flex\" style=\"padding-top:0;padding-bottom:0\">\n<div class=\"wp-block-column is-vertically-aligned-center is-layout-flow wp-block-column-is-layout-flow\" style=\"flex-basis:66.66%\">\n<ul class=\"wp-block-list\">\n<li style=\"padding-right:0;padding-left:0\">4 tallers de CAI.<\/li>\n\n\n\n<li>Un simulador de farm\u00e0cia.<\/li>\n\n\n\n<li>Dos simuladors d\u2019ambul\u00e0ncia.<\/li>\n\n\n\n<li>Mostrador d&#8217;atenci\u00f3 a l&#8217;usuari.<\/li>\n\n\n\n<li>6 laboratoris d\u2019\u00faltima generaci\u00f3, especialitzats en bioqu\u00edmica, microbiologia, biologia molecular, hematologia, immunologia i anatomia patol\u00f2gica.<\/li>\n\n\n\n<li>2 aules de microscopia amb un microscopi multifocal.<\/li>\n\n\n\n<li>Aula- taller de PFI<\/li>\n\n\n\n<li>Taller d&#8217;imatge per al diagn\u00f2stic.<\/li>\n\n\n\n<li>Taller de capacitaci\u00f3<\/li>\n\n\n\n<li>Aula ATECA<\/li>\n\n\n\n<li>Sala d&#8217;actes<\/li>\n\n\n\n<li>Espais de treball i descans per a l&#8217;alumnat.<\/li>\n<\/ul>\n<\/div>\n\n\n\n<div class=\"wp-block-column is-vertically-aligned-center is-layout-flow wp-block-column-is-layout-flow\" style=\"flex-basis:33.33%\">\n<div class=\"wp-block-getwid-images-slider has-arrows-inside has-dots-inside has-images-center has-cropped-images alignwide\"><div class=\"wp-block-getwid-images-slider__wrapper\" data-effect=\"slide\" data-slides-show=\"1\" data-slides-show-laptop=\"1\" data-slides-show-tablet=\"1\" data-slides-show-mobile=\"1\" data-slides-scroll=\"1\" data-autoplay=\"false\" data-pause-hover=\"false\" data-autoplay-speed=\"6000\" data-infinite=\"true\" data-animation-speed=\"800\" data-center-mode=\"false\" data-variable-width=\"false\" data-arrows=\"inside\" data-dots=\"inside\" data-spacing=\"none\"><div class=\"wp-block-getwid-images-slider__item\"><figure><img loading=\"lazy\" decoding=\"async\" width=\"1920\" height=\"2560\" src=\"https:\/\/agora.xtec.cat\/isvh\/wp-content\/uploads\/usu3043\/2026\/01\/IMG_9558-1-1-scaled.jpg\" data-id=\"3456\" data-link=\"https:\/\/agora.xtec.cat\/isvh\/linstitut\/instal%c2%b7lacions\/attachment\/img_9558-1-2\/\" data-original-link=\"https:\/\/agora.xtec.cat\/isvh\/wp-content\/uploads\/usu3043\/2026\/01\/IMG_9558-1-1-scaled.jpg\" class=\"wp-block-getwid-images-slider__image wp-image-3456\" srcset=\"https:\/\/agora.xtec.cat\/isvh\/wp-content\/uploads\/usu3043\/2026\/01\/IMG_9558-1-1-scaled.jpg 1920w, https:\/\/agora.xtec.cat\/isvh\/wp-content\/uploads\/usu3043\/2026\/01\/IMG_9558-1-1-225x300.jpg 225w, https:\/\/agora.xtec.cat\/isvh\/wp-content\/uploads\/usu3043\/2026\/01\/IMG_9558-1-1-768x1024.jpg 768w, https:\/\/agora.xtec.cat\/isvh\/wp-content\/uploads\/usu3043\/2026\/01\/IMG_9558-1-1-1152x1536.jpg 1152w, https:\/\/agora.xtec.cat\/isvh\/wp-content\/uploads\/usu3043\/2026\/01\/IMG_9558-1-1-1536x2048.jpg 1536w\" sizes=\"auto, (max-width: 1920px) 100vw, 1920px\" \/><\/figure><\/div><div class=\"wp-block-getwid-images-slider__item\"><figure><img loading=\"lazy\" decoding=\"async\" width=\"2560\" height=\"1920\" src=\"https:\/\/agora.xtec.cat\/isvh\/wp-content\/uploads\/usu3043\/2026\/01\/IMG_9554-1-1-scaled.jpg\" data-id=\"3452\" data-link=\"https:\/\/agora.xtec.cat\/isvh\/linstitut\/instal%c2%b7lacions\/attachment\/img_9554-1-2\/\" data-original-link=\"https:\/\/agora.xtec.cat\/isvh\/wp-content\/uploads\/usu3043\/2026\/01\/IMG_9554-1-1-scaled.jpg\" class=\"wp-block-getwid-images-slider__image wp-image-3452\" srcset=\"https:\/\/agora.xtec.cat\/isvh\/wp-content\/uploads\/usu3043\/2026\/01\/IMG_9554-1-1-scaled.jpg 2560w, https:\/\/agora.xtec.cat\/isvh\/wp-content\/uploads\/usu3043\/2026\/01\/IMG_9554-1-1-300x225.jpg 300w, https:\/\/agora.xtec.cat\/isvh\/wp-content\/uploads\/usu3043\/2026\/01\/IMG_9554-1-1-1024x768.jpg 1024w, https:\/\/agora.xtec.cat\/isvh\/wp-content\/uploads\/usu3043\/2026\/01\/IMG_9554-1-1-768x576.jpg 768w, https:\/\/agora.xtec.cat\/isvh\/wp-content\/uploads\/usu3043\/2026\/01\/IMG_9554-1-1-1536x1152.jpg 1536w, https:\/\/agora.xtec.cat\/isvh\/wp-content\/uploads\/usu3043\/2026\/01\/IMG_9554-1-1-2048x1536.jpg 2048w\" sizes=\"auto, (max-width: 2560px) 100vw, 2560px\" \/><\/figure><\/div><div class=\"wp-block-getwid-images-slider__item\"><figure><img loading=\"lazy\" decoding=\"async\" width=\"1920\" height=\"2560\" src=\"https:\/\/agora.xtec.cat\/isvh\/wp-content\/uploads\/usu3043\/2026\/01\/IMG_9545-1-scaled.jpg\" data-id=\"3451\" data-link=\"https:\/\/agora.xtec.cat\/isvh\/linstitut\/instal%c2%b7lacions\/attachment\/img_9545-1\/\" data-original-link=\"https:\/\/agora.xtec.cat\/isvh\/wp-content\/uploads\/usu3043\/2026\/01\/IMG_9545-1-scaled.jpg\" class=\"wp-block-getwid-images-slider__image wp-image-3451\" srcset=\"https:\/\/agora.xtec.cat\/isvh\/wp-content\/uploads\/usu3043\/2026\/01\/IMG_9545-1-scaled.jpg 1920w, https:\/\/agora.xtec.cat\/isvh\/wp-content\/uploads\/usu3043\/2026\/01\/IMG_9545-1-225x300.jpg 225w, https:\/\/agora.xtec.cat\/isvh\/wp-content\/uploads\/usu3043\/2026\/01\/IMG_9545-1-768x1024.jpg 768w, https:\/\/agora.xtec.cat\/isvh\/wp-content\/uploads\/usu3043\/2026\/01\/IMG_9545-1-1152x1536.jpg 1152w, https:\/\/agora.xtec.cat\/isvh\/wp-content\/uploads\/usu3043\/2026\/01\/IMG_9545-1-1536x2048.jpg 1536w\" sizes=\"auto, (max-width: 1920px) 100vw, 1920px\" \/><\/figure><\/div><div class=\"wp-block-getwid-images-slider__item\"><figure><img loading=\"lazy\" decoding=\"async\" width=\"2048\" height=\"1365\" src=\"https:\/\/agora.xtec.cat\/isvh\/wp-content\/uploads\/usu3043\/2026\/01\/22-1.jpg\" data-id=\"3411\" data-link=\"https:\/\/agora.xtec.cat\/isvh\/linstitut\/instal%c2%b7lacions\/attachment\/22-2\/\" data-original-link=\"https:\/\/agora.xtec.cat\/isvh\/wp-content\/uploads\/usu3043\/2026\/01\/22-1.jpg\" class=\"wp-block-getwid-images-slider__image wp-image-3411\" srcset=\"https:\/\/agora.xtec.cat\/isvh\/wp-content\/uploads\/usu3043\/2026\/01\/22-1.jpg 2048w, https:\/\/agora.xtec.cat\/isvh\/wp-content\/uploads\/usu3043\/2026\/01\/22-1-300x200.jpg 300w, https:\/\/agora.xtec.cat\/isvh\/wp-content\/uploads\/usu3043\/2026\/01\/22-1-1024x683.jpg 1024w, https:\/\/agora.xtec.cat\/isvh\/wp-content\/uploads\/usu3043\/2026\/01\/22-1-768x512.jpg 768w, https:\/\/agora.xtec.cat\/isvh\/wp-content\/uploads\/usu3043\/2026\/01\/22-1-1536x1024.jpg 1536w\" sizes=\"auto, (max-width: 2048px) 100vw, 2048px\" \/><\/figure><\/div><div class=\"wp-block-getwid-images-slider__item\"><figure><img loading=\"lazy\" decoding=\"async\" width=\"2560\" height=\"1230\" src=\"https:\/\/agora.xtec.cat\/isvh\/wp-content\/uploads\/usu3043\/2025\/10\/20250530_110248-scaled.jpg\" data-id=\"3033\" data-link=\"https:\/\/agora.xtec.cat\/isvh\/20250530_110248\/\" data-original-link=\"https:\/\/agora.xtec.cat\/isvh\/wp-content\/uploads\/usu3043\/2025\/10\/20250530_110248-scaled.jpg\" class=\"wp-block-getwid-images-slider__image wp-image-3033\" srcset=\"https:\/\/agora.xtec.cat\/isvh\/wp-content\/uploads\/usu3043\/2025\/10\/20250530_110248-scaled.jpg 2560w, https:\/\/agora.xtec.cat\/isvh\/wp-content\/uploads\/usu3043\/2025\/10\/20250530_110248-300x144.jpg 300w, https:\/\/agora.xtec.cat\/isvh\/wp-content\/uploads\/usu3043\/2025\/10\/20250530_110248-1024x492.jpg 1024w, https:\/\/agora.xtec.cat\/isvh\/wp-content\/uploads\/usu3043\/2025\/10\/20250530_110248-768x369.jpg 768w, https:\/\/agora.xtec.cat\/isvh\/wp-content\/uploads\/usu3043\/2025\/10\/20250530_110248-1536x738.jpg 1536w, https:\/\/agora.xtec.cat\/isvh\/wp-content\/uploads\/usu3043\/2025\/10\/20250530_110248-2048x984.jpg 2048w\" sizes=\"auto, (max-width: 2560px) 100vw, 2560px\" \/><\/figure><\/div><div class=\"wp-block-getwid-images-slider__item\"><figure><img loading=\"lazy\" decoding=\"async\" width=\"2560\" height=\"1920\" src=\"https:\/\/agora.xtec.cat\/isvh\/wp-content\/uploads\/usu3043\/2026\/01\/20250530_105142-1-scaled.jpg\" data-id=\"3484\" data-link=\"https:\/\/agora.xtec.cat\/isvh\/linstitut\/instal%c2%b7lacions\/attachment\/20250530_105142-1\/\" data-original-link=\"https:\/\/agora.xtec.cat\/isvh\/wp-content\/uploads\/usu3043\/2026\/01\/20250530_105142-1-scaled.jpg\" class=\"wp-block-getwid-images-slider__image wp-image-3484\" srcset=\"https:\/\/agora.xtec.cat\/isvh\/wp-content\/uploads\/usu3043\/2026\/01\/20250530_105142-1-scaled.jpg 2560w, https:\/\/agora.xtec.cat\/isvh\/wp-content\/uploads\/usu3043\/2026\/01\/20250530_105142-1-300x225.jpg 300w, https:\/\/agora.xtec.cat\/isvh\/wp-content\/uploads\/usu3043\/2026\/01\/20250530_105142-1-1024x768.jpg 1024w, https:\/\/agora.xtec.cat\/isvh\/wp-content\/uploads\/usu3043\/2026\/01\/20250530_105142-1-768x576.jpg 768w, https:\/\/agora.xtec.cat\/isvh\/wp-content\/uploads\/usu3043\/2026\/01\/20250530_105142-1-1536x1152.jpg 1536w, https:\/\/agora.xtec.cat\/isvh\/wp-content\/uploads\/usu3043\/2026\/01\/20250530_105142-1-2048x1536.jpg 2048w\" sizes=\"auto, (max-width: 2560px) 100vw, 2560px\" \/><\/figure><\/div><\/div><\/div>\n<\/div>\n<\/div>\n\n\n\n<p style=\"padding-top:var(--wp--preset--spacing--20);padding-right:3rem;padding-bottom:var(--wp--preset--spacing--20);padding-left:3rem\">Si voleu fer \u00fas d\u2019alguna de les nostres instal\u00b7lacions o necessiteu m\u00e9s informaci\u00f3, contacteu amb nosaltres a trav\u00e9s del correu <strong data-start=\"231\" data-end=\"262\"><a class=\"decorated-link cursor-pointer\" data-start=\"233\" data-end=\"260\" rel=\"noopener\">departamentsanitat@isvh.cat<\/a><\/strong><\/p>\n\n\n\n<p><\/p>\n","protected":false},"excerpt":{"rendered":"<p>El centre disposa d\u2019unes instal\u00b7lacions modernes i especialitzades, dissenyades per oferir una formaci\u00f3 pr\u00e0ctica i de qualitat, adaptada a les necessitats reals de l\u2019\u00e0mbit sanitari. Comptem amb: Si voleu fer \u00fas d\u2019alguna de les nostres instal\u00b7lacions o necessiteu m\u00e9s informaci\u00f3, contacteu amb nosaltres a trav\u00e9s del correu departamentsanitat@isvh.cat<\/p>\n","protected":false},"author":1,"featured_media":0,"parent":19,"menu_order":30,"comment_status":"closed","ping_status":"closed","template":"","meta":{"site-sidebar-layout":"default","site-content-layout":"","ast-site-content-layout":"default","site-content-style":"default","site-sidebar-style":"default","ast-global-header-display":"","ast-banner-title-visibility":"","ast-main-header-display":"","ast-hfb-above-header-display":"","ast-hfb-below-header-display":"","ast-hfb-mobile-header-display":"","site-post-title":"","ast-breadcrumbs-content":"","ast-featured-img":"","footer-sml-layout":"","theme-transparent-header-meta":"","adv-header-id-meta":"","stick-header-meta":"","header-above-stick-meta":"","header-main-stick-meta":"","header-below-stick-meta":"","astra-migrate-meta-layouts":"set","ast-page-background-enabled":"default","ast-page-background-meta":{"desktop":{"background-color":"var(--ast-global-color-4)","background-image":"","background-repeat":"repeat","background-position":"center center","background-size":"auto","background-attachment":"scroll","background-type":"","background-media":"","overlay-type":"","overlay-color":"","overlay-opacity":"","overlay-gradient":""},"tablet":{"background-color":"","background-image":"","background-repeat":"repeat","background-position":"center center","background-size":"auto","background-attachment":"scroll","background-type":"","background-media":"","overlay-type":"","overlay-color":"","overlay-opacity":"","overlay-gradient":""},"mobile":{"background-color":"","background-image":"","background-repeat":"repeat","background-position":"center center","background-size":"auto","background-attachment":"scroll","background-type":"","background-media":"","overlay-type":"","overlay-color":"","overlay-opacity":"","overlay-gradient":""}},"ast-content-background-meta":{"desktop":{"background-color":"var(--ast-global-color-5)","background-image":"","background-repeat":"repeat","background-position":"center center","background-size":"auto","background-attachment":"scroll","background-type":"","background-media":"","overlay-type":"","overlay-color":"","overlay-opacity":"","overlay-gradient":""},"tablet":{"background-color":"var(--ast-global-color-5)","background-image":"","background-repeat":"repeat","background-position":"center center","background-size":"auto","background-attachment":"scroll","background-type":"","background-media":"","overlay-type":"","overlay-color":"","overlay-opacity":"","overlay-gradient":""},"mobile":{"background-color":"var(--ast-global-color-5)","background-image":"","background-repeat":"repeat","background-position":"center center","background-size":"auto","background-attachment":"scroll","background-type":"","background-media":"","overlay-type":"","overlay-color":"","overlay-opacity":"","overlay-gradient":""}},"footnotes":""},"class_list":["post-39","page","type-page","status-publish","hentry"],"post_mailing_queue_ids":[],"_links":{"self":[{"href":"https:\/\/agora.xtec.cat\/isvh\/wp-json\/wp\/v2\/pages\/39","targetHints":{"allow":["GET"]}}],"collection":[{"href":"https:\/\/agora.xtec.cat\/isvh\/wp-json\/wp\/v2\/pages"}],"about":[{"href":"https:\/\/agora.xtec.cat\/isvh\/wp-json\/wp\/v2\/types\/page"}],"author":[{"embeddable":true,"href":"https:\/\/agora.xtec.cat\/isvh\/wp-json\/wp\/v2\/users\/1"}],"replies":[{"embeddable":true,"href":"https:\/\/agora.xtec.cat\/isvh\/wp-json\/wp\/v2\/comments?post=39"}],"version-history":[{"count":5,"href":"https:\/\/agora.xtec.cat\/isvh\/wp-json\/wp\/v2\/pages\/39\/revisions"}],"predecessor-version":[{"id":3485,"href":"https:\/\/agora.xtec.cat\/isvh\/wp-json\/wp\/v2\/pages\/39\/revisions\/3485"}],"up":[{"embeddable":true,"href":"https:\/\/agora.xtec.cat\/isvh\/wp-json\/wp\/v2\/pages\/19"}],"wp:attachment":[{"href":"https:\/\/agora.xtec.cat\/isvh\/wp-json\/wp\/v2\/media?parent=39"}],"curies":[{"name":"wp","href":"https:\/\/api.w.org\/{rel}","templated":true}]}}