{"id":3402,"date":"2026-01-09T12:01:00","date_gmt":"2026-01-09T11:01:00","guid":{"rendered":"https:\/\/agora.xtec.cat\/isvh\/?page_id=3402"},"modified":"2026-02-17T12:04:26","modified_gmt":"2026-02-17T11:04:26","slug":"siop","status":"publish","type":"page","link":"https:\/\/agora.xtec.cat\/isvh\/serveis\/siop\/","title":{"rendered":"SIOP &#8211; Servei d&#8217;informaci\u00f3 i orientaci\u00f3 professional"},"content":{"rendered":"\n<h2 class=\"wp-block-heading has-text-color has-link-color wp-elements-fa19484d83a4b7ebd931cbda921701d7\" style=\"color:#233a80\">Qu\u00e8 \u00e9s el SIOP?<\/h2>\n\n\n\n<p><\/p>\n\n\n\n<p style=\"margin-bottom:var(--wp--preset--spacing--60)\">El Servei d\u2019Informaci\u00f3 i Orientaci\u00f3 Professional (SIOP) de l\u2019Institut d\u2019FP Sanit\u00e0ria Vall d\u2019Hebron \u00e9s un espai d\u2019acompanyament i suport tant per a les persones en proc\u00e9s de recerca de feina o de millora professional, com per a les empreses interessades a incorporar nous perfils qualificats.<\/p>\n\n\n\n<p>Oferim assessorament personalitzat per identificar necessitats, definir itineraris professionals i afavorir l\u2019ajust entre les compet\u00e8ncies dels nostres estudiants i els requeriments del sector sanitari.<\/p>\n\n\n\n<p><\/p>\n\n\n\n<h2 class=\"wp-block-heading has-text-color has-link-color wp-elements-d424044047e89fddd0ccf37c9b9bda05\" style=\"color:#233a80\">Quan i com puc contactar amb el SIOP?<\/h2>\n\n\n\n<div class=\"wp-block-columns is-layout-flex wp-container-core-columns-is-layout-1 wp-block-columns-is-layout-flex\">\n<div class=\"wp-block-column is-layout-flow wp-block-column-is-layout-flow\" style=\"flex-basis:33.33%\">\n<figure class=\"wp-block-image size-full\"><a href=\"https:\/\/agora.xtec.cat\/isvh\/wp-content\/uploads\/usu3043\/2025\/02\/ilustracion-concepto-inicio-sesion-tableta_114360-7863.jpg\"><img loading=\"lazy\" decoding=\"async\" width=\"740\" height=\"740\" src=\"https:\/\/agora.xtec.cat\/isvh\/wp-content\/uploads\/usu3043\/2025\/02\/ilustracion-concepto-inicio-sesion-tableta_114360-7863.jpg\" alt=\"\" class=\"wp-image-1621\" srcset=\"https:\/\/agora.xtec.cat\/isvh\/wp-content\/uploads\/usu3043\/2025\/02\/ilustracion-concepto-inicio-sesion-tableta_114360-7863.jpg 740w, https:\/\/agora.xtec.cat\/isvh\/wp-content\/uploads\/usu3043\/2025\/02\/ilustracion-concepto-inicio-sesion-tableta_114360-7863-300x300.jpg 300w, https:\/\/agora.xtec.cat\/isvh\/wp-content\/uploads\/usu3043\/2025\/02\/ilustracion-concepto-inicio-sesion-tableta_114360-7863-150x150.jpg 150w\" sizes=\"auto, (max-width: 740px) 100vw, 740px\" \/><\/a><\/figure>\n<\/div>\n\n\n\n<div class=\"wp-block-column is-layout-flow wp-block-column-is-layout-flow\" style=\"flex-basis:66.66%\">\n<p>Aquest servei s\u2019ofereix de dilluns a divendres, dins la franja hor\u00e0ria de mat\u00ed o tarda i durant el per\u00edode lectiu del curs escolar.<\/p>\n\n\n\n<p>El servei s\u2019inicia sol\u00b7licitant una\u00a0cita (presencial o telem\u00e0tica) amb la persona orientadora emplenant el seg\u00fcent <a href=\"https:\/\/docs.google.com\/forms\/d\/e\/1FAIpQLSf9_EQFFM_DrxXb-OYxCoPRFEL4InCWBraLlrNXHRtUR5yKJQ\/viewform\" data-type=\"link\" data-id=\"https:\/\/docs.google.com\/forms\/d\/e\/1FAIpQLSf9_EQFFM_DrxXb-OYxCoPRFEL4InCWBraLlrNXHRtUR5yKJQ\/viewform\">formulari<\/a>.<\/p>\n\n\n\n<p>La persona orientadora del nostre servei es posar\u00e0 en contacte amb tu el m\u00e9s aviat possible per agendar una primera entrevista.<\/p>\n<\/div>\n<\/div>\n\n\n\n<p><\/p>\n","protected":false},"excerpt":{"rendered":"<p>Qu\u00e8 \u00e9s el SIOP? El Servei d\u2019Informaci\u00f3 i Orientaci\u00f3 Professional (SIOP) de l\u2019Institut d\u2019FP Sanit\u00e0ria Vall d\u2019Hebron \u00e9s un espai d\u2019acompanyament i suport tant per a les persones en proc\u00e9s de recerca de feina o de millora professional, com per a les empreses interessades a incorporar nous perfils qualificats. Oferim assessorament personalitzat per identificar necessitats, [&hellip;]<\/p>\n","protected":false},"author":1,"featured_media":0,"parent":63,"menu_order":2,"comment_status":"closed","ping_status":"close","template":"","meta":{"site-sidebar-layout":"default","site-content-layout":"","ast-site-content-layout":"default","site-content-style":"default","site-sidebar-style":"default","ast-global-header-display":"","ast-banner-title-visibility":"","ast-main-header-display":"","ast-hfb-above-header-display":"","ast-hfb-below-header-display":"","ast-hfb-mobile-header-display":"","site-post-title":"","ast-breadcrumbs-content":"","ast-featured-img":"","footer-sml-layout":"","theme-transparent-header-meta":"","adv-header-id-meta":"","stick-header-meta":"","header-above-stick-meta":"","header-main-stick-meta":"","header-below-stick-meta":"","astra-migrate-meta-layouts":"set","ast-page-background-enabled":"default","ast-page-background-meta":{"desktop":{"background-color":"var(--ast-global-color-4)","background-image":"","background-repeat":"repeat","background-position":"center center","background-size":"auto","background-attachment":"scroll","background-type":"","background-media":"","overlay-type":"","overlay-color":"","overlay-opacity":"","overlay-gradient":""},"tablet":{"background-color":"","background-image":"","background-repeat":"repeat","background-position":"center center","background-size":"auto","background-attachment":"scroll","background-type":"","background-media":"","overlay-type":"","overlay-color":"","overlay-opacity":"","overlay-gradient":""},"mobile":{"background-color":"","background-image":"","background-repeat":"repeat","background-position":"center center","background-size":"auto","background-attachment":"scroll","background-type":"","background-media":"","overlay-type":"","overlay-color":"","overlay-opacity":"","overlay-gradient":""}},"ast-content-background-meta":{"desktop":{"background-color":"var(--ast-global-color-5)","background-image":"","background-repeat":"repeat","background-position":"center center","background-size":"auto","background-attachment":"scroll","background-type":"","background-media":"","overlay-type":"","overlay-color":"","overlay-opacity":"","overlay-gradient":""},"tablet":{"background-color":"var(--ast-global-color-5)","background-image":"","background-repeat":"repeat","background-position":"center center","background-size":"auto","background-attachment":"scroll","background-type":"","background-media":"","overlay-type":"","overlay-color":"","overlay-opacity":"","overlay-gradient":""},"mobile":{"background-color":"var(--ast-global-color-5)","background-image":"","background-repeat":"repeat","background-position":"center center","background-size":"auto","background-attachment":"scroll","background-type":"","background-media":"","overlay-type":"","overlay-color":"","overlay-opacity":"","overlay-gradient":""}},"footnotes":""},"class_list":["post-3402","page","type-page","status-publish","hentry"],"post_mailing_queue_ids":[],"_links":{"self":[{"href":"https:\/\/agora.xtec.cat\/isvh\/wp-json\/wp\/v2\/pages\/3402","targetHints":{"allow":["GET"]}}],"collection":[{"href":"https:\/\/agora.xtec.cat\/isvh\/wp-json\/wp\/v2\/pages"}],"about":[{"href":"https:\/\/agora.xtec.cat\/isvh\/wp-json\/wp\/v2\/types\/page"}],"author":[{"embeddable":true,"href":"https:\/\/agora.xtec.cat\/isvh\/wp-json\/wp\/v2\/users\/1"}],"replies":[{"embeddable":true,"href":"https:\/\/agora.xtec.cat\/isvh\/wp-json\/wp\/v2\/comments?post=3402"}],"version-history":[{"count":6,"href":"https:\/\/agora.xtec.cat\/isvh\/wp-json\/wp\/v2\/pages\/3402\/revisions"}],"predecessor-version":[{"id":3716,"href":"https:\/\/agora.xtec.cat\/isvh\/wp-json\/wp\/v2\/pages\/3402\/revisions\/3716"}],"up":[{"embeddable":true,"href":"https:\/\/agora.xtec.cat\/isvh\/wp-json\/wp\/v2\/pages\/63"}],"wp:attachment":[{"href":"https:\/\/agora.xtec.cat\/isvh\/wp-json\/wp\/v2\/media?parent=3402"}],"curies":[{"name":"wp","href":"https:\/\/api.w.org\/{rel}","templated":true}]}}