{"id":3296,"date":"2025-12-12T12:16:33","date_gmt":"2025-12-12T11:16:33","guid":{"rendered":"https:\/\/agora.xtec.cat\/isvh\/?page_id=3296"},"modified":"2026-02-16T14:25:59","modified_gmt":"2026-02-16T13:25:59","slug":"homologacioproveidors","status":"publish","type":"page","link":"https:\/\/agora.xtec.cat\/isvh\/serveis\/homologacioproveidors\/","title":{"rendered":"Homologaci\u00f3 de prove\u00efdors"},"content":{"rendered":"\n<p>El departament de compres realitza una valoraci\u00f3 per homologar els prove\u00efdors amb els quals treballem.<\/p>\n\n\n\n<p>Els criteris que es tenen en compte en l\u2019homologaci\u00f3 s\u00f3n els seg\u00fcents (puntuats de l&#8217;1 al 3 segons taula adjunta):<\/p>\n\n\n\n<figure class=\"wp-block-image alignfull size-full is-style-default\"><a href=\"https:\/\/agora.xtec.cat\/isvh\/wp-content\/uploads\/usu3043\/2026\/01\/image-5.png\"><img loading=\"lazy\" decoding=\"async\" width=\"740\" height=\"547\" src=\"https:\/\/agora.xtec.cat\/isvh\/wp-content\/uploads\/usu3043\/2026\/01\/image-5.png\" alt=\"\" class=\"wp-image-3423\" srcset=\"https:\/\/agora.xtec.cat\/isvh\/wp-content\/uploads\/usu3043\/2026\/01\/image-5.png 740w, https:\/\/agora.xtec.cat\/isvh\/wp-content\/uploads\/usu3043\/2026\/01\/image-5-300x222.png 300w\" sizes=\"auto, (max-width: 740px) 100vw, 740px\" \/><\/a><\/figure>\n\n\n\n<div class=\"wp-block-buttons is-content-justification-center is-layout-flex wp-container-core-buttons-is-layout-1 wp-block-buttons-is-layout-flex\">\n<div class=\"wp-block-button has-custom-font-size has-medium-font-size\"><a class=\"wp-block-button__link has-white-color has-text-color has-background has-link-color wp-element-button\" href=\"https:\/\/agora.xtec.cat\/isvh\/wp-content\/uploads\/usu3043\/2026\/01\/HOMOLOGACIO-PROVEIDORS-ISVH.pdf\" style=\"background-color:#00b4ce\"><strong>Descarrega el document amb la puntuaci\u00f3<\/strong><\/a><\/div>\n<\/div>\n\n\n\n<p>Per&nbsp;m\u00e9s&nbsp;informaci\u00f3&nbsp;contacta&nbsp;amb <a href=\"mailto:compres@isvh.cat\"><strong><mark style=\"background-color:rgba(0, 0, 0, 0)\" class=\"has-inline-color has-ast-global-color-1-color\">compres@isvh.cat<\/mark><\/strong><\/a><\/p>\n\n\n\n<p><\/p>\n","protected":false},"excerpt":{"rendered":"<p>El departament de compres realitza una valoraci\u00f3 per homologar els prove\u00efdors amb els quals treballem. Els criteris que es tenen en compte en l\u2019homologaci\u00f3 s\u00f3n els seg\u00fcents (puntuats de l&#8217;1 al 3 segons taula adjunta): Per&nbsp;m\u00e9s&nbsp;informaci\u00f3&nbsp;contacta&nbsp;amb compres@isvh.cat<\/p>\n","protected":false},"author":3,"featured_media":0,"parent":63,"menu_order":1,"comment_status":"closed","ping_status":"close","template":"","meta":{"site-sidebar-layout":"default","site-content-layout":"","ast-site-content-layout":"default","site-content-style":"default","site-sidebar-style":"default","ast-global-header-display":"","ast-banner-title-visibility":"","ast-main-header-display":"","ast-hfb-above-header-display":"","ast-hfb-below-header-display":"","ast-hfb-mobile-header-display":"","site-post-title":"","ast-breadcrumbs-content":"","ast-featured-img":"","footer-sml-layout":"","theme-transparent-header-meta":"","adv-header-id-meta":"","stick-header-meta":"","header-above-stick-meta":"","header-main-stick-meta":"","header-below-stick-meta":"","astra-migrate-meta-layouts":"set","ast-page-background-enabled":"default","ast-page-background-meta":{"desktop":{"background-color":"var(--ast-global-color-4)","background-image":"","background-repeat":"repeat","background-position":"center center","background-size":"auto","background-attachment":"scroll","background-type":"","background-media":"","overlay-type":"","overlay-color":"","overlay-opacity":"","overlay-gradient":""},"tablet":{"background-color":"","background-image":"","background-repeat":"repeat","background-position":"center center","background-size":"auto","background-attachment":"scroll","background-type":"","background-media":"","overlay-type":"","overlay-color":"","overlay-opacity":"","overlay-gradient":""},"mobile":{"background-color":"","background-image":"","background-repeat":"repeat","background-position":"center center","background-size":"auto","background-attachment":"scroll","background-type":"","background-media":"","overlay-type":"","overlay-color":"","overlay-opacity":"","overlay-gradient":""}},"ast-content-background-meta":{"desktop":{"background-color":"var(--ast-global-color-5)","background-image":"","background-repeat":"repeat","background-position":"center center","background-size":"auto","background-attachment":"scroll","background-type":"","background-media":"","overlay-type":"","overlay-color":"","overlay-opacity":"","overlay-gradient":""},"tablet":{"background-color":"var(--ast-global-color-5)","background-image":"","background-repeat":"repeat","background-position":"center center","background-size":"auto","background-attachment":"scroll","background-type":"","background-media":"","overlay-type":"","overlay-color":"","overlay-opacity":"","overlay-gradient":""},"mobile":{"background-color":"var(--ast-global-color-5)","background-image":"","background-repeat":"repeat","background-position":"center center","background-size":"auto","background-attachment":"scroll","background-type":"","background-media":"","overlay-type":"","overlay-color":"","overlay-opacity":"","overlay-gradient":""}},"footnotes":""},"class_list":["post-3296","page","type-page","status-publish","hentry"],"post_mailing_queue_ids":[],"_links":{"self":[{"href":"https:\/\/agora.xtec.cat\/isvh\/wp-json\/wp\/v2\/pages\/3296","targetHints":{"allow":["GET"]}}],"collection":[{"href":"https:\/\/agora.xtec.cat\/isvh\/wp-json\/wp\/v2\/pages"}],"about":[{"href":"https:\/\/agora.xtec.cat\/isvh\/wp-json\/wp\/v2\/types\/page"}],"author":[{"embeddable":true,"href":"https:\/\/agora.xtec.cat\/isvh\/wp-json\/wp\/v2\/users\/3"}],"replies":[{"embeddable":true,"href":"https:\/\/agora.xtec.cat\/isvh\/wp-json\/wp\/v2\/comments?post=3296"}],"version-history":[{"count":6,"href":"https:\/\/agora.xtec.cat\/isvh\/wp-json\/wp\/v2\/pages\/3296\/revisions"}],"predecessor-version":[{"id":3712,"href":"https:\/\/agora.xtec.cat\/isvh\/wp-json\/wp\/v2\/pages\/3296\/revisions\/3712"}],"up":[{"embeddable":true,"href":"https:\/\/agora.xtec.cat\/isvh\/wp-json\/wp\/v2\/pages\/63"}],"wp:attachment":[{"href":"https:\/\/agora.xtec.cat\/isvh\/wp-json\/wp\/v2\/media?parent=3296"}],"curies":[{"name":"wp","href":"https:\/\/api.w.org\/{rel}","templated":true}]}}