{"id":3126,"date":"2025-11-12T15:42:31","date_gmt":"2025-11-12T14:42:31","guid":{"rendered":"https:\/\/agora.xtec.cat\/isvh\/?page_id=3126"},"modified":"2026-04-10T19:00:33","modified_gmt":"2026-04-10T17:00:33","slug":"mobilitat-erasmus-grau-mitja","status":"publish","type":"page","link":"https:\/\/agora.xtec.cat\/isvh\/serveis\/mobilitat-2\/mobilitat-erasmus-grau-mitja\/","title":{"rendered":"Mobilitat Erasmus + Grau Mitj\u00e0"},"content":{"rendered":"\n<p class=\"has-ast-global-color-0-color has-text-color has-link-color wp-elements-28963d08b67e1a6aad20f6d29f7af0b5\" style=\"margin-bottom:var(--wp--preset--spacing--40);font-size:25px\">Com funciona? <\/p>\n\n\n\n<p>El programa Erasmus+ \u00e9s una iniciativa de la Uni\u00f3 Europea que promou la mobilitat d\u2019estudiants, professorat i personal educatiu dins d\u2019Europa. En el cas dels Cicles Formatius de Grau Mitj\u00e0, ofereix l\u2019oportunitat de realitzar una estada formativa a l\u2019estranger, generalment durant el per\u00edode de DUAL General.<\/p>\n\n\n\n<p>A trav\u00e9s d\u2019aquestes beques, l\u2019alumnat pot adquirir experi\u00e8ncia professional en un altre pa\u00eds europeu, millorar el domini d\u2019altres lleng\u00fces i con\u00e8ixer noves maneres de treballar dins del seu \u00e0mbit sanitari o sociosanitari.<\/p>\n\n\n\n<h2 class=\"wp-block-heading has-text-align-center has-ast-global-color-0-color has-text-color has-link-color wp-elements-81e3240de95407a7953d957fee526eff\" style=\"margin-top:var(--wp--preset--spacing--40);margin-bottom:var(--wp--preset--spacing--60);font-size:25px\">PROJECTES MOBILITAT ERASMUS + CONVOCAT\u00d2RIA 2025-2026<\/h2>\n\n\n\n<div class=\"wp-block-buttons is-layout-flex wp-block-buttons-is-layout-flex\">\n<div class=\"wp-block-button has-custom-width wp-block-button__width-50 has-custom-font-size has-medium-font-size\"><a class=\"wp-block-button__link has-white-color has-text-color has-background has-link-color wp-element-button\" href=\"https:\/\/agora.xtec.cat\/isvh\/wp-content\/uploads\/usu3043\/2026\/04\/SGC_Convocatoria-PROFESSORAT-ErasmusGM-PFI-25-26.pdf\" style=\"background-color:#00b4ce\"><strong>Convocat\u00f2ria <\/strong><\/a><\/div>\n\n\n\n<div class=\"wp-block-button has-custom-width wp-block-button__width-50 has-custom-font-size has-medium-font-size\"><a class=\"wp-block-button__link has-white-color has-text-color has-background has-link-color wp-element-button\" href=\"https:\/\/agora.xtec.cat\/isvh\/serveis\/mobilitat-2\/mobilitat-erasmus-grau-mitja\/mobilitat-bequesgm\/\" style=\"background-color:#00b4ce\"><strong>Beques ERASMUS +<\/strong><\/a><\/div>\n<\/div>\n\n\n\n<p><\/p>\n","protected":false},"excerpt":{"rendered":"<p>Com funciona? El programa Erasmus+ \u00e9s una iniciativa de la Uni\u00f3 Europea que promou la mobilitat d\u2019estudiants, professorat i personal educatiu dins d\u2019Europa. En el cas dels Cicles Formatius de Grau Mitj\u00e0, ofereix l\u2019oportunitat de realitzar una estada formativa a l\u2019estranger, generalment durant el per\u00edode de DUAL General. A trav\u00e9s d\u2019aquestes beques, l\u2019alumnat pot adquirir [&hellip;]<\/p>\n","protected":false},"author":3,"featured_media":0,"parent":3107,"menu_order":0,"comment_status":"closed","ping_status":"close","template":"","meta":{"site-sidebar-layout":"default","site-content-layout":"","ast-site-content-layout":"default","site-content-style":"default","site-sidebar-style":"default","ast-global-header-display":"","ast-banner-title-visibility":"","ast-main-header-display":"","ast-hfb-above-header-display":"","ast-hfb-below-header-display":"","ast-hfb-mobile-header-display":"","site-post-title":"","ast-breadcrumbs-content":"","ast-featured-img":"","footer-sml-layout":"","theme-transparent-header-meta":"","adv-header-id-meta":"","stick-header-meta":"","header-above-stick-meta":"","header-main-stick-meta":"","header-below-stick-meta":"","astra-migrate-meta-layouts":"set","ast-page-background-enabled":"default","ast-page-background-meta":{"desktop":{"background-color":"var(--ast-global-color-4)","background-image":"","background-repeat":"repeat","background-position":"center center","background-size":"auto","background-attachment":"scroll","background-type":"","background-media":"","overlay-type":"","overlay-color":"","overlay-opacity":"","overlay-gradient":""},"tablet":{"background-color":"","background-image":"","background-repeat":"repeat","background-position":"center center","background-size":"auto","background-attachment":"scroll","background-type":"","background-media":"","overlay-type":"","overlay-color":"","overlay-opacity":"","overlay-gradient":""},"mobile":{"background-color":"","background-image":"","background-repeat":"repeat","background-position":"center center","background-size":"auto","background-attachment":"scroll","background-type":"","background-media":"","overlay-type":"","overlay-color":"","overlay-opacity":"","overlay-gradient":""}},"ast-content-background-meta":{"desktop":{"background-color":"var(--ast-global-color-5)","background-image":"","background-repeat":"repeat","background-position":"center center","background-size":"auto","background-attachment":"scroll","background-type":"","background-media":"","overlay-type":"","overlay-color":"","overlay-opacity":"","overlay-gradient":""},"tablet":{"background-color":"var(--ast-global-color-5)","background-image":"","background-repeat":"repeat","background-position":"center center","background-size":"auto","background-attachment":"scroll","background-type":"","background-media":"","overlay-type":"","overlay-color":"","overlay-opacity":"","overlay-gradient":""},"mobile":{"background-color":"var(--ast-global-color-5)","background-image":"","background-repeat":"repeat","background-position":"center center","background-size":"auto","background-attachment":"scroll","background-type":"","background-media":"","overlay-type":"","overlay-color":"","overlay-opacity":"","overlay-gradient":""}},"footnotes":""},"class_list":["post-3126","page","type-page","status-publish","hentry"],"post_mailing_queue_ids":[],"_links":{"self":[{"href":"https:\/\/agora.xtec.cat\/isvh\/wp-json\/wp\/v2\/pages\/3126","targetHints":{"allow":["GET"]}}],"collection":[{"href":"https:\/\/agora.xtec.cat\/isvh\/wp-json\/wp\/v2\/pages"}],"about":[{"href":"https:\/\/agora.xtec.cat\/isvh\/wp-json\/wp\/v2\/types\/page"}],"author":[{"embeddable":true,"href":"https:\/\/agora.xtec.cat\/isvh\/wp-json\/wp\/v2\/users\/3"}],"replies":[{"embeddable":true,"href":"https:\/\/agora.xtec.cat\/isvh\/wp-json\/wp\/v2\/comments?post=3126"}],"version-history":[{"count":6,"href":"https:\/\/agora.xtec.cat\/isvh\/wp-json\/wp\/v2\/pages\/3126\/revisions"}],"predecessor-version":[{"id":4158,"href":"https:\/\/agora.xtec.cat\/isvh\/wp-json\/wp\/v2\/pages\/3126\/revisions\/4158"}],"up":[{"embeddable":true,"href":"https:\/\/agora.xtec.cat\/isvh\/wp-json\/wp\/v2\/pages\/3107"}],"wp:attachment":[{"href":"https:\/\/agora.xtec.cat\/isvh\/wp-json\/wp\/v2\/media?parent=3126"}],"curies":[{"name":"wp","href":"https:\/\/api.w.org\/{rel}","templated":true}]}}