{"id":3107,"date":"2025-11-12T15:36:01","date_gmt":"2025-11-12T14:36:01","guid":{"rendered":"https:\/\/agora.xtec.cat\/isvh\/?page_id=3107"},"modified":"2026-01-28T14:49:00","modified_gmt":"2026-01-28T13:49:00","slug":"mobilitat-2","status":"publish","type":"page","link":"https:\/\/agora.xtec.cat\/isvh\/serveis\/mobilitat-2\/","title":{"rendered":"Mobilitat"},"content":{"rendered":"\n<p class=\"has-ast-global-color-0-color has-text-color has-link-color wp-elements-12c26bf7cf72b2fc750316e0646052ca\" style=\"font-size:25px\">Qu\u00e8 \u00e9s?<\/p>\n\n\n\n<p style=\"margin-bottom:0\">La Mobilitat \u00e9s una oportunitat que ofereix a  l\u2019alumnat de formaci\u00f3 professional poder realitzar pr\u00e0ctiques o estades formatives a l\u2019estranger, dins del programa Erasmus+, programa de la UE que va entrar en vigor el 2014 i s&#8217;emmarca en l&#8217;estrat\u00e8gia Europa 2020. Aquestes experi\u00e8ncies permeten desenvolupar compet\u00e8ncies professionals, ling\u00fc\u00edstiques i personals en un entorn internacional.<\/p>\n\n\n\n<p>Per m\u00e9s informaci\u00f3 o qualsevol dubte podeu contactar amb <a href=\"mailto:mobilitat@isvh.cat\"><strong>mobilitat@isvh.cat<\/strong><\/a><\/p>\n\n\n\n<p><\/p>\n\n\n\n<div class=\"wp-block-columns is-layout-flex wp-container-core-columns-is-layout-1 wp-block-columns-is-layout-flex\" style=\"padding-top:var(--wp--preset--spacing--20);padding-bottom:var(--wp--preset--spacing--20)\">\n<div class=\"wp-block-column is-layout-flow wp-block-column-is-layout-flow\">\n<figure class=\"wp-block-image size-full\"><a href=\"https:\/\/agora.xtec.cat\/isvh\/serveis\/mobilitat-2\/mobilitat-erasmus-grau-mitja\/\"><img loading=\"lazy\" decoding=\"async\" width=\"613\" height=\"316\" src=\"https:\/\/agora.xtec.cat\/isvh\/wp-content\/uploads\/usu3043\/2025\/11\/Erasmus-CFGM-def.png\" alt=\"\" class=\"wp-image-3132\" srcset=\"https:\/\/agora.xtec.cat\/isvh\/wp-content\/uploads\/usu3043\/2025\/11\/Erasmus-CFGM-def.png 613w, https:\/\/agora.xtec.cat\/isvh\/wp-content\/uploads\/usu3043\/2025\/11\/Erasmus-CFGM-def-300x155.png 300w\" sizes=\"auto, (max-width: 613px) 100vw, 613px\" \/><\/a><\/figure>\n<\/div>\n\n\n\n<div class=\"wp-block-column is-layout-flow wp-block-column-is-layout-flow\">\n<figure class=\"wp-block-image size-full\"><img loading=\"lazy\" decoding=\"async\" width=\"613\" height=\"315\" src=\"https:\/\/agora.xtec.cat\/isvh\/wp-content\/uploads\/usu3043\/2025\/11\/ERasmus-CFGS-def.png\" alt=\"\" class=\"wp-image-3133\" srcset=\"https:\/\/agora.xtec.cat\/isvh\/wp-content\/uploads\/usu3043\/2025\/11\/ERasmus-CFGS-def.png 613w, https:\/\/agora.xtec.cat\/isvh\/wp-content\/uploads\/usu3043\/2025\/11\/ERasmus-CFGS-def-300x154.png 300w\" sizes=\"auto, (max-width: 613px) 100vw, 613px\" \/><\/figure>\n<\/div>\n<\/div>\n\n\n\n<p><\/p>\n\n\n\n<div class=\"wp-block-columns has-white-background-color has-background is-layout-flex wp-container-core-columns-is-layout-2 wp-block-columns-is-layout-flex\">\n<div class=\"wp-block-column is-layout-flow wp-block-column-is-layout-flow\">\n<figure class=\"wp-block-image size-full\"><img loading=\"lazy\" decoding=\"async\" width=\"1000\" height=\"264\" src=\"https:\/\/agora.xtec.cat\/isvh\/wp-content\/uploads\/usu3043\/2025\/11\/erasmus_izquierda.png\" alt=\"\" class=\"wp-image-3118\" srcset=\"https:\/\/agora.xtec.cat\/isvh\/wp-content\/uploads\/usu3043\/2025\/11\/erasmus_izquierda.png 1000w, https:\/\/agora.xtec.cat\/isvh\/wp-content\/uploads\/usu3043\/2025\/11\/erasmus_izquierda-300x79.png 300w, https:\/\/agora.xtec.cat\/isvh\/wp-content\/uploads\/usu3043\/2025\/11\/erasmus_izquierda-768x203.png 768w\" sizes=\"auto, (max-width: 1000px) 100vw, 1000px\" \/><\/figure>\n<\/div>\n\n\n\n<div class=\"wp-block-column is-layout-flow wp-block-column-is-layout-flow\">\n<figure class=\"wp-block-image size-full\"><a href=\"http:\/\/sepie.es\/\" target=\"_blank\" rel=\" SEPIE\"><img loading=\"lazy\" decoding=\"async\" width=\"400\" height=\"148\" src=\"https:\/\/agora.xtec.cat\/isvh\/wp-content\/uploads\/usu3043\/2025\/11\/SEPIE_erasmus_plus.gif\" alt=\"\" class=\"wp-image-3116\"\/><\/a><\/figure>\n<\/div>\n\n\n\n<div class=\"wp-block-column is-layout-flow wp-block-column-is-layout-flow\">\n<figure class=\"wp-block-image size-large\"><img loading=\"lazy\" decoding=\"async\" width=\"1024\" height=\"215\" src=\"https:\/\/agora.xtec.cat\/isvh\/wp-content\/uploads\/usu3043\/2025\/11\/es_cofinanciado_por_la_union_europea_pos-1-2-1024x215.png\" alt=\"\" class=\"wp-image-3117\" srcset=\"https:\/\/agora.xtec.cat\/isvh\/wp-content\/uploads\/usu3043\/2025\/11\/es_cofinanciado_por_la_union_europea_pos-1-2-1024x215.png 1024w, https:\/\/agora.xtec.cat\/isvh\/wp-content\/uploads\/usu3043\/2025\/11\/es_cofinanciado_por_la_union_europea_pos-1-2-300x63.png 300w, https:\/\/agora.xtec.cat\/isvh\/wp-content\/uploads\/usu3043\/2025\/11\/es_cofinanciado_por_la_union_europea_pos-1-2-768x161.png 768w, https:\/\/agora.xtec.cat\/isvh\/wp-content\/uploads\/usu3043\/2025\/11\/es_cofinanciado_por_la_union_europea_pos-1-2-1536x322.png 1536w, https:\/\/agora.xtec.cat\/isvh\/wp-content\/uploads\/usu3043\/2025\/11\/es_cofinanciado_por_la_union_europea_pos-1-2-2048x429.png 2048w\" sizes=\"auto, (max-width: 1024px) 100vw, 1024px\" \/><\/figure>\n<\/div>\n<\/div>\n\n\n\n<p><\/p>\n","protected":false},"excerpt":{"rendered":"<p>Qu\u00e8 \u00e9s? La Mobilitat \u00e9s una oportunitat que ofereix a l\u2019alumnat de formaci\u00f3 professional poder realitzar pr\u00e0ctiques o estades formatives a l\u2019estranger, dins del programa Erasmus+, programa de la UE que va entrar en vigor el 2014 i s&#8217;emmarca en l&#8217;estrat\u00e8gia Europa 2020. Aquestes experi\u00e8ncies permeten desenvolupar compet\u00e8ncies professionals, ling\u00fc\u00edstiques i personals en un entorn [&hellip;]<\/p>\n","protected":false},"author":3,"featured_media":0,"parent":63,"menu_order":1,"comment_status":"closed","ping_status":"close","template":"","meta":{"site-sidebar-layout":"default","site-content-layout":"","ast-site-content-layout":"default","site-content-style":"default","site-sidebar-style":"default","ast-global-header-display":"","ast-banner-title-visibility":"","ast-main-header-display":"","ast-hfb-above-header-display":"","ast-hfb-below-header-display":"","ast-hfb-mobile-header-display":"","site-post-title":"","ast-breadcrumbs-content":"","ast-featured-img":"","footer-sml-layout":"","theme-transparent-header-meta":"","adv-header-id-meta":"","stick-header-meta":"","header-above-stick-meta":"","header-main-stick-meta":"","header-below-stick-meta":"","astra-migrate-meta-layouts":"set","ast-page-background-enabled":"default","ast-page-background-meta":{"desktop":{"background-color":"var(--ast-global-color-4)","background-image":"","background-repeat":"repeat","background-position":"center center","background-size":"auto","background-attachment":"scroll","background-type":"","background-media":"","overlay-type":"","overlay-color":"","overlay-opacity":"","overlay-gradient":""},"tablet":{"background-color":"","background-image":"","background-repeat":"repeat","background-position":"center center","background-size":"auto","background-attachment":"scroll","background-type":"","background-media":"","overlay-type":"","overlay-color":"","overlay-opacity":"","overlay-gradient":""},"mobile":{"background-color":"","background-image":"","background-repeat":"repeat","background-position":"center center","background-size":"auto","background-attachment":"scroll","background-type":"","background-media":"","overlay-type":"","overlay-color":"","overlay-opacity":"","overlay-gradient":""}},"ast-content-background-meta":{"desktop":{"background-color":"var(--ast-global-color-5)","background-image":"","background-repeat":"repeat","background-position":"center center","background-size":"auto","background-attachment":"scroll","background-type":"","background-media":"","overlay-type":"","overlay-color":"","overlay-opacity":"","overlay-gradient":""},"tablet":{"background-color":"var(--ast-global-color-5)","background-image":"","background-repeat":"repeat","background-position":"center center","background-size":"auto","background-attachment":"scroll","background-type":"","background-media":"","overlay-type":"","overlay-color":"","overlay-opacity":"","overlay-gradient":""},"mobile":{"background-color":"var(--ast-global-color-5)","background-image":"","background-repeat":"repeat","background-position":"center center","background-size":"auto","background-attachment":"scroll","background-type":"","background-media":"","overlay-type":"","overlay-color":"","overlay-opacity":"","overlay-gradient":""}},"footnotes":""},"class_list":["post-3107","page","type-page","status-publish","hentry"],"post_mailing_queue_ids":[],"_links":{"self":[{"href":"https:\/\/agora.xtec.cat\/isvh\/wp-json\/wp\/v2\/pages\/3107","targetHints":{"allow":["GET"]}}],"collection":[{"href":"https:\/\/agora.xtec.cat\/isvh\/wp-json\/wp\/v2\/pages"}],"about":[{"href":"https:\/\/agora.xtec.cat\/isvh\/wp-json\/wp\/v2\/types\/page"}],"author":[{"embeddable":true,"href":"https:\/\/agora.xtec.cat\/isvh\/wp-json\/wp\/v2\/users\/3"}],"replies":[{"embeddable":true,"href":"https:\/\/agora.xtec.cat\/isvh\/wp-json\/wp\/v2\/comments?post=3107"}],"version-history":[{"count":6,"href":"https:\/\/agora.xtec.cat\/isvh\/wp-json\/wp\/v2\/pages\/3107\/revisions"}],"predecessor-version":[{"id":3595,"href":"https:\/\/agora.xtec.cat\/isvh\/wp-json\/wp\/v2\/pages\/3107\/revisions\/3595"}],"up":[{"embeddable":true,"href":"https:\/\/agora.xtec.cat\/isvh\/wp-json\/wp\/v2\/pages\/63"}],"wp:attachment":[{"href":"https:\/\/agora.xtec.cat\/isvh\/wp-json\/wp\/v2\/media?parent=3107"}],"curies":[{"name":"wp","href":"https:\/\/api.w.org\/{rel}","templated":true}]}}