{"id":2858,"date":"2026-01-09T10:01:28","date_gmt":"2026-01-09T09:01:28","guid":{"rendered":"https:\/\/agora.xtec.cat\/isvh\/?page_id=2858"},"modified":"2026-02-09T15:18:01","modified_gmt":"2026-02-09T14:18:01","slug":"formacio-professional-dual-2","status":"publish","type":"page","link":"https:\/\/agora.xtec.cat\/isvh\/serveis\/formacio-professional-dual-2\/","title":{"rendered":"Formaci\u00f3 Professional DUAL"},"content":{"rendered":"\n<p><\/p>\n\n\n\n<p class=\"has-ast-global-color-0-color has-text-color has-link-color wp-elements-a010d0af4de1e67660dddbeccdd43cd3\" style=\"margin-top:var(--wp--preset--spacing--60);margin-bottom:0;font-size:25px\">Qu\u00e8 \u00e9s?<\/p>\n\n\n\n<div class=\"wp-block-getwid-section\"><div class=\"wp-block-getwid-section__wrapper getwid-justify-content-flex-start\"><div class=\"wp-block-getwid-section__inner-wrapper\"><div class=\"wp-block-getwid-section__background-holder\"><div class=\"wp-block-getwid-section__background\"><\/div><div class=\"wp-block-getwid-section__foreground\"><\/div><\/div><div class=\"wp-block-getwid-section__content\"><div class=\"wp-block-getwid-section__inner-content\">\n<figure class=\"wp-block-image alignright size-full is-resized has-custom-border\" style=\"margin-top:0;margin-right:var(--wp--preset--spacing--30);margin-bottom:0;margin-left:var(--wp--preset--spacing--30)\"><a href=\"https:\/\/drive.google.com\/file\/d\/1UnrPIANRG1LfRJv36PuNvEu0GcwkPpQX\/view\"><img loading=\"lazy\" decoding=\"async\" width=\"119\" height=\"130\" src=\"https:\/\/agora.xtec.cat\/isvh\/wp-content\/uploads\/usu3043\/2025\/10\/FP-Dual-4.png\" alt=\"\" class=\"wp-image-2872\" style=\"border-radius:37px;width:125px\"\/><\/a><\/figure>\n\n\n\n<p style=\"margin-top:0;margin-right:0;margin-bottom:var(--wp--preset--spacing--20);margin-left:0\">La Formaci\u00f3 Professional Dual \u00e9s una modalitat educativa que combina l\u2019aprenentatge a l\u2019aula amb l\u2019experi\u00e8ncia directa en una empresa. Aix\u00f2 vol dir que l\u2019estudiant reparteix el seu temps entre el centre educatiu i una organitzaci\u00f3 col\u00b7laboradora, on pot posar en pr\u00e0ctica all\u00f2 que apr\u00e8n i con\u00e8ixer de primera m\u00e0 el funcionament real del m\u00f3n laboral.<\/p>\n\n\n\n<div class=\"wp-block-buttons is-content-justification-right is-layout-flex wp-container-core-buttons-is-layout-1 wp-block-buttons-is-layout-flex\">\n<div class=\"wp-block-button\"><a class=\"wp-block-button__link has-white-color has-text-color has-link-color wp-element-button\" href=\"https:\/\/drive.google.com\/file\/d\/1UnrPIANRG1LfRJv36PuNvEu0GcwkPpQX\/view\" style=\"padding-top:var(--wp--preset--spacing--20);padding-bottom:var(--wp--preset--spacing--20)\">M\u00e9s Informaci\u00f3<\/a><\/div>\n<\/div>\n<\/div><\/div><\/div><\/div><\/div>\n\n\n\n<p><\/p>\n\n\n\n<p class=\"has-ast-global-color-0-color has-text-color has-link-color wp-elements-a504fa68cffdb8098721500bacb8ea8d\" style=\"margin-bottom:var(--wp--preset--spacing--50);font-size:25px\">Estada de l\u2019alumne a l\u2019empresa<\/p>\n\n\n\n<p style=\"margin-top:0;margin-right:0;margin-bottom:var(--wp--preset--spacing--30);margin-left:0\">L\u2019estada a l\u2019empresa est\u00e0 pensada perqu\u00e8 l\u2019alumnat pugui integrar-se gradualment en el m\u00f3n laboral. Comen\u00e7a amb unes pr\u00e0ctiques inicials, on l\u2019estudiant s\u2019acostuma al funcionament de l\u2019empresa i coneix els processos i les tasques que hi desenvolupar\u00e0.<\/p>\n\n\n\n<p style=\"margin-top:0;margin-bottom:var(--wp--preset--spacing--30)\">Un cop finalitzada aquesta fase, es passa a l\u2019estada remunerada, que pot ser mitjan\u00e7ant contracte o beca, segons l\u2019acord entre l\u2019empresa i el centre de formaci\u00f3. Durant aquest per\u00edode, s\u2019estableixen conjuntament les activitats formatives, l\u2019horari i el calendari, adaptant-los a les necessitats de l\u2019alumne i de l\u2019empresa. <\/p>\n\n\n\n<p style=\"margin-top:0;margin-bottom:var(--wp--preset--spacing--70)\">Qualsevol dubte podeu contactar amb nosaltres amb <a href=\"mailto:estadaempresa@isvh.cat\"><strong>estadaempresa@isvh.cat<\/strong><\/a><\/p>\n\n\n\n<p><\/p>\n\n\n\n<p class=\"has-ast-global-color-0-color has-text-color has-link-color wp-elements-40a10d3387aaecf9d36aae26cd37338c\" style=\"margin-bottom:var(--wp--preset--spacing--50);font-size:25px\">Beneficis de la FP Dual<\/p>\n\n\n\n<p style=\"margin-bottom:var(--wp--preset--spacing--30)\"><strong>Per al centre educatiu<\/strong>: La FP Dual refor\u00e7a la col\u00b7laboraci\u00f3 amb les empreses i fomenta una coresponsabilitat en la formaci\u00f3 dels alumnes, garantint que els continguts educatius estiguin alineats amb les necessitats del mercat laboral.<\/p>\n\n\n\n<p style=\"margin-bottom:var(--wp--preset--spacing--30)\"><strong>Per a l\u2019empresa<\/strong>: Ofereix l\u2019oportunitat de recuperar el model d\u2019aprenent, assegurant una formaci\u00f3 professional que millori la qualificaci\u00f3 i el desenvolupament dels joves. D\u2019aquesta manera, disposa de talent preparat i alineat amb les seves necessitats.<\/p>\n\n\n\n<p style=\"margin-top:0\"><strong>Per a l\u2019alumne<\/strong>: Combina formaci\u00f3 te\u00f2rica i pr\u00e0ctica amb un contracte, desenvolupant el seu potencial professional en situacions reals de treball. L\u2019alumne adquireix experi\u00e8ncia, coneix els processos del sector i millora la seva ocupabilitat.<\/p>\n\n\n\n<p><\/p>\n\n\n\n<p class=\"has-ast-global-color-0-color has-text-color has-link-color wp-elements-9a21485d596e3d445e25fa0446c6f773\" style=\"margin-bottom:var(--wp--preset--spacing--50);font-size:25px\">Modalitats<\/p>\n\n\n\n<p style=\"margin-bottom:var(--wp--preset--spacing--20)\"><strong>FP Dual General<\/strong>: Aquesta modalitat permet que l\u2019alumne realitzi una part de la seva formaci\u00f3 a l\u2019empresa sense tenir una relaci\u00f3 laboral. Es formalitza mitjan\u00e7ant un conveni de col\u00b7laboraci\u00f3 educativa entre el centre i l\u2019empresa. <\/p>\n\n\n\n<p style=\"margin-bottom:var(--wp--preset--spacing--50)\">L\u2019estada a l\u2019empresa t\u00e9 car\u00e0cter formatiu, similar a unes pr\u00e0ctiques ampliades en les quals l&#8217;alumne haur\u00e0 de cursar 515 hores. L\u2019alumne pot rebre una beca o compensaci\u00f3 econ\u00f2mica, tot i que no \u00e9s obligatori. <\/p>\n\n\n\n<p style=\"margin-bottom:var(--wp--preset--spacing--20)\"><strong>FP Dual Intensiva<\/strong>: Aquesta modalitat implica una col\u00b7laboraci\u00f3 m\u00e9s estreta entre el centre educatiu i l\u2019empresa. L\u2019alumne combina l\u2019activitat formativa al centre amb una relaci\u00f3 laboral real a l\u2019empresa, normalment mitjan\u00e7ant un contracte amb retribuci\u00f3 econ\u00f2mica.  <\/p>\n\n\n\n<p>L\u2019empresa t\u00e9 un paper molt actiu en la formaci\u00f3, participant en la planificaci\u00f3, el seguiment i l\u2019avaluaci\u00f3 de les compet\u00e8ncies adquirides. En aquest cas, l\u2019alumne passa entre el 50% i el 75% de la seva formaci\u00f3 total a l\u2019empresa, \u00e9s a dir, unes 1.000 hores al llarg del cicle.<\/p>\n\n\n\n<p><\/p>\n","protected":false},"excerpt":{"rendered":"<p>Qu\u00e8 \u00e9s? Estada de l\u2019alumne a l\u2019empresa L\u2019estada a l\u2019empresa est\u00e0 pensada perqu\u00e8 l\u2019alumnat pugui integrar-se gradualment en el m\u00f3n laboral. Comen\u00e7a amb unes pr\u00e0ctiques inicials, on l\u2019estudiant s\u2019acostuma al funcionament de l\u2019empresa i coneix els processos i les tasques que hi desenvolupar\u00e0. Un cop finalitzada aquesta fase, es passa a l\u2019estada remunerada, que pot [&hellip;]<\/p>\n","protected":false},"author":3,"featured_media":0,"parent":63,"menu_order":1,"comment_status":"closed","ping_status":"close","template":"","meta":{"site-sidebar-layout":"default","site-content-layout":"","ast-site-content-layout":"default","site-content-style":"default","site-sidebar-style":"default","ast-global-header-display":"","ast-banner-title-visibility":"","ast-main-header-display":"","ast-hfb-above-header-display":"","ast-hfb-below-header-display":"","ast-hfb-mobile-header-display":"","site-post-title":"","ast-breadcrumbs-content":"","ast-featured-img":"","footer-sml-layout":"","theme-transparent-header-meta":"","adv-header-id-meta":"","stick-header-meta":"","header-above-stick-meta":"","header-main-stick-meta":"","header-below-stick-meta":"","astra-migrate-meta-layouts":"set","ast-page-background-enabled":"default","ast-page-background-meta":{"desktop":{"background-color":"var(--ast-global-color-4)","background-image":"","background-repeat":"repeat","background-position":"center center","background-size":"auto","background-attachment":"scroll","background-type":"","background-media":"","overlay-type":"","overlay-color":"","overlay-opacity":"","overlay-gradient":""},"tablet":{"background-color":"","background-image":"","background-repeat":"repeat","background-position":"center center","background-size":"auto","background-attachment":"scroll","background-type":"","background-media":"","overlay-type":"","overlay-color":"","overlay-opacity":"","overlay-gradient":""},"mobile":{"background-color":"","background-image":"","background-repeat":"repeat","background-position":"center center","background-size":"auto","background-attachment":"scroll","background-type":"","background-media":"","overlay-type":"","overlay-color":"","overlay-opacity":"","overlay-gradient":""}},"ast-content-background-meta":{"desktop":{"background-color":"var(--ast-global-color-5)","background-image":"","background-repeat":"repeat","background-position":"center center","background-size":"auto","background-attachment":"scroll","background-type":"","background-media":"","overlay-type":"","overlay-color":"","overlay-opacity":"","overlay-gradient":""},"tablet":{"background-color":"var(--ast-global-color-5)","background-image":"","background-repeat":"repeat","background-position":"center center","background-size":"auto","background-attachment":"scroll","background-type":"","background-media":"","overlay-type":"","overlay-color":"","overlay-opacity":"","overlay-gradient":""},"mobile":{"background-color":"var(--ast-global-color-5)","background-image":"","background-repeat":"repeat","background-position":"center center","background-size":"auto","background-attachment":"scroll","background-type":"","background-media":"","overlay-type":"","overlay-color":"","overlay-opacity":"","overlay-gradient":""}},"footnotes":""},"class_list":["post-2858","page","type-page","status-publish","hentry"],"post_mailing_queue_ids":[],"_links":{"self":[{"href":"https:\/\/agora.xtec.cat\/isvh\/wp-json\/wp\/v2\/pages\/2858","targetHints":{"allow":["GET"]}}],"collection":[{"href":"https:\/\/agora.xtec.cat\/isvh\/wp-json\/wp\/v2\/pages"}],"about":[{"href":"https:\/\/agora.xtec.cat\/isvh\/wp-json\/wp\/v2\/types\/page"}],"author":[{"embeddable":true,"href":"https:\/\/agora.xtec.cat\/isvh\/wp-json\/wp\/v2\/users\/3"}],"replies":[{"embeddable":true,"href":"https:\/\/agora.xtec.cat\/isvh\/wp-json\/wp\/v2\/comments?post=2858"}],"version-history":[{"count":6,"href":"https:\/\/agora.xtec.cat\/isvh\/wp-json\/wp\/v2\/pages\/2858\/revisions"}],"predecessor-version":[{"id":2969,"href":"https:\/\/agora.xtec.cat\/isvh\/wp-json\/wp\/v2\/pages\/2858\/revisions\/2969"}],"up":[{"embeddable":true,"href":"https:\/\/agora.xtec.cat\/isvh\/wp-json\/wp\/v2\/pages\/63"}],"wp:attachment":[{"href":"https:\/\/agora.xtec.cat\/isvh\/wp-json\/wp\/v2\/media?parent=2858"}],"curies":[{"name":"wp","href":"https:\/\/api.w.org\/{rel}","templated":true}]}}