{"id":2706,"date":"2025-09-01T10:28:43","date_gmt":"2025-09-01T08:28:43","guid":{"rendered":"https:\/\/agora.xtec.cat\/isvh\/?page_id=2706"},"modified":"2026-01-18T18:50:50","modified_gmt":"2026-01-18T17:50:50","slug":"horari-datencio-de-secretaria","status":"publish","type":"page","link":"https:\/\/agora.xtec.cat\/isvh\/secretaria\/horari-datencio-de-secretaria\/","title":{"rendered":"Horari d&#8217;atenci\u00f3 de secretaria"},"content":{"rendered":"\n<div class=\"wp-block-columns alignwide is-layout-flex wp-container-core-columns-is-layout-1 wp-block-columns-is-layout-flex\">\n<div class=\"wp-block-column is-vertically-aligned-center is-layout-flow wp-block-column-is-layout-flow\" style=\"flex-basis:33.33%\">\n<p class=\"has-text-align-left has-ast-global-color-1-color has-text-color has-link-color wp-elements-b494de1d7e9a43384b42e5027b174f14\"><\/p>\n<\/div>\n\n\n\n<div class=\"wp-block-column is-layout-flow wp-block-column-is-layout-flow\" style=\"flex-basis:66.66%\">\n<p><strong>Et recomanem fer les gestions a trav\u00e9s del correu electr\u00f2nic secretaria@isvh.cat<\/strong><\/p>\n\n\n\n<p>Durant els mesos de setembre i octubre no fem atenci\u00f3 presencial per manca de personal. De l&#8217;1 de novembre al 30 de juny, fem atenci\u00f3 presencial de 10 a 11h de&nbsp;<strong>dimarts a divendres<\/strong>&nbsp;i de 15.30 a 16.30h de&nbsp;<strong>dilluns a dijous<\/strong>. Si ets alumne\/a del centre, tamb\u00e9 t&#8217;atendrem a l&#8217;hora d&#8217;esbarjo excepte els dilluns al mat\u00ed i els divendres a la tarda.&nbsp;<\/p>\n\n\n\n<p>Al mes de juliol no hi ha atenci\u00f3 presencial, excepte per la tramitaci\u00f3 de t\u00edtols, de 9 a 13h (consulteu l&#8217;\u00faltim dia d&#8217;atenci\u00f3 presencial a la web).&nbsp;<\/p>\n\n\n\n<p>Per manca de personal, a secretaria no es dona informaci\u00f3 general sobre els cicles o les preinscripcions. Cal informar-se a trav\u00e9s de la web del centre, el CEB o el Departament, a les portes obertes o a trav\u00e9s del correu informacio@isvh.cat si no trobeu all\u00f2 que busqueu.<\/p>\n<\/div>\n<\/div>\n\n\n\n<p><\/p>\n","protected":false},"excerpt":{"rendered":"<p>Et recomanem fer les gestions a trav\u00e9s del correu electr\u00f2nic secretaria@isvh.cat Durant els mesos de setembre i octubre no fem atenci\u00f3 presencial per manca de personal. De l&#8217;1 de novembre al 30 de juny, fem atenci\u00f3 presencial de 10 a 11h de&nbsp;dimarts a divendres&nbsp;i de 15.30 a 16.30h de&nbsp;dilluns a dijous. Si ets alumne\/a del [&hellip;]<\/p>\n","protected":false},"author":1,"featured_media":0,"parent":81,"menu_order":0,"comment_status":"closed","ping_status":"close","template":"","meta":{"site-sidebar-layout":"default","site-content-layout":"","ast-site-content-layout":"default","site-content-style":"default","site-sidebar-style":"default","ast-global-header-display":"","ast-banner-title-visibility":"","ast-main-header-display":"","ast-hfb-above-header-display":"","ast-hfb-below-header-display":"","ast-hfb-mobile-header-display":"","site-post-title":"","ast-breadcrumbs-content":"","ast-featured-img":"","footer-sml-layout":"","theme-transparent-header-meta":"","adv-header-id-meta":"","stick-header-meta":"","header-above-stick-meta":"","header-main-stick-meta":"","header-below-stick-meta":"","astra-migrate-meta-layouts":"set","ast-page-background-enabled":"default","ast-page-background-meta":{"desktop":{"background-color":"var(--ast-global-color-4)","background-image":"","background-repeat":"repeat","background-position":"center center","background-size":"auto","background-attachment":"scroll","background-type":"","background-media":"","overlay-type":"","overlay-color":"","overlay-opacity":"","overlay-gradient":""},"tablet":{"background-color":"","background-image":"","background-repeat":"repeat","background-position":"center center","background-size":"auto","background-attachment":"scroll","background-type":"","background-media":"","overlay-type":"","overlay-color":"","overlay-opacity":"","overlay-gradient":""},"mobile":{"background-color":"","background-image":"","background-repeat":"repeat","background-position":"center center","background-size":"auto","background-attachment":"scroll","background-type":"","background-media":"","overlay-type":"","overlay-color":"","overlay-opacity":"","overlay-gradient":""}},"ast-content-background-meta":{"desktop":{"background-color":"var(--ast-global-color-5)","background-image":"","background-repeat":"repeat","background-position":"center center","background-size":"auto","background-attachment":"scroll","background-type":"","background-media":"","overlay-type":"","overlay-color":"","overlay-opacity":"","overlay-gradient":""},"tablet":{"background-color":"var(--ast-global-color-5)","background-image":"","background-repeat":"repeat","background-position":"center center","background-size":"auto","background-attachment":"scroll","background-type":"","background-media":"","overlay-type":"","overlay-color":"","overlay-opacity":"","overlay-gradient":""},"mobile":{"background-color":"var(--ast-global-color-5)","background-image":"","background-repeat":"repeat","background-position":"center center","background-size":"auto","background-attachment":"scroll","background-type":"","background-media":"","overlay-type":"","overlay-color":"","overlay-opacity":"","overlay-gradient":""}},"footnotes":""},"class_list":["post-2706","page","type-page","status-publish","hentry"],"post_mailing_queue_ids":[],"_links":{"self":[{"href":"https:\/\/agora.xtec.cat\/isvh\/wp-json\/wp\/v2\/pages\/2706","targetHints":{"allow":["GET"]}}],"collection":[{"href":"https:\/\/agora.xtec.cat\/isvh\/wp-json\/wp\/v2\/pages"}],"about":[{"href":"https:\/\/agora.xtec.cat\/isvh\/wp-json\/wp\/v2\/types\/page"}],"author":[{"embeddable":true,"href":"https:\/\/agora.xtec.cat\/isvh\/wp-json\/wp\/v2\/users\/1"}],"replies":[{"embeddable":true,"href":"https:\/\/agora.xtec.cat\/isvh\/wp-json\/wp\/v2\/comments?post=2706"}],"version-history":[{"count":6,"href":"https:\/\/agora.xtec.cat\/isvh\/wp-json\/wp\/v2\/pages\/2706\/revisions"}],"predecessor-version":[{"id":3481,"href":"https:\/\/agora.xtec.cat\/isvh\/wp-json\/wp\/v2\/pages\/2706\/revisions\/3481"}],"up":[{"embeddable":true,"href":"https:\/\/agora.xtec.cat\/isvh\/wp-json\/wp\/v2\/pages\/81"}],"wp:attachment":[{"href":"https:\/\/agora.xtec.cat\/isvh\/wp-json\/wp\/v2\/media?parent=2706"}],"curies":[{"name":"wp","href":"https:\/\/api.w.org\/{rel}","templated":true}]}}