{"id":27,"date":"2014-09-17T16:24:03","date_gmt":"2014-09-17T16:24:03","guid":{"rendered":"http:\/\/agora.xtec.cat\/isvh\/?page_id=27"},"modified":"2025-12-28T09:59:52","modified_gmt":"2025-12-28T08:59:52","slug":"historia","status":"publish","type":"page","link":"https:\/\/agora.xtec.cat\/isvh\/linstitut\/historia\/","title":{"rendered":"Hist\u00f2ria"},"content":{"rendered":"\n<p><\/p>\n\n\n\n<h2 class=\"wp-block-heading\">Inicis de l&#8217;Institut d&#8217;FP Sanit\u00e0ria Vall d&#8217;Hebron<\/h2>\n\n\n\n<p><\/p>\n\n\n\n<p>El Pla director de l&#8217;FP a Barcelona dut a terme pel <a href=\"https:\/\/www.edubcn.cat\/ca\">Consorci Educatiu de Barcelona<\/a>, t\u00e9 com a objectiu final per a l&#8217;any 2030 la reordenaci\u00f3 dels estudis professionalitzadors de la ciutat en 35 centres de formaci\u00f3 professional, especialitzats i integrats.<\/p>\n\n\n\n<p>Fruit d&#8217;aquesta ordenaci\u00f3 apareix l&#8217;Institut d&#8217;FP Sanit\u00e0ria Vall d&#8217;Hebron, que va fusionar els cicles formatius de la fam\u00edlia sanit\u00e0ria de 4 instituts de la ciutat: l&#8217;Institut Flos i Calcat, l&#8217;Institut La Guineueta, l&#8217;Institut Mois\u00e9s Broggi i l&#8217;Insitut Vall d&#8217;Hebron, donant lloc a l&#8217;actual <a href=\"https:\/\/agora.xtec.cat\/isvh\/estudis\/\">oferta formativa<\/a> del nostre centre.<\/p>\n\n\n\n<p>El lloc escollit per a la creaci\u00f3 d&#8217;aquest nou institut \u00e9s l&#8217;ala dreta de l&#8217;edifici antigament conegut com l&#8217;Orfenat (o Patronat) Ribas, i que des del curs 2002-2003 ocupava de forma \u00edntegra l&#8217;<a href=\"http:\/\/www.insvallhebron.cat\/\">Institut Vall d&#8217;Hebron<\/a>. Com a conseq\u00fc\u00e8ncia, aquest va passar a ocupar l&#8217;ala esquerra de l&#8217;edifici.<\/p>\n\n\n\n<p><\/p>\n\n\n\n<figure class=\"wp-block-image\"><a href=\"https:\/\/agora.xtec.cat\/isvh\/wp-content\/uploads\/usu3043\/2024\/06\/20151025164625Patronat-Ribas-1-scaled.jpg\"><img loading=\"lazy\" decoding=\"async\" width=\"2560\" height=\"1439\" src=\"https:\/\/agora.xtec.cat\/isvh\/wp-content\/uploads\/usu3043\/2025\/04\/20151025164625Patronat-Ribas-1-edited-scaled.jpg\" alt=\"\" class=\"wp-image-2171\" srcset=\"https:\/\/agora.xtec.cat\/isvh\/wp-content\/uploads\/usu3043\/2025\/04\/20151025164625Patronat-Ribas-1-edited-scaled.jpg 2560w, https:\/\/agora.xtec.cat\/isvh\/wp-content\/uploads\/usu3043\/2025\/04\/20151025164625Patronat-Ribas-1-edited-300x169.jpg 300w, https:\/\/agora.xtec.cat\/isvh\/wp-content\/uploads\/usu3043\/2025\/04\/20151025164625Patronat-Ribas-1-edited-1024x576.jpg 1024w, https:\/\/agora.xtec.cat\/isvh\/wp-content\/uploads\/usu3043\/2025\/04\/20151025164625Patronat-Ribas-1-edited-768x432.jpg 768w, https:\/\/agora.xtec.cat\/isvh\/wp-content\/uploads\/usu3043\/2025\/04\/20151025164625Patronat-Ribas-1-edited-1536x864.jpg 1536w, https:\/\/agora.xtec.cat\/isvh\/wp-content\/uploads\/usu3043\/2025\/04\/20151025164625Patronat-Ribas-1-edited-2048x1152.jpg 2048w\" sizes=\"auto, (max-width: 2560px) 100vw, 2560px\" \/><\/a><figcaption class=\"wp-element-caption\">Imatge <a href=\"https:\/\/www.barcelona.cat\/ca\/coneixbcn\/pics\/patronat-ribas-99400098771\">Ajuntament de Barcelona<\/a><\/figcaption><\/figure>\n\n\n\n<p><\/p>\n\n\n\n<h2 class=\"wp-block-heading\">Hist\u00f2ria de l&#8217;edifici com a centre educatiu (1972-actualitat)<\/h2>\n\n\n\n<p><\/p>\n\n\n\n<p>L\u2019edifici inici\u00e0 la seva tasca com a centre educatiu en els anys 70 i, despr\u00e9s de for\u00e7a anys de coexist\u00e8ncia en un mateix recinte de l\u2019institut Carles Riba (centre de BUP) i l\u2019institut Patronat Ribas (centre de Formaci\u00f3 Professional), el curs 2002-2003 inici\u00e0 el seu funcionament l\u2019Institut d\u2019Educaci\u00f3 Secund\u00e0ria Vall d\u2019Hebron, fruit de la fusi\u00f3 d\u2019ambd\u00f3s. Cadascun dels antics instituts ocupava una banda de l\u2019edifici, per\u00f2 compartien alguns espais com ara la biblioteca, la cafeteria i el recinte exterior.<\/p>\n\n\n\n<p><\/p>\n\n\n\n<h2 class=\"wp-block-heading\">L&#8217;Orfenat Ribas (1930-1971)<\/h2>\n\n\n\n<p>El 1930 fou inaugurat l\u2019Orfenat Ribas, de l\u2019arquitecte Enric Sagnier i Villavecchia. L\u2019edifici est\u00e0 catalogat com a b\u00e9 cultural d\u2019inter\u00e8s local. L\u2019orfenat va funcionar fins al curs 1970-1971. <\/p>\n\n\n\n<p>Tot i que actualment es coneix pel nom de l&#8217;arquitecte, anteriorment es coneixia com <strong>finca de Can Besora<\/strong>, el mas que va donar nom als terrenys situats entre el passeig de la Vall d\u2019Hebron, l\u2019antic cam\u00ed de Sant Gen\u00eds i el torrent de Collserola, i que va ser enderrocat als anys vuitanta. Amb capacitat per acollir&nbsp;<strong>800 nens<\/strong>, no n\u2019hi va haver mai m\u00e9s de 200, per\u00f2 va funcionar com a orfenat fins a&nbsp;<strong>comen\u00e7aments dels anys setanta<\/strong>, en qu\u00e8 va sortir a subhasta. Gr\u00e0cies al moviment ve\u00efnal, que demanava destinar l\u2019edifici a centre educatiu,&nbsp;<strong>l\u2019Ajuntament el va comprar<\/strong>&nbsp;i el va convertir en un institut.<\/p>\n\n\n\n<p>Font: <a href=\"https:\/\/www.barcelona.cat\/ca\/coneixbcn\/pics\/patronat-ribas-99400098771\">AJUNTAMENT DE BARCELONA<\/a><\/p>\n\n\n\n<p><\/p>\n\n\n\n<figure class=\"wp-block-image size-full\"><img loading=\"lazy\" decoding=\"async\" width=\"971\" height=\"570\" src=\"https:\/\/agora.xtec.cat\/isvh\/wp-content\/uploads\/usu3043\/2025\/04\/08-patronato-ribas-2.jpg\" alt=\"\" class=\"wp-image-2172\" srcset=\"https:\/\/agora.xtec.cat\/isvh\/wp-content\/uploads\/usu3043\/2025\/04\/08-patronato-ribas-2.jpg 971w, https:\/\/agora.xtec.cat\/isvh\/wp-content\/uploads\/usu3043\/2025\/04\/08-patronato-ribas-2-300x176.jpg 300w, https:\/\/agora.xtec.cat\/isvh\/wp-content\/uploads\/usu3043\/2025\/04\/08-patronato-ribas-2-768x451.jpg 768w\" sizes=\"auto, (max-width: 971px) 100vw, 971px\" \/><figcaption class=\"wp-element-caption\">Imatge de <a href=\"https:\/\/barcelonamemory.com\/el-patronato-ribas-su-historia\">Barcelona Memory<\/a><\/figcaption><\/figure>\n\n\n\n<p><\/p>\n\n\n\n<h2 class=\"wp-block-heading\">Un edifici avan\u00e7at a la seva \u00e8poca<\/h2>\n\n\n\n<p>Sagnier va dissenyar l\u2019orfenat-escola seguint el&nbsp;<strong>m\u00e8tode Montessori<\/strong>: era un edifici avan\u00e7at a la seva \u00e8poca, amb sales d\u2019estudi \u00e0mplies i lluminoses, laboratoris, sala de cinema sonor, infermeria i fins i tot aparells de raigs X. Va tancar el 1972 i els ve\u00efns van impedir que s&#8217;enerroqu\u00e9s.<\/p>\n\n\n\n<p><\/p>\n\n\n\n<h2 class=\"wp-block-heading\">Cap a un centre de formaci\u00f3 professional integrat<\/h2>\n\n\n\n<p><\/p>\n\n\n\n<p>Actualment estem treballant per ser un <strong>CENTRE DE FORMACI\u00d3 PROFESSIONAL INTEGRAT<\/strong> amb l&#8217;objectiu d&#8217;oferir una formaci\u00f3 completa, actualitzada i flexible, adaptada a les necessitats del mercat laboral, de les empreses i de les persones al llarg de la seva vida. L&#8217;FP Integrada ofereix a cada persona l\u2019oportunitat de dissenyar un recorregut formatiu i professional propi al llarg de la vida, amb la col\u00b7laboraci\u00f3 activa de les empreses en tot el proc\u00e9s, per tal de respondre de manera efica\u00e7 a les demandes d\u2019una societat i un mercat laboral en constant evoluci\u00f3.<\/p>\n\n\n\n<p><\/p>\n","protected":false},"excerpt":{"rendered":"<p>Inicis de l&#8217;Institut d&#8217;FP Sanit\u00e0ria Vall d&#8217;Hebron El Pla director de l&#8217;FP a Barcelona dut a terme pel Consorci Educatiu de Barcelona, t\u00e9 com a objectiu final per a l&#8217;any 2030 la reordenaci\u00f3 dels estudis professionalitzadors de la ciutat en 35 centres de formaci\u00f3 professional, especialitzats i integrats. Fruit d&#8217;aquesta ordenaci\u00f3 apareix l&#8217;Institut d&#8217;FP Sanit\u00e0ria [&hellip;]<\/p>\n","protected":false},"author":1,"featured_media":0,"parent":19,"menu_order":20,"comment_status":"closed","ping_status":"closed","template":"","meta":{"site-sidebar-layout":"default","site-content-layout":"","ast-site-content-layout":"default","site-content-style":"default","site-sidebar-style":"default","ast-global-header-display":"","ast-banner-title-visibility":"","ast-main-header-display":"","ast-hfb-above-header-display":"","ast-hfb-below-header-display":"","ast-hfb-mobile-header-display":"","site-post-title":"","ast-breadcrumbs-content":"","ast-featured-img":"","footer-sml-layout":"","theme-transparent-header-meta":"","adv-header-id-meta":"","stick-header-meta":"","header-above-stick-meta":"","header-main-stick-meta":"","header-below-stick-meta":"","astra-migrate-meta-layouts":"set","ast-page-background-enabled":"default","ast-page-background-meta":{"desktop":{"background-color":"var(--ast-global-color-4)","background-image":"","background-repeat":"repeat","background-position":"center center","background-size":"auto","background-attachment":"scroll","background-type":"","background-media":"","overlay-type":"","overlay-color":"","overlay-opacity":"","overlay-gradient":""},"tablet":{"background-color":"","background-image":"","background-repeat":"repeat","background-position":"center center","background-size":"auto","background-attachment":"scroll","background-type":"","background-media":"","overlay-type":"","overlay-color":"","overlay-opacity":"","overlay-gradient":""},"mobile":{"background-color":"","background-image":"","background-repeat":"repeat","background-position":"center center","background-size":"auto","background-attachment":"scroll","background-type":"","background-media":"","overlay-type":"","overlay-color":"","overlay-opacity":"","overlay-gradient":""}},"ast-content-background-meta":{"desktop":{"background-color":"var(--ast-global-color-5)","background-image":"","background-repeat":"repeat","background-position":"center center","background-size":"auto","background-attachment":"scroll","background-type":"","background-media":"","overlay-type":"","overlay-color":"","overlay-opacity":"","overlay-gradient":""},"tablet":{"background-color":"var(--ast-global-color-5)","background-image":"","background-repeat":"repeat","background-position":"center center","background-size":"auto","background-attachment":"scroll","background-type":"","background-media":"","overlay-type":"","overlay-color":"","overlay-opacity":"","overlay-gradient":""},"mobile":{"background-color":"var(--ast-global-color-5)","background-image":"","background-repeat":"repeat","background-position":"center center","background-size":"auto","background-attachment":"scroll","background-type":"","background-media":"","overlay-type":"","overlay-color":"","overlay-opacity":"","overlay-gradient":""}},"footnotes":""},"class_list":["post-27","page","type-page","status-publish","hentry"],"post_mailing_queue_ids":[],"_links":{"self":[{"href":"https:\/\/agora.xtec.cat\/isvh\/wp-json\/wp\/v2\/pages\/27","targetHints":{"allow":["GET"]}}],"collection":[{"href":"https:\/\/agora.xtec.cat\/isvh\/wp-json\/wp\/v2\/pages"}],"about":[{"href":"https:\/\/agora.xtec.cat\/isvh\/wp-json\/wp\/v2\/types\/page"}],"author":[{"embeddable":true,"href":"https:\/\/agora.xtec.cat\/isvh\/wp-json\/wp\/v2\/users\/1"}],"replies":[{"embeddable":true,"href":"https:\/\/agora.xtec.cat\/isvh\/wp-json\/wp\/v2\/comments?post=27"}],"version-history":[{"count":6,"href":"https:\/\/agora.xtec.cat\/isvh\/wp-json\/wp\/v2\/pages\/27\/revisions"}],"predecessor-version":[{"id":3335,"href":"https:\/\/agora.xtec.cat\/isvh\/wp-json\/wp\/v2\/pages\/27\/revisions\/3335"}],"up":[{"embeddable":true,"href":"https:\/\/agora.xtec.cat\/isvh\/wp-json\/wp\/v2\/pages\/19"}],"wp:attachment":[{"href":"https:\/\/agora.xtec.cat\/isvh\/wp-json\/wp\/v2\/media?parent=27"}],"curies":[{"name":"wp","href":"https:\/\/api.w.org\/{rel}","templated":true}]}}