{"id":2231,"date":"2025-05-16T13:37:13","date_gmt":"2025-05-16T11:37:13","guid":{"rendered":"https:\/\/agora.xtec.cat\/isvh\/?page_id=2231"},"modified":"2026-04-05T12:15:50","modified_gmt":"2026-04-05T10:15:50","slug":"tramits-alumnat-2","status":"publish","type":"page","link":"https:\/\/agora.xtec.cat\/isvh\/secretaria\/tramits\/tramits-alumnat-2\/","title":{"rendered":"Tr\u00e0mits alumnat"},"content":{"rendered":"\n<p><\/p>\n\n\n\n<p>Aqu\u00ed podr\u00e0s trobar la informaci\u00f3 i l&#8217;acc\u00e9s als principals tr\u00e0mits que pots gestionar al nostre centre i d&#8217;altres p\u00e0gines i serveis oficials relacionats amb la nostra funci\u00f3 educativa. L&#8217;acc\u00e9s als formularis es fa amb el correu corporatiu isvh. Si no en tens, posa&#8217;t en contacte amb secretaria@isvh.cat<\/p>\n\n\n\n<div class=\"wp-block-cover is-light has-custom-content-position is-position-center-left\" style=\"min-height:75px;aspect-ratio:unset;\"><span aria-hidden=\"true\" class=\"wp-block-cover__background has-background-dim-100 has-background-dim\" style=\"background-color:#ffffff\"><\/span><div class=\"wp-block-cover__inner-container is-layout-constrained wp-container-core-cover-is-layout-1 wp-block-cover-is-layout-constrained\">\n<div class=\"wp-block-media-text alignwide is-stacked-on-mobile is-vertically-aligned-center\" style=\"grid-template-columns:30% auto\"><figure class=\"wp-block-media-text__media\"><img loading=\"lazy\" decoding=\"async\" width=\"1024\" height=\"1024\" src=\"https:\/\/agora.xtec.cat\/isvh\/wp-content\/uploads\/usu3043\/2025\/10\/8600853_3943613-1024x1024.jpg\" alt=\"\" class=\"wp-image-2931 size-full\" srcset=\"https:\/\/agora.xtec.cat\/isvh\/wp-content\/uploads\/usu3043\/2025\/10\/8600853_3943613-1024x1024.jpg 1024w, https:\/\/agora.xtec.cat\/isvh\/wp-content\/uploads\/usu3043\/2025\/10\/8600853_3943613-300x300.jpg 300w, https:\/\/agora.xtec.cat\/isvh\/wp-content\/uploads\/usu3043\/2025\/10\/8600853_3943613-150x150.jpg 150w, https:\/\/agora.xtec.cat\/isvh\/wp-content\/uploads\/usu3043\/2025\/10\/8600853_3943613-768x768.jpg 768w, https:\/\/agora.xtec.cat\/isvh\/wp-content\/uploads\/usu3043\/2025\/10\/8600853_3943613-1536x1536.jpg 1536w, https:\/\/agora.xtec.cat\/isvh\/wp-content\/uploads\/usu3043\/2025\/10\/8600853_3943613.jpg 2000w\" sizes=\"auto, (max-width: 1024px) 100vw, 1024px\" \/><\/figure><div class=\"wp-block-media-text__content\">\n<h2 class=\"wp-block-heading has-ast-global-color-1-color has-text-color\" style=\"font-size:32px\"><strong>SOL\u00b7LICITUD DE CERTIFICATS<\/strong><\/h2>\n\n\n\n<p class=\"has-text-color\" style=\"color:#000000;font-size:17px\">Al seg\u00fcent formulari pots demanar que se&#8217;t certifiqui si est\u00e0s matriculada al centre, quines s\u00f3n les teves notes, si est\u00e0s fent estada a l&#8217;empresa o quin \u00e9s el teu horari, entre d&#8217;altres.<\/p>\n\n\n\n<p><\/p>\n\n\n\n<div class=\"wp-block-buttons is-layout-flex wp-block-buttons-is-layout-flex\">\n<div class=\"wp-block-button is-style-fill\"><a class=\"wp-block-button__link has-white-color has-ast-global-color-0-background-color has-text-color has-background has-link-color wp-element-button\" href=\"https:\/\/forms.gle\/1x12HjacPBpyEaHo8\" target=\"_blank\" rel=\"noreferrer noopener\">ACCEDEIX<\/a><\/div>\n<\/div>\n<\/div><\/div>\n<\/div><\/div>\n\n\n\n<div class=\"wp-block-cover is-light has-custom-content-position is-position-center-left\" style=\"min-height:75px;aspect-ratio:unset;\"><span aria-hidden=\"true\" class=\"wp-block-cover__background has-background-dim-100 has-background-dim\" style=\"background-color:#ffffff\"><\/span><div class=\"wp-block-cover__inner-container is-layout-constrained wp-container-core-cover-is-layout-2 wp-block-cover-is-layout-constrained\">\n<div class=\"wp-block-media-text alignwide is-stacked-on-mobile is-vertically-aligned-center\" style=\"grid-template-columns:30% auto\"><figure class=\"wp-block-media-text__media\"><img loading=\"lazy\" decoding=\"async\" width=\"1024\" height=\"1024\" src=\"https:\/\/agora.xtec.cat\/isvh\/wp-content\/uploads\/usu3043\/2025\/10\/44260547_mia0300-1024x1024.jpg\" alt=\"\" class=\"wp-image-3016 size-full\" srcset=\"https:\/\/agora.xtec.cat\/isvh\/wp-content\/uploads\/usu3043\/2025\/10\/44260547_mia0300-1024x1024.jpg 1024w, https:\/\/agora.xtec.cat\/isvh\/wp-content\/uploads\/usu3043\/2025\/10\/44260547_mia0300-300x300.jpg 300w, https:\/\/agora.xtec.cat\/isvh\/wp-content\/uploads\/usu3043\/2025\/10\/44260547_mia0300-150x150.jpg 150w, https:\/\/agora.xtec.cat\/isvh\/wp-content\/uploads\/usu3043\/2025\/10\/44260547_mia0300-768x768.jpg 768w, https:\/\/agora.xtec.cat\/isvh\/wp-content\/uploads\/usu3043\/2025\/10\/44260547_mia0300-1536x1536.jpg 1536w, https:\/\/agora.xtec.cat\/isvh\/wp-content\/uploads\/usu3043\/2025\/10\/44260547_mia0300-2048x2048.jpg 2048w\" sizes=\"auto, (max-width: 1024px) 100vw, 1024px\" \/><\/figure><div class=\"wp-block-media-text__content\">\n<h2 class=\"wp-block-heading has-ast-global-color-1-color has-text-color\" style=\"font-size:32px\"><strong>SOL\u00b7LICITUD DE T\u00cdTOL<\/strong><\/h2>\n\n\n\n<p class=\"has-text-color\" style=\"color:#000000;font-size:17px\">La sol\u00b7licitud i tramitaci\u00f3 del t\u00edtol ja no es realitza al centre, sin\u00f3 a la <strong>web de tr\u00e0mits de la Generalitat <\/strong>enlla\u00e7ada al bot\u00f3 ACCEDEIX que trobareu a sota.<\/p>\n\n\n\n<p>Si un cop feta la sol\u00b7licitud us n&#8217;adoneu que heu fet alguna errada, aviseu-nos abans de fer el pagament.<\/p>\n\n\n\n<p class=\"has-text-color\" style=\"color:#000000;font-size:17px\">Un cop fet el pagament,<strong> ens ho heu de comunicar a trav\u00e9s de l&#8217;email de secretaria<\/strong> (assumpte: T\u00cdTOL) perqu\u00e8 no rebem cap av\u00eds de l&#8217;aplicaci\u00f3. Un cop avisats, validarem les dades que ens demanin, farem la sol\u00b7licitud definitiva i us enviarem per email el reguard del t\u00edtol quan l&#8217;aplicaci\u00f3 el generi, aproximadament en cinc dies h\u00e0bils, Aquest resguard t\u00e9 validesa mentre no arriba el t\u00edtol oficial.<\/p>\n\n\n\n<p class=\"has-text-color\" style=\"color:#000000;font-size:17px\">Tingueu en compte que, malgrat acabin les classes o les pr\u00e0ctiques, no es pot fer aquesta gesti\u00f3 fins que est\u00e0 tota la documentaci\u00f3 recepcionada i les avaluacions tancades. Us avisaran des de les tutories de la data a partir de la qual podeu tramitar la sol\u00b7licitud.<\/p>\n\n\n\n<div class=\"wp-block-buttons is-layout-flex wp-block-buttons-is-layout-flex\">\n<div class=\"wp-block-button is-style-fill\"><a class=\"wp-block-button__link has-white-color has-ast-global-color-0-background-color has-text-color has-background has-link-color wp-element-button\" href=\"https:\/\/tramits.gencat.cat\/ca\/tramits\/tramits-temes\/titols-academics-no-universitaris?category=742b7874-a82c-11e3-a972-000c29052e2c\" target=\"_blank\" rel=\"noreferrer noopener\">ACCEDEIX<\/a><\/div>\n<\/div>\n<\/div><\/div>\n<\/div><\/div>\n\n\n\n<div class=\"wp-block-cover alignwide is-light has-custom-content-position is-position-center-left\" style=\"min-height:75px;aspect-ratio:unset;\"><span aria-hidden=\"true\" class=\"wp-block-cover__background has-background-dim-100 has-background-dim\" style=\"background-color:#ffffff\"><\/span><div class=\"wp-block-cover__inner-container is-layout-constrained wp-container-core-cover-is-layout-3 wp-block-cover-is-layout-constrained\">\n<div class=\"wp-block-media-text alignwide is-stacked-on-mobile is-vertically-aligned-center\" style=\"grid-template-columns:30% auto\"><figure class=\"wp-block-media-text__media\"><img loading=\"lazy\" decoding=\"async\" width=\"1024\" height=\"1024\" src=\"https:\/\/agora.xtec.cat\/isvh\/wp-content\/uploads\/usu3043\/2025\/10\/136480941_46421273-7e17-442b-b0ef-030e826d994d-1024x1024.jpg\" alt=\"\" class=\"wp-image-2919 size-full\" srcset=\"https:\/\/agora.xtec.cat\/isvh\/wp-content\/uploads\/usu3043\/2025\/10\/136480941_46421273-7e17-442b-b0ef-030e826d994d-1024x1024.jpg 1024w, https:\/\/agora.xtec.cat\/isvh\/wp-content\/uploads\/usu3043\/2025\/10\/136480941_46421273-7e17-442b-b0ef-030e826d994d-300x300.jpg 300w, https:\/\/agora.xtec.cat\/isvh\/wp-content\/uploads\/usu3043\/2025\/10\/136480941_46421273-7e17-442b-b0ef-030e826d994d-150x150.jpg 150w, https:\/\/agora.xtec.cat\/isvh\/wp-content\/uploads\/usu3043\/2025\/10\/136480941_46421273-7e17-442b-b0ef-030e826d994d-768x768.jpg 768w, https:\/\/agora.xtec.cat\/isvh\/wp-content\/uploads\/usu3043\/2025\/10\/136480941_46421273-7e17-442b-b0ef-030e826d994d-1536x1536.jpg 1536w, https:\/\/agora.xtec.cat\/isvh\/wp-content\/uploads\/usu3043\/2025\/10\/136480941_46421273-7e17-442b-b0ef-030e826d994d-2048x2048.jpg 2048w\" sizes=\"auto, (max-width: 1024px) 100vw, 1024px\" \/><\/figure><div class=\"wp-block-media-text__content\">\n<h2 class=\"wp-block-heading has-ast-global-color-1-color has-text-color\" style=\"font-size:32px\"><strong>IDALU <\/strong><\/h2>\n\n\n\n<p class=\"has-text-color\" style=\"color:#000000;font-size:17px\">Al web del Departament d&#8217;Educaci\u00f3 i Formaci\u00f3 Professional pots consultar el teu n\u00famero d&#8217;IDentificaci\u00f3 de l&#8217;alumnat.<\/p>\n\n\n\n<div class=\"wp-block-buttons is-layout-flex wp-block-buttons-is-layout-flex\">\n<div class=\"wp-block-button is-style-fill\"><a class=\"wp-block-button__link has-white-color has-ast-global-color-0-background-color has-text-color has-background has-link-color wp-element-button\" href=\"https:\/\/educacio.gencat.cat\/ca\/tramits\/tramits-temes\/identificador-alumne\" target=\"_blank\" rel=\"noreferrer noopener\">ACCEDEIX<\/a><\/div>\n<\/div>\n<\/div><\/div>\n<\/div><\/div>\n\n\n\n<div class=\"wp-block-cover alignfull is-light\" style=\"min-height:73px;aspect-ratio:unset;\"><span aria-hidden=\"true\" class=\"wp-block-cover__background has-background-dim-100 has-background-dim\" style=\"background-color:#ffffff\"><\/span><div class=\"wp-block-cover__inner-container is-layout-constrained wp-block-cover-is-layout-constrained\">\n<div class=\"wp-block-media-text alignwide is-stacked-on-mobile is-vertically-aligned-center\" style=\"grid-template-columns:30% auto\"><figure class=\"wp-block-media-text__media\"><img loading=\"lazy\" decoding=\"async\" width=\"1024\" height=\"853\" src=\"https:\/\/agora.xtec.cat\/isvh\/wp-content\/uploads\/usu3043\/2025\/10\/415789343_5f838929-c484-43e3-8886-9e5e8fb9dd59-1024x853.jpg\" alt=\"\" class=\"wp-image-2920 size-full\" srcset=\"https:\/\/agora.xtec.cat\/isvh\/wp-content\/uploads\/usu3043\/2025\/10\/415789343_5f838929-c484-43e3-8886-9e5e8fb9dd59-1024x853.jpg 1024w, https:\/\/agora.xtec.cat\/isvh\/wp-content\/uploads\/usu3043\/2025\/10\/415789343_5f838929-c484-43e3-8886-9e5e8fb9dd59-300x250.jpg 300w, https:\/\/agora.xtec.cat\/isvh\/wp-content\/uploads\/usu3043\/2025\/10\/415789343_5f838929-c484-43e3-8886-9e5e8fb9dd59-768x640.jpg 768w, https:\/\/agora.xtec.cat\/isvh\/wp-content\/uploads\/usu3043\/2025\/10\/415789343_5f838929-c484-43e3-8886-9e5e8fb9dd59-1536x1280.jpg 1536w, https:\/\/agora.xtec.cat\/isvh\/wp-content\/uploads\/usu3043\/2025\/10\/415789343_5f838929-c484-43e3-8886-9e5e8fb9dd59-2048x1707.jpg 2048w\" sizes=\"auto, (max-width: 1024px) 100vw, 1024px\" \/><\/figure><div class=\"wp-block-media-text__content\">\n<h2 class=\"wp-block-heading has-ast-global-color-1-color has-text-color\" style=\"font-size:32px\"><strong>BEQUES<\/strong><\/h2>\n\n\n\n<p class=\"has-text-color\" style=\"color:#000000;font-size:17px\">En els seg\u00fcents enlla\u00e7os podr\u00e0s trobar la informaci\u00f3 sobre documentaci\u00f3, terminis i tr\u00e0mits necessaris per poder demanar les beques del Ministeri d&#8217;Educaci\u00f3 i de la Generalitat de Catalunya, i les llistes de les propostes de resoluci\u00f3.<\/p>\n\n\n\n<div class=\"wp-block-buttons is-layout-flex wp-block-buttons-is-layout-flex\">\n<div class=\"wp-block-button is-style-fill\"><a class=\"wp-block-button__link has-white-color has-ast-global-color-0-background-color has-text-color has-background has-link-color wp-element-button\" href=\"https:\/\/agora.xtec.cat\/isvh\/secretaria\/gestio-de-beques\/\">INFORMACI\u00d3 DEL CENTRE<\/a><\/div>\n\n\n\n<div class=\"wp-block-button is-style-fill\"><a class=\"wp-block-button__link has-white-color has-ast-global-color-0-background-color has-text-color has-background has-link-color wp-element-button\" href=\"https:\/\/educacio.gencat.cat\/ca\/serveis-tramits\/beques\/index.html\" target=\"_blank\" rel=\"noreferrer noopener\">WEB DEPARTAMENT D&#8217;EDUCACI\u00d3<\/a><\/div>\n<\/div>\n<\/div><\/div>\n<\/div><\/div>\n\n\n\n<div class=\"wp-block-cover alignfull is-light\" style=\"min-height:73px;aspect-ratio:unset;\"><span aria-hidden=\"true\" class=\"wp-block-cover__background has-background-dim-100 has-background-dim\" style=\"background-color:#ffffff\"><\/span><div class=\"wp-block-cover__inner-container is-layout-constrained wp-block-cover-is-layout-constrained\">\n<div class=\"wp-block-media-text alignwide is-stacked-on-mobile is-vertically-aligned-center\" style=\"grid-template-columns:30% auto\"><figure class=\"wp-block-media-text__media\"><img loading=\"lazy\" decoding=\"async\" width=\"1024\" height=\"683\" src=\"https:\/\/agora.xtec.cat\/isvh\/wp-content\/uploads\/usu3043\/2025\/10\/27572576_Hands-holding-signs-with-cross-and-checkmark-1024x683.jpg\" alt=\"\" class=\"wp-image-2926 size-full\" srcset=\"https:\/\/agora.xtec.cat\/isvh\/wp-content\/uploads\/usu3043\/2025\/10\/27572576_Hands-holding-signs-with-cross-and-checkmark-1024x683.jpg 1024w, https:\/\/agora.xtec.cat\/isvh\/wp-content\/uploads\/usu3043\/2025\/10\/27572576_Hands-holding-signs-with-cross-and-checkmark-300x200.jpg 300w, https:\/\/agora.xtec.cat\/isvh\/wp-content\/uploads\/usu3043\/2025\/10\/27572576_Hands-holding-signs-with-cross-and-checkmark-768x512.jpg 768w, https:\/\/agora.xtec.cat\/isvh\/wp-content\/uploads\/usu3043\/2025\/10\/27572576_Hands-holding-signs-with-cross-and-checkmark-1536x1024.jpg 1536w, https:\/\/agora.xtec.cat\/isvh\/wp-content\/uploads\/usu3043\/2025\/10\/27572576_Hands-holding-signs-with-cross-and-checkmark-2048x1365.jpg 2048w\" sizes=\"auto, (max-width: 1024px) 100vw, 1024px\" \/><\/figure><div class=\"wp-block-media-text__content\">\n<h2 class=\"wp-block-heading has-vivid-red-color has-text-color\" style=\"font-size:32px\"><strong>CONVALIDACIONS<\/strong> (FORA DE TERMINI)<\/h2>\n\n\n\n<p class=\"has-text-color\" style=\"color:#000000;font-size:17px\">Aqu\u00ed podr\u00e0s demanar la convalidaci\u00f3 dels m\u00f2duls del teu cicle formatiu. Aquest formulari sols estar\u00e0 disponible durant el per\u00edode de convalidacions (del 15 de setembre al 15 d&#8217;octubre). Per poder accedir al formulari \u00e9s obligatori fer servir el correu corporatiu <strong>@isvh.cat<\/strong>. Per a consultes concretes, consulta la p\u00e0gina de convalidacions del nostre centre, i si no trobes all\u00f2 que necessites, pots escriure a convalidacions@isvh.cat.<\/p>\n\n\n\n<div class=\"wp-block-buttons is-layout-flex wp-block-buttons-is-layout-flex\">\n<div class=\"wp-block-button is-style-fill\"><a class=\"wp-block-button__link has-white-color has-ast-global-color-0-background-color has-text-color has-background has-link-color wp-element-button\">ACCEDEIX AL FORMULARI<\/a><\/div>\n\n\n\n<div class=\"wp-block-button is-style-fill\"><a class=\"wp-block-button__link has-white-color has-ast-global-color-0-background-color has-text-color has-background has-link-color wp-element-button\" href=\"https:\/\/agora.xtec.cat\/isvh\/secretaria\/convalidacions\/\">ACCEDEIX A LA P\u00c0GINA DE CONVALIDACIONS<\/a><\/div>\n<\/div>\n<\/div><\/div>\n<\/div><\/div>\n\n\n\n<div class=\"wp-block-cover alignfull is-light\" style=\"min-height:73px;aspect-ratio:unset;\"><span aria-hidden=\"true\" class=\"wp-block-cover__background has-background-dim-100 has-background-dim\" style=\"background-color:#ffffff\"><\/span><div class=\"wp-block-cover__inner-container is-layout-constrained wp-block-cover-is-layout-constrained\">\n<div class=\"wp-block-media-text alignwide is-stacked-on-mobile is-vertically-aligned-center\" style=\"grid-template-columns:30% auto\"><figure class=\"wp-block-media-text__media\"><img loading=\"lazy\" decoding=\"async\" width=\"1024\" height=\"1024\" src=\"https:\/\/agora.xtec.cat\/isvh\/wp-content\/uploads\/usu3043\/2025\/10\/44521059_vector_39394-1024x1024.jpg\" alt=\"\" class=\"wp-image-2928 size-full\" srcset=\"https:\/\/agora.xtec.cat\/isvh\/wp-content\/uploads\/usu3043\/2025\/10\/44521059_vector_39394-1024x1024.jpg 1024w, https:\/\/agora.xtec.cat\/isvh\/wp-content\/uploads\/usu3043\/2025\/10\/44521059_vector_39394-300x300.jpg 300w, https:\/\/agora.xtec.cat\/isvh\/wp-content\/uploads\/usu3043\/2025\/10\/44521059_vector_39394-150x150.jpg 150w, https:\/\/agora.xtec.cat\/isvh\/wp-content\/uploads\/usu3043\/2025\/10\/44521059_vector_39394-768x768.jpg 768w, https:\/\/agora.xtec.cat\/isvh\/wp-content\/uploads\/usu3043\/2025\/10\/44521059_vector_39394-1536x1536.jpg 1536w, https:\/\/agora.xtec.cat\/isvh\/wp-content\/uploads\/usu3043\/2025\/10\/44521059_vector_39394-2048x2048.jpg 2048w\" sizes=\"auto, (max-width: 1024px) 100vw, 1024px\" \/><\/figure><div class=\"wp-block-media-text__content\">\n<h2 class=\"wp-block-heading has-vivid-red-color has-text-color\" style=\"font-size:32px\"><strong>BAIXA DE M\u00d2DUL<\/strong>S <strong>(FORA DE TERMINI)<\/strong><\/h2>\n\n\n\n<p class=\"has-text-color\" style=\"color:#000000;font-size:17px\">Si vols realitzar l&#8217;anul\u00b7laci\u00f3 de matr\u00edcula de m\u00f2duls o cr\u00e8dits per una causa excepcional sobrevinguda, pots fer servir aquest formulari.<br>El fet de donar-te de baixa d&#8217;un m\u00f2dul o cr\u00e8dit implica que no pots presentar-te a la segona convocat\u00f2ria durant el mes de juny i haur\u00e0s de fer el m\u00f2dul complet el curs seg\u00fcent. A m\u00e9s, no t\u00e9 efectes econ\u00f2mics (no hi ha devoluci\u00f3 de cap import).<\/p>\n\n\n\n<div class=\"wp-block-buttons is-layout-flex wp-block-buttons-is-layout-flex\">\n<div class=\"wp-block-button is-style-fill\"><a class=\"wp-block-button__link has-white-color has-ast-global-color-0-background-color has-text-color has-background has-link-color wp-element-button\">ACCEDEIX<\/a><\/div>\n<\/div>\n<\/div><\/div>\n<\/div><\/div>\n\n\n\n<div class=\"wp-block-cover alignfull is-light\" style=\"min-height:73px;aspect-ratio:unset;\"><span aria-hidden=\"true\" class=\"wp-block-cover__background has-background-dim-100 has-background-dim\" style=\"background-color:#ffffff\"><\/span><div class=\"wp-block-cover__inner-container is-layout-constrained wp-block-cover-is-layout-constrained\">\n<div class=\"wp-block-media-text alignwide is-stacked-on-mobile is-vertically-aligned-center\" style=\"grid-template-columns:30% auto\"><figure class=\"wp-block-media-text__media\"><img loading=\"lazy\" decoding=\"async\" width=\"1024\" height=\"1024\" src=\"https:\/\/agora.xtec.cat\/isvh\/wp-content\/uploads\/usu3043\/2025\/10\/2801779_17437-1024x1024.jpg\" alt=\"\" class=\"wp-image-2929 size-full\" srcset=\"https:\/\/agora.xtec.cat\/isvh\/wp-content\/uploads\/usu3043\/2025\/10\/2801779_17437-1024x1024.jpg 1024w, https:\/\/agora.xtec.cat\/isvh\/wp-content\/uploads\/usu3043\/2025\/10\/2801779_17437-300x300.jpg 300w, https:\/\/agora.xtec.cat\/isvh\/wp-content\/uploads\/usu3043\/2025\/10\/2801779_17437-150x150.jpg 150w, https:\/\/agora.xtec.cat\/isvh\/wp-content\/uploads\/usu3043\/2025\/10\/2801779_17437-768x768.jpg 768w, https:\/\/agora.xtec.cat\/isvh\/wp-content\/uploads\/usu3043\/2025\/10\/2801779_17437-1536x1536.jpg 1536w, https:\/\/agora.xtec.cat\/isvh\/wp-content\/uploads\/usu3043\/2025\/10\/2801779_17437-2048x2048.jpg 2048w\" sizes=\"auto, (max-width: 1024px) 100vw, 1024px\" \/><\/figure><div class=\"wp-block-media-text__content\">\n<h2 class=\"wp-block-heading has-ast-global-color-1-color has-text-color\" style=\"font-size:32px\"><strong>BAIXA DEL CENTRE<\/strong><\/h2>\n\n\n\n<p class=\"has-text-color\" style=\"color:#000000;font-size:17px\">Aquesta gesti\u00f3 implica la baixa formal de l&#8217;institut i de l&#8217;estudi que s&#8217;estava cursant fins el moment.<br>La baixa<strong> no dona dret a la devoluci\u00f3 de cap import.<\/strong> Nom\u00e9s en cas d&#8217;admissi\u00f3 en per\u00edode ordinari a la universitat podr\u00e0s demanar la devoluci\u00f3 del preu p\u00fablic al formulari que trobar\u00e0s m\u00e9s avall.<\/p>\n\n\n\n<div class=\"wp-block-buttons is-layout-flex wp-block-buttons-is-layout-flex\">\n<div class=\"wp-block-button is-style-fill\"><a class=\"wp-block-button__link has-white-color has-ast-global-color-0-background-color has-text-color has-background has-link-color wp-element-button\" href=\"https:\/\/forms.gle\/m5iTwhbeUitBkcvY8\">ACCEDEIX<\/a><\/div>\n<\/div>\n<\/div><\/div>\n<\/div><\/div>\n\n\n\n<div class=\"wp-block-cover alignfull is-light\" style=\"min-height:73px;aspect-ratio:unset;\"><span aria-hidden=\"true\" class=\"wp-block-cover__background has-background-dim-100 has-background-dim\" style=\"background-color:#ffffff\"><\/span><div class=\"wp-block-cover__inner-container is-layout-constrained wp-block-cover-is-layout-constrained\">\n<div class=\"wp-block-media-text alignwide is-stacked-on-mobile is-vertically-aligned-center\" style=\"grid-template-columns:30% auto\"><figure class=\"wp-block-media-text__media\"><img loading=\"lazy\" decoding=\"async\" width=\"1024\" height=\"1024\" src=\"https:\/\/agora.xtec.cat\/isvh\/wp-content\/uploads\/usu3043\/2025\/10\/33100027_bink_c_bus_06_tale_05-1024x1024.jpg\" alt=\"\" class=\"wp-image-2930 size-full\" srcset=\"https:\/\/agora.xtec.cat\/isvh\/wp-content\/uploads\/usu3043\/2025\/10\/33100027_bink_c_bus_06_tale_05-1024x1024.jpg 1024w, https:\/\/agora.xtec.cat\/isvh\/wp-content\/uploads\/usu3043\/2025\/10\/33100027_bink_c_bus_06_tale_05-300x300.jpg 300w, https:\/\/agora.xtec.cat\/isvh\/wp-content\/uploads\/usu3043\/2025\/10\/33100027_bink_c_bus_06_tale_05-150x150.jpg 150w, https:\/\/agora.xtec.cat\/isvh\/wp-content\/uploads\/usu3043\/2025\/10\/33100027_bink_c_bus_06_tale_05-768x768.jpg 768w, https:\/\/agora.xtec.cat\/isvh\/wp-content\/uploads\/usu3043\/2025\/10\/33100027_bink_c_bus_06_tale_05-1536x1536.jpg 1536w, https:\/\/agora.xtec.cat\/isvh\/wp-content\/uploads\/usu3043\/2025\/10\/33100027_bink_c_bus_06_tale_05-2048x2048.jpg 2048w\" sizes=\"auto, (max-width: 1024px) 100vw, 1024px\" \/><\/figure><div class=\"wp-block-media-text__content\">\n<h2 class=\"wp-block-heading has-vivid-red-color has-text-color\" style=\"font-size:32px\"><strong>DEVOLUCI\u00d3 DE PREU P\u00daBLIC (FORA DE TERMINI)<\/strong><\/h2>\n\n\n\n<p class=\"has-text-color\" style=\"color:#000000;font-size:17px\">Per poder realitzar aquest tr\u00e0mit heu de tenir en compte que:<br>&#8211; heu d&#8217;haver emplenat pr\u00e8viament el formulari de <strong>baixa <\/strong>del centre<br>&#8211; cal justificaci\u00f3 documental de l&#8217;<strong>admissi\u00f3 a la Universitat<\/strong> en per\u00edode ordinari, que \u00e9s l&#8217;\u00fanic cas en qu\u00e8 hi ha devoluci\u00f3<\/p>\n\n\n\n<div class=\"wp-block-buttons is-layout-flex wp-block-buttons-is-layout-flex\">\n<div class=\"wp-block-button is-style-fill\"><a class=\"wp-block-button__link has-white-color has-ast-global-color-0-background-color has-text-color has-background has-link-color wp-element-button\">ACCEDEIX<\/a><\/div>\n<\/div>\n<\/div><\/div>\n<\/div><\/div>\n","protected":false},"excerpt":{"rendered":"<p>Aqu\u00ed podr\u00e0s trobar la informaci\u00f3 i l&#8217;acc\u00e9s als principals tr\u00e0mits que pots gestionar al nostre centre i d&#8217;altres p\u00e0gines i serveis oficials relacionats amb la nostra funci\u00f3 educativa. L&#8217;acc\u00e9s als formularis es fa amb el correu corporatiu isvh. Si no en tens, posa&#8217;t en contacte amb secretaria@isvh.cat<\/p>\n","protected":false},"author":1,"featured_media":0,"parent":900,"menu_order":0,"comment_status":"closed","ping_status":"close","template":"","meta":{"site-sidebar-layout":"default","site-content-layout":"","ast-site-content-layout":"default","site-content-style":"default","site-sidebar-style":"default","ast-global-header-display":"","ast-banner-title-visibility":"","ast-main-header-display":"","ast-hfb-above-header-display":"","ast-hfb-below-header-display":"","ast-hfb-mobile-header-display":"","site-post-title":"","ast-breadcrumbs-content":"","ast-featured-img":"","footer-sml-layout":"","theme-transparent-header-meta":"","adv-header-id-meta":"","stick-header-meta":"","header-above-stick-meta":"","header-main-stick-meta":"","header-below-stick-meta":"","astra-migrate-meta-layouts":"set","ast-page-background-enabled":"default","ast-page-background-meta":{"desktop":{"background-color":"var(--ast-global-color-4)","background-image":"","background-repeat":"repeat","background-position":"center center","background-size":"auto","background-attachment":"scroll","background-type":"","background-media":"","overlay-type":"","overlay-color":"","overlay-opacity":"","overlay-gradient":""},"tablet":{"background-color":"","background-image":"","background-repeat":"repeat","background-position":"center center","background-size":"auto","background-attachment":"scroll","background-type":"","background-media":"","overlay-type":"","overlay-color":"","overlay-opacity":"","overlay-gradient":""},"mobile":{"background-color":"","background-image":"","background-repeat":"repeat","background-position":"center center","background-size":"auto","background-attachment":"scroll","background-type":"","background-media":"","overlay-type":"","overlay-color":"","overlay-opacity":"","overlay-gradient":""}},"ast-content-background-meta":{"desktop":{"background-color":"var(--ast-global-color-5)","background-image":"","background-repeat":"repeat","background-position":"center center","background-size":"auto","background-attachment":"scroll","background-type":"","background-media":"","overlay-type":"","overlay-color":"","overlay-opacity":"","overlay-gradient":""},"tablet":{"background-color":"var(--ast-global-color-5)","background-image":"","background-repeat":"repeat","background-position":"center center","background-size":"auto","background-attachment":"scroll","background-type":"","background-media":"","overlay-type":"","overlay-color":"","overlay-opacity":"","overlay-gradient":""},"mobile":{"background-color":"var(--ast-global-color-5)","background-image":"","background-repeat":"repeat","background-position":"center center","background-size":"auto","background-attachment":"scroll","background-type":"","background-media":"","overlay-type":"","overlay-color":"","overlay-opacity":"","overlay-gradient":""}},"footnotes":""},"class_list":["post-2231","page","type-page","status-publish","hentry"],"post_mailing_queue_ids":[],"_links":{"self":[{"href":"https:\/\/agora.xtec.cat\/isvh\/wp-json\/wp\/v2\/pages\/2231","targetHints":{"allow":["GET"]}}],"collection":[{"href":"https:\/\/agora.xtec.cat\/isvh\/wp-json\/wp\/v2\/pages"}],"about":[{"href":"https:\/\/agora.xtec.cat\/isvh\/wp-json\/wp\/v2\/types\/page"}],"author":[{"embeddable":true,"href":"https:\/\/agora.xtec.cat\/isvh\/wp-json\/wp\/v2\/users\/1"}],"replies":[{"embeddable":true,"href":"https:\/\/agora.xtec.cat\/isvh\/wp-json\/wp\/v2\/comments?post=2231"}],"version-history":[{"count":6,"href":"https:\/\/agora.xtec.cat\/isvh\/wp-json\/wp\/v2\/pages\/2231\/revisions"}],"predecessor-version":[{"id":4133,"href":"https:\/\/agora.xtec.cat\/isvh\/wp-json\/wp\/v2\/pages\/2231\/revisions\/4133"}],"up":[{"embeddable":true,"href":"https:\/\/agora.xtec.cat\/isvh\/wp-json\/wp\/v2\/pages\/900"}],"wp:attachment":[{"href":"https:\/\/agora.xtec.cat\/isvh\/wp-json\/wp\/v2\/media?parent=2231"}],"curies":[{"name":"wp","href":"https:\/\/api.w.org\/{rel}","templated":true}]}}