{"id":1234,"date":"2024-10-02T08:51:19","date_gmt":"2024-10-02T06:51:19","guid":{"rendered":"https:\/\/agora.xtec.cat\/isvh\/?page_id=1234"},"modified":"2026-03-06T19:43:33","modified_gmt":"2026-03-06T18:43:33","slug":"proves-dobtencio-de-titol-pot","status":"publish","type":"page","link":"https:\/\/agora.xtec.cat\/isvh\/serveis\/proves-dobtencio-de-titol-pot\/","title":{"rendered":"Proves d&#8217;Obtenci\u00f3 de T\u00edtol 25-26 (POT)"},"content":{"rendered":"\n<p class=\"has-text-align-center has-text-color has-link-color wp-elements-4d0378785c51038bc872fd31744df890\" style=\"color:#00b4ce\"><\/p>\n\n\n\n<p>El nostre institut ser\u00e0 seu d&#8217;un dels tribunals de les Proves d&#8217;Obtenci\u00f3 de T\u00edtol (POT) per al cicle de grau mitj\u00e0 de Cures Auxiliar d&#8217;Infermeria (CAI).<\/p>\n\n\n\n<p><\/p>\n\n\n\n<p>Ja us podeu inscriure a les POT 25-26 . Per fer-ho, llegiu la seg\u00fcent informaci\u00f3:<\/p>\n\n\n\n<p><\/p>\n\n\n\n<h2 class=\"wp-block-heading has-text-color has-link-color wp-elements-7ed82d7d9bb4836483c86a68d69fbffc\" style=\"color:#064694\">Inscripci\u00f3 a les POT<\/h2>\n\n\n\n<div class=\"wp-block-columns is-layout-flex wp-container-core-columns-is-layout-1 wp-block-columns-is-layout-flex\">\n<div class=\"wp-block-column is-layout-flow wp-block-column-is-layout-flow\" style=\"flex-basis:10%\">\n<figure class=\"wp-block-image size-thumbnail is-resized\"><a href=\"https:\/\/agora.xtec.cat\/isvh\/wp-content\/uploads\/usu3043\/2025\/03\/recla.png\"><img loading=\"lazy\" decoding=\"async\" width=\"150\" height=\"150\" src=\"https:\/\/agora.xtec.cat\/isvh\/wp-content\/uploads\/usu3043\/2025\/03\/recla-150x150.png\" alt=\"\" class=\"wp-image-1766\" style=\"width:70px\" srcset=\"https:\/\/agora.xtec.cat\/isvh\/wp-content\/uploads\/usu3043\/2025\/03\/recla-150x150.png 150w, https:\/\/agora.xtec.cat\/isvh\/wp-content\/uploads\/usu3043\/2025\/03\/recla.png 224w\" sizes=\"auto, (max-width: 150px) 100vw, 150px\" \/><\/a><\/figure>\n<\/div>\n\n\n\n<div class=\"wp-block-column is-vertically-aligned-center is-layout-flow wp-block-column-is-layout-flow\" style=\"flex-basis:90%\">\n<p class=\"has-text-align-left has-text-color has-link-color wp-elements-431c48d1166d64495a3f12f224081696\" style=\"color:#233a80\"><strong>1. Del 7 d&#8217;octubre al 20 d&#8217;octubre de 2025<\/strong>:<strong> presentaci\u00f3 d&#8217;inscripcions<\/strong><\/p>\n\n\n\n<p class=\"has-text-align-left\">Durant aquest per\u00edode, pots presentar-la per <strong>dues vies<\/strong>:<\/p>\n\n\n\n<p><strong>a)<\/strong> des de la p\u00e0gina <a href=\"http:\/\/educacio.gencat.cat\/\" data-type=\"link\" data-id=\"http:\/\/educacio.gencat.cat\/\">web del Departament d&#8217;Educaci\u00f3 i Formaci\u00f3 Professional<\/a>, seguint la ruta:  <br>Inici &gt; Proves d\u2019obtenci\u00f3 de t\u00edtols &gt; T\u00edtols de formaci\u00f3 professional &gt; Fer la inscripci\u00f3.<\/p>\n\n\n\n<p><strong>b)<\/strong> directament des del portal d\u2019<a href=\"http:\/\/web.gencat.cat\/\" data-type=\"link\" data-id=\"http:\/\/web.gencat.cat\/\">Informaci\u00f3, tr\u00e0mits i serveis<\/a> de la Generalitat de Catalunya, seguin la ruta: <br>Tr\u00e0mits &gt; Tr\u00e0mits per temes &gt; Educaci\u00f3 i Formaci\u00f3 &gt; Proves d\u2019obtenci\u00f3 de t\u00edtols &gt; Proves per obtenir t\u00edtols de formaci\u00f3 professional &gt; Inscriure\u2019s a les proves<\/p>\n\n\n\n<hr class=\"wp-block-separator has-alpha-channel-opacity\"\/>\n<\/div>\n<\/div>\n\n\n\n<div class=\"wp-block-columns is-layout-flex wp-container-core-columns-is-layout-2 wp-block-columns-is-layout-flex\">\n<div class=\"wp-block-column is-layout-flow wp-block-column-is-layout-flow\" style=\"flex-basis:10%\">\n<figure class=\"wp-block-image size-thumbnail is-resized\"><a href=\"https:\/\/agora.xtec.cat\/isvh\/wp-content\/uploads\/usu3043\/2025\/06\/icona-tpv-scaled.jpg\"><img loading=\"lazy\" decoding=\"async\" width=\"150\" height=\"150\" src=\"https:\/\/agora.xtec.cat\/isvh\/wp-content\/uploads\/usu3043\/2025\/06\/icona-tpv-150x150.jpg\" alt=\"\" class=\"wp-image-2370\" style=\"width:70px\" srcset=\"https:\/\/agora.xtec.cat\/isvh\/wp-content\/uploads\/usu3043\/2025\/06\/icona-tpv-150x150.jpg 150w, https:\/\/agora.xtec.cat\/isvh\/wp-content\/uploads\/usu3043\/2025\/06\/icona-tpv-300x297.jpg 300w, https:\/\/agora.xtec.cat\/isvh\/wp-content\/uploads\/usu3043\/2025\/06\/icona-tpv-1024x1015.jpg 1024w, https:\/\/agora.xtec.cat\/isvh\/wp-content\/uploads\/usu3043\/2025\/06\/icona-tpv-768x761.jpg 768w, https:\/\/agora.xtec.cat\/isvh\/wp-content\/uploads\/usu3043\/2025\/06\/icona-tpv-1536x1523.jpg 1536w, https:\/\/agora.xtec.cat\/isvh\/wp-content\/uploads\/usu3043\/2025\/06\/icona-tpv-2048x2030.jpg 2048w\" sizes=\"auto, (max-width: 150px) 100vw, 150px\" \/><\/a><\/figure>\n<\/div>\n\n\n\n<div class=\"wp-block-column is-layout-flow wp-block-column-is-layout-flow\" style=\"flex-basis:90%\">\n<p class=\"has-text-color has-link-color wp-elements-ab42e358843cafeaef83aa3469eeaa9b\" style=\"color:#233a80\"><strong>2. PAGAMENT DE LES TAXES<\/strong>:<\/p>\n\n\n\n<p class=\"has-black-color has-text-color has-link-color wp-elements-1dedd67cc045903628d10465cf07478b\"><strong>Fins al 21 d&#8217;octubre de 2025 (abans de les 22 h)<\/strong><\/p>\n\n\n\n<p class=\"has-black-color has-text-color has-link-color wp-elements-91a13ff8450f9311ff07df296f051eae\">Sol\u00b7licitud de recursos addicionals per a aspirants amb el reconeixement oficial de situacions de discapacitat: fins al 27 d&#8217;octubre de 2025<\/p>\n<\/div>\n<\/div>\n\n\n\n<p><\/p>\n\n\n\n<h2 class=\"wp-block-heading\">Calendari de les POT<\/h2>\n\n\n\n<p><\/p>\n\n\n\n<div class=\"wp-block-columns is-layout-flex wp-container-core-columns-is-layout-3 wp-block-columns-is-layout-flex\">\n<div class=\"wp-block-column is-layout-flow wp-block-column-is-layout-flow\" style=\"flex-basis:10%\">\n<figure class=\"wp-block-image size-thumbnail is-resized\"><a href=\"https:\/\/agora.xtec.cat\/isvh\/wp-content\/uploads\/usu3043\/2025\/03\/5611905.png\"><img loading=\"lazy\" decoding=\"async\" width=\"150\" height=\"150\" src=\"https:\/\/agora.xtec.cat\/isvh\/wp-content\/uploads\/usu3043\/2025\/03\/5611905-150x150.png\" alt=\"\" class=\"wp-image-1764\" style=\"width:70px\" srcset=\"https:\/\/agora.xtec.cat\/isvh\/wp-content\/uploads\/usu3043\/2025\/03\/5611905-150x150.png 150w, https:\/\/agora.xtec.cat\/isvh\/wp-content\/uploads\/usu3043\/2025\/03\/5611905-300x300.png 300w, https:\/\/agora.xtec.cat\/isvh\/wp-content\/uploads\/usu3043\/2025\/03\/5611905.png 512w\" sizes=\"auto, (max-width: 150px) 100vw, 150px\" \/><\/a><\/figure>\n<\/div>\n\n\n\n<div class=\"wp-block-column is-vertically-aligned-center is-layout-flow wp-block-column-is-layout-flow\" style=\"flex-basis:90%\">\n<p class=\"has-text-color has-link-color wp-elements-66b0c6d00cc2ee83d5f6e3c3646d0af1\" style=\"color:#233a80\"><strong>3. Llista provisional de persones admeses i excloses<\/strong><\/p>\n\n\n\n<p>a partir del 12 de novembre de 2025<\/p>\n\n\n\n<p>Consulteu al web del Departament d&#8217;Educaci\u00f3 i Formaci\u00f3 Professional<\/p>\n\n\n\n<div class=\"wp-block-buttons is-layout-flex wp-block-buttons-is-layout-flex\">\n<div class=\"wp-block-button has-custom-font-size has-medium-font-size\"><a class=\"wp-block-button__link has-white-color has-text-color has-link-color wp-element-button\" href=\"https:\/\/educacio.gencat.cat\/ca\/serveis-tramits\/proves\/proves-lliures-obtencio-titols\/obtencio-titols-fp\/consulta-resultats\/\" target=\"_blank\" rel=\"noreferrer noopener\"><strong>Accedeix<\/strong><\/a><\/div>\n<\/div>\n\n\n\n<hr class=\"wp-block-separator has-alpha-channel-opacity\"\/>\n<\/div>\n<\/div>\n\n\n\n<div class=\"wp-block-columns is-layout-flex wp-container-core-columns-is-layout-4 wp-block-columns-is-layout-flex\">\n<div class=\"wp-block-column is-layout-flow wp-block-column-is-layout-flow\" style=\"flex-basis:10%\">\n<figure class=\"wp-block-image size-thumbnail is-resized\"><a href=\"https:\/\/agora.xtec.cat\/isvh\/wp-content\/uploads\/usu3043\/2025\/03\/recla.png\"><img loading=\"lazy\" decoding=\"async\" width=\"150\" height=\"150\" src=\"https:\/\/agora.xtec.cat\/isvh\/wp-content\/uploads\/usu3043\/2025\/03\/recla-150x150.png\" alt=\"\" class=\"wp-image-1766\" style=\"width:70px\" srcset=\"https:\/\/agora.xtec.cat\/isvh\/wp-content\/uploads\/usu3043\/2025\/03\/recla-150x150.png 150w, https:\/\/agora.xtec.cat\/isvh\/wp-content\/uploads\/usu3043\/2025\/03\/recla.png 224w\" sizes=\"auto, (max-width: 150px) 100vw, 150px\" \/><\/a><\/figure>\n<\/div>\n\n\n\n<div class=\"wp-block-column is-vertically-aligned-center is-layout-flow wp-block-column-is-layout-flow\" style=\"flex-basis:90%\">\n<p class=\"has-text-align-left has-text-color has-link-color wp-elements-a6c5021a1d48363fc36d086feaa7a5b1\" style=\"color:#233a80\"><strong>4. Presentaci\u00f3 de la documentaci\u00f3 i reclamacions (al registre del centre examinador)<\/strong><\/p>\n\n\n\n<p class=\"has-text-align-left\">Del 13 de novembre a l&#8217;11 de desembre de 2025.<\/p>\n\n\n\n<p>Horari d\u2019atenci\u00f3&nbsp;\u00e9s de dimarts a divendres de 10h a 11:00h i de dilluns a dijous de 15:30h a 16:30h<\/p>\n\n\n\n<p>En cas de no poder assistir durant aquest horari escriviu a <strong>secretariapot@isvh.cat<\/strong><\/p>\n<\/div>\n<\/div>\n\n\n\n<div class=\"wp-block-columns is-layout-flex wp-container-core-columns-is-layout-5 wp-block-columns-is-layout-flex\">\n<div class=\"wp-block-column is-layout-flow wp-block-column-is-layout-flow\" style=\"flex-basis:10%\">\n<figure class=\"wp-block-image size-thumbnail is-resized\"><a href=\"https:\/\/agora.xtec.cat\/isvh\/wp-content\/uploads\/usu3043\/2025\/03\/recla.png\"><img loading=\"lazy\" decoding=\"async\" width=\"150\" height=\"150\" src=\"https:\/\/agora.xtec.cat\/isvh\/wp-content\/uploads\/usu3043\/2025\/03\/recla-150x150.png\" alt=\"\" class=\"wp-image-1766\" style=\"width:70px\" srcset=\"https:\/\/agora.xtec.cat\/isvh\/wp-content\/uploads\/usu3043\/2025\/03\/recla-150x150.png 150w, https:\/\/agora.xtec.cat\/isvh\/wp-content\/uploads\/usu3043\/2025\/03\/recla.png 224w\" sizes=\"auto, (max-width: 150px) 100vw, 150px\" \/><\/a><\/figure>\n<\/div>\n\n\n\n<div class=\"wp-block-column is-vertically-aligned-center is-layout-flow wp-block-column-is-layout-flow\" style=\"flex-basis:90%\">\n<p class=\"has-text-align-left has-text-color has-link-color wp-elements-1a5d9afa200522882c6be54c991a9e2f\" style=\"color:#233a80\"><strong>5. Calendari de les proves<\/strong><\/p>\n\n\n\n<p class=\"has-text-align-left\">A partir de l&#8217;11 de desembre podeu consultar el calendari de proves de les POT. Als seg\u00fcents accessos trobareu el calendari de les proves t\u00e8cniques, les proves pr\u00e0ctiques i les proves \u00faniques. Consulteu tots tres documents per poder veure el calendari de proves complet, o b\u00e9 directament al web del Departament, als apartats&nbsp;<strong>6a, 6b i 6c<\/strong>!<\/p>\n\n\n\n<p>Tingueu en compte qu\u00e8, per a algunes proves, hi ha indicacions espec\u00edfiques, com la recomanaci\u00f3 de tenir una calculadora.<\/p>\n\n\n\n<div class=\"wp-block-buttons is-layout-flex wp-block-buttons-is-layout-flex\">\n<div class=\"wp-block-button\"><a class=\"wp-block-button__link has-white-color has-text-color has-background has-link-color wp-element-button\" href=\"https:\/\/agora.xtec.cat\/isvh\/wp-content\/uploads\/usu3043\/2025\/12\/calendari_web_pot25_tecniques_20251209.pdf\" style=\"background-color:#00b4ce\" target=\"_blank\" rel=\"noreferrer noopener\">PROVES T\u00c8CNIQUES<\/a><\/div>\n\n\n\n<div class=\"wp-block-button\"><a class=\"wp-block-button__link has-white-color has-text-color has-background has-link-color wp-element-button\" href=\"https:\/\/agora.xtec.cat\/isvh\/wp-content\/uploads\/usu3043\/2025\/12\/calendari_web_pot25_practiques_20251209.pdf\" style=\"background-color:#00b4ce\" target=\"_blank\" rel=\"noreferrer noopener\">PROVES PR\u00c0CTIQUES<\/a><\/div>\n\n\n\n<div class=\"wp-block-button\"><a class=\"wp-block-button__link has-white-color has-text-color has-background has-link-color wp-element-button\" href=\"https:\/\/agora.xtec.cat\/isvh\/wp-content\/uploads\/usu3043\/2025\/12\/calendari_web_pot25_uniques_20251209.pdf\" style=\"background-color:#00b4ce\" target=\"_blank\" rel=\"noreferrer noopener\">PROVES \u00daNIQUES<\/a><\/div>\n\n\n\n<div class=\"wp-block-button\"><a class=\"wp-block-button__link has-white-color has-text-color has-background has-link-color wp-element-button\" href=\"https:\/\/educacio.gencat.cat\/ca\/serveis-tramits\/proves\/proves-lliures-obtencio-titols\/obtencio-titols-fp\/calendari\/\" style=\"background-color:#00b4ce\" target=\"_blank\" rel=\"noreferrer noopener\">WEB DEPARTAMENT<\/a><\/div>\n<\/div>\n<\/div>\n<\/div>\n\n\n\n<div class=\"wp-block-columns is-layout-flex wp-container-core-columns-is-layout-6 wp-block-columns-is-layout-flex\">\n<div class=\"wp-block-column is-layout-flow wp-block-column-is-layout-flow\" style=\"flex-basis:10%\">\n<figure class=\"wp-block-image size-thumbnail is-resized\"><a href=\"https:\/\/agora.xtec.cat\/isvh\/wp-content\/uploads\/usu3043\/2025\/03\/5611905.png\"><img loading=\"lazy\" decoding=\"async\" width=\"150\" height=\"150\" src=\"https:\/\/agora.xtec.cat\/isvh\/wp-content\/uploads\/usu3043\/2025\/03\/5611905-150x150.png\" alt=\"\" class=\"wp-image-1764\" style=\"width:70px\" srcset=\"https:\/\/agora.xtec.cat\/isvh\/wp-content\/uploads\/usu3043\/2025\/03\/5611905-150x150.png 150w, https:\/\/agora.xtec.cat\/isvh\/wp-content\/uploads\/usu3043\/2025\/03\/5611905-300x300.png 300w, https:\/\/agora.xtec.cat\/isvh\/wp-content\/uploads\/usu3043\/2025\/03\/5611905.png 512w\" sizes=\"auto, (max-width: 150px) 100vw, 150px\" \/><\/a><\/figure>\n<\/div>\n\n\n\n<div class=\"wp-block-column is-vertically-aligned-center is-layout-flow wp-block-column-is-layout-flow\" style=\"flex-basis:90%\">\n<p class=\"has-text-color has-link-color wp-elements-cd0151db723d25b4a62b55d935ca772e\" style=\"color:#233a80\"><strong>6. Llista definitiva de persones admeses i excloses<\/strong><\/p>\n\n\n\n<p>Ja s&#8217;ha publicat la llista d\u2019 admesos\/exclosos definitiva. Els aspirants podeu fer la consulta a la p\u00e0gina web de les proves dins l\u2019aparat de \u201cconsulta de resultats\u201d.<\/p>\n\n\n\n<div class=\"wp-block-buttons is-layout-flex wp-block-buttons-is-layout-flex\">\n<div class=\"wp-block-button\"><a class=\"wp-block-button__link has-white-color has-text-color has-background has-link-color wp-element-button\" href=\"https:\/\/educacio.gencat.cat\/ca\/serveis-tramits\/proves\/proves-lliures-obtencio-titols\/obtencio-titols-fp\/consulta-resultats\/\" style=\"background-color:#00b4ce\" target=\"_blank\" rel=\"noreferrer noopener\">WEB DEPARTAMENT<\/a><\/div>\n<\/div>\n\n\n\n<hr class=\"wp-block-separator has-alpha-channel-opacity\"\/>\n<\/div>\n<\/div>\n\n\n\n<p><\/p>\n\n\n\n<p>El calendari complet es troba al <a href=\"https:\/\/educacio.gencat.cat\/ca\/serveis-tramits\/proves\/proves-lliures-obtencio-titols\/obtencio-titols-fp\/calendari\/\" data-type=\"link\" data-id=\"https:\/\/educacio.gencat.cat\/ca\/serveis-tramits\/proves\/proves-lliures-obtencio-titols\/obtencio-titols-fp\/calendari\/\">web del Departament d&#8217;Educaci\u00f3 i Formaci\u00f3 Professional<\/a>. El del web del nostre institut s&#8217;anir\u00e0 actualitzant.<\/p>\n\n\n\n<p><\/p>\n\n\n\n<p>Si teniu dubtes, podeu fer les consultes a <strong>secretariapot@isvh.cat<\/strong><\/p>\n\n\n\n<p><\/p>\n","protected":false},"excerpt":{"rendered":"<p>El nostre institut ser\u00e0 seu d&#8217;un dels tribunals de les Proves d&#8217;Obtenci\u00f3 de T\u00edtol (POT) per al cicle de grau mitj\u00e0 de Cures Auxiliar d&#8217;Infermeria (CAI). Ja us podeu inscriure a les POT 25-26 . Per fer-ho, llegiu la seg\u00fcent informaci\u00f3: Inscripci\u00f3 a les POT 1. Del 7 d&#8217;octubre al 20 d&#8217;octubre de 2025: presentaci\u00f3 [&hellip;]<\/p>\n","protected":false},"author":1,"featured_media":0,"parent":63,"menu_order":1,"comment_status":"closed","ping_status":"close","template":"","meta":{"site-sidebar-layout":"default","site-content-layout":"","ast-site-content-layout":"default","site-content-style":"default","site-sidebar-style":"default","ast-global-header-display":"","ast-banner-title-visibility":"","ast-main-header-display":"","ast-hfb-above-header-display":"","ast-hfb-below-header-display":"","ast-hfb-mobile-header-display":"","site-post-title":"","ast-breadcrumbs-content":"","ast-featured-img":"","footer-sml-layout":"","theme-transparent-header-meta":"","adv-header-id-meta":"","stick-header-meta":"","header-above-stick-meta":"","header-main-stick-meta":"","header-below-stick-meta":"","astra-migrate-meta-layouts":"set","ast-page-background-enabled":"default","ast-page-background-meta":{"desktop":{"background-color":"var(--ast-global-color-4)","background-image":"","background-repeat":"repeat","background-position":"center center","background-size":"auto","background-attachment":"scroll","background-type":"","background-media":"","overlay-type":"","overlay-color":"","overlay-opacity":"","overlay-gradient":""},"tablet":{"background-color":"","background-image":"","background-repeat":"repeat","background-position":"center center","background-size":"auto","background-attachment":"scroll","background-type":"","background-media":"","overlay-type":"","overlay-color":"","overlay-opacity":"","overlay-gradient":""},"mobile":{"background-color":"","background-image":"","background-repeat":"repeat","background-position":"center center","background-size":"auto","background-attachment":"scroll","background-type":"","background-media":"","overlay-type":"","overlay-color":"","overlay-opacity":"","overlay-gradient":""}},"ast-content-background-meta":{"desktop":{"background-color":"var(--ast-global-color-5)","background-image":"","background-repeat":"repeat","background-position":"center center","background-size":"auto","background-attachment":"scroll","background-type":"","background-media":"","overlay-type":"","overlay-color":"","overlay-opacity":"","overlay-gradient":""},"tablet":{"background-color":"var(--ast-global-color-5)","background-image":"","background-repeat":"repeat","background-position":"center center","background-size":"auto","background-attachment":"scroll","background-type":"","background-media":"","overlay-type":"","overlay-color":"","overlay-opacity":"","overlay-gradient":""},"mobile":{"background-color":"var(--ast-global-color-5)","background-image":"","background-repeat":"repeat","background-position":"center center","background-size":"auto","background-attachment":"scroll","background-type":"","background-media":"","overlay-type":"","overlay-color":"","overlay-opacity":"","overlay-gradient":""}},"footnotes":""},"class_list":["post-1234","page","type-page","status-publish","hentry"],"post_mailing_queue_ids":[],"_links":{"self":[{"href":"https:\/\/agora.xtec.cat\/isvh\/wp-json\/wp\/v2\/pages\/1234","targetHints":{"allow":["GET"]}}],"collection":[{"href":"https:\/\/agora.xtec.cat\/isvh\/wp-json\/wp\/v2\/pages"}],"about":[{"href":"https:\/\/agora.xtec.cat\/isvh\/wp-json\/wp\/v2\/types\/page"}],"author":[{"embeddable":true,"href":"https:\/\/agora.xtec.cat\/isvh\/wp-json\/wp\/v2\/users\/1"}],"replies":[{"embeddable":true,"href":"https:\/\/agora.xtec.cat\/isvh\/wp-json\/wp\/v2\/comments?post=1234"}],"version-history":[{"count":6,"href":"https:\/\/agora.xtec.cat\/isvh\/wp-json\/wp\/v2\/pages\/1234\/revisions"}],"predecessor-version":[{"id":3889,"href":"https:\/\/agora.xtec.cat\/isvh\/wp-json\/wp\/v2\/pages\/1234\/revisions\/3889"}],"up":[{"embeddable":true,"href":"https:\/\/agora.xtec.cat\/isvh\/wp-json\/wp\/v2\/pages\/63"}],"wp:attachment":[{"href":"https:\/\/agora.xtec.cat\/isvh\/wp-json\/wp\/v2\/media?parent=1234"}],"curies":[{"name":"wp","href":"https:\/\/api.w.org\/{rel}","templated":true}]}}