{"id":1163,"date":"2024-09-09T15:21:13","date_gmt":"2024-09-09T13:21:13","guid":{"rendered":"https:\/\/agora.xtec.cat\/isvh\/?page_id=1163"},"modified":"2025-09-22T12:57:16","modified_gmt":"2025-09-22T10:57:16","slug":"llibres-per-estudi-curs-2024-25","status":"publish","type":"page","link":"https:\/\/agora.xtec.cat\/isvh\/estudis\/llibres-per-estudi-curs-2024-25\/","title":{"rendered":"Llibres alumnat 25-26"},"content":{"rendered":"\n<h2 class=\"wp-block-heading has-text-align-center has-text-color has-link-color has-large-font-size wp-elements-722ae3d2158dce43b40acf2edba07c7c\" style=\"color:#00b4ce\">LLISTA DE LLIBRES PER A 25-26!!<\/h2>\n\n\n\n<p><\/p>\n\n\n\n<div class=\"wp-block-getwid-accordion has-icon-left\" data-active-element=\"none\">\n<div class=\"wp-block-getwid-accordion__header-wrapper\"><span class=\"wp-block-getwid-accordion__header\"><a href=\"#\"><span class=\"wp-block-getwid-accordion__header-title\">CFM CAI: Cures Auxiliars d&#8217;Infermeria<\/span><span class=\"wp-block-getwid-accordion__icon is-active\"><i class=\"fas fa-plus\"><\/i><\/span><span class=\"wp-block-getwid-accordion__icon is-passive\"><i class=\"fas fa-minus\"><\/i><\/span><\/a><\/span><\/div><div class=\"wp-block-getwid-accordion__content-wrapper\"><div class=\"wp-block-getwid-accordion__content\">\n<figure class=\"wp-block-table is-style-stripes has-small-font-size\"><table><tbody><tr><td>ISBN<\/td><td>MAT\u00c8RIA<\/td><td>T\u00cdTOL DEL LLIBRE<\/td><td>EDITORIAL<\/td><td>CAR\u00c0CTER<\/td><\/tr><tr><td>McMILLAN (en catal\u00e0) 978-84-17218-768<\/td><td>C1<\/td><td>OPERACIONS ADMINISTRATIVES I DOCUMENTACI\u00d3 SANIT\u00c0RIA <\/td><td><br>McMILLAN<\/td><td>Obligatori<\/td><\/tr><tr><td>Editex (en catal\u00e0) 978-84-13215730<\/td><td>C-2<br>C-3<br>C-4<br>C-5<\/td><td>T\u00c8CNIQUES B\u00c0SIQUES D&#8217;INFERMERIA<\/td><td>EDITEX<\/td><td>Obligatori<\/td><\/tr><tr><td>Editex (en catal\u00e0) 978-84-1321-575-4<\/td><td>C-6<\/td><td>HIGIENE DEL MEDI HOSPITALARI I NETEJA DEL MATERIAL<\/td><td>EDITEX<\/td><td>Obligatori<\/td><\/tr><tr><td>ALTAMAR (en catal\u00e0) 978-84-19780-25-6<\/td><td>C-7<br>C-8<\/td><td>EDUCACI\u00d3 PER LA SALUT. RECOLZAMENT PSICOL\u00d2GIC AL PACIENT<\/td><td>ALTAMAR<\/td><td>Obligatori<\/td><\/tr><tr><td>EDITEX (en catal\u00e0 i novetat del 2022) 97-88-413215-815<\/td><td>C-9<\/td><td>T\u00c8CNIQUES D&#8217;AJUDA ODONTOESTOMATOL\u00d2GICA<\/td><td>EDITEX<\/td><td>Recomanat<\/td><\/tr><\/tbody><\/table><\/figure>\n<\/div><\/div>\n\n\n\n<div class=\"wp-block-getwid-accordion__header-wrapper\"><span class=\"wp-block-getwid-accordion__header\"><a href=\"#\"><span class=\"wp-block-getwid-accordion__header-title\">CFM TES: Emerg\u00e8ncies Sanit\u00e0ries<\/span><span class=\"wp-block-getwid-accordion__icon is-active\"><i class=\"fas fa-plus\"><\/i><\/span><span class=\"wp-block-getwid-accordion__icon is-passive\"><i class=\"fas fa-minus\"><\/i><\/span><\/a><\/span><\/div><div class=\"wp-block-getwid-accordion__content-wrapper\"><div class=\"wp-block-getwid-accordion__content\">\n<figure class=\"wp-block-table is-style-stripes has-small-font-size\"><table><tbody><tr><td>I.S.B.N<\/td><td>CURS<\/td><td>MAT\u00c8RIA<\/td><td>T\u00cdTOL DEL LLIBRE<\/td><td>EDITORIAL<\/td><td>CAR\u00c0CTER<\/td><\/tr><tr><td>ALTAMAR (en castell\u00e0) ISBN 978-84-17872-74-8<\/td><td>1r<\/td><td>M0052<\/td><td>MANTENIMIENTO MEC\u00c1NICO PREVENTIVO DEL VEH\u00cdCULO<\/td><td>ALTAMAR<\/td><td>Recomanat<\/td><\/tr><tr><td>ALTAMAR ISBN (en castell\u00e0) 978-84-17872-07-6<br>ALTAMAR (media) ISBN 978-84-17872-24-3<\/td><td>1r<\/td><td>M0054<\/td><td>DOTACI\u00d3N SANITARIA<\/td><td>ALTAMAR<\/td><td>Obligatori<\/td><\/tr><tr><td>ALTAMAR ISBN (Catal\u00e0) 978-84-17872-93-9<br>Llibre digital 978-84-18843-15-0<\/td><td>1r<\/td><td>M0055<\/td><td>ATENCI\u00d3 SANIT\u00c0RIA INICIAL EN SITUACIONS D\u2019EMERG\u00c8NCIA<\/td><td>ALTAMAR<\/td><td>Recomanat<\/td><\/tr><tr><td>ALTAMAR ISBN 978-84-1787-206-9<\/td><td>1r<\/td><td>M0057<\/td><td>EVACUACI\u00d3N Y TRASLADO DE PACIENTES<\/td><td>ALTAMAR<\/td><td>Obligatori<\/td><\/tr><tr><td>ALTAMAR (en catal\u00e0) ISBN 978-84-16415-10-6<\/td><td>1r<\/td><td>M0058<\/td><td>SUPORT PSICOL\u00d2GIC EN SITUACIONS D\u2019EMERG\u00c8NCIA<\/td><td>ALTAMAR<\/td><td>Recomanat<\/td><\/tr><tr><td>ALTAMAR (edici\u00f3 nova 2021-22 i en catal\u00e0) ISBN 978-84-16415-08-3<\/td><td>1r<\/td><td>M0060<\/td><td>TELEEMERG\u00c8NCIES<\/td><td>ALTAMAR<\/td><td>Recomanat<\/td><\/tr><tr><td>ALTAMAR (en catal\u00e0) ISBN 978-84-1787-201-4<br>ALTAMAR (media) ISBN 978-84-1787-218-2<\/td><td>1r<\/td><td>M0061<\/td><td>ANATOMOFISIOLOGIA I PATOLOGIA B\u00c0SIQUES<\/td><td>ALTAMAR<\/td><td>Obligatori<\/td><\/tr><tr><td>McGRAW-HILL (en catal\u00e0) ISBN 978-84-4863493-3<\/td><td>1r<\/td><td>M1709<\/td><td>(IPO I)<br>FORMACI\u00d3 I ORIENTACI\u00d3 LABORAL ESSENCIAL Grau mitj\u00e0<\/td><td>McGRAW-HILL<\/td><td>Recomanat<\/td><\/tr><tr><td>Altamar (en catal\u00e0) 9788419780270 \/ llibre digital 9788419780447<\/td><td>1r<\/td><td>M1708<\/td><td>SOSTENIBILITAT APLICADA AL SISTEMA PRODUCTIU<\/td><td>ALTAMAR<\/td><td>Obligatori<\/td><\/tr><tr><td>978-84-486-4246-4<\/td><td>1r<\/td><td>M1664<\/td><td>Digitalitzaci\u00f3 aplicada als sectors productius. Grau Mitj\u00e0.<\/td><td>Mc GrawHill<\/td><td>Obligatori<\/td><\/tr><tr><td>ALTAMAR (edici\u00f3 nova i en castell\u00e0) ISBN 978-84-17872-40-3<\/td><td>1r<\/td><td>M0059<\/td><td>PLANS D\u2019EMERG\u00c8NCIA I DISPOSITIUS DE RISCOS PREVISIBLES<\/td><td>ALTAMAR<\/td><td>Obligatori<\/td><\/tr><tr><td>978-0-521-14133-8<\/td><td>2n<\/td><td>M0156<\/td><td>Cambridge English for Nursing <strong>Pre-Intermediate<\/strong><\/td><td>Cambrige<\/td><td>Obligatori<\/td><\/tr><\/tbody><\/table><\/figure>\n<\/div><\/div>\n\n\n\n<div class=\"wp-block-getwid-accordion__header-wrapper\"><span class=\"wp-block-getwid-accordion__header\"><a href=\"#\"><span class=\"wp-block-getwid-accordion__header-title\">CFM GA: Gesti\u00f3 Administrativa (\u00c0mbit Sanitari)<\/span><span class=\"wp-block-getwid-accordion__icon is-active\"><i class=\"fas fa-plus\"><\/i><\/span><span class=\"wp-block-getwid-accordion__icon is-passive\"><i class=\"fas fa-minus\"><\/i><\/span><\/a><\/span><\/div><div class=\"wp-block-getwid-accordion__content-wrapper\"><div class=\"wp-block-getwid-accordion__content\">\n<figure class=\"wp-block-table is-style-stripes has-small-font-size\"><table><tbody><tr><td>I.S.B.N.<\/td><td>CURS<\/td><td>T\u00cdTOL DEL LLIBRE<\/td><td>EDITORIAL<\/td><td>CAR\u00c0CTER<\/td><\/tr><tr><td>978-84-486-4359-1<\/td><td>1r<\/td><td>Tractament inform\u00e0tic de la informaci\u00f3<\/td><td>McGraw Hill<\/td><td>Obligatori<\/td><\/tr><tr><td>978-84-486-4294-5<\/td><td>1r<\/td><td>Empresa i administraci\u00f3<\/td><td>McGraw Hill<\/td><td>Obligatori<\/td><\/tr><tr><td>978-84-486-4290-7<\/td><td>1r<\/td><td>Operacions administratives de compravenda<\/td><td>McGraw Hill<\/td><td>Obligatori<\/td><\/tr><tr><td>978-84-486-4307-2<\/td><td>1r<\/td><td>Comunicaci\u00f3 empresarial i atenci\u00f3 al client<\/td><td>McGraw Hill<\/td><td>Obligatori<\/td><\/tr><tr><td>978-84-486-4309-6<\/td><td>1r<\/td><td>T\u00e8cnica comptable<\/td><td>McGraw Hill<\/td><td>Obligatori<\/td><\/tr><tr><td>978-0-521-14133-8<\/td><td>1r<\/td><td>Cambridge English for Nursing<\/td><td>Cambridge<\/td><td>Obligatori<\/td><\/tr><tr><td>978-84-481-9651-6<\/td><td>2n<\/td><td>Operacions auxiliars de gesti\u00f3 de tresoreria.<\/td><td>McGraw Hill<\/td><td>Obligatori<\/td><\/tr><\/tbody><\/table><\/figure>\n<\/div><\/div>\n\n\n\n<div class=\"wp-block-getwid-accordion__header-wrapper\"><span class=\"wp-block-getwid-accordion__header\"><a href=\"#\"><span class=\"wp-block-getwid-accordion__header-title\">CFM FAR: Farm\u00e0cia i Parafarm\u00e0cia<\/span><span class=\"wp-block-getwid-accordion__icon is-active\"><i class=\"fas fa-plus\"><\/i><\/span><span class=\"wp-block-getwid-accordion__icon is-passive\"><i class=\"fas fa-minus\"><\/i><\/span><\/a><\/span><\/div><div class=\"wp-block-getwid-accordion__content-wrapper\"><div class=\"wp-block-getwid-accordion__content\">\n<figure class=\"wp-block-table is-style-stripes has-small-font-size\"><table><tbody><tr><td>I.S.B.N.<\/td><td>CURS<\/td><td>T\u00cdTOL DEL LLIBRE<\/td><td>EDITORIAL<\/td><td>CAR\u00c0CTER<\/td><\/tr><tr><td>9788417872496<\/td><td>1r<\/td><td>Oficina de farm\u00e0cia<\/td><td>Altamar<\/td><td>Obligatori<\/td><\/tr><tr><td>9788417872700<\/td><td>1r<\/td><td>Oficina de farm\u00e0cia (llibre digital)<\/td><td>Altamar<\/td><td>Obligatori<\/td><\/tr><tr><td>9788417872779<\/td><td>1r<\/td><td>Dispensaci\u00f3 de productes farmac\u00e8utics<\/td><td>Altamar<\/td><td>Obligatori<\/td><\/tr><tr><td>9788418843303<\/td><td>1r<\/td><td>Dispensaci\u00f3 de productes parafarmac\u00e8utics<\/td><td>Altamar<\/td><td>Obligatori<\/td><\/tr><tr><td>9788418843341<\/td><td>1r<\/td><td>Operacions b\u00e0siques de laboratori<\/td><td>Altamar<\/td><td>Obligatori<\/td><\/tr><tr><td>9788417872014<\/td><td>1r<\/td><td>Anatomofisiologia i patologia b\u00e0siques<\/td><td>Altamar<\/td><td>Obligatori<\/td><\/tr><tr><td>9788417872175<\/td><td>1r<\/td><td>Anatomofisiologia i patologia b\u00e0siques<\/td><td>Altamar<\/td><td>Obligatori<\/td><\/tr><tr><td>9788417872793<\/td><td>2n<\/td><td>FORMULACI\u00d3 MAGISTRAL<\/td><td>Altamar<\/td><td>Obligatori<\/td><\/tr><tr><td>9788418843365<\/td><td>2n<\/td><td>PROMOCI\u00d3 DE LA SALUT<\/td><td>Altamar<\/td><td>Obligatori<\/td><\/tr><tr><td>9788417144968<\/td><td>2n<\/td><td>PRIMERS AUXILIS<\/td><td>Altamar<\/td><td>Obligatori<\/td><\/tr><tr><td>9780521141338<\/td><td>2n<\/td><td>Cambridge English for Nursing <strong>Pre-Intermediate<\/strong><\/td><td>Cambridge<\/td><td>Obligatori<\/td><\/tr><\/tbody><\/table><\/figure>\n<\/div><\/div>\n\n\n\n<div class=\"wp-block-getwid-accordion__header-wrapper\"><span class=\"wp-block-getwid-accordion__header\"><a href=\"#\"><span class=\"wp-block-getwid-accordion__header-title\">CFS AP: Anatomia Patol\u00f2gica i Citodiagn\u00f2stic<\/span><span class=\"wp-block-getwid-accordion__icon is-active\"><i class=\"fas fa-plus\"><\/i><\/span><span class=\"wp-block-getwid-accordion__icon is-passive\"><i class=\"fas fa-minus\"><\/i><\/span><\/a><\/span><\/div><div class=\"wp-block-getwid-accordion__content-wrapper\"><div class=\"wp-block-getwid-accordion__content\">\n<figure class=\"wp-block-table is-style-stripes has-small-font-size\"><table><tbody><tr><td>I.S.B.N<\/td><td>CURS<\/td><td>T\u00cdTOL DEL LLIBRE<\/td><td>EDITORIAL<\/td><td>CAR\u00c0CTER<\/td><\/tr><tr><td>9780521141338<\/td><td>1r<\/td><td>Cambridge English for Nursing (Pre-Intermediate)<\/td><td>Cambridge<\/td><td>Obligatori<\/td><\/tr><\/tbody><\/table><\/figure>\n<\/div><\/div>\n\n\n\n<div class=\"wp-block-getwid-accordion__header-wrapper\"><span class=\"wp-block-getwid-accordion__header\"><a href=\"#\"><span class=\"wp-block-getwid-accordion__header-title\">CFS DAS: Documentaci\u00f3 i Administraci\u00f3 Sanit\u00e0ries<\/span><span class=\"wp-block-getwid-accordion__icon is-active\"><i class=\"fas fa-plus\"><\/i><\/span><span class=\"wp-block-getwid-accordion__icon is-passive\"><i class=\"fas fa-minus\"><\/i><\/span><\/a><\/span><\/div><div class=\"wp-block-getwid-accordion__content-wrapper\"><div class=\"wp-block-getwid-accordion__content\">\n<figure class=\"wp-block-table is-style-stripes has-small-font-size\"><table><tbody><tr><td>I.S.B.N<\/td><td>CURS<\/td><td>M\u00d2DUL<\/td><td>T\u00cdTOL DEL LLIBRE<\/td><td>EDITORIAL<\/td><td>CAR\u00c0CTER<\/td><\/tr><tr><td>978-0-521-14133-8<\/td><td>1r<\/td><td>0179<\/td><td>Cambridge English for Nursing (Pre-Intermediate)<\/td><td>Cambridge, zonanoreste@cambridge.org, Merc\u00e8 Gibert<\/td><td>Obligatori<\/td><\/tr><tr><td>9788428373289<\/td><td>1r<\/td><td>1709<\/td><td>Itinerari personal per a l&#8217;ocupabilitat 1<\/td><td>Paraninfo<\/td><td>Obligatori<\/td><\/tr><tr><td>978-84-1059-261-2<\/td><td>2n<\/td><td>1710<\/td><td>Itinerari personal per a l&#8217;ocupabilitat 2<\/td><td>Editex<\/td><td>Obligatori<\/td><\/tr><\/tbody><\/table><\/figure>\n<\/div><\/div>\n\n\n\n<div class=\"wp-block-getwid-accordion__header-wrapper\"><span class=\"wp-block-getwid-accordion__header\"><a href=\"#\"><span class=\"wp-block-getwid-accordion__header-title\">CFS IDMN: Imatge per al Diagn\u00f2stic i Medicina Nuclear<\/span><span class=\"wp-block-getwid-accordion__icon is-active\"><i class=\"fas fa-plus\"><\/i><\/span><span class=\"wp-block-getwid-accordion__icon is-passive\"><i class=\"fas fa-minus\"><\/i><\/span><\/a><\/span><\/div><div class=\"wp-block-getwid-accordion__content-wrapper\"><div class=\"wp-block-getwid-accordion__content\">\n<figure class=\"wp-block-table is-style-stripes has-small-font-size\"><table><tbody><tr><td>I.S.B.N<\/td><td>CURS<\/td><td>M\u00d2DUL<\/td><td>T\u00cdTOL DEL LLIBRE<\/td><td>EDITORIAL<\/td><td>CAR\u00c0CTER<\/td><\/tr><tr><td><br>978-84-9113-224-0<\/td><td>1r<\/td><td><br>1349. T\u00c8CNIQUES EN RADIOLOGIA SIMPLE<\/td><td>BONTRAGER. MANUAL DE POSICIONES Y T\u00c9CNICAS RADIOL\u00d3GICAS<br>John P. Lampignano<br>Leslie E. Kendrick<br>(manual recomanat)<\/td><td>ELSEVIER (en castell\u00e0)<\/td><td>Recomanat<\/td><\/tr><tr><td>9788419780270 \/ llibre digital 9788419780447<\/td><td>1r<\/td><td>1708. SOSTENIBILITAT<\/td><td>Sostenibilitat aplicada al sistema productiu<\/td><td>Altamar<\/td><td>Obligatori<\/td><\/tr><tr><td>McGRAW-HILL (en catal\u00e0) ISBN 978-84-486-4246-4<\/td><td>1r<\/td><td>1665. Digitalitzaci\u00f3 aplicada als sectors productius.<\/td><td>Digitalitzaci\u00f3 Aplicada als Sectors Productius<\/td><td>McGRAW-HILL<\/td><td>Obligatori<\/td><\/tr><tr><td>ISBN 978-0-521-14133-8<\/td><td>2n<\/td><td>0179. Angl\u00e8s professional.<\/td><td>Cambridge English for Nursing Pre-Intermediate<\/td><td>Cambridge University Press<\/td><td>Obligatori<\/td><\/tr><\/tbody><\/table><\/figure>\n<\/div><\/div>\n\n\n\n<div class=\"wp-block-getwid-accordion__header-wrapper\"><span class=\"wp-block-getwid-accordion__header\"><a href=\"#\"><span class=\"wp-block-getwid-accordion__header-title\">CFS LAB: Laboratori Cl\u00ednic i Biom\u00e8dic<\/span><span class=\"wp-block-getwid-accordion__icon is-active\"><i class=\"fas fa-plus\"><\/i><\/span><span class=\"wp-block-getwid-accordion__icon is-passive\"><i class=\"fas fa-minus\"><\/i><\/span><\/a><\/span><\/div><div class=\"wp-block-getwid-accordion__content-wrapper\"><div class=\"wp-block-getwid-accordion__content\">\n<figure class=\"wp-block-table is-style-stripes has-small-font-size\"><table><tbody><tr><td>I.S.B.N<\/td><td>CURS<\/td><td>T\u00cdTOL DEL LLIBRE<\/td><td>EDITORIAL<\/td><td>CAR\u00c0CTER<\/td><\/tr><tr><td>978-0-521-14133-8<\/td><td>1r<\/td><td>Cambridge English for Nursing <strong>Pre-Intermediate<\/strong><\/td><td>Cambridge<\/td><td>Obligatori<\/td><\/tr><tr><td>FISIC 9788419780027 o llibre media 9788419780164<\/td><td>1r<\/td><td>Microbiologia cl\u00ednica<\/td><td>ALTAMAR<\/td><td>Obligatori<\/td><\/tr><tr><td>9788419780010<\/td><td>1r<\/td><td>Gesti\u00f3 de mostres biol\u00f2giques<\/td><td>ALTAMAR<\/td><td>Obligatori, MAT\u00cd S\u00cd, TARDA NO<\/td><\/tr><tr><td>FISIC 9788418843372 o llibre media 9788418843730<\/td><td>1r<\/td><td>Biologia molecular i citogen\u00e8tica<\/td><td>ALTAMAR<\/td><td>Obligatori, MAT\u00cd S\u00cd, TARDA NO<\/td><\/tr><tr><td>9788416415236 o llibre media: 9788416415366<\/td><td>2n<\/td><td>An\u00e1lisis bioqu\u00edmico<\/td><td>ALTAMAR<\/td><td>OObligatori, MAT\u00cd S\u00cd, TARDA NO<\/td><\/tr><\/tbody><\/table><\/figure>\n<\/div><\/div>\n<\/div>\n\n\n\n<p><\/p>\n","protected":false},"excerpt":{"rendered":"<p>LLISTA DE LLIBRES PER A 25-26!!<\/p>\n","protected":false},"author":1,"featured_media":0,"parent":195,"menu_order":0,"comment_status":"closed","ping_status":"close","template":"","meta":{"site-sidebar-layout":"default","site-content-layout":"","ast-site-content-layout":"default","site-content-style":"default","site-sidebar-style":"default","ast-global-header-display":"","ast-banner-title-visibility":"","ast-main-header-display":"","ast-hfb-above-header-display":"","ast-hfb-below-header-display":"","ast-hfb-mobile-header-display":"","site-post-title":"","ast-breadcrumbs-content":"","ast-featured-img":"","footer-sml-layout":"","theme-transparent-header-meta":"","adv-header-id-meta":"","stick-header-meta":"","header-above-stick-meta":"","header-main-stick-meta":"","header-below-stick-meta":"","astra-migrate-meta-layouts":"set","ast-page-background-enabled":"default","ast-page-background-meta":{"desktop":{"background-color":"var(--ast-global-color-4)","background-image":"","background-repeat":"repeat","background-position":"center center","background-size":"auto","background-attachment":"scroll","background-type":"","background-media":"","overlay-type":"","overlay-color":"","overlay-opacity":"","overlay-gradient":""},"tablet":{"background-color":"","background-image":"","background-repeat":"repeat","background-position":"center center","background-size":"auto","background-attachment":"scroll","background-type":"","background-media":"","overlay-type":"","overlay-color":"","overlay-opacity":"","overlay-gradient":""},"mobile":{"background-color":"","background-image":"","background-repeat":"repeat","background-position":"center center","background-size":"auto","background-attachment":"scroll","background-type":"","background-media":"","overlay-type":"","overlay-color":"","overlay-opacity":"","overlay-gradient":""}},"ast-content-background-meta":{"desktop":{"background-color":"var(--ast-global-color-5)","background-image":"","background-repeat":"repeat","background-position":"center center","background-size":"auto","background-attachment":"scroll","background-type":"","background-media":"","overlay-type":"","overlay-color":"","overlay-opacity":"","overlay-gradient":""},"tablet":{"background-color":"var(--ast-global-color-5)","background-image":"","background-repeat":"repeat","background-position":"center center","background-size":"auto","background-attachment":"scroll","background-type":"","background-media":"","overlay-type":"","overlay-color":"","overlay-opacity":"","overlay-gradient":""},"mobile":{"background-color":"var(--ast-global-color-5)","background-image":"","background-repeat":"repeat","background-position":"center center","background-size":"auto","background-attachment":"scroll","background-type":"","background-media":"","overlay-type":"","overlay-color":"","overlay-opacity":"","overlay-gradient":""}},"footnotes":""},"class_list":["post-1163","page","type-page","status-publish","hentry"],"post_mailing_queue_ids":[],"_links":{"self":[{"href":"https:\/\/agora.xtec.cat\/isvh\/wp-json\/wp\/v2\/pages\/1163","targetHints":{"allow":["GET"]}}],"collection":[{"href":"https:\/\/agora.xtec.cat\/isvh\/wp-json\/wp\/v2\/pages"}],"about":[{"href":"https:\/\/agora.xtec.cat\/isvh\/wp-json\/wp\/v2\/types\/page"}],"author":[{"embeddable":true,"href":"https:\/\/agora.xtec.cat\/isvh\/wp-json\/wp\/v2\/users\/1"}],"replies":[{"embeddable":true,"href":"https:\/\/agora.xtec.cat\/isvh\/wp-json\/wp\/v2\/comments?post=1163"}],"version-history":[{"count":6,"href":"https:\/\/agora.xtec.cat\/isvh\/wp-json\/wp\/v2\/pages\/1163\/revisions"}],"predecessor-version":[{"id":2796,"href":"https:\/\/agora.xtec.cat\/isvh\/wp-json\/wp\/v2\/pages\/1163\/revisions\/2796"}],"up":[{"embeddable":true,"href":"https:\/\/agora.xtec.cat\/isvh\/wp-json\/wp\/v2\/pages\/195"}],"wp:attachment":[{"href":"https:\/\/agora.xtec.cat\/isvh\/wp-json\/wp\/v2\/media?parent=1163"}],"curies":[{"name":"wp","href":"https:\/\/api.w.org\/{rel}","templated":true}]}}