{"id":5192,"date":"2026-04-29T13:34:57","date_gmt":"2026-04-29T11:34:57","guid":{"rendered":"https:\/\/agora.xtec.cat\/insxaloc\/?page_id=5192"},"modified":"2026-04-29T13:36:13","modified_gmt":"2026-04-29T11:36:13","slug":"llista-sollicituds-de-centre","status":"publish","type":"page","link":"https:\/\/agora.xtec.cat\/insxaloc\/secretaria\/llista-sollicituds-de-centre\/","title":{"rendered":"Llista sol\u00b7licituds de centre"},"content":{"rendered":"<p data-start=\"99\" data-end=\"408\">Us informem que ja es poden consultar les llistes corresponents al proc\u00e9s de preinscripci\u00f3 escolar 2026 al nostre centre. En aquest espai trobareu la informaci\u00f3 actualitzada relativa a les sol\u00b7licituds presentades en primera opci\u00f3, aix\u00ed com la seva puntuaci\u00f3 i ordenaci\u00f3 segons el calendari oficial establert.<\/p>\n<p data-start=\"410\" data-end=\"567\">El n\u00famero de desempat assignat per a aquest proc\u00e9s \u00e9s el <strong data-start=\"467\" data-end=\"476\">42129<\/strong>, que s\u2019ha aplicat per resoldre les situacions d\u2019empat en la puntuaci\u00f3 de les sol\u00b7licituds.<\/p>\n<p data-start=\"569\" data-end=\"600\">A continuaci\u00f3, podeu accedir a:<\/p>\n<ul data-start=\"601\" data-end=\"892\">\n<li data-section-id=\"rnkvds\" data-start=\"601\" data-end=\"767\"><a href=\"https:\/\/agora.xtec.cat\/insxaloc\/wp-content\/uploads\/usu140\/2026\/04\/20260423_INFORME_BAREM_RESOLTES_BAREM.pdf\">Llista de sol\u00b7licituds amb puntuaci\u00f3 (resoltes les reclamacions)<\/a> (publicada el 23\/04\/2026).<\/li>\n<li data-section-id=\"1adoq38\" data-start=\"768\" data-end=\"892\"><a href=\"https:\/\/agora.xtec.cat\/insxaloc\/wp-content\/uploads\/usu140\/2026\/04\/20260429_INFORME_BAREM_DEFINITIU_BAREM.pdf\">Llista de sol\u00b7licituds ordenada<\/a> (publicada el 29\/04\/2026).<\/li>\n<\/ul>\n<p data-start=\"894\" data-end=\"987\">Per a qualsevol dubte o aclariment, podeu posar-vos en contacte amb la secretaria del centre.<\/p>\n<div>\n<div>\n<div><\/div>\n<\/div>\n<\/div>\n","protected":false},"excerpt":{"rendered":"<p>Us informem que ja es poden consultar les llistes corresponents al proc\u00e9s de preinscripci\u00f3 escolar 2026 al nostre centre. En aquest espai trobareu la informaci\u00f3 actualitzada relativa a les sol\u00b7licituds presentades en primera opci\u00f3, aix\u00ed com la seva puntuaci\u00f3 i ordenaci\u00f3 segons el calendari oficial establert. El n\u00famero de desempat assignat per a aquest proc\u00e9s [&hellip;]<\/p>\n","protected":false},"author":1,"featured_media":0,"parent":81,"menu_order":0,"comment_status":"closed","ping_status":"closed","template":"","meta":{"_bbp_topic_count":0,"_bbp_reply_count":0,"_bbp_total_topic_count":0,"_bbp_total_reply_count":0,"_bbp_voice_count":0,"_bbp_anonymous_reply_count":0,"_bbp_topic_count_hidden":0,"_bbp_reply_count_hidden":0,"_bbp_forum_subforum_count":0,"site-sidebar-layout":"default","site-content-layout":"","ast-site-content-layout":"default","site-content-style":"default","site-sidebar-style":"default","ast-global-header-display":"","ast-banner-title-visibility":"","ast-main-header-display":"","ast-hfb-above-header-display":"","ast-hfb-below-header-display":"","ast-hfb-mobile-header-display":"","site-post-title":"","ast-breadcrumbs-content":"","ast-featured-img":"","footer-sml-layout":"","theme-transparent-header-meta":"default","adv-header-id-meta":"","stick-header-meta":"","header-above-stick-meta":"","header-main-stick-meta":"","header-below-stick-meta":"","astra-migrate-meta-layouts":"set","ast-page-background-enabled":"default","ast-page-background-meta":{"desktop":{"background-color":"var(--ast-global-color-4)","background-image":"","background-repeat":"repeat","background-position":"center center","background-size":"auto","background-attachment":"scroll","background-type":"","background-media":"","overlay-type":"","overlay-color":"","overlay-opacity":"","overlay-gradient":""},"tablet":{"background-color":"","background-image":"","background-repeat":"repeat","background-position":"center center","background-size":"auto","background-attachment":"scroll","background-type":"","background-media":"","overlay-type":"","overlay-color":"","overlay-opacity":"","overlay-gradient":""},"mobile":{"background-color":"","background-image":"","background-repeat":"repeat","background-position":"center center","background-size":"auto","background-attachment":"scroll","background-type":"","background-media":"","overlay-type":"","overlay-color":"","overlay-opacity":"","overlay-gradient":""}},"ast-content-background-meta":{"desktop":{"background-color":"var(--ast-global-color-5)","background-image":"","background-repeat":"repeat","background-position":"center center","background-size":"auto","background-attachment":"scroll","background-type":"","background-media":"","overlay-type":"","overlay-color":"","overlay-opacity":"","overlay-gradient":""},"tablet":{"background-color":"var(--ast-global-color-5)","background-image":"","background-repeat":"repeat","background-position":"center center","background-size":"auto","background-attachment":"scroll","background-type":"","background-media":"","overlay-type":"","overlay-color":"","overlay-opacity":"","overlay-gradient":""},"mobile":{"background-color":"var(--ast-global-color-5)","background-image":"","background-repeat":"repeat","background-position":"center center","background-size":"auto","background-attachment":"scroll","background-type":"","background-media":"","overlay-type":"","overlay-color":"","overlay-opacity":"","overlay-gradient":""}},"footnotes":""},"class_list":["post-5192","page","type-page","status-publish","hentry"],"post_mailing_queue_ids":[],"_links":{"self":[{"href":"https:\/\/agora.xtec.cat\/insxaloc\/wp-json\/wp\/v2\/pages\/5192","targetHints":{"allow":["GET"]}}],"collection":[{"href":"https:\/\/agora.xtec.cat\/insxaloc\/wp-json\/wp\/v2\/pages"}],"about":[{"href":"https:\/\/agora.xtec.cat\/insxaloc\/wp-json\/wp\/v2\/types\/page"}],"author":[{"embeddable":true,"href":"https:\/\/agora.xtec.cat\/insxaloc\/wp-json\/wp\/v2\/users\/1"}],"replies":[{"embeddable":true,"href":"https:\/\/agora.xtec.cat\/insxaloc\/wp-json\/wp\/v2\/comments?post=5192"}],"version-history":[{"count":1,"href":"https:\/\/agora.xtec.cat\/insxaloc\/wp-json\/wp\/v2\/pages\/5192\/revisions"}],"predecessor-version":[{"id":5195,"href":"https:\/\/agora.xtec.cat\/insxaloc\/wp-json\/wp\/v2\/pages\/5192\/revisions\/5195"}],"up":[{"embeddable":true,"href":"https:\/\/agora.xtec.cat\/insxaloc\/wp-json\/wp\/v2\/pages\/81"}],"wp:attachment":[{"href":"https:\/\/agora.xtec.cat\/insxaloc\/wp-json\/wp\/v2\/media?parent=5192"}],"curies":[{"name":"wp","href":"https:\/\/api.w.org\/{rel}","templated":true}]}}