{"id":49,"date":"2014-09-17T16:55:55","date_gmt":"2014-09-17T14:55:55","guid":{"rendered":"http:\/\/agora.xtec.cat\/insxaloc\/?page_id=49"},"modified":"2025-11-25T10:51:08","modified_gmt":"2025-11-25T09:51:08","slug":"normes-dorganitzacio-i-funcionament","status":"publish","type":"page","link":"https:\/\/agora.xtec.cat\/insxaloc\/documents-de-centre\/normes-dorganitzacio-i-funcionament\/","title":{"rendered":"Normes d&#8217;organitzaci\u00f3 funcionament de l&#8217;institut (NOFC)"},"content":{"rendered":"<p><img loading=\"lazy\" decoding=\"async\" class=\" wp-image-2114 alignleft\" src=\"http:\/\/agora.xtec.cat\/insxaloc\/wp-content\/uploads\/usu140\/2014\/09\/Logo-207x300.jpg\" alt=\"\" width=\"181\" height=\"262\" srcset=\"https:\/\/agora.xtec.cat\/insxaloc\/wp-content\/uploads\/usu140\/2014\/09\/Logo-207x300.jpg 207w, https:\/\/agora.xtec.cat\/insxaloc\/wp-content\/uploads\/usu140\/2014\/09\/Logo.jpg 312w\" sizes=\"auto, (max-width: 181px) 100vw, 181px\" \/>A continuaci\u00f3 us presentem el document conegut com a <a href=\"https:\/\/drive.google.com\/file\/d\/1OfGcO3rpEKk8HKkeZxqloZk8rEHHKlHe\/view?usp=sharing\">NOFC\u00a0<\/a><span style=\"font-family: inherit; font-size: 1em;\">(normativa d&#8217;organitzaci\u00f3 i funcionament del centre). Podreu accedir-hi clicant sobre les sigles ressaltades en blau.<\/span><\/p>\n<p>En la primera part del document trobeu les normes que regulen el funcionament de l&#8217;institut. Peri\u00f2dicament s&#8217;actualitzen per adaptar-les als cavis que es produeixen en la vida del centre.<\/p>\n<p>En la segona part es presenta l&#8217;organigrama del centre, \u00e9s a dir l&#8217;estructura organitzativa i la descripci\u00f3 detallada de les funcions i tasques de cadascun del \u00f2rgans unipersonals i col\u00b7legiats de l&#8217;institut.<\/p>\n<p>En relaci\u00f3 a l&#8217;organitzaci\u00f3 d&#8217;activitats fora de l&#8217;institut, concretament aquelles que impliquen pernocta, aqu\u00ed podeu consultar el <a href=\"https:\/\/agora.xtec.cat\/insxaloc\/wp-content\/uploads\/usu140\/2022\/05\/COMPROMIS-ACTIVITATS-PERNOCTA-1.pdf\">COMPROM\u00cdS ACTIVITATS PERNOCTA<\/a><\/p>\n<p>En aquest altre document trobareu un quadre resum de possibles situacions on aplicar la normativa de conviv\u00e8ncia: <a href=\"https:\/\/drive.google.com\/file\/d\/1sRV2DFhyozQQ_uBxsSPiwN3lZ2CVS3RK\/view?usp=sharing\">Resum conviv\u00e8ncia_25-26<\/a><\/p>\n","protected":false},"excerpt":{"rendered":"<p>A continuaci\u00f3 us presentem el document conegut com a NOFC\u00a0(normativa d&#8217;organitzaci\u00f3 i funcionament del centre). Podreu accedir-hi clicant sobre les sigles ressaltades en blau. En la primera part del document trobeu les normes que regulen el funcionament de l&#8217;institut. Peri\u00f2dicament s&#8217;actualitzen per adaptar-les als cavis que es produeixen en la vida del centre. En la [&hellip;]<\/p>\n","protected":false},"author":1,"featured_media":0,"parent":4296,"menu_order":30,"comment_status":"closed","ping_status":"closed","template":"","meta":{"_bbp_topic_count":0,"_bbp_reply_count":0,"_bbp_total_topic_count":0,"_bbp_total_reply_count":0,"_bbp_voice_count":0,"_bbp_anonymous_reply_count":0,"_bbp_topic_count_hidden":0,"_bbp_reply_count_hidden":0,"_bbp_forum_subforum_count":0,"site-sidebar-layout":"default","site-content-layout":"","ast-site-content-layout":"default","site-content-style":"default","site-sidebar-style":"default","ast-global-header-display":"","ast-banner-title-visibility":"","ast-main-header-display":"","ast-hfb-above-header-display":"","ast-hfb-below-header-display":"","ast-hfb-mobile-header-display":"","site-post-title":"","ast-breadcrumbs-content":"","ast-featured-img":"","footer-sml-layout":"","theme-transparent-header-meta":"default","adv-header-id-meta":"","stick-header-meta":"","header-above-stick-meta":"","header-main-stick-meta":"","header-below-stick-meta":"","astra-migrate-meta-layouts":"set","ast-page-background-enabled":"default","ast-page-background-meta":{"desktop":{"background-color":"var(--ast-global-color-4)","background-image":"","background-repeat":"repeat","background-position":"center center","background-size":"auto","background-attachment":"scroll","background-type":"","background-media":"","overlay-type":"","overlay-color":"","overlay-opacity":"","overlay-gradient":""},"tablet":{"background-color":"","background-image":"","background-repeat":"repeat","background-position":"center center","background-size":"auto","background-attachment":"scroll","background-type":"","background-media":"","overlay-type":"","overlay-color":"","overlay-opacity":"","overlay-gradient":""},"mobile":{"background-color":"","background-image":"","background-repeat":"repeat","background-position":"center center","background-size":"auto","background-attachment":"scroll","background-type":"","background-media":"","overlay-type":"","overlay-color":"","overlay-opacity":"","overlay-gradient":""}},"ast-content-background-meta":{"desktop":{"background-color":"var(--ast-global-color-5)","background-image":"","background-repeat":"repeat","background-position":"center center","background-size":"auto","background-attachment":"scroll","background-type":"","background-media":"","overlay-type":"","overlay-color":"","overlay-opacity":"","overlay-gradient":""},"tablet":{"background-color":"var(--ast-global-color-5)","background-image":"","background-repeat":"repeat","background-position":"center center","background-size":"auto","background-attachment":"scroll","background-type":"","background-media":"","overlay-type":"","overlay-color":"","overlay-opacity":"","overlay-gradient":""},"mobile":{"background-color":"var(--ast-global-color-5)","background-image":"","background-repeat":"repeat","background-position":"center center","background-size":"auto","background-attachment":"scroll","background-type":"","background-media":"","overlay-type":"","overlay-color":"","overlay-opacity":"","overlay-gradient":""}},"footnotes":""},"class_list":["post-49","page","type-page","status-publish","hentry"],"post_mailing_queue_ids":[],"_links":{"self":[{"href":"https:\/\/agora.xtec.cat\/insxaloc\/wp-json\/wp\/v2\/pages\/49","targetHints":{"allow":["GET"]}}],"collection":[{"href":"https:\/\/agora.xtec.cat\/insxaloc\/wp-json\/wp\/v2\/pages"}],"about":[{"href":"https:\/\/agora.xtec.cat\/insxaloc\/wp-json\/wp\/v2\/types\/page"}],"author":[{"embeddable":true,"href":"https:\/\/agora.xtec.cat\/insxaloc\/wp-json\/wp\/v2\/users\/1"}],"replies":[{"embeddable":true,"href":"https:\/\/agora.xtec.cat\/insxaloc\/wp-json\/wp\/v2\/comments?post=49"}],"version-history":[{"count":8,"href":"https:\/\/agora.xtec.cat\/insxaloc\/wp-json\/wp\/v2\/pages\/49\/revisions"}],"predecessor-version":[{"id":5117,"href":"https:\/\/agora.xtec.cat\/insxaloc\/wp-json\/wp\/v2\/pages\/49\/revisions\/5117"}],"up":[{"embeddable":true,"href":"https:\/\/agora.xtec.cat\/insxaloc\/wp-json\/wp\/v2\/pages\/4296"}],"wp:attachment":[{"href":"https:\/\/agora.xtec.cat\/insxaloc\/wp-json\/wp\/v2\/media?parent=49"}],"curies":[{"name":"wp","href":"https:\/\/api.w.org\/{rel}","templated":true}]}}