{"id":2108,"date":"2018-01-28T21:34:26","date_gmt":"2018-01-28T20:34:26","guid":{"rendered":"http:\/\/agora.xtec.cat\/insxaloc\/?page_id=2108"},"modified":"2025-11-17T15:40:12","modified_gmt":"2025-11-17T14:40:12","slug":"el-projecte-educatiu","status":"publish","type":"page","link":"https:\/\/agora.xtec.cat\/insxaloc\/documents-de-centre\/el-projecte-educatiu\/","title":{"rendered":"El projecte educatiu (PEC)"},"content":{"rendered":"<p style=\"text-align: left;\">A continuaci\u00f3 us presentem el projecte educatiu de l&#8217;institut i els diferents programes i projectes que el desenvolupen. Per accedir als documents nom\u00e9s heu de clicar sobre la paraula ressaltada en blau.<br \/>\n<img loading=\"lazy\" decoding=\"async\" class=\" wp-image-2114 alignleft\" src=\"http:\/\/agora.xtec.cat\/insxaloc\/wp-content\/uploads\/usu140\/2014\/09\/Logo-207x300.jpg\" alt=\"\" width=\"93\" height=\"135\" srcset=\"https:\/\/agora.xtec.cat\/insxaloc\/wp-content\/uploads\/usu140\/2014\/09\/Logo-207x300.jpg 207w, https:\/\/agora.xtec.cat\/insxaloc\/wp-content\/uploads\/usu140\/2014\/09\/Logo.jpg 312w\" sizes=\"auto, (max-width: 93px) 100vw, 93px\" \/><\/p>\n<p>En nostre projecte educatiu <a href=\"https:\/\/drive.google.com\/file\/d\/1NFEbAngiisqtf3oGwTU-mGLCBHYJ6CqC\">PEC<\/a><\/p>\n<p><a href=\"https:\/\/agora.xtec.cat\/insxaloc\/wp-content\/uploads\/usu140\/2024\/09\/Accio-tutorial._2024.pdf\">Acci\u00f3 tutorial._2025<\/a><\/p>\n<p>Projecte de conviv\u00e8ncia <a href=\"https:\/\/agora.xtec.cat\/insxaloc\/wp-content\/uploads\/usu140\/2023\/08\/COCOBE-TEI.pdf\">COCOBE-TEI<\/a><\/p>\n<p><a href=\"https:\/\/agora.xtec.cat\/insxaloc\/wp-content\/uploads\/usu140\/2022\/07\/Carta-de-compromis-educatiu.pdf\">Carta de comprom\u00eds educatiu<\/a><\/p>\n<p><a href=\"https:\/\/agora.xtec.cat\/insxaloc\/wp-content\/uploads\/usu140\/2022\/07\/Projecte-linguistic-Institut-Xaloc-22-23.pdf\">Projecte ling\u00fc\u00edstic Institut Xaloc<\/a><\/p>\n<p><a href=\"https:\/\/agora.xtec.cat\/insxaloc\/wp-content\/uploads\/usu140\/2025\/09\/Protocol-per-a-la-prevencio-de-labsentisme-escolar.pdf\">Protocol per a la prevenci\u00f3 de l&#8217;absentisme escolar<\/a><\/p>\n<p><a href=\"https:\/\/agora.xtec.cat\/insxaloc\/wp-content\/uploads\/usu140\/2025\/03\/PES.gif\"><img loading=\"lazy\" decoding=\"async\" class=\"wp-image-5022 alignleft\" src=\"https:\/\/agora.xtec.cat\/insxaloc\/wp-content\/uploads\/usu140\/2025\/03\/PES.gif\" alt=\"\" width=\"107\" height=\"76\" \/><\/a><\/p>\n<p>&nbsp;<\/p>\n<p><a href=\"https:\/\/drive.google.com\/file\/d\/1AUI428xBv5vMj34Ur4ubGRQvMWgOxddO\/view?usp=drive_link\">Projecte esportiu de centre (PES)<\/a><\/p>\n<p>&nbsp;<\/p>\n<p>El Projecte Esportiu de Centre (<a href=\"https:\/\/agora.xtec.cat\/insxaloc\/wp-content\/uploads\/usu140\/2025\/03\/PES-Institut-Xaloc.pdf\">PES<\/a>) de l\u2019Institut Xaloc representa un element fonamental en la formaci\u00f3 integral de l\u2019alumnat. Mitjan\u00e7ant l\u2019oferta esportiva i una estructura organitzativa clara, el PES contribueix a la promoci\u00f3 d\u2019un estil de vida actiu i saludable entre l\u2019alumnat.<\/p>\n<p><a href=\"https:\/\/agora.xtec.cat\/insxaloc\/wp-content\/uploads\/usu140\/2024\/06\/LOGO-centres-formadors-scaled.jpg\"><img loading=\"lazy\" decoding=\"async\" class=\"alignnone wp-image-4961\" src=\"https:\/\/agora.xtec.cat\/insxaloc\/wp-content\/uploads\/usu140\/2024\/06\/LOGO-centres-formadors-296x300.jpg\" alt=\"\" width=\"96\" height=\"97\" srcset=\"https:\/\/agora.xtec.cat\/insxaloc\/wp-content\/uploads\/usu140\/2024\/06\/LOGO-centres-formadors-296x300.jpg 296w, https:\/\/agora.xtec.cat\/insxaloc\/wp-content\/uploads\/usu140\/2024\/06\/LOGO-centres-formadors-1011x1024.jpg 1011w, https:\/\/agora.xtec.cat\/insxaloc\/wp-content\/uploads\/usu140\/2024\/06\/LOGO-centres-formadors-150x150.jpg 150w, https:\/\/agora.xtec.cat\/insxaloc\/wp-content\/uploads\/usu140\/2024\/06\/LOGO-centres-formadors-768x778.jpg 768w, https:\/\/agora.xtec.cat\/insxaloc\/wp-content\/uploads\/usu140\/2024\/06\/LOGO-centres-formadors-1517x1536.jpg 1517w, https:\/\/agora.xtec.cat\/insxaloc\/wp-content\/uploads\/usu140\/2024\/06\/LOGO-centres-formadors-2022x2048.jpg 2022w\" sizes=\"auto, (max-width: 96px) 100vw, 96px\" \/><\/a><a href=\"https:\/\/agora.xtec.cat\/insxaloc\/wp-content\/uploads\/usu140\/2024\/06\/PROGRMA-DINNOVACIO-MUFPS.pdf\">PROGRMA D&#8217;INNOVACI\u00d3 MUFPS<\/a><\/p>\n<p>El Programa NORD del t\u00e8cnic en integraci\u00f3 social: <a href=\"https:\/\/agora.xtec.cat\/insxaloc\/wp-content\/uploads\/usu140\/2023\/07\/Programa-TIS.pdf\">Programa TIS .<\/a>La\u00a0<strong>contractaci\u00f3 d&#8217;aquest professional est\u00e0 cofinan\u00e7at en un 40% per la Uni\u00f3 Europea <\/strong>i la resta pel Departament d&#8217;Educaci\u00f3 com s&#8217;especifica en el <a href=\"https:\/\/agora.xtec.cat\/insxaloc\/wp-content\/uploads\/usu140\/2023\/07\/Comunicat-contractacio-TIS.pdf\">Comunicat contractaci\u00f3 TIS<\/a><\/p>\n<p>El Pla d\u2019organitzaci\u00f3 de centres per a altes a temperatures <a href=\"https:\/\/agora.xtec.cat\/insxaloc\/wp-content\/uploads\/usu140\/2023\/07\/POCAT_2023.pdf\">POCAT<\/a><\/p>\n<p>Diversificaci\u00f3 curricular: <a href=\"https:\/\/agora.xtec.cat\/insxaloc\/wp-content\/uploads\/usu140\/2022\/07\/Programa-IESL.pdf\">Programa IESL<\/a><\/p>\n<p><span style=\"font-family: inherit; font-size: 1em;\"><a href=\"https:\/\/agora.xtec.cat\/insxaloc\/wp-content\/uploads\/usu140\/2022\/07\/Model-competencial-orientador.pdf\">Model-competencial-orientador<\/a> que impregna el nostre projecte <\/span>Model SCAP<\/p>\n<p>&nbsp;<\/p>\n","protected":false},"excerpt":{"rendered":"<p>A continuaci\u00f3 us presentem el projecte educatiu de l&#8217;institut i els diferents programes i projectes que el desenvolupen. Per accedir als documents nom\u00e9s heu de clicar sobre la paraula ressaltada en blau. En nostre projecte educatiu PEC Acci\u00f3 tutorial._2025 Projecte de conviv\u00e8ncia COCOBE-TEI Carta de comprom\u00eds educatiu Projecte ling\u00fc\u00edstic Institut Xaloc Protocol per a la [&hellip;]<\/p>\n","protected":false},"author":4,"featured_media":0,"parent":4296,"menu_order":20,"comment_status":"closed","ping_status":"closed","template":"","meta":{"_bbp_topic_count":0,"_bbp_reply_count":0,"_bbp_total_topic_count":0,"_bbp_total_reply_count":0,"_bbp_voice_count":0,"_bbp_anonymous_reply_count":0,"_bbp_topic_count_hidden":0,"_bbp_reply_count_hidden":0,"_bbp_forum_subforum_count":0,"site-sidebar-layout":"default","site-content-layout":"","ast-site-content-layout":"default","site-content-style":"default","site-sidebar-style":"default","ast-global-header-display":"","ast-banner-title-visibility":"","ast-main-header-display":"","ast-hfb-above-header-display":"","ast-hfb-below-header-display":"","ast-hfb-mobile-header-display":"","site-post-title":"","ast-breadcrumbs-content":"","ast-featured-img":"","footer-sml-layout":"","theme-transparent-header-meta":"default","adv-header-id-meta":"","stick-header-meta":"","header-above-stick-meta":"","header-main-stick-meta":"","header-below-stick-meta":"","astra-migrate-meta-layouts":"set","ast-page-background-enabled":"default","ast-page-background-meta":{"desktop":{"background-color":"var(--ast-global-color-4)","background-image":"","background-repeat":"repeat","background-position":"center center","background-size":"auto","background-attachment":"scroll","background-type":"","background-media":"","overlay-type":"","overlay-color":"","overlay-opacity":"","overlay-gradient":""},"tablet":{"background-color":"","background-image":"","background-repeat":"repeat","background-position":"center center","background-size":"auto","background-attachment":"scroll","background-type":"","background-media":"","overlay-type":"","overlay-color":"","overlay-opacity":"","overlay-gradient":""},"mobile":{"background-color":"","background-image":"","background-repeat":"repeat","background-position":"center center","background-size":"auto","background-attachment":"scroll","background-type":"","background-media":"","overlay-type":"","overlay-color":"","overlay-opacity":"","overlay-gradient":""}},"ast-content-background-meta":{"desktop":{"background-color":"var(--ast-global-color-5)","background-image":"","background-repeat":"repeat","background-position":"center center","background-size":"auto","background-attachment":"scroll","background-type":"","background-media":"","overlay-type":"","overlay-color":"","overlay-opacity":"","overlay-gradient":""},"tablet":{"background-color":"var(--ast-global-color-5)","background-image":"","background-repeat":"repeat","background-position":"center center","background-size":"auto","background-attachment":"scroll","background-type":"","background-media":"","overlay-type":"","overlay-color":"","overlay-opacity":"","overlay-gradient":""},"mobile":{"background-color":"var(--ast-global-color-5)","background-image":"","background-repeat":"repeat","background-position":"center center","background-size":"auto","background-attachment":"scroll","background-type":"","background-media":"","overlay-type":"","overlay-color":"","overlay-opacity":"","overlay-gradient":""}},"footnotes":""},"class_list":["post-2108","page","type-page","status-publish","hentry"],"post_mailing_queue_ids":[],"_links":{"self":[{"href":"https:\/\/agora.xtec.cat\/insxaloc\/wp-json\/wp\/v2\/pages\/2108","targetHints":{"allow":["GET"]}}],"collection":[{"href":"https:\/\/agora.xtec.cat\/insxaloc\/wp-json\/wp\/v2\/pages"}],"about":[{"href":"https:\/\/agora.xtec.cat\/insxaloc\/wp-json\/wp\/v2\/types\/page"}],"author":[{"embeddable":true,"href":"https:\/\/agora.xtec.cat\/insxaloc\/wp-json\/wp\/v2\/users\/4"}],"replies":[{"embeddable":true,"href":"https:\/\/agora.xtec.cat\/insxaloc\/wp-json\/wp\/v2\/comments?post=2108"}],"version-history":[{"count":9,"href":"https:\/\/agora.xtec.cat\/insxaloc\/wp-json\/wp\/v2\/pages\/2108\/revisions"}],"predecessor-version":[{"id":5112,"href":"https:\/\/agora.xtec.cat\/insxaloc\/wp-json\/wp\/v2\/pages\/2108\/revisions\/5112"}],"up":[{"embeddable":true,"href":"https:\/\/agora.xtec.cat\/insxaloc\/wp-json\/wp\/v2\/pages\/4296"}],"wp:attachment":[{"href":"https:\/\/agora.xtec.cat\/insxaloc\/wp-json\/wp\/v2\/media?parent=2108"}],"curies":[{"name":"wp","href":"https:\/\/api.w.org\/{rel}","templated":true}]}}