{"id":21,"date":"2014-09-17T16:14:14","date_gmt":"2014-09-17T14:14:14","guid":{"rendered":"http:\/\/agora.xtec.cat\/insxaloc\/?page_id=21"},"modified":"2025-12-17T13:39:23","modified_gmt":"2025-12-17T12:39:23","slug":"on-som","status":"publish","type":"page","link":"https:\/\/agora.xtec.cat\/insxaloc\/linstitut\/on-som\/","title":{"rendered":"On som i contactes"},"content":{"rendered":"<p style=\"color: #666666;\"><strong>Institut Xaloc<\/strong><br \/>\nC\/ Guifr\u00e9 el Pil\u00f3s s\/n<br \/>\n08812 Les Roquetes &#8211; Sant Pere de Ribes, Barcelona<\/p>\n<p><iframe loading=\"lazy\" src=\"https:\/\/maps.google.com\/maps?f=q&amp;source=s_q&amp;hl=en&amp;geocode=&amp;q=Ins+Xaloc+sant+pere+de+ribes&amp;aq=&amp;sll=37.0625,-95.677068&amp;sspn=53.300127,93.076172&amp;ie=UTF8&amp;hq=&amp;hnear=&amp;t=m&amp;iwloc=A&amp;ll=41.233696,1.748671&amp;spn=0.006295,0.006295&amp;output=embed\" width=\"600\" height=\"450\" frameborder=\"0\"><\/iframe><br \/>\n<small><a style=\"color: #0000ff; text-align: left;\" href=\"https:\/\/maps.google.com\/maps?f=q&amp;source=embed&amp;hl=en&amp;geocode=&amp;q=Ins+Xaloc+sant+pere+de+ribes&amp;aq=&amp;sll=37.0625,-95.677068&amp;sspn=53.300127,93.076172&amp;ie=UTF8&amp;hq=&amp;hnear=&amp;t=m&amp;iwloc=A&amp;ll=41.233696,1.748671&amp;spn=0.006295,0.006295\">View Larger Map<\/a><\/small><br \/>\n<strong><em>Com arribar-hi:<\/em><br \/>\n<\/strong><\/p>\n<p>Des de Barcelona<\/p>\n<ul>\n<li>Per tren: Fins estaci\u00f3 RENFE de Sitges o de Vilanova i la Geltr\u00fa \u00a0i despr\u00e9s des de les estacions agafar l&#8217;autob\u00fas 72 de la Plana direcci\u00f3 Vilanova des de Sitges, o direcci\u00f3 Sitges des de Vilanova<\/li>\n<li>Per autob\u00fas:\u00a0 Gran Via de Les Corts Catalanes 588, Pla\u00e7a Espanya (Escola Francesc Maci\u00e0), E16 Bus Garraf de La Plana (indicar destinaci\u00f3 Les Roquetes)<\/li>\n<\/ul>\n<p>Dins la comarca:<\/p>\n<ul>\n<li>Autob\u00fas 72 de la Plana<\/li>\n<\/ul>\n<p><em><strong>Com contactar amb la comunitat educativa<\/strong><\/em><\/p>\n<ul>\n<li>Tel\u00e8fon: 93 893 08 27<\/li>\n<li>Correu corporatiu (recomanat per consultes en general):\u00a0a8065342@xtec.cat<\/li>\n<\/ul>\n<p><strong style=\"font-size: medium; font-family: inherit; line-height: 1.6;\">Equip directiu<\/strong><\/p>\n<ul>\n<li><span style=\"font-size: medium;\">Directora: Estefania Rodr\u00edguez Hern\u00e1ndez\u00a0 direccio@institutxaloc.com<\/span><\/li>\n<li>Cap d&#8217;estudis: Andreu Vela Mart\u00ednez\u00a0 capdestudis@institutxaloc.com<\/li>\n<li>Secret\u00e0ria: Aina Fuster Puig secretaria@institutxaloc.com<\/li>\n<\/ul>\n<p><span style=\"font-size: medium;\"><strong>Equip de professors i professores<\/strong><\/span><\/p>\n<p><span style=\"font-size: medium;\"><strong>\u00c0MBITS<\/strong><\/span><\/p>\n<ul>\n<li><span style=\"font-size: medium;\"><strong>Ci\u00e8ncies: <\/strong><\/span>\n<ul>\n<li>Biologia i Geologia: Andreu Vela Mart\u00ednez<\/li>\n<li>Biologia i Geologia: Laura Porta Mateu<\/li>\n<li>F\u00edsica i Qu\u00edmica: S\u00f2nia Oriola Pujol<\/li>\n<li>Socials: Pau Sales Barragan<\/li>\n<li>Socials: Estefania Rodr\u00edguez Hern\u00e1ndez<\/li>\n<li>Educaci\u00f3 f\u00edsica: Ariadna Hileno Bonastre<\/li>\n<\/ul>\n<\/li>\n<li><span style=\"font-size: medium;\"><strong>Lleng\u00fces: <\/strong><\/span>\n<ul>\n<li><span style=\"font-size: medium;\">Catal\u00e0: Enric Garc\u00eda Cabezas<\/span><\/li>\n<li><span style=\"font-size: medium;\">Catal\u00e0: Irene Guallar Guerra<\/span><\/li>\n<li>Castell\u00e0: Arnau Cancer Domene<\/li>\n<li>Castell\u00e0: Lola Benlloch Faus<\/li>\n<li>Angl\u00e8s:\u00a0 Marta Abuelo de Paz<\/li>\n<li>Angl\u00e8s: Mireia Romero i Puente<\/li>\n<\/ul>\n<\/li>\n<li><span style=\"font-size: medium;\"><b>TEAM<\/b><\/span>\n<ul>\n<li><span style=\"font-size: medium;\">Matem\u00e0tiques: Elena Gallardo Mart\u00ednez<\/span><\/li>\n<li>Matem\u00e0tiques: Eduard Porta Mateu<\/li>\n<li>Matem\u00e0tiques: Modest Zu\u00f1eda Sancho<\/li>\n<li>Tecnologia: Beatriz Nu\u00f1o Balmori<\/li>\n<li>Pl\u00e0stica, visual i audiovisual: Modest Zu\u00f1eda Sancho<\/li>\n<li>Pl\u00e0stica, visual i audiovisual: Nat\u00e0lia Salmer\u00f3n Burgos<\/li>\n<li>M\u00fasica: Aina Fuster Puig<\/li>\n<\/ul>\n<\/li>\n<li><span style=\"font-size: medium;\"><strong>Orientaci\u00f3 Educativa: <\/strong><\/span>\n<ul>\n<li>Alba Casas Maldonado<\/li>\n<li><span style=\"font-size: medium;\">Mireia Bricio Bayona<\/span><\/li>\n<li><span style=\"font-size: medium;\">Estefania Rodr\u00edguez<\/span><\/li>\n<\/ul>\n<\/li>\n<li><strong>Aula d&#8217;acollida:<\/strong>\n<ul>\n<li>Toni S\u00e1nchez Ru\u00edz<\/li>\n<\/ul>\n<\/li>\n<\/ul>\n<p><strong>PERSONAL D&#8217;AMINISTRACI\u00d3 I SERVEIS<\/strong><\/p>\n<ul style=\"list-style-type: disc;\">\n<li>Administrativa: Silvia Mincioni administracio@institutxaloc.com<\/li>\n<li>Consergeria: Mariona Isern Marrero consergeria@institutxaloc.com<\/li>\n<\/ul>\n<p><strong>AFA<\/strong><\/p>\n<ul>\n<li>Corporatiu\u00a0<span style=\"font-size: medium;\">afa<\/span><span style=\"font-size: medium;\">@institutxaloc.com<\/span><\/li>\n<li>Presidenta: Mariola Sanz Sangros<\/li>\n<li>Secret\u00e0ria: Dessir\u00e9 Andr\u00e9s Navarro<\/li>\n<\/ul>\n<p><span style=\"font-size: medium;\"><strong>ALTRES CONTACTES:\u00a0<\/strong><\/span><\/p>\n<ul>\n<li><span style=\"font-size: medium;\">Coordinaci\u00f3 inform\u00e0tica: comissiodigital@institutxaloc.com<\/span><\/li>\n<li>Coordinaci\u00f3 prevenci\u00f3 riscos laborals: prl<span class=\"atwho-query\">@institutxaloc.com<\/span><\/li>\n<\/ul>\n","protected":false},"excerpt":{"rendered":"<p>Institut Xaloc C\/ Guifr\u00e9 el Pil\u00f3s s\/n 08812 Les Roquetes &#8211; Sant Pere de Ribes, Barcelona View Larger Map Com arribar-hi: Des de Barcelona Per tren: Fins estaci\u00f3 RENFE de Sitges o de Vilanova i la Geltr\u00fa \u00a0i despr\u00e9s des de les estacions agafar l&#8217;autob\u00fas 72 de la Plana direcci\u00f3 Vilanova des de Sitges, o [&hellip;]<\/p>\n","protected":false},"author":1,"featured_media":0,"parent":19,"menu_order":0,"comment_status":"closed","ping_status":"closed","template":"","meta":{"_bbp_topic_count":0,"_bbp_reply_count":0,"_bbp_total_topic_count":0,"_bbp_total_reply_count":0,"_bbp_voice_count":0,"_bbp_anonymous_reply_count":0,"_bbp_topic_count_hidden":0,"_bbp_reply_count_hidden":0,"_bbp_forum_subforum_count":0,"site-sidebar-layout":"default","site-content-layout":"","ast-site-content-layout":"default","site-content-style":"default","site-sidebar-style":"default","ast-global-header-display":"","ast-banner-title-visibility":"","ast-main-header-display":"","ast-hfb-above-header-display":"","ast-hfb-below-header-display":"","ast-hfb-mobile-header-display":"","site-post-title":"","ast-breadcrumbs-content":"","ast-featured-img":"","footer-sml-layout":"","theme-transparent-header-meta":"default","adv-header-id-meta":"","stick-header-meta":"","header-above-stick-meta":"","header-main-stick-meta":"","header-below-stick-meta":"","astra-migrate-meta-layouts":"set","ast-page-background-enabled":"default","ast-page-background-meta":{"desktop":{"background-color":"var(--ast-global-color-4)","background-image":"","background-repeat":"repeat","background-position":"center center","background-size":"auto","background-attachment":"scroll","background-type":"","background-media":"","overlay-type":"","overlay-color":"","overlay-opacity":"","overlay-gradient":""},"tablet":{"background-color":"","background-image":"","background-repeat":"repeat","background-position":"center center","background-size":"auto","background-attachment":"scroll","background-type":"","background-media":"","overlay-type":"","overlay-color":"","overlay-opacity":"","overlay-gradient":""},"mobile":{"background-color":"","background-image":"","background-repeat":"repeat","background-position":"center center","background-size":"auto","background-attachment":"scroll","background-type":"","background-media":"","overlay-type":"","overlay-color":"","overlay-opacity":"","overlay-gradient":""}},"ast-content-background-meta":{"desktop":{"background-color":"var(--ast-global-color-5)","background-image":"","background-repeat":"repeat","background-position":"center center","background-size":"auto","background-attachment":"scroll","background-type":"","background-media":"","overlay-type":"","overlay-color":"","overlay-opacity":"","overlay-gradient":""},"tablet":{"background-color":"var(--ast-global-color-5)","background-image":"","background-repeat":"repeat","background-position":"center center","background-size":"auto","background-attachment":"scroll","background-type":"","background-media":"","overlay-type":"","overlay-color":"","overlay-opacity":"","overlay-gradient":""},"mobile":{"background-color":"var(--ast-global-color-5)","background-image":"","background-repeat":"repeat","background-position":"center center","background-size":"auto","background-attachment":"scroll","background-type":"","background-media":"","overlay-type":"","overlay-color":"","overlay-opacity":"","overlay-gradient":""}},"footnotes":""},"class_list":["post-21","page","type-page","status-publish","hentry"],"post_mailing_queue_ids":[],"_links":{"self":[{"href":"https:\/\/agora.xtec.cat\/insxaloc\/wp-json\/wp\/v2\/pages\/21","targetHints":{"allow":["GET"]}}],"collection":[{"href":"https:\/\/agora.xtec.cat\/insxaloc\/wp-json\/wp\/v2\/pages"}],"about":[{"href":"https:\/\/agora.xtec.cat\/insxaloc\/wp-json\/wp\/v2\/types\/page"}],"author":[{"embeddable":true,"href":"https:\/\/agora.xtec.cat\/insxaloc\/wp-json\/wp\/v2\/users\/1"}],"replies":[{"embeddable":true,"href":"https:\/\/agora.xtec.cat\/insxaloc\/wp-json\/wp\/v2\/comments?post=21"}],"version-history":[{"count":7,"href":"https:\/\/agora.xtec.cat\/insxaloc\/wp-json\/wp\/v2\/pages\/21\/revisions"}],"predecessor-version":[{"id":5159,"href":"https:\/\/agora.xtec.cat\/insxaloc\/wp-json\/wp\/v2\/pages\/21\/revisions\/5159"}],"up":[{"embeddable":true,"href":"https:\/\/agora.xtec.cat\/insxaloc\/wp-json\/wp\/v2\/pages\/19"}],"wp:attachment":[{"href":"https:\/\/agora.xtec.cat\/insxaloc\/wp-json\/wp\/v2\/media?parent=21"}],"curies":[{"name":"wp","href":"https:\/\/api.w.org\/{rel}","templated":true}]}}