{"id":587,"date":"2020-12-03T22:56:13","date_gmt":"2020-12-03T21:56:13","guid":{"rendered":"https:\/\/agora.xtec.cat\/iesvoltrera\/?page_id=587"},"modified":"2020-12-16T19:29:38","modified_gmt":"2020-12-16T18:29:38","slug":"documentacio-families","status":"publish","type":"page","link":"https:\/\/agora.xtec.cat\/insvoltrera\/documentacio-families\/","title":{"rendered":"Documentaci\u00f3 fam\u00edlies"},"content":{"rendered":"<h4>En aquesta p\u00e0gina podeu descarregar els documents per les fam\u00edlies:<\/h4>\n<ul style=\"list-style-type: circle;\">\n<li><a href=\"https:\/\/agora.xtec.cat\/insvoltrera\/documentacio-families\/autoritzacions\/\">Autoritzacions<\/a><\/li>\n<li><a href=\"https:\/\/agora.xtec.cat\/insvoltrera\/documentacio-families\/guies-ieduca\/\">Guies iEduca<\/a><\/li>\n<\/ul>\n","protected":false},"excerpt":{"rendered":"<p>En aquesta p\u00e0gina podeu descarregar els documents per les fam\u00edlies:<\/p>\n<ul style=\"list-style-type: circle;\">\n<li><a href=\"https:\/\/agora.xtec.cat\/insvoltrera\/documentacio-families\/autoritzacions\/\">Autoritzacions<\/a><\/li>\n<li><a href=\"https:\/\/agora.xtec.cat\/insvoltrera\/documentacio-families\/guies-ieduca\/\">Guies iEduca<\/a><\/li>\n<\/ul>\n","protected":false},"author":3,"featured_media":0,"parent":0,"menu_order":0,"comment_status":"closed","ping_status":"closed","template":"page-templates\/side-menu.php","meta":{"_bbp_topic_count":0,"_bbp_reply_count":0,"_bbp_total_topic_count":0,"_bbp_total_reply_count":0,"_bbp_voice_count":0,"_bbp_anonymous_reply_count":0,"_bbp_topic_count_hidden":0,"_bbp_reply_count_hidden":0,"_bbp_forum_subforum_count":0,"footnotes":""},"class_list":["post-587","page","type-page","status-publish","hentry"],"post_mailing_queue_ids":[],"_links":{"self":[{"href":"https:\/\/agora.xtec.cat\/insvoltrera\/wp-json\/wp\/v2\/pages\/587","targetHints":{"allow":["GET"]}}],"collection":[{"href":"https:\/\/agora.xtec.cat\/insvoltrera\/wp-json\/wp\/v2\/pages"}],"about":[{"href":"https:\/\/agora.xtec.cat\/insvoltrera\/wp-json\/wp\/v2\/types\/page"}],"author":[{"embeddable":true,"href":"https:\/\/agora.xtec.cat\/insvoltrera\/wp-json\/wp\/v2\/users\/3"}],"replies":[{"embeddable":true,"href":"https:\/\/agora.xtec.cat\/insvoltrera\/wp-json\/wp\/v2\/comments?post=587"}],"version-history":[{"count":3,"href":"https:\/\/agora.xtec.cat\/insvoltrera\/wp-json\/wp\/v2\/pages\/587\/revisions"}],"predecessor-version":[{"id":647,"href":"https:\/\/agora.xtec.cat\/insvoltrera\/wp-json\/wp\/v2\/pages\/587\/revisions\/647"}],"wp:attachment":[{"href":"https:\/\/agora.xtec.cat\/insvoltrera\/wp-json\/wp\/v2\/media?parent=587"}],"curies":[{"name":"wp","href":"https:\/\/api.w.org\/{rel}","templated":true}]}}