{"id":5040,"date":"2026-04-17T16:25:37","date_gmt":"2026-04-17T14:25:37","guid":{"rendered":"https:\/\/agora.xtec.cat\/insvoltrera\/?page_id=5040"},"modified":"2026-04-17T16:44:00","modified_gmt":"2026-04-17T14:44:00","slug":"circular-families-3a-aval-i-final-de-curs","status":"publish","type":"page","link":"https:\/\/agora.xtec.cat\/insvoltrera\/circular-families-3a-aval-i-final-de-curs\/","title":{"rendered":"Circulars FAM\u00cdLIES"},"content":{"rendered":"<p>Benvolgudes fam\u00edlies, podeu descarregar les ciculars de la 3a avaluaci\u00f3 i final de curs depenent l&#8217;etapa educativa:<\/p>\n<ul style=\"list-style-type: circle;\">\n<li><a href=\"https:\/\/agora.xtec.cat\/insvoltrera\/wp-content\/uploads\/usu2424\/2026\/04\/Final_de_curs_2526_Circular_families_ESO.pdf\">FAM\u00cdLIES d&#8217;alumnat a l&#8217;ESO<\/a><\/li>\n<li><a href=\"https:\/\/agora.xtec.cat\/insvoltrera\/wp-content\/uploads\/usu2424\/2026\/04\/Final_de_curs_2526_Circular_families_1r_BATX.pdf\">FAM\u00cdLIES d&#8217;alumnat a 1r Batxillerat<\/a><\/li>\n<li><a href=\"https:\/\/agora.xtec.cat\/insvoltrera\/wp-content\/uploads\/usu2424\/2026\/04\/Final_de_curs_2526_Circular_families_2n_BATX.pdf\">FAM\u00cdLIES d&#8217;alumnat a 2n Batxillerat<\/a><\/li>\n<\/ul>\n","protected":false},"excerpt":{"rendered":"<p>Benvolgudes fam\u00edlies, podeu descarregar les ciculars de la 3a avaluaci\u00f3 i final de curs depenent l&#8217;etapa educativa:<\/p>\n<ul style=\"list-style-type: circle;\">\n<li><a href=\"https:\/\/agora.xtec.cat\/insvoltrera\/wp-content\/uploads\/usu2424\/2026\/04\/Final_de_curs_2526_Circular_families_ESO.pdf\">FAM\u00cdLIES d&#8217;alumnat a l&#8217;ESO<\/a><\/li>\n<li><a href=\"https:\/\/agora.xtec.cat\/insvoltrera\/wp-content\/uploads\/usu2424\/2026\/04\/Final_de_curs_2526_Circular_families_1r_BATX.pdf\">FAM\u00cdLIES d&#8217;alumnat a 1r Batxillerat<\/a><\/li>\n<li><a href=\"https:\/\/agora.xtec.cat\/insvoltrera\/wp-content\/uploads\/usu2424\/2026\/04\/Final_de_curs_2526_Circular_families_2n_BATX.pdf\">FAM\u00cdLIES d&#8217;alumnat a 2n Batxillerat<\/a><\/li>\n<\/ul>\n","protected":false},"author":3,"featured_media":0,"parent":0,"menu_order":0,"comment_status":"closed","ping_status":"closed","template":"page-templates\/side-menu.php","meta":{"_bbp_topic_count":0,"_bbp_reply_count":0,"_bbp_total_topic_count":0,"_bbp_total_reply_count":0,"_bbp_voice_count":0,"_bbp_anonymous_reply_count":0,"_bbp_topic_count_hidden":0,"_bbp_reply_count_hidden":0,"_bbp_forum_subforum_count":0,"footnotes":""},"class_list":["post-5040","page","type-page","status-publish","hentry"],"post_mailing_queue_ids":[],"_links":{"self":[{"href":"https:\/\/agora.xtec.cat\/insvoltrera\/wp-json\/wp\/v2\/pages\/5040","targetHints":{"allow":["GET"]}}],"collection":[{"href":"https:\/\/agora.xtec.cat\/insvoltrera\/wp-json\/wp\/v2\/pages"}],"about":[{"href":"https:\/\/agora.xtec.cat\/insvoltrera\/wp-json\/wp\/v2\/types\/page"}],"author":[{"embeddable":true,"href":"https:\/\/agora.xtec.cat\/insvoltrera\/wp-json\/wp\/v2\/users\/3"}],"replies":[{"embeddable":true,"href":"https:\/\/agora.xtec.cat\/insvoltrera\/wp-json\/wp\/v2\/comments?post=5040"}],"version-history":[{"count":3,"href":"https:\/\/agora.xtec.cat\/insvoltrera\/wp-json\/wp\/v2\/pages\/5040\/revisions"}],"predecessor-version":[{"id":5060,"href":"https:\/\/agora.xtec.cat\/insvoltrera\/wp-json\/wp\/v2\/pages\/5040\/revisions\/5060"}],"wp:attachment":[{"href":"https:\/\/agora.xtec.cat\/insvoltrera\/wp-json\/wp\/v2\/media?parent=5040"}],"curies":[{"name":"wp","href":"https:\/\/api.w.org\/{rel}","templated":true}]}}