{"id":1519,"date":"2021-10-29T13:01:09","date_gmt":"2021-10-29T11:01:09","guid":{"rendered":"https:\/\/agora.xtec.cat\/insvoltrera\/?page_id=1519"},"modified":"2025-12-01T13:26:27","modified_gmt":"2025-12-01T12:26:27","slug":"eleccions-al-consell-escolar","status":"publish","type":"page","link":"https:\/\/agora.xtec.cat\/insvoltrera\/eleccions-al-consell-escolar\/","title":{"rendered":"Eleccions al Consell Escolar"},"content":{"rendered":"<p><a href=\"https:\/\/agora.xtec.cat\/insvoltrera\/wp-content\/uploads\/usu2424\/2025\/10\/consells-escolars.png_552031986.png\"><img loading=\"lazy\" decoding=\"async\" class=\"alignnone size-large wp-image-4694\" src=\"https:\/\/agora.xtec.cat\/insvoltrera\/wp-content\/uploads\/usu2424\/2025\/10\/consells-escolars.png_552031986-1024x250.png\" alt=\"\" width=\"1024\" height=\"250\" srcset=\"https:\/\/agora.xtec.cat\/insvoltrera\/wp-content\/uploads\/usu2424\/2025\/10\/consells-escolars.png_552031986-1024x250.png 1024w, https:\/\/agora.xtec.cat\/insvoltrera\/wp-content\/uploads\/usu2424\/2025\/10\/consells-escolars.png_552031986-300x73.png 300w, https:\/\/agora.xtec.cat\/insvoltrera\/wp-content\/uploads\/usu2424\/2025\/10\/consells-escolars.png_552031986-768x188.png 768w, https:\/\/agora.xtec.cat\/insvoltrera\/wp-content\/uploads\/usu2424\/2025\/10\/consells-escolars.png_552031986-1536x375.png 1536w, https:\/\/agora.xtec.cat\/insvoltrera\/wp-content\/uploads\/usu2424\/2025\/10\/consells-escolars.png_552031986-2048x500.png 2048w\" sizes=\"auto, (max-width: 1024px) 100vw, 1024px\" \/><\/a><\/p>\n<p><strong><span style=\"color: #993366;\">Proc\u00e9s de renovaci\u00f3 parcial dels membres del Consell Escolar. Octubre del 2025. <\/span><\/strong><\/p>\n<p><span style=\"color: #333399;\">El 31 d&#8217;octubre de 2025 s&#8217;inicia el proc\u00e9s de renovaci\u00f3 parcial dels membres del Consell Escolar. A continuaci\u00f3 es detalla el calendari<\/span><\/p>\n\r\n\t<div class=\"slideshow_container slideshow_container_style-light\" style=\"height: 500px; \" data-slideshow-id=\"4690\" data-style-name=\"style-light\" data-style-version=\"2.3.1\" >\r\n\r\n\t\t\t\t\t<div class=\"slideshow_loading_icon\"><\/div>\r\n\t\t\r\n\t\t<div class=\"slideshow_content\" style=\"display: none;\">\r\n\r\n\t\t\t<div class=\"slideshow_view\"><div class=\"slideshow_slide slideshow_slide_image\">\n        <a href=\"https:\/\/lh3.googleusercontent.com\/pw\/AP1GczOSopGcVKc5CNPqZOUK1QqMQBP6JhXBewI_hMzmGVRRfuqK5ySmWjRjtU4oQuqVNk1SjpfZ_JXHD4Z4gX3cI2yKcgPIXBby5st1EHwly_CCLcMar0PxKNHD-yyrKSSNaV4W5DuwsyDqol980HoyOe_t6x6CHX2uuSl0enLo6O3yzfGhi77euWUFPU_yH4i2auizRc15SjOkGhMl1e3J9W-Jzl6P7GOrnbG5cea0ZeyJngl5XzwzJqeSy65zaPSfSySS6XKwhsw9zX8_yTsh0Z1KijrxT6-s6LTwwxwXVjT8QEibBAYETbUrgyJYGXTD7Q9Gvwprlmui5LqkdIaEzDiQYNefI2wLhsjiWgcqnRyrNhUq1wAg2N7LQ4PytiKWYNS4r6wFIhBLwAVnJSqTsM89_t4zObWQJkUdQdNSFge8Pf4UvAiPtv7wlb-HZ117hVoIzMEnDhIL_djP1d7USDAdKQ-8g18mufdT9p7FsJr4DEDpephiik6LglhqNhm2BUGJzmEkWUqGC-RVBbXozeKLqUWcHEgNEJV6GT25UK2-DrOYUutBdS_N05A9C-HLeIDmyUhln-oHrLYqEKRtYzI1cZvk2OoM6Ei8tWRCsqH8ih5LG2R9iL1RZSOGSXeOX5G2CZVaS_TJIfvzQz6QB1NiRxpAEWn_AOKWi_30mRjBYnFT-QXIbq-9cuwhDQXUqEBxypWsAPn04N5_xFhcwFVPXIzhek7x_dpWRY3E_GLN1mU9BLDaF2DkhNvRxx4HgtrIIHQvCgUEPau5TYgn9vAEQM49INFzkIXlF7jhKGvb3aeeFEFo_5G9C0MSQfGuTei40zwb4OXE_GY6kI5uuIJ3-m0u2ogfZ6BE7-qZ7prODeSVnFdaW9yEFFfcW0JGpVlKxJGJNKywj7XPm8603U9CiUKZV4LlsT2xDgAUcMsDd3iX21Fdy0fxrXpFsNFUfQRknwejDzs=w800-h600-no--no?authuser=0\" target=\"_blank\">        <img src=\"https:\/\/lh3.googleusercontent.com\/pw\/AP1GczOSopGcVKc5CNPqZOUK1QqMQBP6JhXBewI_hMzmGVRRfuqK5ySmWjRjtU4oQuqVNk1SjpfZ_JXHD4Z4gX3cI2yKcgPIXBby5st1EHwly_CCLcMar0PxKNHD-yyrKSSNaV4W5DuwsyDqol980HoyOe_t6x6CHX2uuSl0enLo6O3yzfGhi77euWUFPU_yH4i2auizRc15SjOkGhMl1e3J9W-Jzl6P7GOrnbG5cea0ZeyJngl5XzwzJqeSy65zaPSfSySS6XKwhsw9zX8_yTsh0Z1KijrxT6-s6LTwwxwXVjT8QEibBAYETbUrgyJYGXTD7Q9Gvwprlmui5LqkdIaEzDiQYNefI2wLhsjiWgcqnRyrNhUq1wAg2N7LQ4PytiKWYNS4r6wFIhBLwAVnJSqTsM89_t4zObWQJkUdQdNSFge8Pf4UvAiPtv7wlb-HZ117hVoIzMEnDhIL_djP1d7USDAdKQ-8g18mufdT9p7FsJr4DEDpephiik6LglhqNhm2BUGJzmEkWUqGC-RVBbXozeKLqUWcHEgNEJV6GT25UK2-DrOYUutBdS_N05A9C-HLeIDmyUhln-oHrLYqEKRtYzI1cZvk2OoM6Ei8tWRCsqH8ih5LG2R9iL1RZSOGSXeOX5G2CZVaS_TJIfvzQz6QB1NiRxpAEWn_AOKWi_30mRjBYnFT-QXIbq-9cuwhDQXUqEBxypWsAPn04N5_xFhcwFVPXIzhek7x_dpWRY3E_GLN1mU9BLDaF2DkhNvRxx4HgtrIIHQvCgUEPau5TYgn9vAEQM49INFzkIXlF7jhKGvb3aeeFEFo_5G9C0MSQfGuTei40zwb4OXE_GY6kI5uuIJ3-m0u2ogfZ6BE7-qZ7prODeSVnFdaW9yEFFfcW0JGpVlKxJGJNKywj7XPm8603U9CiUKZV4LlsT2xDgAUcMsDd3iX21Fdy0fxrXpFsNFUfQRknwejDzs=w800-h600-no--no?authuser=0\" alt=\"\"   \/>\n        <\/a>        <div class=\"slideshow_description_box slideshow_transparent\">\n                                        <\/div>\n<\/div>\n\t\n<div style=\"clear: both;\"><\/div><\/div><div class=\"slideshow_view\"><div class=\"slideshow_slide slideshow_slide_image\">\n        <a href=\"https:\/\/lh3.googleusercontent.com\/pw\/AP1GczP50zXcINxFYFBgsSMJvE29fKEvDkootckmNPocT6kSzhcwbf3U-4fjQCeUYuvZe3hZpa_scD1zh9F4HjUdESIZY09Hsrs5vlVenHLOnMHP6ra149noF2BVMuexlHevJRpFXwtIAAz2_5MbsB7w5lD13eUEgGtlQPdpn-KeHJ7WqRRZzxWXoYL1unAV5ZcOPoFzswzza2jhtOm-JG-HKfVP8AbJh4cVa4Jz7a2hDfwmk1vAynSToYsyyPIQMemRXUCKwtTNJ51ADCmjlC6flNKk24lVv6x4oaAyEotqwZWZuHubqP54pb4vGrCCm24uw6mayon85Ykkf0lzSaRpEbgGpGMK3TQzco7H51uPWSw5u2X0vRrZQlrnuodTEMJGT6hnaWStGwmgwm64d0LYecJDK6jzUbeMhCqvYUXb20zCv4d28QvBNEsDDKytnT-3ohilmqt6QE1FChXMdaiaGUh8QoEVYrcviKkbHh7G-VRiX5t2_n-T1RONihEJhvYR0dzCJlXkfIQoOF6ARggTLiIZ4MUKJZKkMjb9jyXc_r10uwc1E5_j13za-GtTqQEOhhj_g-dIEtZxnt5pLje2qgtFGyEzBsUhqAfPKxClwbZmJ-wHXdSKVOE2A5u658kxyXvAxf-ydZ_KZkpeCCxIFeFhfpFmXBGwum5AN7oWT0JSip8LZYRcrfTROZRs1I_TKTOvAfTjh7xKT8FAWnq1RYQo_e-E-XSyA_kdxTCVRKRJykP5BXanbrk88z39wNFpq9BhiZ9HXF_UjRCUAYQpPND4bvByghC6gKgtBUyIDN6ALtQBDnlFCan0FUlV_FU5Dp9VSCzDY0qO4_MXhzittknz9sfS-0Rglo10KTdoz-0oABMY3mx_OXb7B7PmjYfnvq9Jm_Ntyi3TmHmisMPG7_wLY87s6qqKleLTaUrsfyjqxClRdjLjq1fxJwR-cUe_ITdj3Hh_2C4=w800-h600-no--no?authuser=0\" target=\"_blank\">        <img src=\"https:\/\/lh3.googleusercontent.com\/pw\/AP1GczP50zXcINxFYFBgsSMJvE29fKEvDkootckmNPocT6kSzhcwbf3U-4fjQCeUYuvZe3hZpa_scD1zh9F4HjUdESIZY09Hsrs5vlVenHLOnMHP6ra149noF2BVMuexlHevJRpFXwtIAAz2_5MbsB7w5lD13eUEgGtlQPdpn-KeHJ7WqRRZzxWXoYL1unAV5ZcOPoFzswzza2jhtOm-JG-HKfVP8AbJh4cVa4Jz7a2hDfwmk1vAynSToYsyyPIQMemRXUCKwtTNJ51ADCmjlC6flNKk24lVv6x4oaAyEotqwZWZuHubqP54pb4vGrCCm24uw6mayon85Ykkf0lzSaRpEbgGpGMK3TQzco7H51uPWSw5u2X0vRrZQlrnuodTEMJGT6hnaWStGwmgwm64d0LYecJDK6jzUbeMhCqvYUXb20zCv4d28QvBNEsDDKytnT-3ohilmqt6QE1FChXMdaiaGUh8QoEVYrcviKkbHh7G-VRiX5t2_n-T1RONihEJhvYR0dzCJlXkfIQoOF6ARggTLiIZ4MUKJZKkMjb9jyXc_r10uwc1E5_j13za-GtTqQEOhhj_g-dIEtZxnt5pLje2qgtFGyEzBsUhqAfPKxClwbZmJ-wHXdSKVOE2A5u658kxyXvAxf-ydZ_KZkpeCCxIFeFhfpFmXBGwum5AN7oWT0JSip8LZYRcrfTROZRs1I_TKTOvAfTjh7xKT8FAWnq1RYQo_e-E-XSyA_kdxTCVRKRJykP5BXanbrk88z39wNFpq9BhiZ9HXF_UjRCUAYQpPND4bvByghC6gKgtBUyIDN6ALtQBDnlFCan0FUlV_FU5Dp9VSCzDY0qO4_MXhzittknz9sfS-0Rglo10KTdoz-0oABMY3mx_OXb7B7PmjYfnvq9Jm_Ntyi3TmHmisMPG7_wLY87s6qqKleLTaUrsfyjqxClRdjLjq1fxJwR-cUe_ITdj3Hh_2C4=w800-h600-no--no?authuser=0\" alt=\"\"   \/>\n        <\/a>        <div class=\"slideshow_description_box slideshow_transparent\">\n                                        <\/div>\n<\/div>\n\t\n<div style=\"clear: both;\"><\/div><\/div><div class=\"slideshow_view\"><div class=\"slideshow_slide slideshow_slide_image\">\n        <a href=\"https:\/\/lh3.googleusercontent.com\/pw\/AP1GczMI3j7phebT8VAXi_rxomsTZ6aBazE-mZjDqnEQXO_pOM2zX4lkvfGPCZrIj1RSH2Hv2S75hx3XklNDBzhCs4dOCcPNqb5cyiwcbNlTktAWpUiL9GxJ1J9kFxLl8ZNaoVnu5cCsP9pNjO6s1zT7H96ifjqRhRLqloOMWGYt7-CR2pzEqRn34CoWpsEx79RLgR0Y2N2xQ_JoxP4x4z4WBNnyAHfnE7I9SadA8v0Ou1XuSV2IP1muiBtg-XoBJp8qPiIIoRql9DtcihiKwqTNN98ZU8TFdqkLwDqqtab8aZwWq-4ivRLBoLKz1OxJdqOMhdDj1KCA_MBgToZsh2LbWVgp5zqy7oLzBD-KTcYESl0mHN53PnnQ7mBX1iLgWdQDasVlIGFBkI0iWGKiCrTo9SIG-VjShG-VgOe91DUSxY2Sg0fn5illOH6Kok5ePTVZs3ikEYccFaPt5-1g-50sZek_Kn_m97jUJ85GsjWVMgZrWcPMH3HtA-kEtaQMLGAL1hWhoit2u1KDwCdLB5DRUrhqAxfXfqohB3xKp38tR1wXUsEg2e6DeVsuuTFBLmnDDMn5T5IPSTYlBYJyOB0FJQ1YWgoyqXgT9g7vMt7UtlOeo4k-PTVp0m4eXJ0Il91tKvKhAJbK45OlO0ETMp78Y5n5hxPYrFq_68btFhG6hm6xLwT_QCo_b7F1L5kckY4Mq1eYkQwMLwoNIv9kl9AstcXAFvZ1mnD1-nlMLqUq_k4u_7BLgPPjAex5XBVvssmRA8Hke2NE5UDQWKn1CL3lY71X9X2HefeRjzT-q2F9TfwqzBsjF3m7KP4om0N9cWXPmpTHyFASE53inOOWnT4_ViEq5maPQXMgYk3Fds1BUFrAoYGEWXiQSUgDr52JHFEGh8mG86SlPBt5xneI0K1nWd-m8j6Zjq-7hO6-A2mY6weGoUVBA54MhPNCRxzLPPvnU2Y5l1OMnFI=w800-h600-no--no?authuser=0\" target=\"_blank\">        <img src=\"https:\/\/lh3.googleusercontent.com\/pw\/AP1GczMI3j7phebT8VAXi_rxomsTZ6aBazE-mZjDqnEQXO_pOM2zX4lkvfGPCZrIj1RSH2Hv2S75hx3XklNDBzhCs4dOCcPNqb5cyiwcbNlTktAWpUiL9GxJ1J9kFxLl8ZNaoVnu5cCsP9pNjO6s1zT7H96ifjqRhRLqloOMWGYt7-CR2pzEqRn34CoWpsEx79RLgR0Y2N2xQ_JoxP4x4z4WBNnyAHfnE7I9SadA8v0Ou1XuSV2IP1muiBtg-XoBJp8qPiIIoRql9DtcihiKwqTNN98ZU8TFdqkLwDqqtab8aZwWq-4ivRLBoLKz1OxJdqOMhdDj1KCA_MBgToZsh2LbWVgp5zqy7oLzBD-KTcYESl0mHN53PnnQ7mBX1iLgWdQDasVlIGFBkI0iWGKiCrTo9SIG-VjShG-VgOe91DUSxY2Sg0fn5illOH6Kok5ePTVZs3ikEYccFaPt5-1g-50sZek_Kn_m97jUJ85GsjWVMgZrWcPMH3HtA-kEtaQMLGAL1hWhoit2u1KDwCdLB5DRUrhqAxfXfqohB3xKp38tR1wXUsEg2e6DeVsuuTFBLmnDDMn5T5IPSTYlBYJyOB0FJQ1YWgoyqXgT9g7vMt7UtlOeo4k-PTVp0m4eXJ0Il91tKvKhAJbK45OlO0ETMp78Y5n5hxPYrFq_68btFhG6hm6xLwT_QCo_b7F1L5kckY4Mq1eYkQwMLwoNIv9kl9AstcXAFvZ1mnD1-nlMLqUq_k4u_7BLgPPjAex5XBVvssmRA8Hke2NE5UDQWKn1CL3lY71X9X2HefeRjzT-q2F9TfwqzBsjF3m7KP4om0N9cWXPmpTHyFASE53inOOWnT4_ViEq5maPQXMgYk3Fds1BUFrAoYGEWXiQSUgDr52JHFEGh8mG86SlPBt5xneI0K1nWd-m8j6Zjq-7hO6-A2mY6weGoUVBA54MhPNCRxzLPPvnU2Y5l1OMnFI=w800-h600-no--no?authuser=0\" alt=\"\"   \/>\n        <\/a>        <div class=\"slideshow_description_box slideshow_transparent\">\n                                        <\/div>\n<\/div>\n\t\n<div style=\"clear: both;\"><\/div><\/div>\r\n\t\t<\/div>\r\n\r\n\t\t<div class=\"slideshow_controlPanel slideshow_transparent\" style=\"display: none;\"><ul><li class=\"slideshow_togglePlay\" data-play-text=\"Visualitza\" data-pause-text=\"Pausa\"><\/li><\/ul><\/div>\r\n\r\n\t\t<div class=\"slideshow_button slideshow_previous slideshow_transparent\" role=\"button\" data-previous-text=\"Anterior\" style=\"display: none;\"><\/div>\r\n\t\t<div class=\"slideshow_button slideshow_next slideshow_transparent\" role=\"button\" data-next-text=\"Seg\u00fcent\" style=\"display: none;\"><\/div>\r\n\r\n\t\t<div class=\"slideshow_pagination\" style=\"display: none;\" data-go-to-text=\"V\u00e9s a la diapositiva\"><div class=\"slideshow_pagination_center\"><\/div><\/div>\r\n\r\n\t\t<!-- WordPress Slideshow Version 2.3.1 -->\r\n\r\n\t\t\t<\/div>\r\n\r\n\n<p><a href=\"https:\/\/agora.xtec.cat\/insvoltrera\/wp-content\/uploads\/usu2424\/2025\/10\/RENOVACIO-CONSELL-ESCOLAR-1.pdf\" target=\"_blank\" rel=\"noopener\">Descarrega Informaci\u00f3 en .pdf<\/a><\/p>\n<p style=\"font-weight: 400;\"><strong>Composici\u00f3 del consell escolar<\/strong>\u00a0i nombre de representants de cada sector amb la indicaci\u00f3 dels que s&#8217;han de renovar. Total de representants al consell escolar: 15 membres.<\/p>\n<ul>\n<li style=\"font-weight: 400;\">[1] President\/Director.<\/li>\n<li style=\"font-weight: 400;\">[1] Cap d&#8217;estudis.<\/li>\n<li style=\"font-weight: 400;\">[1] Secretari.<\/li>\n<li style=\"font-weight: 400;\">[1] Representant de l&#8217;ajuntament (per designaci\u00f3).<\/li>\n<li style=\"font-weight: 400;\">[1] Representant del personal\u00a0<strong>PAS (Personal d&#8217;Administraci\u00f3 i Serveis)\/ PAE (Professionals d&#8217;Atenci\u00f3 Educativa).<br \/>\n<\/strong>En aquestes eleccions <strong style=\"font-family: inherit; font-size: 1em;\">es renova la representaci\u00f3<\/strong><span style=\"font-family: inherit; font-size: 1em;\">\u00a0del PAS\/PAE at\u00e8s que va ser renovada fa dos anys amb\u00a0representaci\u00f3 per a dos anys.<\/span><\/li>\n<\/ul>\n<ul>\n<li style=\"font-weight: 400;\">[2] Representants de l&#8217;<strong>alumnat<\/strong>:<br \/>\nEn aquestes eleccions <strong style=\"font-family: inherit; font-size: 1em;\">es renoven 2<\/strong><span style=\"font-family: inherit; font-size: 1em;\">\u00a0representacions del sector alumnat.<\/span><\/li>\n<\/ul>\n<ul>\n<li style=\"font-weight: 400;\">[1] Representant de l&#8217;AFA (per designaci\u00f3).<\/li>\n<li style=\"font-weight: 400;\">[2] Representants de\u00a0<strong>mares i pares<\/strong>:<br \/>\nEn aquestes eleccions <strong style=\"font-family: inherit; font-size: 1em;\">no es renova<\/strong><span style=\"font-family: inherit; font-size: 1em;\">\u00a0la representaci\u00f3 del sector mares i pares at\u00e8s que van ser renovades fa dos anys amb representaci\u00f3 per 4 anys.<\/span><\/li>\n<\/ul>\n<ul>\n<li style=\"font-weight: 400;\">[5] Representants del\u00a0<strong>professorat<\/strong>.<br \/>\nEn aquestes eleccions <strong style=\"font-family: inherit; font-size: 1em;\">es renoven 2<\/strong><span style=\"font-family: inherit; font-size: 1em;\">\u00a0representacions del sector professorat per quatre anys.<\/span><\/li>\n<\/ul>\n<p><span style=\"color: #ffffff;\"><strong>us animem a participar-hi presentant candidatures per poder ser votades abans del dia 7 de novembre<\/strong>. Podeu escriure al correu de l\u2019institut\u00a0<\/span><\/p>\n<p><strong><span style=\"color: #993366;\">Resultats del representants al sector Alumnat segons eleccions del passat 20 de novembre de 2025:<\/span><\/strong><\/p>\n<p><a href=\"https:\/\/agora.xtec.cat\/insvoltrera\/wp-content\/uploads\/usu2424\/2025\/12\/resultat-alumnat-CE-2_page-0001-2.jpg\"><img loading=\"lazy\" decoding=\"async\" class=\"wp-image-4773 aligncenter\" src=\"https:\/\/agora.xtec.cat\/insvoltrera\/wp-content\/uploads\/usu2424\/2025\/12\/resultat-alumnat-CE-2_page-0001-2-1024x791.jpg\" alt=\"\" width=\"637\" height=\"492\" srcset=\"https:\/\/agora.xtec.cat\/insvoltrera\/wp-content\/uploads\/usu2424\/2025\/12\/resultat-alumnat-CE-2_page-0001-2-1024x791.jpg 1024w, https:\/\/agora.xtec.cat\/insvoltrera\/wp-content\/uploads\/usu2424\/2025\/12\/resultat-alumnat-CE-2_page-0001-2-300x232.jpg 300w, https:\/\/agora.xtec.cat\/insvoltrera\/wp-content\/uploads\/usu2424\/2025\/12\/resultat-alumnat-CE-2_page-0001-2-768x593.jpg 768w, https:\/\/agora.xtec.cat\/insvoltrera\/wp-content\/uploads\/usu2424\/2025\/12\/resultat-alumnat-CE-2_page-0001-2-1536x1187.jpg 1536w, https:\/\/agora.xtec.cat\/insvoltrera\/wp-content\/uploads\/usu2424\/2025\/12\/resultat-alumnat-CE-2_page-0001-2.jpg 1650w\" sizes=\"auto, (max-width: 637px) 100vw, 637px\" \/><\/a><\/p>\n<p><strong><span style=\"color: #993366;\">Resultats del representants al sector Fam\u00edlies segons eleccions del passat 22 de novembre de 2023:<\/span><\/strong><\/p>\n<ul style=\"list-style-type: circle;\">\n<li><span style=\"color: #333399;\">Francisco Bajo Gonz\u00e1lez<\/span><\/li>\n<li><span style=\"color: #333399;\">Vanessa Coca Mart\u00edn<\/span><\/li>\n<\/ul>\n<p style=\"text-align: center;\"><strong><span style=\"color: #333399;\">ELECCIONS AL CONSELL ESCOLAR. CANDIDATURES REPRESENTANTS FAM\u00cdLIES.<br \/>\n<\/span><\/strong><\/p>\n<p style=\"text-align: justify;\"><span style=\"color: #333399;\">El dimarts 30 comen\u00e7a el proc\u00e9s d\u2019eleccions per a la<strong> renovaci\u00f3 del Consell Escolar<\/strong>.<br \/>\nEl consell escolar del centre \u00e9s l&#8217;\u00f2rgan col\u2022legiat de participaci\u00f3 de la comunitat escolar en el govern del centre.<br \/>\nEn el consell escolar hi ha representats tots els col\u2022lectius que intervenen en la comunitat educativa: director o directora, professorat, alumnat, personal d&#8217;administraci\u00f3 i serveis, etc.<br \/>\nLa funci\u00f3 principal del consell escolar \u00e9s participar en la presa de decisions en relaci\u00f3 amb aquells temes importants per al funcionament i l&#8217;organitzaci\u00f3 del centre: el projecte educatiu, la programaci\u00f3 general, la gesti\u00f3 econ\u00f2mica, etc. S\u00f3n 3 o 4 reunions per curs. <\/span><\/p>\n<p style=\"text-align: justify;\"><span style=\"color: #333399;\">Els membres del consell escolar s\u00f3n elegits per un per\u00edode de quatre anys i es renoven per meitats cada dos anys. <\/span><\/p>\n<ul>\n<li style=\"list-style-type: none;\">\n<ul>\n<li style=\"list-style-type: none;\"><\/li>\n<\/ul>\n<\/li>\n<\/ul>\n","protected":false},"excerpt":{"rendered":"<p><a href=\"https:\/\/agora.xtec.cat\/insvoltrera\/wp-content\/uploads\/usu2424\/2025\/10\/consells-escolars.png_552031986.png\"><\/a><br \/>\nProc\u00e9s de renovaci\u00f3 parcial dels membres del Consell Escolar. Octubre del 2025.<br \/>\nEl 31 d&#8217;octubre de 2025 s&#8217;inicia el proc\u00e9s de renovaci\u00f3 parcial dels membres del Consell Escolar. A continuaci\u00f3 es detalla el calendari<\/p>\n<p>        <a href=\"https:\/\/lh3.googleusercontent.com\/pw\/AP1GczOSopGcVKc5CNPqZOUK1QqMQBP6JhXBewI_hMzmGVRRfuqK5ySmWjRjtU4oQuqVNk1SjpfZ_JXHD4Z4gX3cI2yKcgPIXBby5st1EHwly_CCLcMar0PxKNHD-yyrKSSNaV4W5DuwsyDqol980HoyOe_t6x6CHX2uuSl0enLo6O3yzfGhi77euWUFPU_yH4i2auizRc15SjOkGhMl1e3J9W-Jzl6P7GOrnbG5cea0ZeyJngl5XzwzJqeSy65zaPSfSySS6XKwhsw9zX8_yTsh0Z1KijrxT6-s6LTwwxwXVjT8QEibBAYETbUrgyJYGXTD7Q9Gvwprlmui5LqkdIaEzDiQYNefI2wLhsjiWgcqnRyrNhUq1wAg2N7LQ4PytiKWYNS4r6wFIhBLwAVnJSqTsM89_t4zObWQJkUdQdNSFge8Pf4UvAiPtv7wlb-HZ117hVoIzMEnDhIL_djP1d7USDAdKQ-8g18mufdT9p7FsJr4DEDpephiik6LglhqNhm2BUGJzmEkWUqGC-RVBbXozeKLqUWcHEgNEJV6GT25UK2-DrOYUutBdS_N05A9C-HLeIDmyUhln-oHrLYqEKRtYzI1cZvk2OoM6Ei8tWRCsqH8ih5LG2R9iL1RZSOGSXeOX5G2CZVaS_TJIfvzQz6QB1NiRxpAEWn_AOKWi_30mRjBYnFT-QXIbq-9cuwhDQXUqEBxypWsAPn04N5_xFhcwFVPXIzhek7x_dpWRY3E_GLN1mU9BLDaF2DkhNvRxx4HgtrIIHQvCgUEPau5TYgn9vAEQM49INFzkIXlF7jhKGvb3aeeFEFo_5G9C0MSQfGuTei40zwb4OXE_GY6kI5uuIJ3-m0u2ogfZ6BE7-qZ7prODeSVnFdaW9yEFFfcW0JGpVlKxJGJNKywj7XPm8603U9CiUKZV4LlsT2xDgAUcMsDd3iX21Fdy0fxrXpFsNFUfQRknwejDzs=w800-h600-no--no?authuser=0\" target=\"_blank\">&hellip;  <a href=\"https:\/\/agora.xtec.cat\/insvoltrera\/eleccions-al-consell-escolar\/\" title=\"Read Eleccions al Consell Escolar\">Llegeix m\u00e9s\u00bb<\/a><\/p>\n","protected":false},"author":3,"featured_media":0,"parent":0,"menu_order":0,"comment_status":"closed","ping_status":"closed","template":"","meta":{"_bbp_topic_count":0,"_bbp_reply_count":0,"_bbp_total_topic_count":0,"_bbp_total_reply_count":0,"_bbp_voice_count":0,"_bbp_anonymous_reply_count":0,"_bbp_topic_count_hidden":0,"_bbp_reply_count_hidden":0,"_bbp_forum_subforum_count":0,"footnotes":""},"class_list":["post-1519","page","type-page","status-publish","hentry"],"post_mailing_queue_ids":[],"_links":{"self":[{"href":"https:\/\/agora.xtec.cat\/insvoltrera\/wp-json\/wp\/v2\/pages\/1519","targetHints":{"allow":["GET"]}}],"collection":[{"href":"https:\/\/agora.xtec.cat\/insvoltrera\/wp-json\/wp\/v2\/pages"}],"about":[{"href":"https:\/\/agora.xtec.cat\/insvoltrera\/wp-json\/wp\/v2\/types\/page"}],"author":[{"embeddable":true,"href":"https:\/\/agora.xtec.cat\/insvoltrera\/wp-json\/wp\/v2\/users\/3"}],"replies":[{"embeddable":true,"href":"https:\/\/agora.xtec.cat\/insvoltrera\/wp-json\/wp\/v2\/comments?post=1519"}],"version-history":[{"count":8,"href":"https:\/\/agora.xtec.cat\/insvoltrera\/wp-json\/wp\/v2\/pages\/1519\/revisions"}],"predecessor-version":[{"id":4774,"href":"https:\/\/agora.xtec.cat\/insvoltrera\/wp-json\/wp\/v2\/pages\/1519\/revisions\/4774"}],"wp:attachment":[{"href":"https:\/\/agora.xtec.cat\/insvoltrera\/wp-json\/wp\/v2\/media?parent=1519"}],"curies":[{"name":"wp","href":"https:\/\/api.w.org\/{rel}","templated":true}]}}