{"id":923,"date":"2025-03-07T15:38:33","date_gmt":"2025-03-07T14:38:33","guid":{"rendered":"https:\/\/agora.xtec.cat\/insvilariera\/?page_id=923"},"modified":"2025-03-12T11:25:10","modified_gmt":"2025-03-12T10:25:10","slug":"estada-linguistica-a-franca","status":"publish","type":"page","link":"https:\/\/agora.xtec.cat\/insvilariera\/estada-linguistica-a-franca\/","title":{"rendered":"Lleng\u00fces estrangeres"},"content":{"rendered":"\n<h4 class=\"wp-block-heading\">Estada ling\u00fc\u00edstica a Fran\u00e7a<\/h4>\n\n\n\n<p>Des del Departament de franc\u00e8s a 3r d&#8217;ESO s&#8217;organitza una Estada ling\u00fc\u00edstica a Montpellier, consisteix en una setmana de classes de llengua francesa els matins i activitats o visites tur\u00edstiques a les tardes. Els alumnes estan allotjats en fam\u00edlies per practicar la llengua. L&#8217;objectiu \u00e9s una immersi\u00f3 ling\u00fc\u00edstica i cultural que els permeti con\u00e8ixer noves maneres de fer i de viure.<\/p>\n\n\n\n<h4 class=\"wp-block-heading\">Ex\u00e0mens DELF<\/h4>\n\n\n\n<p>Preparem els de 3r i 4t ESO per passar l&#8217;examen&nbsp; oficial de l&#8217;Alliance Fran\u00e7aise, anomenat DELF SCOLAIRE que els&nbsp;permet obtenir un t\u00edtol oficial de franc\u00e8s.<\/p>\n\n\n\n<h4 class=\"wp-block-heading\">Dia de les lleng\u00fces<\/h4>\n\n\n\n<p>Els alumnes de l&#8217;institut germans Vila Riera van a l&#8217;Escola Doctor Robert per\u00a0 organitzar activitats, jocs o petites obres de teatre en angl\u00e8s i franc\u00e8s. Es un dia de col\u00b7laboraci\u00f3\u00a0i germanor.<\/p>\n\n\n\n<h4 class=\"wp-block-heading\">English Day<\/h4>\n\n\n\n<p><\/p>\n","protected":false},"excerpt":{"rendered":"<p>Estada ling\u00fc\u00edstica a Fran\u00e7a Des del Departament de franc\u00e8s a 3r d&#8217;ESO s&#8217;organitza una Estada ling\u00fc\u00edstica a Montpellier, consisteix en una setmana de classes de llengua francesa els matins i activitats o visites tur\u00edstiques a les tardes. Els alumnes estan allotjats en fam\u00edlies per practicar la llengua. L&#8217;objectiu \u00e9s una immersi\u00f3 ling\u00fc\u00edstica i cultural que [&hellip;]<\/p>\n","protected":false},"author":1,"featured_media":0,"parent":0,"menu_order":0,"comment_status":"closed","ping_status":"close","template":"","meta":{"site-sidebar-layout":"default","site-content-layout":"","ast-site-content-layout":"default","site-content-style":"default","site-sidebar-style":"default","ast-global-header-display":"","ast-banner-title-visibility":"","ast-main-header-display":"","ast-hfb-above-header-display":"","ast-hfb-below-header-display":"","ast-hfb-mobile-header-display":"","site-post-title":"","ast-breadcrumbs-content":"","ast-featured-img":"","footer-sml-layout":"","theme-transparent-header-meta":"","adv-header-id-meta":"","stick-header-meta":"","header-above-stick-meta":"","header-main-stick-meta":"","header-below-stick-meta":"","astra-migrate-meta-layouts":"set","ast-page-background-enabled":"default","ast-page-background-meta":{"desktop":{"background-color":"var(--ast-global-color-4)","background-image":"","background-repeat":"repeat","background-position":"center center","background-size":"auto","background-attachment":"scroll","background-type":"","background-media":"","overlay-type":"","overlay-color":"","overlay-opacity":"","overlay-gradient":""},"tablet":{"background-color":"","background-image":"","background-repeat":"repeat","background-position":"center center","background-size":"auto","background-attachment":"scroll","background-type":"","background-media":"","overlay-type":"","overlay-color":"","overlay-opacity":"","overlay-gradient":""},"mobile":{"background-color":"","background-image":"","background-repeat":"repeat","background-position":"center center","background-size":"auto","background-attachment":"scroll","background-type":"","background-media":"","overlay-type":"","overlay-color":"","overlay-opacity":"","overlay-gradient":""}},"ast-content-background-meta":{"desktop":{"background-color":"var(--ast-global-color-5)","background-image":"","background-repeat":"repeat","background-position":"center center","background-size":"auto","background-attachment":"scroll","background-type":"","background-media":"","overlay-type":"","overlay-color":"","overlay-opacity":"","overlay-gradient":""},"tablet":{"background-color":"var(--ast-global-color-5)","background-image":"","background-repeat":"repeat","background-position":"center center","background-size":"auto","background-attachment":"scroll","background-type":"","background-media":"","overlay-type":"","overlay-color":"","overlay-opacity":"","overlay-gradient":""},"mobile":{"background-color":"var(--ast-global-color-5)","background-image":"","background-repeat":"repeat","background-position":"center center","background-size":"auto","background-attachment":"scroll","background-type":"","background-media":"","overlay-type":"","overlay-color":"","overlay-opacity":"","overlay-gradient":""}},"footnotes":""},"class_list":["post-923","page","type-page","status-publish","hentry"],"post_mailing_queue_ids":[],"_links":{"self":[{"href":"https:\/\/agora.xtec.cat\/insvilariera\/wp-json\/wp\/v2\/pages\/923","targetHints":{"allow":["GET"]}}],"collection":[{"href":"https:\/\/agora.xtec.cat\/insvilariera\/wp-json\/wp\/v2\/pages"}],"about":[{"href":"https:\/\/agora.xtec.cat\/insvilariera\/wp-json\/wp\/v2\/types\/page"}],"author":[{"embeddable":true,"href":"https:\/\/agora.xtec.cat\/insvilariera\/wp-json\/wp\/v2\/users\/1"}],"replies":[{"embeddable":true,"href":"https:\/\/agora.xtec.cat\/insvilariera\/wp-json\/wp\/v2\/comments?post=923"}],"version-history":[{"count":6,"href":"https:\/\/agora.xtec.cat\/insvilariera\/wp-json\/wp\/v2\/pages\/923\/revisions"}],"predecessor-version":[{"id":1050,"href":"https:\/\/agora.xtec.cat\/insvilariera\/wp-json\/wp\/v2\/pages\/923\/revisions\/1050"}],"wp:attachment":[{"href":"https:\/\/agora.xtec.cat\/insvilariera\/wp-json\/wp\/v2\/media?parent=923"}],"curies":[{"name":"wp","href":"https:\/\/api.w.org\/{rel}","templated":true}]}}