{"id":919,"date":"2025-03-07T15:38:05","date_gmt":"2025-03-07T14:38:05","guid":{"rendered":"https:\/\/agora.xtec.cat\/insvilariera\/?page_id=919"},"modified":"2025-03-07T17:46:30","modified_gmt":"2025-03-07T16:46:30","slug":"henka","status":"publish","type":"page","link":"https:\/\/agora.xtec.cat\/insvilariera\/henka\/","title":{"rendered":"Programa Henka"},"content":{"rendered":"\n<p>La resili\u00e8ncia \u00e9s la capacitat d\u2019adaptar-se a situacions, persistir en l\u2019adversitat i recuperar-se. Enfortir la resili\u00e8ncia des d\u2019una aproximaci\u00f3 positiva \u00e9s fonamental en la prevenci\u00f3 de problemes de salut mental.&nbsp;<\/p>\n\n\n\n<p>El programa es dirigeix a l\u2019alumnat de 1r d\u2019ESO, amb la realitzaci\u00f3&nbsp;de vuit sessions a l\u2019aula&nbsp;on es treballen aquestes compet\u00e8ncies.&nbsp;<\/p>\n\n\n\n<p><strong>Es guia de la m\u00e0 de&nbsp;<\/strong>professionals en salut mental infanto juvenil de l\u2019Hospital Sant Joan de D\u00e9u Barcelona i professionals de l\u2019Equip de Benestar Emocional (BxB) del Departament d\u2019Educaci\u00f3. Aquest programa es basa en la recerca cient\u00edfica dels \u00faltims anys que evidencia la import\u00e0ncia de treballar les compet\u00e8ncies socioemocionals&nbsp;per millorar el benestar de l\u2019alumnat.&nbsp;<\/p>\n\n\n\n<p>S\u2019implementa en tres fases:&nbsp;&nbsp;<\/p>\n\n\n\n<p>1.\u00a0\u00a0\u00a0\u00a0<strong>Formaci\u00f3<\/strong>\u00a0de docents\u00a0del centre educatiu on es donen les eines per impartir els tallers.\u00a0La capacitaci\u00f3 \u00e9s de car\u00e0cter teoricopr\u00e0ctic, amb una dedicaci\u00f3 de 15 hores al 1r trimestre en format mixt (una sessi\u00f3 presencial i la resta online).<\/p>\n\n\n\n<p>2.\u00a0\u00a0\u00a0\u00a0Realitzaci\u00f3 dels\u00a0<strong>tallers<\/strong>\u00a0a les aules de 1r d\u2019ESO\u00a0al llarg del segon i el tercer trimestre. <\/p>\n\n\n\n<p>3.&nbsp;&nbsp;&nbsp;&nbsp;<strong>Avaluaci\u00f3<\/strong>&nbsp;del programa per part dels professionals de l\u2019Hospital Sant Joan de D\u00e9u.<\/p>\n","protected":false},"excerpt":{"rendered":"<p>La resili\u00e8ncia \u00e9s la capacitat d\u2019adaptar-se a situacions, persistir en l\u2019adversitat i recuperar-se. Enfortir la resili\u00e8ncia des d\u2019una aproximaci\u00f3 positiva \u00e9s fonamental en la prevenci\u00f3 de problemes de salut mental.&nbsp; El programa es dirigeix a l\u2019alumnat de 1r d\u2019ESO, amb la realitzaci\u00f3&nbsp;de vuit sessions a l\u2019aula&nbsp;on es treballen aquestes compet\u00e8ncies.&nbsp; Es guia de la m\u00e0 [&hellip;]<\/p>\n","protected":false},"author":1,"featured_media":0,"parent":0,"menu_order":0,"comment_status":"closed","ping_status":"close","template":"","meta":{"site-sidebar-layout":"default","site-content-layout":"","ast-site-content-layout":"default","site-content-style":"default","site-sidebar-style":"default","ast-global-header-display":"","ast-banner-title-visibility":"","ast-main-header-display":"","ast-hfb-above-header-display":"","ast-hfb-below-header-display":"","ast-hfb-mobile-header-display":"","site-post-title":"","ast-breadcrumbs-content":"","ast-featured-img":"","footer-sml-layout":"","theme-transparent-header-meta":"","adv-header-id-meta":"","stick-header-meta":"","header-above-stick-meta":"","header-main-stick-meta":"","header-below-stick-meta":"","astra-migrate-meta-layouts":"set","ast-page-background-enabled":"default","ast-page-background-meta":{"desktop":{"background-color":"var(--ast-global-color-4)","background-image":"","background-repeat":"repeat","background-position":"center center","background-size":"auto","background-attachment":"scroll","background-type":"","background-media":"","overlay-type":"","overlay-color":"","overlay-opacity":"","overlay-gradient":""},"tablet":{"background-color":"","background-image":"","background-repeat":"repeat","background-position":"center center","background-size":"auto","background-attachment":"scroll","background-type":"","background-media":"","overlay-type":"","overlay-color":"","overlay-opacity":"","overlay-gradient":""},"mobile":{"background-color":"","background-image":"","background-repeat":"repeat","background-position":"center center","background-size":"auto","background-attachment":"scroll","background-type":"","background-media":"","overlay-type":"","overlay-color":"","overlay-opacity":"","overlay-gradient":""}},"ast-content-background-meta":{"desktop":{"background-color":"var(--ast-global-color-5)","background-image":"","background-repeat":"repeat","background-position":"center center","background-size":"auto","background-attachment":"scroll","background-type":"","background-media":"","overlay-type":"","overlay-color":"","overlay-opacity":"","overlay-gradient":""},"tablet":{"background-color":"var(--ast-global-color-5)","background-image":"","background-repeat":"repeat","background-position":"center center","background-size":"auto","background-attachment":"scroll","background-type":"","background-media":"","overlay-type":"","overlay-color":"","overlay-opacity":"","overlay-gradient":""},"mobile":{"background-color":"var(--ast-global-color-5)","background-image":"","background-repeat":"repeat","background-position":"center center","background-size":"auto","background-attachment":"scroll","background-type":"","background-media":"","overlay-type":"","overlay-color":"","overlay-opacity":"","overlay-gradient":""}},"footnotes":""},"class_list":["post-919","page","type-page","status-publish","hentry"],"post_mailing_queue_ids":[],"_links":{"self":[{"href":"https:\/\/agora.xtec.cat\/insvilariera\/wp-json\/wp\/v2\/pages\/919","targetHints":{"allow":["GET"]}}],"collection":[{"href":"https:\/\/agora.xtec.cat\/insvilariera\/wp-json\/wp\/v2\/pages"}],"about":[{"href":"https:\/\/agora.xtec.cat\/insvilariera\/wp-json\/wp\/v2\/types\/page"}],"author":[{"embeddable":true,"href":"https:\/\/agora.xtec.cat\/insvilariera\/wp-json\/wp\/v2\/users\/1"}],"replies":[{"embeddable":true,"href":"https:\/\/agora.xtec.cat\/insvilariera\/wp-json\/wp\/v2\/comments?post=919"}],"version-history":[{"count":4,"href":"https:\/\/agora.xtec.cat\/insvilariera\/wp-json\/wp\/v2\/pages\/919\/revisions"}],"predecessor-version":[{"id":977,"href":"https:\/\/agora.xtec.cat\/insvilariera\/wp-json\/wp\/v2\/pages\/919\/revisions\/977"}],"wp:attachment":[{"href":"https:\/\/agora.xtec.cat\/insvilariera\/wp-json\/wp\/v2\/media?parent=919"}],"curies":[{"name":"wp","href":"https:\/\/api.w.org\/{rel}","templated":true}]}}