{"id":909,"date":"2025-03-07T15:35:08","date_gmt":"2025-03-07T14:35:08","guid":{"rendered":"https:\/\/agora.xtec.cat\/insvilariera\/?page_id=909"},"modified":"2025-03-10T18:41:33","modified_gmt":"2025-03-10T17:41:33","slug":"projecte-de-mentoria","status":"publish","type":"page","link":"https:\/\/agora.xtec.cat\/insvilariera\/projecte-de-mentoria\/","title":{"rendered":"Projecte de mentoria"},"content":{"rendered":"\n<p><strong>Una de les necessitats reals dels joves de la nostra Vall \u00e9s l\u2019orientaci\u00f3 laboral.<\/strong>&nbsp;Quan finalitzen els estudis de 4t d\u2019ESO, els estudiants han de decidir quin cam\u00ed escollir per guanyar-se la vida en el futur, i els dubtes i la incertesa s\u00f3n presents en aquesta tria.&nbsp;<em><strong>Davant d\u2019aquesta situaci\u00f3 neix el projecte de mentoria, de la Fundaci\u00f3 Comunit\u00e0ria de la Vall de Camprodon,&nbsp; sota el t\u00edtol Mentors de la vall de Camprodon.<\/strong>&nbsp;<\/em>Un projecte d\u2019<strong>acompanyament individualitzat<\/strong>, que vol ajudar als joves, per a con\u00e8ixer les seves habilitats per triar amb encert el seu futur laboral.<\/p>\n\n\n\n<p>Aquest acompanyament anir\u00e0 a c\u00e0rrec de persones experimentades i s\u2019allargar\u00e0 fins a la incorporaci\u00f3 dels joves al m\u00f3n laboral.&nbsp;<\/p>\n\n\n\n<p>La FCVC ha preparat un dossier informatiu sobre aquest projecte que podeu consultar en aquest <a href=\"https:\/\/www.fcvc.cat\/wp-content\/uploads\/2022\/10\/Accio%CC%81-Mentors.pdf\" data-type=\"link\" data-id=\"https:\/\/www.fcvc.cat\/wp-content\/uploads\/2022\/10\/Accio%CC%81-Mentors.pdf\" target=\"_blank\" rel=\"noreferrer noopener\">enlla\u00e7<\/a>.<\/p>\n","protected":false},"excerpt":{"rendered":"<p>Una de les necessitats reals dels joves de la nostra Vall \u00e9s l\u2019orientaci\u00f3 laboral.&nbsp;Quan finalitzen els estudis de 4t d\u2019ESO, els estudiants han de decidir quin cam\u00ed escollir per guanyar-se la vida en el futur, i els dubtes i la incertesa s\u00f3n presents en aquesta tria.&nbsp;Davant d\u2019aquesta situaci\u00f3 neix el projecte de mentoria, de la [&hellip;]<\/p>\n","protected":false},"author":1,"featured_media":0,"parent":0,"menu_order":0,"comment_status":"closed","ping_status":"close","template":"","meta":{"site-sidebar-layout":"default","site-content-layout":"","ast-site-content-layout":"default","site-content-style":"default","site-sidebar-style":"default","ast-global-header-display":"","ast-banner-title-visibility":"","ast-main-header-display":"","ast-hfb-above-header-display":"","ast-hfb-below-header-display":"","ast-hfb-mobile-header-display":"","site-post-title":"","ast-breadcrumbs-content":"","ast-featured-img":"","footer-sml-layout":"","theme-transparent-header-meta":"","adv-header-id-meta":"","stick-header-meta":"","header-above-stick-meta":"","header-main-stick-meta":"","header-below-stick-meta":"","astra-migrate-meta-layouts":"set","ast-page-background-enabled":"default","ast-page-background-meta":{"desktop":{"background-color":"var(--ast-global-color-4)","background-image":"","background-repeat":"repeat","background-position":"center center","background-size":"auto","background-attachment":"scroll","background-type":"","background-media":"","overlay-type":"","overlay-color":"","overlay-opacity":"","overlay-gradient":""},"tablet":{"background-color":"","background-image":"","background-repeat":"repeat","background-position":"center center","background-size":"auto","background-attachment":"scroll","background-type":"","background-media":"","overlay-type":"","overlay-color":"","overlay-opacity":"","overlay-gradient":""},"mobile":{"background-color":"","background-image":"","background-repeat":"repeat","background-position":"center center","background-size":"auto","background-attachment":"scroll","background-type":"","background-media":"","overlay-type":"","overlay-color":"","overlay-opacity":"","overlay-gradient":""}},"ast-content-background-meta":{"desktop":{"background-color":"var(--ast-global-color-5)","background-image":"","background-repeat":"repeat","background-position":"center center","background-size":"auto","background-attachment":"scroll","background-type":"","background-media":"","overlay-type":"","overlay-color":"","overlay-opacity":"","overlay-gradient":""},"tablet":{"background-color":"var(--ast-global-color-5)","background-image":"","background-repeat":"repeat","background-position":"center center","background-size":"auto","background-attachment":"scroll","background-type":"","background-media":"","overlay-type":"","overlay-color":"","overlay-opacity":"","overlay-gradient":""},"mobile":{"background-color":"var(--ast-global-color-5)","background-image":"","background-repeat":"repeat","background-position":"center center","background-size":"auto","background-attachment":"scroll","background-type":"","background-media":"","overlay-type":"","overlay-color":"","overlay-opacity":"","overlay-gradient":""}},"footnotes":""},"class_list":["post-909","page","type-page","status-publish","hentry"],"post_mailing_queue_ids":[],"_links":{"self":[{"href":"https:\/\/agora.xtec.cat\/insvilariera\/wp-json\/wp\/v2\/pages\/909","targetHints":{"allow":["GET"]}}],"collection":[{"href":"https:\/\/agora.xtec.cat\/insvilariera\/wp-json\/wp\/v2\/pages"}],"about":[{"href":"https:\/\/agora.xtec.cat\/insvilariera\/wp-json\/wp\/v2\/types\/page"}],"author":[{"embeddable":true,"href":"https:\/\/agora.xtec.cat\/insvilariera\/wp-json\/wp\/v2\/users\/1"}],"replies":[{"embeddable":true,"href":"https:\/\/agora.xtec.cat\/insvilariera\/wp-json\/wp\/v2\/comments?post=909"}],"version-history":[{"count":2,"href":"https:\/\/agora.xtec.cat\/insvilariera\/wp-json\/wp\/v2\/pages\/909\/revisions"}],"predecessor-version":[{"id":1025,"href":"https:\/\/agora.xtec.cat\/insvilariera\/wp-json\/wp\/v2\/pages\/909\/revisions\/1025"}],"wp:attachment":[{"href":"https:\/\/agora.xtec.cat\/insvilariera\/wp-json\/wp\/v2\/media?parent=909"}],"curies":[{"name":"wp","href":"https:\/\/api.w.org\/{rel}","templated":true}]}}