{"id":808,"date":"2025-03-06T13:25:44","date_gmt":"2025-03-06T12:25:44","guid":{"rendered":"https:\/\/agora.xtec.cat\/insvilariera\/?page_id=808"},"modified":"2025-03-07T17:51:10","modified_gmt":"2025-03-07T16:51:10","slug":"ajuntament-juvenil","status":"publish","type":"page","link":"https:\/\/agora.xtec.cat\/insvilariera\/ajuntament-juvenil\/","title":{"rendered":"Ajuntament juvenil"},"content":{"rendered":"\n<p>L\u2019Ajuntament Juvenil es crea per donar veu, vot i pres\u00e8ncia als joves de Camprodon. Els temes que es tracten i es desenvolupen s\u00f3n els que tenen a veure amb els joves, com ara els programes de Festa Major, noves propostes o la creaci\u00f3 d\u2019activitats com torneigs esportius o noves festes, entre altres.<\/p>\n\n\n\n<p>Els plantejaments de propostes i canvis els duen a terme els representants, el c\u00e0rrec dels quals est\u00e0 pensat per durar tot un curs lectiu i els quals s\u2019aniran renovant any rere any.<\/p>\n\n\n\n<p>Aquests representants els escullen a l\u2019institut els mateixos alumnes, i trobem dos representants per classe, que fan de portaveus i traslladen la informaci\u00f3 a la resta de companys i a les juntes per a poder establir una votaci\u00f3 i valoraci\u00f3 consensuada amb tots els joves del municipi.<\/p>\n\n\n\n<p>Podeu trobar tota la informaci\u00f3 al seg\u00fcent <a href=\"https:\/\/www.camprodon.cat\/ajuntament\/organs-de-govern\/ajuntament-juvenil\/\" data-type=\"link\" data-id=\"https:\/\/www.camprodon.cat\/ajuntament\/organs-de-govern\/ajuntament-juvenil\/\" target=\"_blank\" rel=\"noreferrer noopener\">enlla\u00e7<\/a>.<\/p>\n","protected":false},"excerpt":{"rendered":"<p>L\u2019Ajuntament Juvenil es crea per donar veu, vot i pres\u00e8ncia als joves de Camprodon. Els temes que es tracten i es desenvolupen s\u00f3n els que tenen a veure amb els joves, com ara els programes de Festa Major, noves propostes o la creaci\u00f3 d\u2019activitats com torneigs esportius o noves festes, entre altres. Els plantejaments de [&hellip;]<\/p>\n","protected":false},"author":1,"featured_media":0,"parent":0,"menu_order":0,"comment_status":"closed","ping_status":"close","template":"","meta":{"site-sidebar-layout":"default","site-content-layout":"","ast-site-content-layout":"default","site-content-style":"default","site-sidebar-style":"default","ast-global-header-display":"","ast-banner-title-visibility":"","ast-main-header-display":"","ast-hfb-above-header-display":"","ast-hfb-below-header-display":"","ast-hfb-mobile-header-display":"","site-post-title":"","ast-breadcrumbs-content":"","ast-featured-img":"","footer-sml-layout":"","theme-transparent-header-meta":"","adv-header-id-meta":"","stick-header-meta":"","header-above-stick-meta":"","header-main-stick-meta":"","header-below-stick-meta":"","astra-migrate-meta-layouts":"set","ast-page-background-enabled":"default","ast-page-background-meta":{"desktop":{"background-color":"var(--ast-global-color-4)","background-image":"","background-repeat":"repeat","background-position":"center center","background-size":"auto","background-attachment":"scroll","background-type":"","background-media":"","overlay-type":"","overlay-color":"","overlay-opacity":"","overlay-gradient":""},"tablet":{"background-color":"","background-image":"","background-repeat":"repeat","background-position":"center center","background-size":"auto","background-attachment":"scroll","background-type":"","background-media":"","overlay-type":"","overlay-color":"","overlay-opacity":"","overlay-gradient":""},"mobile":{"background-color":"","background-image":"","background-repeat":"repeat","background-position":"center center","background-size":"auto","background-attachment":"scroll","background-type":"","background-media":"","overlay-type":"","overlay-color":"","overlay-opacity":"","overlay-gradient":""}},"ast-content-background-meta":{"desktop":{"background-color":"var(--ast-global-color-5)","background-image":"","background-repeat":"repeat","background-position":"center center","background-size":"auto","background-attachment":"scroll","background-type":"","background-media":"","overlay-type":"","overlay-color":"","overlay-opacity":"","overlay-gradient":""},"tablet":{"background-color":"var(--ast-global-color-5)","background-image":"","background-repeat":"repeat","background-position":"center center","background-size":"auto","background-attachment":"scroll","background-type":"","background-media":"","overlay-type":"","overlay-color":"","overlay-opacity":"","overlay-gradient":""},"mobile":{"background-color":"var(--ast-global-color-5)","background-image":"","background-repeat":"repeat","background-position":"center center","background-size":"auto","background-attachment":"scroll","background-type":"","background-media":"","overlay-type":"","overlay-color":"","overlay-opacity":"","overlay-gradient":""}},"footnotes":""},"class_list":["post-808","page","type-page","status-publish","hentry"],"post_mailing_queue_ids":[],"_links":{"self":[{"href":"https:\/\/agora.xtec.cat\/insvilariera\/wp-json\/wp\/v2\/pages\/808","targetHints":{"allow":["GET"]}}],"collection":[{"href":"https:\/\/agora.xtec.cat\/insvilariera\/wp-json\/wp\/v2\/pages"}],"about":[{"href":"https:\/\/agora.xtec.cat\/insvilariera\/wp-json\/wp\/v2\/types\/page"}],"author":[{"embeddable":true,"href":"https:\/\/agora.xtec.cat\/insvilariera\/wp-json\/wp\/v2\/users\/1"}],"replies":[{"embeddable":true,"href":"https:\/\/agora.xtec.cat\/insvilariera\/wp-json\/wp\/v2\/comments?post=808"}],"version-history":[{"count":3,"href":"https:\/\/agora.xtec.cat\/insvilariera\/wp-json\/wp\/v2\/pages\/808\/revisions"}],"predecessor-version":[{"id":979,"href":"https:\/\/agora.xtec.cat\/insvilariera\/wp-json\/wp\/v2\/pages\/808\/revisions\/979"}],"wp:attachment":[{"href":"https:\/\/agora.xtec.cat\/insvilariera\/wp-json\/wp\/v2\/media?parent=808"}],"curies":[{"name":"wp","href":"https:\/\/api.w.org\/{rel}","templated":true}]}}