{"id":796,"date":"2025-03-06T12:43:30","date_gmt":"2025-03-06T11:43:30","guid":{"rendered":"https:\/\/agora.xtec.cat\/insvilariera\/?page_id=796"},"modified":"2025-03-06T15:53:39","modified_gmt":"2025-03-06T14:53:39","slug":"orientacio-4t-deso","status":"publish","type":"page","link":"https:\/\/agora.xtec.cat\/insvilariera\/orientacio-4t-deso\/","title":{"rendered":"Orientaci\u00f3 4t d&#8217;ESO"},"content":{"rendered":"\n<p>L&#8217;elecci\u00f3 dels estudis i de la professi\u00f3 a la qual ens agradaria dedicar-nos \u00e9s una decisi\u00f3 important. El Departament d&#8217;Ensenyament proposa una s\u00e8rie de p\u00e0gines amb materials que t&#8217;orientaran, i et faciliten algunes eines i la informaci\u00f3 necess\u00e0ria perqu\u00e8 puguis prendre una decisi\u00f3 raonada. Cal que en aquest proc\u00e9s comptis amb la fam\u00edlia i amb el suport del centre.<\/p>\n\n\n\n<p>A principis d&#8217;any se celebra el Sal\u00f3 de l&#8217;Ensenyament a la Fira de Barcelona. En aquesta fira s&#8217;hi pot trobar tota la informaci\u00f3 sobre els estudis de batxillerat, cicles formatius de formaci\u00f3 professional, ensenyaments art\u00edstics, esportius i d&#8217;idiomes i PQPI entre d&#8217;altres, i a m\u00e9s rebre orientaci\u00f3 personalitzada per part de professionals perqu\u00e8 la tria d&#8217;estudis sigui la m\u00e9s encertada possible. Aquesta activitat \u00e9s una bona oportunitat perqu\u00e8 les fam\u00edlies comparteixin aquest moment important amb els seus fills o filles.<\/p>\n\n\n\n<p>Els alumnes que ja hagin complert els 17 anys poden accedir als Cicles Formatius de Grau Mitj\u00e0 de formaci\u00f3 professional mitjan\u00e7ant les Proves d&#8217;acc\u00e9s.<\/p>\n\n\n\n<p>El <strong>calendari de preinscripci\u00f3<\/strong> als estudis post obligatoris de Cicles Formatius de Grau Mitj\u00e0, Batxillerat i PQPI i tota la informaci\u00f3 que us pugui interessar la trobareu a la p\u00e0gina del <a href=\"http:\/\/www20.gencat.cat\/portal\/site\/ensenyament\" target=\"_blank\" rel=\"noreferrer noopener\"><strong>\u00a0Departament d&#8217;Ensenyament\u00a0<\/strong><\/a><\/p>\n","protected":false},"excerpt":{"rendered":"<p>L&#8217;elecci\u00f3 dels estudis i de la professi\u00f3 a la qual ens agradaria dedicar-nos \u00e9s una decisi\u00f3 important. El Departament d&#8217;Ensenyament proposa una s\u00e8rie de p\u00e0gines amb materials que t&#8217;orientaran, i et faciliten algunes eines i la informaci\u00f3 necess\u00e0ria perqu\u00e8 puguis prendre una decisi\u00f3 raonada. Cal que en aquest proc\u00e9s comptis amb la fam\u00edlia i amb [&hellip;]<\/p>\n","protected":false},"author":1,"featured_media":0,"parent":0,"menu_order":0,"comment_status":"closed","ping_status":"close","template":"","meta":{"site-sidebar-layout":"default","site-content-layout":"","ast-site-content-layout":"default","site-content-style":"default","site-sidebar-style":"default","ast-global-header-display":"","ast-banner-title-visibility":"","ast-main-header-display":"","ast-hfb-above-header-display":"","ast-hfb-below-header-display":"","ast-hfb-mobile-header-display":"","site-post-title":"","ast-breadcrumbs-content":"","ast-featured-img":"","footer-sml-layout":"","theme-transparent-header-meta":"","adv-header-id-meta":"","stick-header-meta":"","header-above-stick-meta":"","header-main-stick-meta":"","header-below-stick-meta":"","astra-migrate-meta-layouts":"set","ast-page-background-enabled":"default","ast-page-background-meta":{"desktop":{"background-color":"var(--ast-global-color-4)","background-image":"","background-repeat":"repeat","background-position":"center center","background-size":"auto","background-attachment":"scroll","background-type":"","background-media":"","overlay-type":"","overlay-color":"","overlay-opacity":"","overlay-gradient":""},"tablet":{"background-color":"","background-image":"","background-repeat":"repeat","background-position":"center center","background-size":"auto","background-attachment":"scroll","background-type":"","background-media":"","overlay-type":"","overlay-color":"","overlay-opacity":"","overlay-gradient":""},"mobile":{"background-color":"","background-image":"","background-repeat":"repeat","background-position":"center center","background-size":"auto","background-attachment":"scroll","background-type":"","background-media":"","overlay-type":"","overlay-color":"","overlay-opacity":"","overlay-gradient":""}},"ast-content-background-meta":{"desktop":{"background-color":"var(--ast-global-color-5)","background-image":"","background-repeat":"repeat","background-position":"center center","background-size":"auto","background-attachment":"scroll","background-type":"","background-media":"","overlay-type":"","overlay-color":"","overlay-opacity":"","overlay-gradient":""},"tablet":{"background-color":"var(--ast-global-color-5)","background-image":"","background-repeat":"repeat","background-position":"center center","background-size":"auto","background-attachment":"scroll","background-type":"","background-media":"","overlay-type":"","overlay-color":"","overlay-opacity":"","overlay-gradient":""},"mobile":{"background-color":"var(--ast-global-color-5)","background-image":"","background-repeat":"repeat","background-position":"center center","background-size":"auto","background-attachment":"scroll","background-type":"","background-media":"","overlay-type":"","overlay-color":"","overlay-opacity":"","overlay-gradient":""}},"footnotes":""},"class_list":["post-796","page","type-page","status-publish","hentry"],"post_mailing_queue_ids":[],"_links":{"self":[{"href":"https:\/\/agora.xtec.cat\/insvilariera\/wp-json\/wp\/v2\/pages\/796","targetHints":{"allow":["GET"]}}],"collection":[{"href":"https:\/\/agora.xtec.cat\/insvilariera\/wp-json\/wp\/v2\/pages"}],"about":[{"href":"https:\/\/agora.xtec.cat\/insvilariera\/wp-json\/wp\/v2\/types\/page"}],"author":[{"embeddable":true,"href":"https:\/\/agora.xtec.cat\/insvilariera\/wp-json\/wp\/v2\/users\/1"}],"replies":[{"embeddable":true,"href":"https:\/\/agora.xtec.cat\/insvilariera\/wp-json\/wp\/v2\/comments?post=796"}],"version-history":[{"count":2,"href":"https:\/\/agora.xtec.cat\/insvilariera\/wp-json\/wp\/v2\/pages\/796\/revisions"}],"predecessor-version":[{"id":870,"href":"https:\/\/agora.xtec.cat\/insvilariera\/wp-json\/wp\/v2\/pages\/796\/revisions\/870"}],"wp:attachment":[{"href":"https:\/\/agora.xtec.cat\/insvilariera\/wp-json\/wp\/v2\/media?parent=796"}],"curies":[{"name":"wp","href":"https:\/\/api.w.org\/{rel}","templated":true}]}}