{"id":77,"date":"2014-09-18T10:29:25","date_gmt":"2014-09-18T09:29:25","guid":{"rendered":"http:\/\/agora.xtec.cat\/insvilariera\/?page_id=77"},"modified":"2026-03-10T10:28:03","modified_gmt":"2026-03-10T09:28:03","slug":"transport-escolar","status":"publish","type":"page","link":"https:\/\/agora.xtec.cat\/insvilariera\/serveis\/transport-escolar\/","title":{"rendered":"Transport escolar"},"content":{"rendered":"\n<div class=\"wp-block-getwid-section alignfull alignfull getwid-section-content-custom-width\"><div class=\"wp-block-getwid-section__wrapper getwid-padding-left-medium getwid-padding-right-medium\"><div class=\"wp-block-getwid-section__inner-wrapper\" style=\"max-width:740px\"><div class=\"wp-block-getwid-section__background-holder\"><div class=\"wp-block-getwid-section__background\"><\/div><div class=\"wp-block-getwid-section__foreground\"><\/div><\/div><div class=\"wp-block-getwid-section__content\"><div class=\"wp-block-getwid-section__inner-content\">\n<figure class=\"wp-block-image alignleft size-full is-resized\"><a href=\"https:\/\/agora.xtec.cat\/insvilariera\/wp-content\/uploads\/usu3469\/2025\/03\/mapa_transport.jpg\"><img loading=\"lazy\" decoding=\"async\" width=\"260\" height=\"245\" src=\"https:\/\/agora.xtec.cat\/insvilariera\/wp-content\/uploads\/usu3469\/2025\/03\/mapa_transport.jpg\" alt=\"\" class=\"wp-image-970\" style=\"width:353px;height:auto\"\/><\/a><\/figure>\n\n\n\n<p>El responsable del Servei de Transport \u00e9s el Consell Comarcal del Ripoll\u00e8s. Actualment el servei est\u00e0 adjudicat a l\u2019empresa TEISA.<\/p>\n\n\n\n<p>&nbsp;&nbsp;&nbsp;S\u2019estableixen quatre itineraris regulars de transport:<\/p>\n\n\n\n<ul class=\"wp-block-list\">\n<li>Ruta 1B: Setcases &#8211; Camprodon<\/li>\n\n\n\n<li>Ruta 2A: Moll\u00f3 &#8211; Camprodon<\/li>\n\n\n\n<li>Ruta 3A: Beget &#8211; Camprodon<\/li>\n\n\n\n<li>Ruta 4: Sant Pau de Seg\u00faries &#8211; Camprodon<\/li>\n<\/ul>\n\n\n\n<p><\/p>\n\n\n\n<p><strong>Podeu consultar la informaci\u00f3 sobre els horaris del transport i les pautes de funcionament a la p\u00e0gina web del <\/strong><a href=\"https:\/\/ripolles.cat\/ensenyament\/transport\/\" target=\"_blank\" rel=\"noreferrer noopener\"><strong>Consell Comarcal<\/strong><\/a><\/p>\n\n\n\n<p>L\u2019\u00fas del servei de transport \u00e9s obligatori per als alumnes inscrits.&nbsp;<\/p>\n\n\n\n<p>Si en alguna ocasi\u00f3 puntual, o per un per\u00edode m\u00e9s llarg, els pares volen que el seu fill o filla prescindeixi del servei, hauran d\u2019omplir l\u2019<strong>Autoritzaci\u00f3 per no utilitzar el transport <\/strong>que trobareu <strong>clicant <a href=\"https:\/\/agora.xtec.cat\/insvilariera\/wp-content\/uploads\/usu3469\/2026\/03\/Autoritzacio_per_no_utilitzar_el_transport25-26-2.docx\" data-type=\"link\" data-id=\"https:\/\/agora.xtec.cat\/insvilariera\/wp-content\/uploads\/usu3469\/2025\/12\/Autoritzacio_per_no_utilitzar_el_transport25-26.docx\">aqu\u00ed<\/a><\/strong>.<\/p>\n<\/div><\/div><\/div><\/div><\/div>\n\n\n\n<p><\/p>\n","protected":false},"excerpt":{"rendered":"","protected":false},"author":1,"featured_media":0,"parent":63,"menu_order":50,"comment_status":"closed","ping_status":"closed","template":"","meta":{"site-sidebar-layout":"default","site-content-layout":"","ast-site-content-layout":"default","site-content-style":"default","site-sidebar-style":"default","ast-global-header-display":"","ast-banner-title-visibility":"","ast-main-header-display":"","ast-hfb-above-header-display":"","ast-hfb-below-header-display":"","ast-hfb-mobile-header-display":"","site-post-title":"","ast-breadcrumbs-content":"","ast-featured-img":"","footer-sml-layout":"","theme-transparent-header-meta":"","adv-header-id-meta":"","stick-header-meta":"","header-above-stick-meta":"","header-main-stick-meta":"","header-below-stick-meta":"","astra-migrate-meta-layouts":"set","ast-page-background-enabled":"default","ast-page-background-meta":{"desktop":{"background-color":"var(--ast-global-color-4)","background-image":"","background-repeat":"repeat","background-position":"center center","background-size":"auto","background-attachment":"scroll","background-type":"","background-media":"","overlay-type":"","overlay-color":"","overlay-opacity":"","overlay-gradient":""},"tablet":{"background-color":"","background-image":"","background-repeat":"repeat","background-position":"center center","background-size":"auto","background-attachment":"scroll","background-type":"","background-media":"","overlay-type":"","overlay-color":"","overlay-opacity":"","overlay-gradient":""},"mobile":{"background-color":"","background-image":"","background-repeat":"repeat","background-position":"center center","background-size":"auto","background-attachment":"scroll","background-type":"","background-media":"","overlay-type":"","overlay-color":"","overlay-opacity":"","overlay-gradient":""}},"ast-content-background-meta":{"desktop":{"background-color":"var(--ast-global-color-5)","background-image":"","background-repeat":"repeat","background-position":"center center","background-size":"auto","background-attachment":"scroll","background-type":"","background-media":"","overlay-type":"","overlay-color":"","overlay-opacity":"","overlay-gradient":""},"tablet":{"background-color":"var(--ast-global-color-5)","background-image":"","background-repeat":"repeat","background-position":"center center","background-size":"auto","background-attachment":"scroll","background-type":"","background-media":"","overlay-type":"","overlay-color":"","overlay-opacity":"","overlay-gradient":""},"mobile":{"background-color":"var(--ast-global-color-5)","background-image":"","background-repeat":"repeat","background-position":"center center","background-size":"auto","background-attachment":"scroll","background-type":"","background-media":"","overlay-type":"","overlay-color":"","overlay-opacity":"","overlay-gradient":""}},"footnotes":""},"class_list":["post-77","page","type-page","status-publish","hentry"],"post_mailing_queue_ids":[],"_links":{"self":[{"href":"https:\/\/agora.xtec.cat\/insvilariera\/wp-json\/wp\/v2\/pages\/77","targetHints":{"allow":["GET"]}}],"collection":[{"href":"https:\/\/agora.xtec.cat\/insvilariera\/wp-json\/wp\/v2\/pages"}],"about":[{"href":"https:\/\/agora.xtec.cat\/insvilariera\/wp-json\/wp\/v2\/types\/page"}],"author":[{"embeddable":true,"href":"https:\/\/agora.xtec.cat\/insvilariera\/wp-json\/wp\/v2\/users\/1"}],"replies":[{"embeddable":true,"href":"https:\/\/agora.xtec.cat\/insvilariera\/wp-json\/wp\/v2\/comments?post=77"}],"version-history":[{"count":6,"href":"https:\/\/agora.xtec.cat\/insvilariera\/wp-json\/wp\/v2\/pages\/77\/revisions"}],"predecessor-version":[{"id":1702,"href":"https:\/\/agora.xtec.cat\/insvilariera\/wp-json\/wp\/v2\/pages\/77\/revisions\/1702"}],"up":[{"embeddable":true,"href":"https:\/\/agora.xtec.cat\/insvilariera\/wp-json\/wp\/v2\/pages\/63"}],"wp:attachment":[{"href":"https:\/\/agora.xtec.cat\/insvilariera\/wp-json\/wp\/v2\/media?parent=77"}],"curies":[{"name":"wp","href":"https:\/\/api.w.org\/{rel}","templated":true}]}}