{"id":713,"date":"2025-03-04T19:18:29","date_gmt":"2025-03-04T18:18:29","guid":{"rendered":"https:\/\/agora.xtec.cat\/insvilariera\/?page_id=713"},"modified":"2026-01-27T13:37:22","modified_gmt":"2026-01-27T12:37:22","slug":"justificacio-dabsencies","status":"publish","type":"page","link":"https:\/\/agora.xtec.cat\/insvilariera\/justificacio-dabsencies\/","title":{"rendered":"Justificaci\u00f3 d&#8217;abs\u00e8ncies"},"content":{"rendered":"\n<p>Les faltes dels alumnes seran justificades pels pares o tutors legals mitjan\u00e7ant un impr\u00e8s que hauran de demanar a consergeria o descarregar <a href=\"https:\/\/agora.xtec.cat\/insvilariera\/wp-content\/uploads\/usu3469\/2025\/03\/Justificacio_de_faltes.pdf\" data-type=\"attachment\" data-id=\"789\">aqu\u00ed<\/a>. Tamb\u00e9 poden enviar un mail a : faltesvilariera@gmail.com o trucar al tel\u00e8fon de l&#8217;institut 972740761<\/p>\n\n\n\n<p>Els impresos de justificaci\u00f3 de faltes s\u2019hauran de lliurar a consergeria en el termini m\u00e0xim de cinc dies lectius despr\u00e9s de la incorporaci\u00f3. Les faltes que no es justifiquin dins d\u2019aquest per\u00edode es consideraran no justificades.<\/p>\n\n\n\n<div data-wp-interactive=\"core\/file\" class=\"wp-block-file\"><object data-wp-bind--hidden=\"!state.hasPdfPreview\" hidden class=\"wp-block-file__embed\" data=\"https:\/\/agora.xtec.cat\/insvilariera\/wp-content\/uploads\/usu3469\/2026\/01\/justificant-assistencia-2.pdf\" type=\"application\/pdf\" style=\"width:100%;height:600px\" aria-label=\"Incrustaci\u00f3 del fitxer justificant assistencia (2).\"><\/object><a id=\"wp-block-file--media-28148342-0213-4ff9-ac2d-4cabdca3e495\" href=\"https:\/\/agora.xtec.cat\/insvilariera\/wp-content\/uploads\/usu3469\/2026\/01\/justificant-assistencia-2.pdf\">justificant assistencia (2)<\/a><a href=\"https:\/\/agora.xtec.cat\/insvilariera\/wp-content\/uploads\/usu3469\/2026\/01\/justificant-assistencia-2.pdf\" class=\"wp-block-file__button wp-element-button\" download aria-describedby=\"wp-block-file--media-28148342-0213-4ff9-ac2d-4cabdca3e495\">Baixa<\/a><\/div>\n","protected":false},"excerpt":{"rendered":"<p>Les faltes dels alumnes seran justificades pels pares o tutors legals mitjan\u00e7ant un impr\u00e8s que hauran de demanar a consergeria o descarregar aqu\u00ed. Tamb\u00e9 poden enviar un mail a : faltesvilariera@gmail.com o trucar al tel\u00e8fon de l&#8217;institut 972740761 Els impresos de justificaci\u00f3 de faltes s\u2019hauran de lliurar a consergeria en el termini m\u00e0xim de cinc [&hellip;]<\/p>\n","protected":false},"author":1,"featured_media":0,"parent":0,"menu_order":0,"comment_status":"closed","ping_status":"close","template":"","meta":{"site-sidebar-layout":"default","site-content-layout":"","ast-site-content-layout":"default","site-content-style":"default","site-sidebar-style":"default","ast-global-header-display":"","ast-banner-title-visibility":"","ast-main-header-display":"","ast-hfb-above-header-display":"","ast-hfb-below-header-display":"","ast-hfb-mobile-header-display":"","site-post-title":"","ast-breadcrumbs-content":"","ast-featured-img":"","footer-sml-layout":"","theme-transparent-header-meta":"","adv-header-id-meta":"","stick-header-meta":"","header-above-stick-meta":"","header-main-stick-meta":"","header-below-stick-meta":"","astra-migrate-meta-layouts":"set","ast-page-background-enabled":"default","ast-page-background-meta":{"desktop":{"background-color":"var(--ast-global-color-4)","background-image":"","background-repeat":"repeat","background-position":"center center","background-size":"auto","background-attachment":"scroll","background-type":"","background-media":"","overlay-type":"","overlay-color":"","overlay-opacity":"","overlay-gradient":""},"tablet":{"background-color":"","background-image":"","background-repeat":"repeat","background-position":"center center","background-size":"auto","background-attachment":"scroll","background-type":"","background-media":"","overlay-type":"","overlay-color":"","overlay-opacity":"","overlay-gradient":""},"mobile":{"background-color":"","background-image":"","background-repeat":"repeat","background-position":"center center","background-size":"auto","background-attachment":"scroll","background-type":"","background-media":"","overlay-type":"","overlay-color":"","overlay-opacity":"","overlay-gradient":""}},"ast-content-background-meta":{"desktop":{"background-color":"var(--ast-global-color-5)","background-image":"","background-repeat":"repeat","background-position":"center center","background-size":"auto","background-attachment":"scroll","background-type":"","background-media":"","overlay-type":"","overlay-color":"","overlay-opacity":"","overlay-gradient":""},"tablet":{"background-color":"var(--ast-global-color-5)","background-image":"","background-repeat":"repeat","background-position":"center center","background-size":"auto","background-attachment":"scroll","background-type":"","background-media":"","overlay-type":"","overlay-color":"","overlay-opacity":"","overlay-gradient":""},"mobile":{"background-color":"var(--ast-global-color-5)","background-image":"","background-repeat":"repeat","background-position":"center center","background-size":"auto","background-attachment":"scroll","background-type":"","background-media":"","overlay-type":"","overlay-color":"","overlay-opacity":"","overlay-gradient":""}},"footnotes":""},"class_list":["post-713","page","type-page","status-publish","hentry"],"post_mailing_queue_ids":[],"_links":{"self":[{"href":"https:\/\/agora.xtec.cat\/insvilariera\/wp-json\/wp\/v2\/pages\/713","targetHints":{"allow":["GET"]}}],"collection":[{"href":"https:\/\/agora.xtec.cat\/insvilariera\/wp-json\/wp\/v2\/pages"}],"about":[{"href":"https:\/\/agora.xtec.cat\/insvilariera\/wp-json\/wp\/v2\/types\/page"}],"author":[{"embeddable":true,"href":"https:\/\/agora.xtec.cat\/insvilariera\/wp-json\/wp\/v2\/users\/1"}],"replies":[{"embeddable":true,"href":"https:\/\/agora.xtec.cat\/insvilariera\/wp-json\/wp\/v2\/comments?post=713"}],"version-history":[{"count":4,"href":"https:\/\/agora.xtec.cat\/insvilariera\/wp-json\/wp\/v2\/pages\/713\/revisions"}],"predecessor-version":[{"id":1694,"href":"https:\/\/agora.xtec.cat\/insvilariera\/wp-json\/wp\/v2\/pages\/713\/revisions\/1694"}],"wp:attachment":[{"href":"https:\/\/agora.xtec.cat\/insvilariera\/wp-json\/wp\/v2\/media?parent=713"}],"curies":[{"name":"wp","href":"https:\/\/api.w.org\/{rel}","templated":true}]}}