{"id":52,"date":"2014-09-17T16:58:07","date_gmt":"2014-09-17T16:58:07","guid":{"rendered":"http:\/\/agora.xtec.cat\/insvilariera\/?page_id=52"},"modified":"2025-08-09T17:32:38","modified_gmt":"2025-08-09T15:32:38","slug":"calendari-del-curs","status":"publish","type":"page","link":"https:\/\/agora.xtec.cat\/insvilariera\/linstitut\/calendari-del-curs\/","title":{"rendered":"Calendari i horari"},"content":{"rendered":"\n<h4 class=\"wp-block-heading\"><strong>Inici de curs:<\/strong><\/h4>\n\n\n\n<p>8 de setembre de 2025<\/p>\n\n\n\n<h2 class=\"wp-block-heading has-medium-font-size\">Distribuci\u00f3 dels trimestres<\/h2>\n\n\n\n<p>La distribuci\u00f3 dels trimestres del curs ser\u00e0:<\/p>\n\n\n\n<ul class=\"wp-block-list\">\n<li>1r trimestre: 8 de setembre al 28 de novembre de 2025<\/li>\n\n\n\n<li>2n trimestre: 1 de desembre del 2025 al 13 de mar\u00e7 del 2026<\/li>\n\n\n\n<li>3r trimestre: 16 de mar\u00e7 al 19 de juny de 2026<\/li>\n<\/ul>\n\n\n\n<h4 class=\"wp-block-heading\"><strong>Vacances:<\/strong><\/h4>\n\n\n\n<ul class=\"wp-block-list\">\n<li>Vacances de Nadal: del 20 de desembre de 2025 al 7 de gener de 2026\u00a0 (ambd\u00f3s inclosos)<\/li>\n<\/ul>\n\n\n\n<ul class=\"wp-block-list\">\n<li>Vacances de Setmana Santa: del 30 de mar\u00e7 al 6 d\u2019abril de 2026 (ambd\u00f3s inclosos)<\/li>\n<\/ul>\n\n\n\n<h4 class=\"wp-block-heading\"><strong>Dies festius i de lliure disposici\u00f3:<\/strong><\/h4>\n\n\n\n<p>Segons el calendari laboral publicat pel Departament d\u2019empresa i ocupaci\u00f3 de la Generalitat de Catalunya s\u00f3n dies festius els seg\u00fcents:<br>Per l\u2019any 2025: 11 de setembre (Diada),12 octubre (Festa Nacional d\u2019Espanya), 1 de novembre (Tot Sants), 6 de desembre (La Constituci\u00f3) i 8 de desembre (Immaculada)<br>Per a l\u2019any 2026: 1 de maig (Dia del Treballador) i 24 de juny (Sant Joan), aix\u00ed com els dos dies de festa local proposats per l\u2019Ajuntament de Camprodon, 22 i 23 de juny. Els dies 22 i 23 de juny queden fora del calendari lectiu i s\u2019han de reubicar a dins com a dia de lliure disposici\u00f3.<\/p>\n\n\n\n<p>Els dies festius de lliure disposici\u00f3 aprovats pel Consell Escolar de l\u2019INS s\u00f3n: 13 d\u2019octubre, 31 d\u2019octubre, 5 de<br>desembre, 16 de febrer, 30 d\u2019abril i 25 de maig.<\/p>\n\n\n\n<h4 class=\"wp-block-heading\">Horari lectiu<\/h4>\n\n\n\n<p>L\u2019<b>horari lectiu<\/b>&nbsp;del centre \u00e9s de 08:00 a 14:30h per a tots els alumnes del centre. <\/p>\n\n\n\n<div data-wp-interactive=\"core\/file\" class=\"wp-block-file\"><object data-wp-bind--hidden=\"!state.hasPdfPreview\" hidden class=\"wp-block-file__embed\" data=\"https:\/\/agora.xtec.cat\/insvilariera\/wp-content\/uploads\/usu3469\/2025\/08\/CALENDARI-25-26.xlsx-2.pdf\" type=\"application\/pdf\" style=\"width:100%;height:600px\" aria-label=\"Incrustaci\u00f3 del fitxer CALENDARI 25-26.xlsx (2).\"><\/object><a id=\"wp-block-file--media-3d624a95-6b7f-43c0-93bc-b1a5539a2f2b\" href=\"https:\/\/agora.xtec.cat\/insvilariera\/wp-content\/uploads\/usu3469\/2025\/08\/CALENDARI-25-26.xlsx-2.pdf\">CALENDARI 25-26.xlsx (2)<\/a><a href=\"https:\/\/agora.xtec.cat\/insvilariera\/wp-content\/uploads\/usu3469\/2025\/08\/CALENDARI-25-26.xlsx-2.pdf\" class=\"wp-block-file__button wp-element-button\" download aria-describedby=\"wp-block-file--media-3d624a95-6b7f-43c0-93bc-b1a5539a2f2b\">Baixa<\/a><\/div>\n","protected":false},"excerpt":{"rendered":"<p>Inici de curs: 8 de setembre de 2025 Distribuci\u00f3 dels trimestres La distribuci\u00f3 dels trimestres del curs ser\u00e0: Vacances: Dies festius i de lliure disposici\u00f3: Segons el calendari laboral publicat pel Departament d\u2019empresa i ocupaci\u00f3 de la Generalitat de Catalunya s\u00f3n dies festius els seg\u00fcents:Per l\u2019any 2025: 11 de setembre (Diada),12 octubre (Festa Nacional d\u2019Espanya), [&hellip;]<\/p>\n","protected":false},"author":1,"featured_media":734,"parent":19,"menu_order":70,"comment_status":"closed","ping_status":"closed","template":"","meta":{"site-sidebar-layout":"default","site-content-layout":"","ast-site-content-layout":"default","site-content-style":"default","site-sidebar-style":"default","ast-global-header-display":"","ast-banner-title-visibility":"","ast-main-header-display":"","ast-hfb-above-header-display":"","ast-hfb-below-header-display":"","ast-hfb-mobile-header-display":"","site-post-title":"","ast-breadcrumbs-content":"","ast-featured-img":"","footer-sml-layout":"","theme-transparent-header-meta":"","adv-header-id-meta":"","stick-header-meta":"","header-above-stick-meta":"","header-main-stick-meta":"","header-below-stick-meta":"","astra-migrate-meta-layouts":"set","ast-page-background-enabled":"default","ast-page-background-meta":{"desktop":{"background-color":"var(--ast-global-color-4)","background-image":"","background-repeat":"repeat","background-position":"center center","background-size":"auto","background-attachment":"scroll","background-type":"","background-media":"","overlay-type":"","overlay-color":"","overlay-opacity":"","overlay-gradient":""},"tablet":{"background-color":"","background-image":"","background-repeat":"repeat","background-position":"center center","background-size":"auto","background-attachment":"scroll","background-type":"","background-media":"","overlay-type":"","overlay-color":"","overlay-opacity":"","overlay-gradient":""},"mobile":{"background-color":"","background-image":"","background-repeat":"repeat","background-position":"center center","background-size":"auto","background-attachment":"scroll","background-type":"","background-media":"","overlay-type":"","overlay-color":"","overlay-opacity":"","overlay-gradient":""}},"ast-content-background-meta":{"desktop":{"background-color":"var(--ast-global-color-5)","background-image":"","background-repeat":"repeat","background-position":"center center","background-size":"auto","background-attachment":"scroll","background-type":"","background-media":"","overlay-type":"","overlay-color":"","overlay-opacity":"","overlay-gradient":""},"tablet":{"background-color":"var(--ast-global-color-5)","background-image":"","background-repeat":"repeat","background-position":"center center","background-size":"auto","background-attachment":"scroll","background-type":"","background-media":"","overlay-type":"","overlay-color":"","overlay-opacity":"","overlay-gradient":""},"mobile":{"background-color":"var(--ast-global-color-5)","background-image":"","background-repeat":"repeat","background-position":"center center","background-size":"auto","background-attachment":"scroll","background-type":"","background-media":"","overlay-type":"","overlay-color":"","overlay-opacity":"","overlay-gradient":""}},"footnotes":""},"class_list":["post-52","page","type-page","status-publish","has-post-thumbnail","hentry"],"post_mailing_queue_ids":[],"_links":{"self":[{"href":"https:\/\/agora.xtec.cat\/insvilariera\/wp-json\/wp\/v2\/pages\/52","targetHints":{"allow":["GET"]}}],"collection":[{"href":"https:\/\/agora.xtec.cat\/insvilariera\/wp-json\/wp\/v2\/pages"}],"about":[{"href":"https:\/\/agora.xtec.cat\/insvilariera\/wp-json\/wp\/v2\/types\/page"}],"author":[{"embeddable":true,"href":"https:\/\/agora.xtec.cat\/insvilariera\/wp-json\/wp\/v2\/users\/1"}],"replies":[{"embeddable":true,"href":"https:\/\/agora.xtec.cat\/insvilariera\/wp-json\/wp\/v2\/comments?post=52"}],"version-history":[{"count":5,"href":"https:\/\/agora.xtec.cat\/insvilariera\/wp-json\/wp\/v2\/pages\/52\/revisions"}],"predecessor-version":[{"id":1655,"href":"https:\/\/agora.xtec.cat\/insvilariera\/wp-json\/wp\/v2\/pages\/52\/revisions\/1655"}],"up":[{"embeddable":true,"href":"https:\/\/agora.xtec.cat\/insvilariera\/wp-json\/wp\/v2\/pages\/19"}],"wp:featuredmedia":[{"embeddable":true,"href":"https:\/\/agora.xtec.cat\/insvilariera\/wp-json\/wp\/v2\/media\/734"}],"wp:attachment":[{"href":"https:\/\/agora.xtec.cat\/insvilariera\/wp-json\/wp\/v2\/media?parent=52"}],"curies":[{"name":"wp","href":"https:\/\/api.w.org\/{rel}","templated":true}]}}