{"id":46,"date":"2014-09-17T16:53:45","date_gmt":"2014-09-17T16:53:45","guid":{"rendered":"http:\/\/agora.xtec.cat\/insvilariera\/?page_id=46"},"modified":"2025-08-09T17:38:06","modified_gmt":"2025-08-09T15:38:06","slug":"organigrama","status":"publish","type":"page","link":"https:\/\/agora.xtec.cat\/insvilariera\/linstitut\/organigrama\/","title":{"rendered":"Organigrama"},"content":{"rendered":"\n<h4 class=\"wp-block-heading\"><strong>Equip directiu<\/strong><\/h4>\n\n\n\n<ul class=\"wp-block-list\">\n<li>Directora: Marta Bayer i Codina<\/li>\n\n\n\n<li> Cap d\u2019 Estudis: Anna Barcel\u00f3 i Garcia<\/li>\n\n\n\n<li> Secret\u00e0ria: Carme Aumatell i Cuf\u00ed<\/li>\n<\/ul>\n\n\n\n<h4 class=\"wp-block-heading\">Caps de departament<\/h4>\n\n\n\n<ul class=\"wp-block-list\">\n<li>Departament de lleng\u00fces: Xevi Vila<\/li>\n\n\n\n<li>Departament art\u00edstic: \u00c0lex Sanch\u00eds<\/li>\n\n\n\n<li>Departament de ci\u00e8ncies: L\u00eddia Cortada<\/li>\n<\/ul>\n\n\n\n<h4 class=\"wp-block-heading\">Coordinacions<\/h4>\n\n\n\n<ul class=\"wp-block-list\">\n<li>Coordinador de tutors: Albert Bassols<\/li>\n\n\n\n<li>Coordinador d\u2019inform\u00e0tica: Pol Bassaga\u00f1as<\/li>\n\n\n\n<li>Coordinador d\u2019activitats i serveis escolars: Carles Subirana<\/li>\n\n\n\n<li>Coordinador de riscos laborals: Manela Vera<\/li>\n\n\n\n<li>Coordinadores CLIC: S\u00edlvia Mas\u00f3<\/li>\n\n\n\n<li>Coordinador de la revista: Jordi Roca<\/li>\n<\/ul>\n\n\n\n<h4 class=\"wp-block-heading\">Comissions<\/h4>\n\n\n\n<ul class=\"wp-block-list\">\n<li>Comissi\u00f3 de diversitat: coordinada per Meritxell Villegas<\/li>\n\n\n\n<li>Comissi\u00f3 de medi ambient: coordinada per Gl\u00f2ria Torres.<\/li>\n\n\n\n<li>Comissi\u00f3 pedag\u00f2gica: Integrada pels caps de departament i direcci\u00f3.<\/li>\n\n\n\n<li>Comissi\u00f3 de conviv\u00e8ncia: Integrada per la cap d\u2019estudis, la directora, el tutor, un professor\/a de l\u2019equip docent corresponent i el president de l\u2019AMPA.<\/li>\n\n\n\n<li>Comissi\u00f3 de Salut i Escola: Manela Vera i infermer pedi\u00e0tric<\/li>\n<\/ul>\n\n\n\n<h4 class=\"wp-block-heading\">Junta de delegats<\/h4>\n\n\n\n<p>La junta de delegats d\u2019alumnes est\u00e0 coordinada per la Laura C\u00f2ria i en s\u00f3n membres tots els alumnes delegats i subdelegats de les classes. Es reuneix, com a m\u00ednim, un cop per trimestre per analitzar la vida del centre, per fer propostes i prendre els acords que creguin convenients.<\/p>\n\n\n\n<h4 class=\"wp-block-heading\">Personal PAS<\/h4>\n\n\n\n<ul class=\"wp-block-list\">\n<li>Consergeria: Dolors Rigat Moret<\/li>\n\n\n\n<li>Secretaria i administraci\u00f3: Queralt Rubio Serra<\/li>\n<\/ul>\n\n\n\n<p><\/p>\n","protected":false},"excerpt":{"rendered":"<p>Equip directiu Caps de departament Coordinacions Comissions Junta de delegats La junta de delegats d\u2019alumnes est\u00e0 coordinada per la Laura C\u00f2ria i en s\u00f3n membres tots els alumnes delegats i subdelegats de les classes. Es reuneix, com a m\u00ednim, un cop per trimestre per analitzar la vida del centre, per fer propostes i prendre els [&hellip;]<\/p>\n","protected":false},"author":1,"featured_media":0,"parent":19,"menu_order":50,"comment_status":"closed","ping_status":"closed","template":"","meta":{"site-sidebar-layout":"default","site-content-layout":"","ast-site-content-layout":"default","site-content-style":"default","site-sidebar-style":"default","ast-global-header-display":"","ast-banner-title-visibility":"","ast-main-header-display":"","ast-hfb-above-header-display":"","ast-hfb-below-header-display":"","ast-hfb-mobile-header-display":"","site-post-title":"","ast-breadcrumbs-content":"","ast-featured-img":"","footer-sml-layout":"","theme-transparent-header-meta":"","adv-header-id-meta":"","stick-header-meta":"","header-above-stick-meta":"","header-main-stick-meta":"","header-below-stick-meta":"","astra-migrate-meta-layouts":"set","ast-page-background-enabled":"default","ast-page-background-meta":{"desktop":{"background-color":"var(--ast-global-color-4)","background-image":"","background-repeat":"repeat","background-position":"center center","background-size":"auto","background-attachment":"scroll","background-type":"","background-media":"","overlay-type":"","overlay-color":"","overlay-opacity":"","overlay-gradient":""},"tablet":{"background-color":"","background-image":"","background-repeat":"repeat","background-position":"center center","background-size":"auto","background-attachment":"scroll","background-type":"","background-media":"","overlay-type":"","overlay-color":"","overlay-opacity":"","overlay-gradient":""},"mobile":{"background-color":"","background-image":"","background-repeat":"repeat","background-position":"center center","background-size":"auto","background-attachment":"scroll","background-type":"","background-media":"","overlay-type":"","overlay-color":"","overlay-opacity":"","overlay-gradient":""}},"ast-content-background-meta":{"desktop":{"background-color":"var(--ast-global-color-5)","background-image":"","background-repeat":"repeat","background-position":"center center","background-size":"auto","background-attachment":"scroll","background-type":"","background-media":"","overlay-type":"","overlay-color":"","overlay-opacity":"","overlay-gradient":""},"tablet":{"background-color":"var(--ast-global-color-5)","background-image":"","background-repeat":"repeat","background-position":"center center","background-size":"auto","background-attachment":"scroll","background-type":"","background-media":"","overlay-type":"","overlay-color":"","overlay-opacity":"","overlay-gradient":""},"mobile":{"background-color":"var(--ast-global-color-5)","background-image":"","background-repeat":"repeat","background-position":"center center","background-size":"auto","background-attachment":"scroll","background-type":"","background-media":"","overlay-type":"","overlay-color":"","overlay-opacity":"","overlay-gradient":""}},"footnotes":""},"class_list":["post-46","page","type-page","status-publish","hentry"],"post_mailing_queue_ids":[],"_links":{"self":[{"href":"https:\/\/agora.xtec.cat\/insvilariera\/wp-json\/wp\/v2\/pages\/46","targetHints":{"allow":["GET"]}}],"collection":[{"href":"https:\/\/agora.xtec.cat\/insvilariera\/wp-json\/wp\/v2\/pages"}],"about":[{"href":"https:\/\/agora.xtec.cat\/insvilariera\/wp-json\/wp\/v2\/types\/page"}],"author":[{"embeddable":true,"href":"https:\/\/agora.xtec.cat\/insvilariera\/wp-json\/wp\/v2\/users\/1"}],"replies":[{"embeddable":true,"href":"https:\/\/agora.xtec.cat\/insvilariera\/wp-json\/wp\/v2\/comments?post=46"}],"version-history":[{"count":6,"href":"https:\/\/agora.xtec.cat\/insvilariera\/wp-json\/wp\/v2\/pages\/46\/revisions"}],"predecessor-version":[{"id":1657,"href":"https:\/\/agora.xtec.cat\/insvilariera\/wp-json\/wp\/v2\/pages\/46\/revisions\/1657"}],"up":[{"embeddable":true,"href":"https:\/\/agora.xtec.cat\/insvilariera\/wp-json\/wp\/v2\/pages\/19"}],"wp:attachment":[{"href":"https:\/\/agora.xtec.cat\/insvilariera\/wp-json\/wp\/v2\/media?parent=46"}],"curies":[{"name":"wp","href":"https:\/\/api.w.org\/{rel}","templated":true}]}}