{"id":43,"date":"2014-09-17T16:45:07","date_gmt":"2014-09-17T16:45:07","guid":{"rendered":"http:\/\/agora.xtec.cat\/insvilariera\/?page_id=43"},"modified":"2025-08-09T17:39:14","modified_gmt":"2025-08-09T15:39:14","slug":"consell-escolar","status":"publish","type":"page","link":"https:\/\/agora.xtec.cat\/insvilariera\/linstitut\/consell-escolar\/","title":{"rendered":"Consell escolar"},"content":{"rendered":"\n<h4 class=\"wp-block-heading\">Presidenta<\/h4>\n\n\n\n<ul class=\"wp-block-list\">\n<li>Marta Bayer Codina<\/li>\n<\/ul>\n\n\n\n<h4 class=\"wp-block-heading\">Cap d&#8217;Estudis<\/h4>\n\n\n\n<ul class=\"wp-block-list\">\n<li>Anna Barcel\u00f3 Garcia<\/li>\n<\/ul>\n\n\n\n<h4 class=\"wp-block-heading\">Secret\u00e0ria<\/h4>\n\n\n\n<ul class=\"wp-block-list\">\n<li>Carme Aumatell Cuf\u00ed<\/li>\n<\/ul>\n\n\n\n<h4 class=\"wp-block-heading\">Sector professorat<\/h4>\n\n\n\n<ul class=\"wp-block-list\">\n<li>Marta Casals Muntada<\/li>\n\n\n\n<li>\u00c0lex Sanch\u00eds Dom\u00e8nech<\/li>\n\n\n\n<li>dos professors a determinar<\/li>\n<\/ul>\n\n\n\n<h4 class=\"wp-block-heading\">Sector pares<\/h4>\n\n\n\n<ul class=\"wp-block-list\">\n<li>N\u00faria Roqu\u00e9 Riu<\/li>\n\n\n\n<li>Maite Vigueras Casals<\/li>\n<\/ul>\n\n\n\n<h4 class=\"wp-block-heading\">Sector alumnat<\/h4>\n\n\n\n<ul class=\"wp-block-list\">\n<li>Roger Rigat Vigueras<\/li>\n\n\n\n<li>Laia Collboni Rigat<\/li>\n<\/ul>\n\n\n\n<h4 class=\"wp-block-heading\">Sector del personal no docent<\/h4>\n\n\n\n<ul class=\"wp-block-list\">\n<li>Elisabet L\u00e1zaro Vinyes<\/li>\n<\/ul>\n\n\n\n<h4 class=\"wp-block-heading\">Representant de l&#8217;Ajuntament<\/h4>\n\n\n\n<ul class=\"wp-block-list\">\n<li>N\u00faria Mas Capellas<\/li>\n<\/ul>\n\n\n\n<h4 class=\"wp-block-heading\">Representant AFA<\/h4>\n\n\n\n<ul class=\"wp-block-list\">\n<li>Cristina Ramisa Puigdomenech<\/li>\n<\/ul>\n","protected":false},"excerpt":{"rendered":"<p>Presidenta Cap d&#8217;Estudis Secret\u00e0ria Sector professorat Sector pares Sector alumnat Sector del personal no docent Representant de l&#8217;Ajuntament Representant AFA<\/p>\n","protected":false},"author":1,"featured_media":0,"parent":19,"menu_order":40,"comment_status":"closed","ping_status":"closed","template":"","meta":{"site-sidebar-layout":"default","site-content-layout":"","ast-site-content-layout":"default","site-content-style":"default","site-sidebar-style":"default","ast-global-header-display":"","ast-banner-title-visibility":"","ast-main-header-display":"","ast-hfb-above-header-display":"","ast-hfb-below-header-display":"","ast-hfb-mobile-header-display":"","site-post-title":"","ast-breadcrumbs-content":"","ast-featured-img":"","footer-sml-layout":"","theme-transparent-header-meta":"","adv-header-id-meta":"","stick-header-meta":"","header-above-stick-meta":"","header-main-stick-meta":"","header-below-stick-meta":"","astra-migrate-meta-layouts":"set","ast-page-background-enabled":"default","ast-page-background-meta":{"desktop":{"background-color":"var(--ast-global-color-4)","background-image":"","background-repeat":"repeat","background-position":"center center","background-size":"auto","background-attachment":"scroll","background-type":"","background-media":"","overlay-type":"","overlay-color":"","overlay-opacity":"","overlay-gradient":""},"tablet":{"background-color":"","background-image":"","background-repeat":"repeat","background-position":"center center","background-size":"auto","background-attachment":"scroll","background-type":"","background-media":"","overlay-type":"","overlay-color":"","overlay-opacity":"","overlay-gradient":""},"mobile":{"background-color":"","background-image":"","background-repeat":"repeat","background-position":"center center","background-size":"auto","background-attachment":"scroll","background-type":"","background-media":"","overlay-type":"","overlay-color":"","overlay-opacity":"","overlay-gradient":""}},"ast-content-background-meta":{"desktop":{"background-color":"var(--ast-global-color-5)","background-image":"","background-repeat":"repeat","background-position":"center center","background-size":"auto","background-attachment":"scroll","background-type":"","background-media":"","overlay-type":"","overlay-color":"","overlay-opacity":"","overlay-gradient":""},"tablet":{"background-color":"var(--ast-global-color-5)","background-image":"","background-repeat":"repeat","background-position":"center center","background-size":"auto","background-attachment":"scroll","background-type":"","background-media":"","overlay-type":"","overlay-color":"","overlay-opacity":"","overlay-gradient":""},"mobile":{"background-color":"var(--ast-global-color-5)","background-image":"","background-repeat":"repeat","background-position":"center center","background-size":"auto","background-attachment":"scroll","background-type":"","background-media":"","overlay-type":"","overlay-color":"","overlay-opacity":"","overlay-gradient":""}},"footnotes":""},"class_list":["post-43","page","type-page","status-publish","hentry"],"post_mailing_queue_ids":[],"_links":{"self":[{"href":"https:\/\/agora.xtec.cat\/insvilariera\/wp-json\/wp\/v2\/pages\/43","targetHints":{"allow":["GET"]}}],"collection":[{"href":"https:\/\/agora.xtec.cat\/insvilariera\/wp-json\/wp\/v2\/pages"}],"about":[{"href":"https:\/\/agora.xtec.cat\/insvilariera\/wp-json\/wp\/v2\/types\/page"}],"author":[{"embeddable":true,"href":"https:\/\/agora.xtec.cat\/insvilariera\/wp-json\/wp\/v2\/users\/1"}],"replies":[{"embeddable":true,"href":"https:\/\/agora.xtec.cat\/insvilariera\/wp-json\/wp\/v2\/comments?post=43"}],"version-history":[{"count":5,"href":"https:\/\/agora.xtec.cat\/insvilariera\/wp-json\/wp\/v2\/pages\/43\/revisions"}],"predecessor-version":[{"id":1658,"href":"https:\/\/agora.xtec.cat\/insvilariera\/wp-json\/wp\/v2\/pages\/43\/revisions\/1658"}],"up":[{"embeddable":true,"href":"https:\/\/agora.xtec.cat\/insvilariera\/wp-json\/wp\/v2\/pages\/19"}],"wp:attachment":[{"href":"https:\/\/agora.xtec.cat\/insvilariera\/wp-json\/wp\/v2\/media?parent=43"}],"curies":[{"name":"wp","href":"https:\/\/api.w.org\/{rel}","templated":true}]}}