{"id":1018,"date":"2025-03-10T17:38:11","date_gmt":"2025-03-10T16:38:11","guid":{"rendered":"https:\/\/agora.xtec.cat\/insvilariera\/?page_id=1018"},"modified":"2025-03-14T19:10:19","modified_gmt":"2025-03-14T18:10:19","slug":"projecte-pidces-punt-dinformacio-per-a-joves","status":"publish","type":"page","link":"https:\/\/agora.xtec.cat\/insvilariera\/projecte-pidces-punt-dinformacio-per-a-joves\/","title":{"rendered":"Projecte PIDCES: Punt d&#8217;informaci\u00f3 per a joves"},"content":{"rendered":"\n<p>Els\u00a0<strong>PIDCES, Punts d&#8217;Informaci\u00f3 i Dinamitzaci\u00f3\u00a0en els\u00a0Centres d&#8217;Educaci\u00f3 Secund\u00e0ria,<\/strong> es desenvolupen a trav\u00e9s del Servei de Joventut del Ripoll\u00e8s a cada institut de la comarca amb la pres\u00e8ncia i l&#8217;atenci\u00f3 als joves a trav\u00e9s del punt d&#8217;informaci\u00f3 jove.<\/p>\n\n\n\n<p>Aquest \u00e9s un espai d&#8217;atenci\u00f3 presencial estable a l&#8217;institut que posa a l&#8217;abast dels i les joves recursos informatius d&#8217;inter\u00e8s i accions i estrat\u00e8gies que promouen experi\u00e8ncies de participaci\u00f3, tant en el mateix centre com en el seu entorn m\u00e9s proper, el barri i el municipi. L&#8217;atenci\u00f3 presencial es concreta en un dia a la setmana durant l&#8217;hora del pati.<\/p>\n\n\n\n<p>Aquest projecte est\u00e0 encarat a potenciar la participaci\u00f3 juvenil i a fer arribar als joves tota aquella informaci\u00f3 i recursos juvenils.<\/p>\n","protected":false},"excerpt":{"rendered":"<p>Els\u00a0PIDCES, Punts d&#8217;Informaci\u00f3 i Dinamitzaci\u00f3\u00a0en els\u00a0Centres d&#8217;Educaci\u00f3 Secund\u00e0ria, es desenvolupen a trav\u00e9s del Servei de Joventut del Ripoll\u00e8s a cada institut de la comarca amb la pres\u00e8ncia i l&#8217;atenci\u00f3 als joves a trav\u00e9s del punt d&#8217;informaci\u00f3 jove. Aquest \u00e9s un espai d&#8217;atenci\u00f3 presencial estable a l&#8217;institut que posa a l&#8217;abast dels i les joves recursos [&hellip;]<\/p>\n","protected":false},"author":1,"featured_media":0,"parent":0,"menu_order":0,"comment_status":"closed","ping_status":"close","template":"","meta":{"site-sidebar-layout":"default","site-content-layout":"","ast-site-content-layout":"default","site-content-style":"default","site-sidebar-style":"default","ast-global-header-display":"","ast-banner-title-visibility":"","ast-main-header-display":"","ast-hfb-above-header-display":"","ast-hfb-below-header-display":"","ast-hfb-mobile-header-display":"","site-post-title":"","ast-breadcrumbs-content":"","ast-featured-img":"","footer-sml-layout":"","theme-transparent-header-meta":"","adv-header-id-meta":"","stick-header-meta":"","header-above-stick-meta":"","header-main-stick-meta":"","header-below-stick-meta":"","astra-migrate-meta-layouts":"set","ast-page-background-enabled":"default","ast-page-background-meta":{"desktop":{"background-color":"var(--ast-global-color-4)","background-image":"","background-repeat":"repeat","background-position":"center center","background-size":"auto","background-attachment":"scroll","background-type":"","background-media":"","overlay-type":"","overlay-color":"","overlay-opacity":"","overlay-gradient":""},"tablet":{"background-color":"","background-image":"","background-repeat":"repeat","background-position":"center center","background-size":"auto","background-attachment":"scroll","background-type":"","background-media":"","overlay-type":"","overlay-color":"","overlay-opacity":"","overlay-gradient":""},"mobile":{"background-color":"","background-image":"","background-repeat":"repeat","background-position":"center center","background-size":"auto","background-attachment":"scroll","background-type":"","background-media":"","overlay-type":"","overlay-color":"","overlay-opacity":"","overlay-gradient":""}},"ast-content-background-meta":{"desktop":{"background-color":"var(--ast-global-color-5)","background-image":"","background-repeat":"repeat","background-position":"center center","background-size":"auto","background-attachment":"scroll","background-type":"","background-media":"","overlay-type":"","overlay-color":"","overlay-opacity":"","overlay-gradient":""},"tablet":{"background-color":"var(--ast-global-color-5)","background-image":"","background-repeat":"repeat","background-position":"center center","background-size":"auto","background-attachment":"scroll","background-type":"","background-media":"","overlay-type":"","overlay-color":"","overlay-opacity":"","overlay-gradient":""},"mobile":{"background-color":"var(--ast-global-color-5)","background-image":"","background-repeat":"repeat","background-position":"center center","background-size":"auto","background-attachment":"scroll","background-type":"","background-media":"","overlay-type":"","overlay-color":"","overlay-opacity":"","overlay-gradient":""}},"footnotes":""},"class_list":["post-1018","page","type-page","status-publish","hentry"],"post_mailing_queue_ids":[],"_links":{"self":[{"href":"https:\/\/agora.xtec.cat\/insvilariera\/wp-json\/wp\/v2\/pages\/1018","targetHints":{"allow":["GET"]}}],"collection":[{"href":"https:\/\/agora.xtec.cat\/insvilariera\/wp-json\/wp\/v2\/pages"}],"about":[{"href":"https:\/\/agora.xtec.cat\/insvilariera\/wp-json\/wp\/v2\/types\/page"}],"author":[{"embeddable":true,"href":"https:\/\/agora.xtec.cat\/insvilariera\/wp-json\/wp\/v2\/users\/1"}],"replies":[{"embeddable":true,"href":"https:\/\/agora.xtec.cat\/insvilariera\/wp-json\/wp\/v2\/comments?post=1018"}],"version-history":[{"count":2,"href":"https:\/\/agora.xtec.cat\/insvilariera\/wp-json\/wp\/v2\/pages\/1018\/revisions"}],"predecessor-version":[{"id":1194,"href":"https:\/\/agora.xtec.cat\/insvilariera\/wp-json\/wp\/v2\/pages\/1018\/revisions\/1194"}],"wp:attachment":[{"href":"https:\/\/agora.xtec.cat\/insvilariera\/wp-json\/wp\/v2\/media?parent=1018"}],"curies":[{"name":"wp","href":"https:\/\/api.w.org\/{rel}","templated":true}]}}