{"id":1014,"date":"2025-03-10T17:36:29","date_gmt":"2025-03-10T16:36:29","guid":{"rendered":"https:\/\/agora.xtec.cat\/insvilariera\/?page_id=1014"},"modified":"2025-03-10T19:17:42","modified_gmt":"2025-03-10T18:17:42","slug":"programes-daccio-tutorial","status":"publish","type":"page","link":"https:\/\/agora.xtec.cat\/insvilariera\/programes-daccio-tutorial\/","title":{"rendered":"Projectes d&#8217;acci\u00f3 tutorial"},"content":{"rendered":"\n<p>L\u2019acci\u00f3 tutorial de la secci\u00f3 d\u2019Institut Germans Vila Riera es desenvolupa a trav\u00e9s del Pla d\u2019Acci\u00f3 Tutorial, revisat recentment i coordinat per l\u2019Olga Fust\u00e9.<\/p>\n\n\n\n<p>Aquest pla pret\u00e9n donar resposta a les necessitats generades per la pr\u00f2pia din\u00e0mica de cada grup, i a les que es deriven del creixement personal de cada alumne. En aquest espai s\u2019hi evoquen q\u00fcestions tan diverses com la gesti\u00f3 de la participaci\u00f3 dels alumnes en la vida del centre, h\u00e0bits d\u2019estudi, salut, autoconcepte i percepci\u00f3 del propi jo, educaci\u00f3 mediambiental, orientaci\u00f3 acad\u00e8mica i professional entre d\u2019altres. L\u2019acci\u00f3 tutorial vetllar\u00e0 sempre per una bona interlocuci\u00f3 entre els \u00f2rgans interns i els pares i alumnes del centre.<\/p>\n","protected":false},"excerpt":{"rendered":"<p>L\u2019acci\u00f3 tutorial de la secci\u00f3 d\u2019Institut Germans Vila Riera es desenvolupa a trav\u00e9s del Pla d\u2019Acci\u00f3 Tutorial, revisat recentment i coordinat per l\u2019Olga Fust\u00e9. Aquest pla pret\u00e9n donar resposta a les necessitats generades per la pr\u00f2pia din\u00e0mica de cada grup, i a les que es deriven del creixement personal de cada alumne. En aquest espai [&hellip;]<\/p>\n","protected":false},"author":1,"featured_media":0,"parent":0,"menu_order":0,"comment_status":"closed","ping_status":"close","template":"","meta":{"site-sidebar-layout":"default","site-content-layout":"","ast-site-content-layout":"default","site-content-style":"default","site-sidebar-style":"default","ast-global-header-display":"","ast-banner-title-visibility":"","ast-main-header-display":"","ast-hfb-above-header-display":"","ast-hfb-below-header-display":"","ast-hfb-mobile-header-display":"","site-post-title":"","ast-breadcrumbs-content":"","ast-featured-img":"","footer-sml-layout":"","theme-transparent-header-meta":"","adv-header-id-meta":"","stick-header-meta":"","header-above-stick-meta":"","header-main-stick-meta":"","header-below-stick-meta":"","astra-migrate-meta-layouts":"set","ast-page-background-enabled":"default","ast-page-background-meta":{"desktop":{"background-color":"var(--ast-global-color-4)","background-image":"","background-repeat":"repeat","background-position":"center center","background-size":"auto","background-attachment":"scroll","background-type":"","background-media":"","overlay-type":"","overlay-color":"","overlay-opacity":"","overlay-gradient":""},"tablet":{"background-color":"","background-image":"","background-repeat":"repeat","background-position":"center center","background-size":"auto","background-attachment":"scroll","background-type":"","background-media":"","overlay-type":"","overlay-color":"","overlay-opacity":"","overlay-gradient":""},"mobile":{"background-color":"","background-image":"","background-repeat":"repeat","background-position":"center center","background-size":"auto","background-attachment":"scroll","background-type":"","background-media":"","overlay-type":"","overlay-color":"","overlay-opacity":"","overlay-gradient":""}},"ast-content-background-meta":{"desktop":{"background-color":"var(--ast-global-color-5)","background-image":"","background-repeat":"repeat","background-position":"center center","background-size":"auto","background-attachment":"scroll","background-type":"","background-media":"","overlay-type":"","overlay-color":"","overlay-opacity":"","overlay-gradient":""},"tablet":{"background-color":"var(--ast-global-color-5)","background-image":"","background-repeat":"repeat","background-position":"center center","background-size":"auto","background-attachment":"scroll","background-type":"","background-media":"","overlay-type":"","overlay-color":"","overlay-opacity":"","overlay-gradient":""},"mobile":{"background-color":"var(--ast-global-color-5)","background-image":"","background-repeat":"repeat","background-position":"center center","background-size":"auto","background-attachment":"scroll","background-type":"","background-media":"","overlay-type":"","overlay-color":"","overlay-opacity":"","overlay-gradient":""}},"footnotes":""},"class_list":["post-1014","page","type-page","status-publish","hentry"],"post_mailing_queue_ids":[],"_links":{"self":[{"href":"https:\/\/agora.xtec.cat\/insvilariera\/wp-json\/wp\/v2\/pages\/1014","targetHints":{"allow":["GET"]}}],"collection":[{"href":"https:\/\/agora.xtec.cat\/insvilariera\/wp-json\/wp\/v2\/pages"}],"about":[{"href":"https:\/\/agora.xtec.cat\/insvilariera\/wp-json\/wp\/v2\/types\/page"}],"author":[{"embeddable":true,"href":"https:\/\/agora.xtec.cat\/insvilariera\/wp-json\/wp\/v2\/users\/1"}],"replies":[{"embeddable":true,"href":"https:\/\/agora.xtec.cat\/insvilariera\/wp-json\/wp\/v2\/comments?post=1014"}],"version-history":[{"count":2,"href":"https:\/\/agora.xtec.cat\/insvilariera\/wp-json\/wp\/v2\/pages\/1014\/revisions"}],"predecessor-version":[{"id":1029,"href":"https:\/\/agora.xtec.cat\/insvilariera\/wp-json\/wp\/v2\/pages\/1014\/revisions\/1029"}],"wp:attachment":[{"href":"https:\/\/agora.xtec.cat\/insvilariera\/wp-json\/wp\/v2\/media?parent=1014"}],"curies":[{"name":"wp","href":"https:\/\/api.w.org\/{rel}","templated":true}]}}