{"id":67,"date":"2014-09-18T10:14:18","date_gmt":"2014-09-18T09:14:18","guid":{"rendered":"http:\/\/agora.xtec.cat\/insvilafranca2\/?page_id=67"},"modified":"2020-06-12T17:33:11","modified_gmt":"2020-06-12T15:33:11","slug":"chromebooks","status":"publish","type":"page","link":"https:\/\/agora.xtec.cat\/insvilafranca2\/serveis\/chromebooks\/","title":{"rendered":"Chromebooks"},"content":{"rendered":"<p>Els <strong>Chromebook<\/strong> s\u00f3n ordinadors port\u00e0tils amb un sistema operatiu de Google.<\/p>\n<p>Treballarem en el n\u00favol, en l&#8217;entorn virtual d&#8217;aprenentatge (EVA), i \u00e9s necessari que la connectivitat i la movilitat siguin caracter\u00edstiques prioritaris d&#8217;aquests ordinadors. El seu sistema operatiu est\u00e0 basat en el navegador Chrome. Per accedir a l&#8217;Entorn Virtual, necessitar\u00e0s un compte corporatiu que et ser\u00e0 donat al setembre<\/p>\n<p>Tindr\u00e0s a la teva disposici\u00f3 moltes extensions i aplicacions que et facilita <strong>Chrome<\/strong>.<\/p>\n<ul>\n<li>Gmail<\/li>\n<li>Calendar<\/li>\n<li>Google Drive<\/li>\n<li>Docs, Full de c\u00e0lcul, presentacions, de La suite Google Drive.<\/li>\n<li>Youtube<\/li>\n<\/ul>\n<p>Els <strong>Chromebook<\/strong>, no tenen pr\u00e0cticament emmagatzament local, tot es basa en el teu compte al n\u00favol.<\/p>\n<h6><span id=\"Las_principales_caracteristicas_de_un_Chromebook\">Les principals caracter\u00edstiques d&#8217;un Chromebook<\/span><\/h6>\n<ul>\n<li><strong>La seva portabilitat.<\/strong> En gaireb\u00e9 tots els models trobareu\u00a0 gaireb\u00e9 tots els models pantalles d&#8217;entre 11&#8221; i 13&#8221;, \u00e9s a dir, molt f\u00e0cils de transportar per treballar a qualsevol lloc.<\/li>\n<li><strong>El seu emmagatzament.<\/strong>: No t\u00e9 discos d&#8217;emmagatzament local, es basa en tenir tots els arxius al n\u00favol. Facilitar la rapidesa en encendre&#8217;s i treballar.<\/li>\n<li><strong>Hardware<\/strong>: Com es basa en tenir una bona experi\u00e8ncia navegant, no necessita tenir un gran processador per a funcionar perfectament..<\/li>\n<\/ul>\n<p>Tens la possibilitat de tenir totes les funcions del dia a dia sense els problemes d&#8217;un port\u00e0til tradicional, no calen instal\u00b7lar o fer manteniments. Gaireb\u00e9 no hi ha virus i estan controlats pel propi navegador Chrome.<span id=\"El_Precio\"><\/span><\/p>\n<p>A m\u00e9s a m\u00e9s, tindr\u00e0s acc\u00e9s a altres aplicacions t\u00edpiques de Windows, com ara l&#8217;Office 365.<\/p>\n<p>El CHROMEBOOK que us recomenem comprar t\u00e9 les seg\u00fcents\u00a0<strong><a href=\"https:\/\/agora.xtec.cat\/insvilafranca2\/docs\/ordinador-curs-20-21\/\">CARACTER\u00cdSTIQUES<\/a>.<\/strong><\/p>\n","protected":false},"excerpt":{"rendered":"<p>Els Chromebook s\u00f3n ordinadors port\u00e0tils amb un sistema operatiu de Google. Treballarem en el n\u00favol, en l&#8217;entorn virtual d&#8217;aprenentatge (EVA), i \u00e9s necessari que la connectivitat i la movilitat siguin caracter\u00edstiques prioritaris d&#8217;aquests ordinadors. El seu sistema operatiu est\u00e0 basat en el navegador Chrome. Per accedir a l&#8217;Entorn Virtual, necessitar\u00e0s un compte corporatiu que et [&hellip;]<\/p>\n","protected":false},"author":1,"featured_media":0,"parent":63,"menu_order":20,"comment_status":"closed","ping_status":"closed","template":"page-templates\/side-menu.php","meta":{"_bbp_topic_count":0,"_bbp_reply_count":0,"_bbp_total_topic_count":0,"_bbp_total_reply_count":0,"_bbp_voice_count":0,"_bbp_anonymous_reply_count":0,"_bbp_topic_count_hidden":0,"_bbp_reply_count_hidden":0,"_bbp_forum_subforum_count":0,"site-sidebar-layout":"default","site-content-layout":"","ast-site-content-layout":"","site-content-style":"default","site-sidebar-style":"default","ast-global-header-display":"","ast-banner-title-visibility":"","ast-main-header-display":"","ast-hfb-above-header-display":"","ast-hfb-below-header-display":"","ast-hfb-mobile-header-display":"","site-post-title":"","ast-breadcrumbs-content":"","ast-featured-img":"","footer-sml-layout":"","theme-transparent-header-meta":"","adv-header-id-meta":"","stick-header-meta":"","header-above-stick-meta":"","header-main-stick-meta":"","header-below-stick-meta":"","astra-migrate-meta-layouts":"default","ast-page-background-enabled":"default","ast-page-background-meta":{"desktop":{"background-color":"var(--ast-global-color-4)","background-image":"","background-repeat":"repeat","background-position":"center center","background-size":"auto","background-attachment":"scroll","background-type":"","background-media":"","overlay-type":"","overlay-color":"","overlay-opacity":"","overlay-gradient":""},"tablet":{"background-color":"","background-image":"","background-repeat":"repeat","background-position":"center center","background-size":"auto","background-attachment":"scroll","background-type":"","background-media":"","overlay-type":"","overlay-color":"","overlay-opacity":"","overlay-gradient":""},"mobile":{"background-color":"","background-image":"","background-repeat":"repeat","background-position":"center center","background-size":"auto","background-attachment":"scroll","background-type":"","background-media":"","overlay-type":"","overlay-color":"","overlay-opacity":"","overlay-gradient":""}},"ast-content-background-meta":{"desktop":{"background-color":"var(--ast-global-color-5)","background-image":"","background-repeat":"repeat","background-position":"center center","background-size":"auto","background-attachment":"scroll","background-type":"","background-media":"","overlay-type":"","overlay-color":"","overlay-opacity":"","overlay-gradient":""},"tablet":{"background-color":"var(--ast-global-color-5)","background-image":"","background-repeat":"repeat","background-position":"center center","background-size":"auto","background-attachment":"scroll","background-type":"","background-media":"","overlay-type":"","overlay-color":"","overlay-opacity":"","overlay-gradient":""},"mobile":{"background-color":"var(--ast-global-color-5)","background-image":"","background-repeat":"repeat","background-position":"center center","background-size":"auto","background-attachment":"scroll","background-type":"","background-media":"","overlay-type":"","overlay-color":"","overlay-opacity":"","overlay-gradient":""}},"footnotes":""},"class_list":["post-67","page","type-page","status-publish","hentry"],"post_mailing_queue_ids":[],"_links":{"self":[{"href":"https:\/\/agora.xtec.cat\/insvilafranca2\/wp-json\/wp\/v2\/pages\/67","targetHints":{"allow":["GET"]}}],"collection":[{"href":"https:\/\/agora.xtec.cat\/insvilafranca2\/wp-json\/wp\/v2\/pages"}],"about":[{"href":"https:\/\/agora.xtec.cat\/insvilafranca2\/wp-json\/wp\/v2\/types\/page"}],"author":[{"embeddable":true,"href":"https:\/\/agora.xtec.cat\/insvilafranca2\/wp-json\/wp\/v2\/users\/1"}],"replies":[{"embeddable":true,"href":"https:\/\/agora.xtec.cat\/insvilafranca2\/wp-json\/wp\/v2\/comments?post=67"}],"version-history":[{"count":3,"href":"https:\/\/agora.xtec.cat\/insvilafranca2\/wp-json\/wp\/v2\/pages\/67\/revisions"}],"predecessor-version":[{"id":795,"href":"https:\/\/agora.xtec.cat\/insvilafranca2\/wp-json\/wp\/v2\/pages\/67\/revisions\/795"}],"up":[{"embeddable":true,"href":"https:\/\/agora.xtec.cat\/insvilafranca2\/wp-json\/wp\/v2\/pages\/63"}],"wp:attachment":[{"href":"https:\/\/agora.xtec.cat\/insvilafranca2\/wp-json\/wp\/v2\/media?parent=67"}],"curies":[{"name":"wp","href":"https:\/\/api.w.org\/{rel}","templated":true}]}}