{"id":49,"date":"2014-09-17T16:55:55","date_gmt":"2014-09-17T16:55:55","guid":{"rendered":"http:\/\/agora.xtec.cat\/insvilafranca2\/?page_id=49"},"modified":"2026-03-01T14:33:59","modified_gmt":"2026-03-01T13:33:59","slug":"normes-dorganitzacio-i-funcionament","status":"publish","type":"page","link":"https:\/\/agora.xtec.cat\/insvilafranca2\/linstitut\/normes-dorganitzacio-i-funcionament\/","title":{"rendered":"Normes i funcionament"},"content":{"rendered":"<h5><b>LA CONVIV\u00c8NCIA A L\u2019INSTITUT<\/b><\/h5>\n<p><span style=\"font-weight: 400;\">Si volem que tot el que acabem de dir funcioni, \u00e9s imprescindible que hi hagi un bon ambient de treball, agradable, en qu\u00e8 el respecte als altres i les ganes de treballar siguin l\u2019element significatiu de la conviv\u00e8ncia al centre.<\/span><\/p>\n<p><span style=\"font-weight: 400;\">Haurem de passar moltes hores junts! I \u00e9s molt important que tots hi posem el nostre granet de sorra!<\/span><\/p>\n<p><span style=\"font-weight: 400;\">Les normes b\u00e0siques de conviv\u00e8ncia al centre, es basen en:<\/span><\/p>\n<ul>\n<li style=\"font-weight: 400;\" aria-level=\"1\"><span style=\"font-weight: 400;\">Respectar tant els\/les companys\/es com el professorat\u00a0<\/span><\/li>\n<li style=\"font-weight: 400;\" aria-level=\"1\"><span style=\"font-weight: 400;\">Fer un \u00fas adequat de tot el material del centre<\/span><\/li>\n<li style=\"font-weight: 400;\" aria-level=\"1\"><span style=\"font-weight: 400;\">No agredir ni barallar-se sota cap circumst\u00e0ncia<\/span><\/li>\n<li style=\"font-weight: 400;\" aria-level=\"1\"><span style=\"font-weight: 400;\">Fer cas a les instruccions del personal del centre<\/span><\/li>\n<li style=\"font-weight: 400;\" aria-level=\"1\"><span style=\"font-weight: 400;\">No portar a l\u2019Institut ni subst\u00e0ncies prohibides ni objectes perillosos<\/span><\/li>\n<\/ul>\n<p><span style=\"font-weight: 400;\">A banda, tamb\u00e9 \u00e9s important col\u00b7laborar en la creaci\u00f3 d\u2019un bon ambient de treball a l\u2019aula.<\/span><\/p>\n<ul>\n<li style=\"font-weight: 400;\" aria-level=\"1\"><span style=\"font-weight: 400;\">Cal saber escoltar i parlar quan toca, i no de manera ca\u00f2tica i\u00a0 desordenada<\/span><\/li>\n<li style=\"font-weight: 400;\" aria-level=\"1\"><span style=\"font-weight: 400;\">Si estem atents a les instruccions del professorat despr\u00e9s podrem treballar de manera aut\u00f2noma m\u00e9s f\u00e0cilment<\/span><\/li>\n<\/ul>\n<h5><b>ALTRES NORMES A TENIR EN COMPTE PER A UNA BONA CONVIV\u00c8NCIA<\/b><\/h5>\n<ul>\n<li aria-level=\"1\"><b>Tel\u00e8fon m\u00f2bil: <\/b><span style=\"font-weight: 400;\">El m\u00f2bil no es pot treure ni fer servir dins de l\u2019edifici de l\u2019Institut, nom\u00e9s si el professor ho demana per a fer una activitat\u00a0 concreta.<\/span><\/li>\n<\/ul>\n<p><span style=\"font-weight: 400;\">Fer \u00fas inadequat del m\u00f2bil comportar\u00e0 que el professorat el requisi (el no lliurament del m\u00f2bil per part de l\u2019alumnat ser\u00e0 considerat una falta greu). La primera vegada que es requisi el m\u00f2bil a un alumne se li tornar\u00e0 quan surti del centre; la segona vegada es quedar\u00e0 sota la cust\u00f2dia de la direcci\u00f3 fins que la fam\u00edlia vingui a buscar-lo.<\/span><\/p>\n<p><strong>L\u2019INSTITUT NO ES FAR\u00c0 RESPONSABLE EN CAP CAS DE LA P\u00c8RDUA O DANY EN ELS M\u00d2BILS DE L\u2019ALUMNAT<\/strong><\/p>\n<ul>\n<li style=\"font-weight: 400;\" aria-level=\"1\"><span style=\"font-weight: 400;\">Qualsevol fotografia feta dins del recinte de l\u2019Institut (pati incl\u00f2s) no pot ser compartida p\u00fablicament si no \u00e9s amb perm\u00eds del professorat.<\/span><\/li>\n<li style=\"font-weight: 400;\" aria-level=\"1\"><span style=\"font-weight: 400;\">Per treballar h\u00e0bits i responsabilitat de l\u2019alumnat, aquests no podran trucar a casa seva si es deixen material.<\/span><\/li>\n<\/ul>\n<h5><b>Patinets i bicicletes<\/b><\/h5>\n<p><span style=\"font-weight: 400;\">Si veniu al centre amb patinet, bicicleta o mitjans similars els podreu entrar a l\u2019edifici, haureu de portar un cadenat per poder-lo lligar al pati (aparcament de bicis) i deixar-lo all\u00e0 fins a l\u2019hora de sortida.<\/span><\/p>\n<h5><b>Sortides de classe i Lavabos<\/b><\/h5>\n<ul>\n<li style=\"font-weight: 400;\" aria-level=\"1\"><span style=\"font-weight: 400;\">L\u2019alumnat pot anar als lavabos durant les classes. De totes maneres, ser\u00e0 el professorat qui ho pot permetre\u00a0 i es sabr\u00e0 apreciar quines s\u00f3n aquelles situacions de necessitat.<\/span><\/li>\n<li style=\"font-weight: 400;\" aria-level=\"1\"><span style=\"font-weight: 400;\">A l\u2019hora de l\u2019esbarjo es podran utilitzar els lavabos autoritzats.<\/span><\/li>\n<li style=\"font-weight: 400;\" aria-level=\"1\"><span style=\"font-weight: 400;\">Cada dia, l\u2019\u00faltim\/a professor\/a que ha fet classe en una aula haur\u00e0 de vetllar que les cadires estiguin a sobre les taules i els encarregats de neteja hagin fet la seva feina\u00a0 (tancar finestres, persianes, escombrar, llums tancats i pissarra neta) i tancar l\u2019aula amb clau. Un cop verificada la neteja podr\u00e0 marxar. Qualsevol incid\u00e8ncia ser\u00e0 informada al conserge. Tamb\u00e9 es tancaran els llums en canvis de classe quan aquestes quedin buides.<\/span><\/li>\n<li style=\"font-weight: 400;\" aria-level=\"1\"><span style=\"font-weight: 400;\">Cal insistir a l\u2019alumnat que a l\u2019hora de l\u2019esbarjo han de sortir de les classes i anar al <\/span>pati. El\/la professor\/a ser\u00e0 l\u2019\u00faltim\/a en abandonar l\u2019aula. En cas de situacions meteorol\u00f2giques adverses s\u2019haurien de buscar recursos en benefici del professorat i\u00a0<span style=\"font-weight: 400;\">de l\u2019alumnat, com ara romandre en espais coberts que no siguin les aules.<\/span><\/li>\n<\/ul>\n<h5><b>Aula restaurativa<\/b><\/h5>\n<p><span style=\"font-family: inherit; font-size: 1em;\">L\u2019assist\u00e8ncia a l\u2019aula restaurativa (dilluns a la tarda), quan aix\u00ed ho determini la comissi\u00f3 de conviv\u00e8ncia, \u00e9s obligat\u00f2ria.<\/span><br \/>\n<b><\/b><\/p>\n","protected":false},"excerpt":{"rendered":"<p>LA CONVIV\u00c8NCIA A L\u2019INSTITUT Si volem que tot el que acabem de dir funcioni, \u00e9s imprescindible que hi hagi un bon ambient de treball, agradable, en qu\u00e8 el respecte als altres i les ganes de treballar siguin l\u2019element significatiu de la conviv\u00e8ncia al centre. Haurem de passar moltes hores junts! I \u00e9s molt important que [&hellip;]<\/p>\n","protected":false},"author":1,"featured_media":0,"parent":19,"menu_order":60,"comment_status":"closed","ping_status":"closed","template":"","meta":{"_bbp_topic_count":0,"_bbp_reply_count":0,"_bbp_total_topic_count":0,"_bbp_total_reply_count":0,"_bbp_voice_count":0,"_bbp_anonymous_reply_count":0,"_bbp_topic_count_hidden":0,"_bbp_reply_count_hidden":0,"_bbp_forum_subforum_count":0,"site-sidebar-layout":"default","site-content-layout":"","ast-site-content-layout":"default","site-content-style":"default","site-sidebar-style":"default","ast-global-header-display":"","ast-banner-title-visibility":"","ast-main-header-display":"","ast-hfb-above-header-display":"","ast-hfb-below-header-display":"","ast-hfb-mobile-header-display":"","site-post-title":"","ast-breadcrumbs-content":"","ast-featured-img":"","footer-sml-layout":"","theme-transparent-header-meta":"","adv-header-id-meta":"","stick-header-meta":"","header-above-stick-meta":"","header-main-stick-meta":"","header-below-stick-meta":"","astra-migrate-meta-layouts":"set","ast-page-background-enabled":"default","ast-page-background-meta":{"desktop":{"background-color":"var(--ast-global-color-4)","background-image":"","background-repeat":"repeat","background-position":"center center","background-size":"auto","background-attachment":"scroll","background-type":"","background-media":"","overlay-type":"","overlay-color":"","overlay-opacity":"","overlay-gradient":""},"tablet":{"background-color":"","background-image":"","background-repeat":"repeat","background-position":"center center","background-size":"auto","background-attachment":"scroll","background-type":"","background-media":"","overlay-type":"","overlay-color":"","overlay-opacity":"","overlay-gradient":""},"mobile":{"background-color":"","background-image":"","background-repeat":"repeat","background-position":"center center","background-size":"auto","background-attachment":"scroll","background-type":"","background-media":"","overlay-type":"","overlay-color":"","overlay-opacity":"","overlay-gradient":""}},"ast-content-background-meta":{"desktop":{"background-color":"var(--ast-global-color-5)","background-image":"","background-repeat":"repeat","background-position":"center center","background-size":"auto","background-attachment":"scroll","background-type":"","background-media":"","overlay-type":"","overlay-color":"","overlay-opacity":"","overlay-gradient":""},"tablet":{"background-color":"var(--ast-global-color-5)","background-image":"","background-repeat":"repeat","background-position":"center center","background-size":"auto","background-attachment":"scroll","background-type":"","background-media":"","overlay-type":"","overlay-color":"","overlay-opacity":"","overlay-gradient":""},"mobile":{"background-color":"var(--ast-global-color-5)","background-image":"","background-repeat":"repeat","background-position":"center center","background-size":"auto","background-attachment":"scroll","background-type":"","background-media":"","overlay-type":"","overlay-color":"","overlay-opacity":"","overlay-gradient":""}},"footnotes":""},"class_list":["post-49","page","type-page","status-publish","hentry"],"post_mailing_queue_ids":[],"_links":{"self":[{"href":"https:\/\/agora.xtec.cat\/insvilafranca2\/wp-json\/wp\/v2\/pages\/49","targetHints":{"allow":["GET"]}}],"collection":[{"href":"https:\/\/agora.xtec.cat\/insvilafranca2\/wp-json\/wp\/v2\/pages"}],"about":[{"href":"https:\/\/agora.xtec.cat\/insvilafranca2\/wp-json\/wp\/v2\/types\/page"}],"author":[{"embeddable":true,"href":"https:\/\/agora.xtec.cat\/insvilafranca2\/wp-json\/wp\/v2\/users\/1"}],"replies":[{"embeddable":true,"href":"https:\/\/agora.xtec.cat\/insvilafranca2\/wp-json\/wp\/v2\/comments?post=49"}],"version-history":[{"count":4,"href":"https:\/\/agora.xtec.cat\/insvilafranca2\/wp-json\/wp\/v2\/pages\/49\/revisions"}],"predecessor-version":[{"id":2922,"href":"https:\/\/agora.xtec.cat\/insvilafranca2\/wp-json\/wp\/v2\/pages\/49\/revisions\/2922"}],"up":[{"embeddable":true,"href":"https:\/\/agora.xtec.cat\/insvilafranca2\/wp-json\/wp\/v2\/pages\/19"}],"wp:attachment":[{"href":"https:\/\/agora.xtec.cat\/insvilafranca2\/wp-json\/wp\/v2\/media?parent=49"}],"curies":[{"name":"wp","href":"https:\/\/api.w.org\/{rel}","templated":true}]}}