{"id":46,"date":"2014-09-17T16:53:45","date_gmt":"2014-09-17T16:53:45","guid":{"rendered":"http:\/\/agora.xtec.cat\/insvilafranca2\/?page_id=46"},"modified":"2026-03-01T14:30:29","modified_gmt":"2026-03-01T13:30:29","slug":"organigrama","status":"publish","type":"page","link":"https:\/\/agora.xtec.cat\/insvilafranca2\/linstitut\/organigrama\/","title":{"rendered":"Organigrama 25\/26"},"content":{"rendered":"<p>En aquesta secci\u00f3, publiquem la informaci\u00f3 relativa a la nostra organitzaci\u00f3 interna.<\/p>\n<ul>\n<li style=\"font-weight: 400;\" aria-level=\"2\"><span style=\"font-weight: 400;\"><strong>Mon Valle<\/strong> (Directora i Orientadora).<\/span><\/li>\n<li style=\"font-weight: 400;\" aria-level=\"2\"><span style=\"font-weight: 400;\"><strong>David Risue\u00f1o <\/strong>(Cap d\u2019Estudis i professor de Visual i Pl\u00e0stica).<\/span><\/li>\n<li style=\"font-weight: 400;\" aria-level=\"2\"><span style=\"font-weight: 400;\"><strong>Maria Esteve<\/strong> (Secret\u00e0ria i professora de Matem\u00e0tiques).<\/span><\/li>\n<li><span style=\"font-weight: 400;\"><strong>Roger Puig-Serra<\/strong> (Coordinador pedag\u00f2gica i professor de Biologia i Geologia).<\/span><\/li>\n<li><span style=\"font-weight: 400;\"><strong>M\u00aa Josep Rogl\u00e0<\/strong> <\/span><span style=\"font-weight: 400;\">(Coordinadora d&#8217;ESO, tutora de 1 ESO A i professora de Catal\u00e0).<\/span><\/li>\n<li><strong>Teresa L\u00f3pez<\/strong> (Coordinadora Erasmus + i professora de Biologia i Geologia).<\/li>\n<li><span style=\"font-weight: 400;\"><strong>Cristina Amela<\/strong> (Tutora de 2 ESO A i professora de Ci\u00e8ncies Socials).<\/span><\/li>\n<li><strong>Mireia Felis<\/strong> (Tutora 1 ESO B i Professora de Castell\u00e0).<\/li>\n<li><span style=\"font-weight: 400;\"><strong>Rosa M\u00aa Borrell <\/strong>(Tutora 2 ESO B i professora de M\u00fasica).<\/span><\/li>\n<li><strong>Xavi Or\u00f3<\/strong> (Tutor 3 ESO A i professor de F\u00edsica i Qu\u00edmica).<\/li>\n<li><strong>Maria Bofarull<\/strong> (Tutora 3 ESO B i Professora de Castell\u00e0).<\/li>\n<li><b>M\u00f2nica Haro <\/b><span style=\"font-weight: 400;\">(Tutora 4 ESO B i Professora de Ci\u00e8ncies Socials).<\/span><\/li>\n<li><strong>Carla Benet<\/strong> (Tutora 4 ESO A Professora de Catal\u00e0).<\/li>\n<li><span style=\"font-weight: 400;\"><strong>\u00c8ric Santi\u00f1o<\/strong>\u00a0(Professora de Matem\u00e0tiques).<\/span><\/li>\n<li><span style=\"font-weight: 400;\"><strong>Adri\u00e0 Martin<\/strong> (Professor de Cultura Cl\u00e0ssica).<\/span><\/li>\n<li><span style=\"font-weight: 400;\"><strong>Anna Feliu<\/strong> (Professor d\u2019Educaci\u00f3 F\u00edsica).<\/span><\/li>\n<li style=\"font-weight: 400;\" aria-level=\"2\"><span style=\"font-weight: 400;\"><strong>Oriol\u00a0M\u00faria<\/strong> (Coordinador Digital. Professor de Tecnologia).<\/span><\/li>\n<li aria-level=\"2\"><strong>Ernest Garcia<\/strong> (Professor de Tecnologia).<\/li>\n<li><strong>Gl\u00f2ria Bou<\/strong>\u00a0(Professor d&#8217;Angl\u00e8s).<\/li>\n<li style=\"font-weight: 400;\" aria-level=\"2\"><strong>Farid Lemjaarfar<\/strong> \/ <strong>Laia Blanch<\/strong> (Professor d&#8217;Angl\u00e8s).<\/li>\n<li style=\"font-weight: 400;\" aria-level=\"2\"><strong>Cesc Piazuelo<\/strong> (Professor de Matem\u00e0tiques).<\/li>\n<li aria-level=\"2\"><strong>Victor Lorenzo<\/strong> (Professor de Matem\u00e0tiques).<\/li>\n<li aria-level=\"2\"><strong>Marta Rosell<\/strong> (Professora d&#8217;Orientaci\u00f3 Educativa).<\/li>\n<li aria-level=\"2\"><strong>Rosa Ib\u00e1\u00f1ez<\/strong> (Consergeria).<\/li>\n<li aria-level=\"2\"><strong>Sandra Lleonart<\/strong> (Administrativa).<\/li>\n<\/ul>\n","protected":false},"excerpt":{"rendered":"<p>En aquesta secci\u00f3, publiquem la informaci\u00f3 relativa a la nostra organitzaci\u00f3 interna. Mon Valle (Directora i Orientadora). David Risue\u00f1o (Cap d\u2019Estudis i professor de Visual i Pl\u00e0stica). Maria Esteve (Secret\u00e0ria i professora de Matem\u00e0tiques). Roger Puig-Serra (Coordinador pedag\u00f2gica i professor de Biologia i Geologia). M\u00aa Josep Rogl\u00e0 (Coordinadora d&#8217;ESO, tutora de 1 ESO A i [&hellip;]<\/p>\n","protected":false},"author":1,"featured_media":0,"parent":19,"menu_order":50,"comment_status":"closed","ping_status":"closed","template":"","meta":{"_bbp_topic_count":0,"_bbp_reply_count":0,"_bbp_total_topic_count":0,"_bbp_total_reply_count":0,"_bbp_voice_count":0,"_bbp_anonymous_reply_count":0,"_bbp_topic_count_hidden":0,"_bbp_reply_count_hidden":0,"_bbp_forum_subforum_count":0,"site-sidebar-layout":"default","site-content-layout":"","ast-site-content-layout":"default","site-content-style":"default","site-sidebar-style":"default","ast-global-header-display":"","ast-banner-title-visibility":"","ast-main-header-display":"","ast-hfb-above-header-display":"","ast-hfb-below-header-display":"","ast-hfb-mobile-header-display":"","site-post-title":"","ast-breadcrumbs-content":"","ast-featured-img":"","footer-sml-layout":"","theme-transparent-header-meta":"","adv-header-id-meta":"","stick-header-meta":"","header-above-stick-meta":"","header-main-stick-meta":"","header-below-stick-meta":"","astra-migrate-meta-layouts":"set","ast-page-background-enabled":"default","ast-page-background-meta":{"desktop":{"background-color":"var(--ast-global-color-4)","background-image":"","background-repeat":"repeat","background-position":"center center","background-size":"auto","background-attachment":"scroll","background-type":"","background-media":"","overlay-type":"","overlay-color":"","overlay-opacity":"","overlay-gradient":""},"tablet":{"background-color":"","background-image":"","background-repeat":"repeat","background-position":"center center","background-size":"auto","background-attachment":"scroll","background-type":"","background-media":"","overlay-type":"","overlay-color":"","overlay-opacity":"","overlay-gradient":""},"mobile":{"background-color":"","background-image":"","background-repeat":"repeat","background-position":"center center","background-size":"auto","background-attachment":"scroll","background-type":"","background-media":"","overlay-type":"","overlay-color":"","overlay-opacity":"","overlay-gradient":""}},"ast-content-background-meta":{"desktop":{"background-color":"var(--ast-global-color-5)","background-image":"","background-repeat":"repeat","background-position":"center center","background-size":"auto","background-attachment":"scroll","background-type":"","background-media":"","overlay-type":"","overlay-color":"","overlay-opacity":"","overlay-gradient":""},"tablet":{"background-color":"var(--ast-global-color-5)","background-image":"","background-repeat":"repeat","background-position":"center center","background-size":"auto","background-attachment":"scroll","background-type":"","background-media":"","overlay-type":"","overlay-color":"","overlay-opacity":"","overlay-gradient":""},"mobile":{"background-color":"var(--ast-global-color-5)","background-image":"","background-repeat":"repeat","background-position":"center center","background-size":"auto","background-attachment":"scroll","background-type":"","background-media":"","overlay-type":"","overlay-color":"","overlay-opacity":"","overlay-gradient":""}},"footnotes":""},"class_list":["post-46","page","type-page","status-publish","hentry"],"post_mailing_queue_ids":[],"_links":{"self":[{"href":"https:\/\/agora.xtec.cat\/insvilafranca2\/wp-json\/wp\/v2\/pages\/46","targetHints":{"allow":["GET"]}}],"collection":[{"href":"https:\/\/agora.xtec.cat\/insvilafranca2\/wp-json\/wp\/v2\/pages"}],"about":[{"href":"https:\/\/agora.xtec.cat\/insvilafranca2\/wp-json\/wp\/v2\/types\/page"}],"author":[{"embeddable":true,"href":"https:\/\/agora.xtec.cat\/insvilafranca2\/wp-json\/wp\/v2\/users\/1"}],"replies":[{"embeddable":true,"href":"https:\/\/agora.xtec.cat\/insvilafranca2\/wp-json\/wp\/v2\/comments?post=46"}],"version-history":[{"count":6,"href":"https:\/\/agora.xtec.cat\/insvilafranca2\/wp-json\/wp\/v2\/pages\/46\/revisions"}],"predecessor-version":[{"id":2921,"href":"https:\/\/agora.xtec.cat\/insvilafranca2\/wp-json\/wp\/v2\/pages\/46\/revisions\/2921"}],"up":[{"embeddable":true,"href":"https:\/\/agora.xtec.cat\/insvilafranca2\/wp-json\/wp\/v2\/pages\/19"}],"wp:attachment":[{"href":"https:\/\/agora.xtec.cat\/insvilafranca2\/wp-json\/wp\/v2\/media?parent=46"}],"curies":[{"name":"wp","href":"https:\/\/api.w.org\/{rel}","templated":true}]}}