{"id":2977,"date":"2026-05-08T11:56:36","date_gmt":"2026-05-08T09:56:36","guid":{"rendered":"https:\/\/agora.xtec.cat\/insvilafranca2\/?page_id=2977"},"modified":"2026-05-11T09:03:06","modified_gmt":"2026-05-11T07:03:06","slug":"secretaria-horari","status":"publish","type":"page","link":"https:\/\/agora.xtec.cat\/insvilafranca2\/secretaria\/secretaria-horari\/","title":{"rendered":"Horari"},"content":{"rendered":"\n<p class=\"has-black-color has-text-color has-link-color wp-elements-ef5b7c406c4e88121a28ea6c0192a785\">\ud83d\uddd3\ufe0f HORARI DE SECRETARIA<\/p>\n\n\n\n<p>Estem a la teva disposici\u00f3 per resoldre dubtes i gestionar tr\u00e0mits.&nbsp;<strong>Consulta\u2019ns!<\/strong><\/p>\n\n\n\n<p><strong>\ud83d\udd52 Atenci\u00f3 al p\u00fablic:<\/strong> <\/p>\n\n\n\n<ul class=\"wp-block-list\">\n<li><strong>Mat\u00ed:<\/strong> de dilluns a divendres, de 8.30 h a 14 h.<\/li>\n<\/ul>\n\n\n\n<ul class=\"wp-block-list\">\n<li><strong>Tarda: <\/strong>dilluns, de 16.30 a 18 h.<\/li>\n<\/ul>\n\n\n\n<p><\/p>\n\n\n\n<p><\/p>\n\n\n\n<p>Si no pots venir presencialment, pots resoldre els teus dubtes a trav\u00e9s d&#8217;aquests canals:<\/p>\n\n\n\n<ul class=\"wp-block-list\">\n<li><strong>\ud83d\udcde Tel\u00e8fon:<\/strong> 93 001 37 26<\/li>\n<\/ul>\n\n\n\n<ul class=\"wp-block-list\">\n<li><strong>\ud83d\udce7 Correu electr\u00f2nic:<\/strong> info@insvilafranca2.cat<\/li>\n<\/ul>\n\n\n\n<p><\/p>\n\n\n\n<p><\/p>\n","protected":false},"excerpt":{"rendered":"<p>\ud83d\uddd3\ufe0f HORARI DE SECRETARIA Estem a la teva disposici\u00f3 per resoldre dubtes i gestionar tr\u00e0mits.&nbsp;Consulta\u2019ns! \ud83d\udd52 Atenci\u00f3 al p\u00fablic: Si no pots venir presencialment, pots resoldre els teus dubtes a trav\u00e9s d&#8217;aquests canals:<\/p>\n","protected":false},"author":6,"featured_media":0,"parent":81,"menu_order":0,"comment_status":"closed","ping_status":"close","template":"","meta":{"_bbp_topic_count":0,"_bbp_reply_count":0,"_bbp_total_topic_count":0,"_bbp_total_reply_count":0,"_bbp_voice_count":0,"_bbp_anonymous_reply_count":0,"_bbp_topic_count_hidden":0,"_bbp_reply_count_hidden":0,"_bbp_forum_subforum_count":0,"site-sidebar-layout":"default","site-content-layout":"","ast-site-content-layout":"default","site-content-style":"default","site-sidebar-style":"default","ast-global-header-display":"","ast-banner-title-visibility":"","ast-main-header-display":"","ast-hfb-above-header-display":"","ast-hfb-below-header-display":"","ast-hfb-mobile-header-display":"","site-post-title":"","ast-breadcrumbs-content":"","ast-featured-img":"","footer-sml-layout":"","theme-transparent-header-meta":"","adv-header-id-meta":"","stick-header-meta":"","header-above-stick-meta":"","header-main-stick-meta":"","header-below-stick-meta":"","astra-migrate-meta-layouts":"set","ast-page-background-enabled":"default","ast-page-background-meta":{"desktop":{"background-color":"var(--ast-global-color-4)","background-image":"","background-repeat":"repeat","background-position":"center center","background-size":"auto","background-attachment":"scroll","background-type":"","background-media":"","overlay-type":"","overlay-color":"","overlay-opacity":"","overlay-gradient":""},"tablet":{"background-color":"","background-image":"","background-repeat":"repeat","background-position":"center center","background-size":"auto","background-attachment":"scroll","background-type":"","background-media":"","overlay-type":"","overlay-color":"","overlay-opacity":"","overlay-gradient":""},"mobile":{"background-color":"","background-image":"","background-repeat":"repeat","background-position":"center center","background-size":"auto","background-attachment":"scroll","background-type":"","background-media":"","overlay-type":"","overlay-color":"","overlay-opacity":"","overlay-gradient":""}},"ast-content-background-meta":{"desktop":{"background-color":"var(--ast-global-color-5)","background-image":"","background-repeat":"repeat","background-position":"center center","background-size":"auto","background-attachment":"scroll","background-type":"","background-media":"","overlay-type":"","overlay-color":"","overlay-opacity":"","overlay-gradient":""},"tablet":{"background-color":"var(--ast-global-color-5)","background-image":"","background-repeat":"repeat","background-position":"center center","background-size":"auto","background-attachment":"scroll","background-type":"","background-media":"","overlay-type":"","overlay-color":"","overlay-opacity":"","overlay-gradient":""},"mobile":{"background-color":"var(--ast-global-color-5)","background-image":"","background-repeat":"repeat","background-position":"center center","background-size":"auto","background-attachment":"scroll","background-type":"","background-media":"","overlay-type":"","overlay-color":"","overlay-opacity":"","overlay-gradient":""}},"footnotes":""},"class_list":["post-2977","page","type-page","status-publish","hentry"],"post_mailing_queue_ids":[],"_links":{"self":[{"href":"https:\/\/agora.xtec.cat\/insvilafranca2\/wp-json\/wp\/v2\/pages\/2977","targetHints":{"allow":["GET"]}}],"collection":[{"href":"https:\/\/agora.xtec.cat\/insvilafranca2\/wp-json\/wp\/v2\/pages"}],"about":[{"href":"https:\/\/agora.xtec.cat\/insvilafranca2\/wp-json\/wp\/v2\/types\/page"}],"author":[{"embeddable":true,"href":"https:\/\/agora.xtec.cat\/insvilafranca2\/wp-json\/wp\/v2\/users\/6"}],"replies":[{"embeddable":true,"href":"https:\/\/agora.xtec.cat\/insvilafranca2\/wp-json\/wp\/v2\/comments?post=2977"}],"version-history":[{"count":6,"href":"https:\/\/agora.xtec.cat\/insvilafranca2\/wp-json\/wp\/v2\/pages\/2977\/revisions"}],"predecessor-version":[{"id":2996,"href":"https:\/\/agora.xtec.cat\/insvilafranca2\/wp-json\/wp\/v2\/pages\/2977\/revisions\/2996"}],"up":[{"embeddable":true,"href":"https:\/\/agora.xtec.cat\/insvilafranca2\/wp-json\/wp\/v2\/pages\/81"}],"wp:attachment":[{"href":"https:\/\/agora.xtec.cat\/insvilafranca2\/wp-json\/wp\/v2\/media?parent=2977"}],"curies":[{"name":"wp","href":"https:\/\/api.w.org\/{rel}","templated":true}]}}